{"id":17271,"date":"2024-08-14T22:00:48","date_gmt":"2024-08-14T22:00:48","guid":{"rendered":"https:\/\/editorapangeia.com.br\/?post_type=product&#038;p=17271"},"modified":"2025-03-30T18:12:15","modified_gmt":"2025-03-30T18:12:15","slug":"entre-palavras-mosaico-literario-de-entre-rios-carmelia-daniels","status":"publish","type":"product","link":"https:\/\/editorapangeia.com.br\/pt_br\/product\/entre-palavras-mosaico-literario-de-entre-rios-carmelia-daniels\/","title":{"rendered":"Entre Palavras: mosaico liter\u00e1rio de Entre Rios, Carm\u00e9lia Daniels"},"content":{"rendered":"<p style=\"text-align: left;\"><strong>Sobre o livro:<\/strong><\/p>\n<p>A autora Carm\u00e9lia Daniels, com sua percep\u00e7\u00e3o e dedica\u00e7\u00e3o \u00e0 cultura, ao elaborar este precioso trabalho, <strong><em>Entre Palavras: Mosaico Liter\u00e1rio de Entre Rios<\/em><\/strong>, d\u00e1 voz \u00e0 produ\u00e7\u00e3o liter\u00e1ria de escritores entrerrianos. muitos deles isolados em suas casas e em seus devaneios.<\/p>\n<p>Autores, igualmente grandiosos sonhadores, expressam, por meio de poesias, contos, romances e cr\u00f4nicas, seus anseios e protestos pela preserva\u00e7\u00e3o de uma cidade mais humana e cultural.<\/p>\n<p>Sinto-me lisonjeado ao ver minhas obras inclu\u00eddas nesta antologia, ao lado de meus conterr\u00e2neos, e ao saber que nossos trabalhos est\u00e3o registrados para que, no futuro, possam ser apreciados e valorizados.<\/p>\n<p style=\"text-align: right;\"><em>Elson de Oliveira Resende, <\/em><br \/>\n<em>escritor e historiador entrerriano.<\/em><\/p>\n<p style=\"text-align: center;\"><strong>Sobre a autora:<\/strong><\/p>\n<p>Carmelia Daniels (Carm\u00e9lia Daniel Santos) nasceu em Claro dos Po\u00e7\u00f5es, MG, e transita por Entre Rios desde 2015, onde estabeleceu morada em 2018. Participa ativamente da vida cultural da cidade, sobretudo da cena liter\u00e1ria.<\/p>\n<p>\u00c9 graduada em Letras, Mestre em Estudos Liter\u00e1rios pela Universidade Estadual de Montes Claros e Doutora em Letras\/Literaturas de L\u00edngua Portuguesa pela PUC-MG\/CAPES.<\/p>\n<p>\u00c9 professora de Portugu\u00eas e suas Literaturas, de Portugu\u00eas para estrangeiros, e tamb\u00e9m atua na fun\u00e7\u00e3o de revisora textual e na orienta\u00e7\u00e3o de novos autores na escrita e publica\u00e7\u00e3o de livros.<\/p>\n<p>Como agente cultural, dedica-se \u00e0 literatura, \u00e0 preserva\u00e7\u00e3o das hist\u00f3rias locais e \u00e0 promo\u00e7\u00e3o da leitura e da escrita, por meio de projetos culturais que incentivam o acesso \u00e0 cultura e ao conhecimento.<\/p>\n<p>Publicou artigos cient\u00edficos em peri\u00f3dicos de conceito A, al\u00e9m de textos liter\u00e1rios. Seu conto &#8220;O Grito, Meu Grito&#8221; foi inclu\u00eddo no livro de contos <em><strong>A Vida Aqui N\u00e3o \u00c9 F\u00e1cil <\/strong><\/em>(2022) e, em verso, o &#8220;Poema Pandemia&#8221; foi publicado em <em><strong>R\u00e9citas, Um Livro<\/strong><\/em> (2023).<\/p>\n<p>De <span style=\"color: #ff0000;\"><a style=\"color: #ff0000;\" href=\"https:\/\/editorapangeia.com.br\/pt_br\/?s=brumapu\u00e3\"><em><strong>Brumapu\u00e3<\/strong><\/em><\/a><\/span> (Dionysius \/ Pangeia, 2024) fez a apresenta\u00e7\u00e3o e, junto com o autor, Ant\u00f4nio Fonseca, organizou o livro. Ela trata das suas origens, do amor \u00e0 literatura, dos planos na \u00e1rea de preserva\u00e7\u00e3o do acervo e da mem\u00f3ria imaterial, cultural e liter\u00e1ria, al\u00e9m de novos projetos, em entrevista ao\u00a0<em><strong>Blog da Pangeia<\/strong><\/em>, <a href=\"https:\/\/editorapangeia.com.br\/pt_br\/carmelia-daniels-publica-mosaico-literario-de-entre-rios-de-minas\/\"><strong><span style=\"color: #993366;\">AQUI<\/span><\/strong><\/a>.<\/p>\n","protected":false},"excerpt":{"rendered":"<p><em><b>Entre Palavras: <\/b><b><\/b><b>mosaico liter\u00e1rio de Entre Rios<\/b><\/em>, de Carm\u00e9lia Daniels, \u00e9 um livro de amorosidades m\u00faltiplas: \u00e0 cidade e \u00e0 natureza, \u00e0 escrita e \u00e0s can\u00e7\u00f5es, \u00e0s poetas e aos poetas e aos ficcionistas \u00e0s ficcionistas, aos leitores atuais e aos futuros leitores, \u00e0 literatura e \u00e0 concretude da vida.<\/p>\n<p>Evola da recolha que a autora-organizadora faz de textos liter\u00e1rios escritos por escritoras e escritores de Entre Rios de Minas, das linhas biogr\u00e1ficas e das fotos que acompanham os textos, essa amorosidade plena \u00e0 arte, \u00e0 mem\u00f3ria e \u00e0 preserva\u00e7\u00e3o cultural da sensibilidade e do modo de ser mineiro-entrerriano.<\/p>\n<p>O livro \u00e9 fruto de projeto enciclop\u00e9dico que tem aqui uma amostra modelar, exemplar, lindamente ilustrada em projeto gr\u00e1fico de alto labor.<\/p>\n","protected":false},"featured_media":17272,"comment_status":"open","ping_status":"closed","template":"","meta":[],"product_brand":[],"product_cat":[4087],"product_tag":[3984,3985,3986,3987,742,746,3988,3989,3990,3991,3992,3993],"class_list":{"0":"post-17271","1":"product","2":"type-product","3":"status-publish","4":"has-post-thumbnail","6":"product_cat-reportagem","7":"product_tag-carmelia-daniels","8":"product_tag-entre-rio-de-minas","9":"product_tag-fumpac","10":"product_tag-literatura-entrerriana","11":"product_tag-literatura-mineira","12":"product_tag-minas-gerais","13":"product_tag-patrimonio-literario","14":"product_tag-pesquisa-literaria","15":"product_tag-prefeitura-de-entre-rios-de-minas","16":"product_tag-profa-carmelia","17":"product_tag-secretaria-municipal-de-cultura","18":"product_tag-sicoob-credicampo","19":"product_shipping_class-normal","21":"first","22":"instock","23":"shipping-taxable","24":"purchasable","25":"product-type-simple"},"_links":{"self":[{"href":"https:\/\/editorapangeia.com.br\/pt_br\/wp-json\/wp\/v2\/product\/17271","targetHints":{"allow":["GET"]}}],"collection":[{"href":"https:\/\/editorapangeia.com.br\/pt_br\/wp-json\/wp\/v2\/product"}],"about":[{"href":"https:\/\/editorapangeia.com.br\/pt_br\/wp-json\/wp\/v2\/types\/product"}],"replies":[{"embeddable":true,"href":"https:\/\/editorapangeia.com.br\/pt_br\/wp-json\/wp\/v2\/comments?post=17271"}],"wp:featuredmedia":[{"embeddable":true,"href":"https:\/\/editorapangeia.com.br\/pt_br\/wp-json\/wp\/v2\/media\/17272"}],"wp:attachment":[{"href":"https:\/\/editorapangeia.com.br\/pt_br\/wp-json\/wp\/v2\/media?parent=17271"}],"wp:term":[{"taxonomy":"product_brand","embeddable":true,"href":"https:\/\/editorapangeia.com.br\/pt_br\/wp-json\/wp\/v2\/product_brand?post=17271"},{"taxonomy":"product_cat","embeddable":true,"href":"https:\/\/editorapangeia.com.br\/pt_br\/wp-json\/wp\/v2\/product_cat?post=17271"},{"taxonomy":"product_tag","embeddable":true,"href":"https:\/\/editorapangeia.com.br\/pt_br\/wp-json\/wp\/v2\/product_tag?post=17271"}],"curies":[{"name":"wp","href":"https:\/\/api.w.org\/{rel}","templated":true}]}}