{"id":17122,"date":"2019-12-26T03:00:59","date_gmt":"2019-12-26T03:00:59","guid":{"rendered":"https:\/\/editorapangeia.com.br\/?post_type=product&#038;p=17122"},"modified":"2025-09-15T13:44:43","modified_gmt":"2025-09-15T13:44:43","slug":"ppg-uff-capes-literatura-em-movimento-pesquisa-e-investigacao-15-pdf","status":"publish","type":"product","link":"https:\/\/editorapangeia.com.br\/pt_br\/product\/ppg-uff-capes-literatura-em-movimento-pesquisa-e-investigacao-15-pdf\/","title":{"rendered":"PPG-UFF \/ CAPES &#8211; Literatura em Movimento: Pesquisa e Investiga\u00e7\u00e3o 15"},"content":{"rendered":"<p>Este \u00e9 o volume 15 da Cole\u00e7\u00e3o LITERATURA EM MOVIMENTO \u2013 Pesquisa e Investiga\u00e7\u00e3o, do Programa de P\u00f3s-Gradua\u00e7\u00e3o em Estudos Liter\u00e1rios da Universidade Federal Fluminense, UFF, que acolhe as reflex\u00f5es do Semin\u00e1rio dos Alunos do Programa de P\u00f3s-Gradua\u00e7\u00e3o em Estudos de Literatura da UFF de 2023. Este volume est\u00e1 no formato PDF. Voc\u00ea pode baix\u00e1-lo gratuitamente.<\/p>\n<p>Todos os volume da Cole\u00e7\u00e3o s\u00e3o gratuitos. Baixe-os, <a href=\"https:\/\/editorapangeia.com.br\/?s=Literatura+em+Movimento\"><strong>AQUI<\/strong><\/a>.<\/p>\n<p>Confira <a href=\"https:\/\/editorapangeia.com.br\/?s=Literatura+em+Movimento\"><strong>AQUI<\/strong><\/a> todos os volumes da s\u00e9rie LITERATURA EM MOVIMENTO, uma parceria entre o Programa de P\u00f3s-gradua\u00e7\u00e3o em Estudos de Literatura da UFF e a Editora Pangeia com o apoio da<\/p>\n<p style=\"text-align: center;\"><img loading=\"lazy\" decoding=\"async\" class=\"alignnone wp-image-13782\" src=\"http:\/\/editorapangeia.com.br\/wp-content\/uploads\/2023\/10\/Imagem-29-10-2023-as-17.15-300x211.jpg\" alt=\"\" width=\"371\" height=\"261\" srcset=\"https:\/\/editorapangeia.com.br\/wp-content\/uploads\/2023\/10\/Imagem-29-10-2023-as-17.15-300x211.jpg 300w, https:\/\/editorapangeia.com.br\/wp-content\/uploads\/2023\/10\/Imagem-29-10-2023-as-17.15-768x540.jpg 768w, https:\/\/editorapangeia.com.br\/wp-content\/uploads\/2023\/10\/Imagem-29-10-2023-as-17.15-700x492.jpg 700w, https:\/\/editorapangeia.com.br\/wp-content\/uploads\/2023\/10\/Imagem-29-10-2023-as-17.15-400x281.jpg 400w, https:\/\/editorapangeia.com.br\/wp-content\/uploads\/2023\/10\/Imagem-29-10-2023-as-17.15.jpg 932w\" sizes=\"auto, (max-width: 371px) 100vw, 371px\" \/><\/p>\n","protected":false},"excerpt":{"rendered":"<p>Organizado por V\u00edtor Alevato do Amaral, este \u00e9 o 15\u00ba volume da S\u00e9rie <strong>Literatura em Movimento: Pesquisa e Investiga\u00e7\u00e3o<\/strong>,<\/p>\n<p>Eis o sum\u00e1rio do livro:<\/p>\n<div class=\"page\" title=\"Page 7\">\n<div class=\"layoutArea\">\n<div class=\"column\">\n<div class=\"page\" title=\"Page 6\">\n<div class=\"layoutArea\">\n<div class=\"column\">\n<div class=\"page\" title=\"Page 9\">\n<div class=\"layoutArea\">\n<div class=\"column\">\n<p style=\"padding-left: 40px;\">A aventura do poema<br \/>\nVitor Alevato do Amaral<\/p>\n<p style=\"padding-left: 40px;\">O discurso masculino sobre a hist\u00e9rica e a histeria em <em>O Homem<\/em>, de Alu\u00edsio Azevedo<br \/>\nMarcos Alexandre da Silva<\/p>\n<p style=\"padding-left: 40px;\">O sulic\u00eddio e o sulic\u00eddio da literatura nordestina: de Franklin T\u00e1vora ao Sert\u00e3opunk<br \/>\nMateus de Novaes Maia<\/p>\n<p style=\"padding-left: 40px;\">Antonio Candido, Fernando de Azevedo e Euclides da Cunha: di\u00e1logos sobre o sertanejo<br \/>\nMarina Maria Campos Brito<\/p>\n<p style=\"padding-left: 40px;\">A constru\u00e7\u00e3o de um \u201clar\u2019 em Vidas Secas<br \/>\nVictoria Silva Portes Machado<\/p>\n<p style=\"padding-left: 40px;\">Modernismo e mem\u00f3rias de inf\u00e2ncia em \u201cO mundo do menino imposs\u00edvel\u201d de Jorge de Lima<br \/>\nGabriela Ribeiro Martins Neta<\/p>\n<p style=\"padding-left: 40px;\">O projeto l\u00edrico de Cec\u00edlia Meireles em face do modernismo<br \/>\nK\u00e1tia Fernandes de Lima<\/p>\n<p style=\"padding-left: 40px;\">A realidade e a fic\u00e7\u00e3o: a constru\u00e7\u00e3o sobre a hist\u00f3ria do engenho na obra de Jos\u00e9 Lins do Rego<br \/>\nPedro Caldas Gomes Gagliano<\/p>\n<p style=\"padding-left: 40px;\">Vincos da colonialidade e a micropol\u00edtica da resist\u00eancia: uma leitura do romance <em>Tocaia grande<\/em>: a face obscura, de Jorge Amado<br \/>\nPedro Dorneles da Silva Filho<\/p>\n<p style=\"padding-left: 40px;\">Carlos Drummond de Andrade: um homem revoltado diante de um mundo caduco<br \/>\nAna Carolina Botelho<\/p>\n<p style=\"padding-left: 40px;\">Ant\u00f3nio Botto e as vers\u00f5es da hist\u00f3ria brasileira a partir de uma paisagem paulistana<br \/>\nOscar Jos\u00e9 de Paula Neto<\/p>\n<p style=\"padding-left: 40px;\">Percursos da literatura no novo ensino m\u00e9dio: uma compara\u00e7\u00e3o entre a BNCC e o DCRC<br \/>\nLaila Rayssa de Oliveira Costa<\/p>\n<p style=\"padding-left: 40px;\">\u201cN\u00e3o venham!\u201d: notas sobre a produ\u00e7\u00e3o 195<\/p>\n<p style=\"padding-left: 40px;\">de O rei da vela pelo Teatro O icina<\/p>\n<p style=\"padding-left: 40px;\">Frederico van Erven Cabala<\/p>\n<p style=\"padding-left: 40px;\">Fugir, escapar: o teatro negro-brasileiro 208<\/p>\n<p style=\"padding-left: 40px;\">e suas cenas de fuga<\/p>\n<p style=\"padding-left: 40px;\">Luan Sabino Siqueira<\/p>\n<p style=\"padding-left: 40px;\">Ditadura e est\u00e9tica na narrativa em 226<\/p>\n<p style=\"padding-left: 40px;\">liberdade de Silviano Santiago<\/p>\n<p style=\"padding-left: 40px;\">Luisa de Almeida L\u00edrio Pinto<\/p>\n<p style=\"padding-left: 40px;\">Frutos do meio: olhares para a loucura 244<\/p>\n<p style=\"padding-left: 40px;\">em estados de exce\u00e7\u00e3o<\/p>\n<p style=\"padding-left: 40px;\">Diana Gonzaga Pereira<\/p>\n<p style=\"padding-left: 40px;\">Of\u00edcio M\u00faltiplo: Fernando Namora 258<\/p>\n<p style=\"padding-left: 40px;\">e as artes<\/p>\n<p style=\"padding-left: 40px;\">Karina Frez Cursino<\/p>\n<p style=\"padding-left: 40px;\">Uma cidade e tr\u00eas poetas portugueses 271<\/p>\n<p style=\"padding-left: 40px;\">contempor\u00e2neos: leituras dialogantes<\/p>\n<p style=\"padding-left: 40px;\">Julieny Souza do Nascimento<\/p>\n<p style=\"padding-left: 40px;\">O destecer da mem\u00f3ria: do cl\u00e1ssico 287<\/p>\n<p style=\"padding-left: 40px;\">Ulissiano \u00e0 po\u00e9tica de Lu\u00eds Filipe<\/p>\n<p style=\"padding-left: 40px;\">Castro Mendes<\/p>\n<p style=\"padding-left: 40px;\">Julia Araujo Borges<\/p>\n<p style=\"padding-left: 40px;\">O duplo na literatura: 299<\/p>\n<p style=\"padding-left: 40px;\">O duplo da literatura<\/p>\n<p style=\"padding-left: 40px;\">Breno Monteiro Bruno<\/p>\n<\/div>\n<\/div>\n<\/div>\n<\/div>\n<\/div>\n<\/div>\n<p>A Cole\u00e7\u00e3o \u00e9 composta, no momento, por quinze volumes. Trata-se de um reposit\u00f3rio inestim\u00e1vel, com centenas de estudos liter\u00e1rios, com diversificado referencial te\u00f3rico, multiplicidade de <em>corpus<strong>\u00a0<\/strong><\/em>e variados enfoques metodol\u00f3gicos.<\/p>\n<p>Baixe gratuitamente este e os demais livros da s\u00e9rie LITERATURA EM MOVIMENTO.<\/p>\n<\/div>\n<\/div>\n<\/div>\n","protected":false},"featured_media":17119,"comment_status":"open","ping_status":"closed","template":"","meta":[],"product_brand":[],"product_cat":[4081,4828],"product_tag":[2151,192,496,2267,2234,2857,2268,264,495,389,156,157,182,183,2265,2266,494,434,163,493,1228],"class_list":{"0":"post-17122","1":"product","2":"type-product","3":"status-publish","4":"has-post-thumbnail","6":"product_cat-estudosliterarios","7":"product_cat-livrosgratis","8":"product_tag-capes","9":"product_tag-critica-literaria","10":"product_tag-critica-teatral","11":"product_tag-ensino-de-letras","12":"product_tag-ensino-de-literatura","13":"product_tag-estudos-culturais","14":"product_tag-estudos-de-literatura","15":"product_tag-estudos-literarios","16":"product_tag-historia-da-literatura","17":"product_tag-letras","18":"product_tag-literatura","19":"product_tag-literatura-brasileira","20":"product_tag-literatura-em-movimento","21":"product_tag-pesquisa-e-investigacao","22":"product_tag-ppg-em-estudos-literarios","23":"product_tag-ppg-em-letras","24":"product_tag-sappil","25":"product_tag-teoria-da-literatura","26":"product_tag-uff","27":"product_tag-uff-universidade-federal-fluminense","28":"product_tag-universidade","29":"product_shipping_class-normal","31":"first","32":"instock","33":"downloadable","34":"virtual","35":"taxable","36":"purchasable","37":"product-type-simple"},"_links":{"self":[{"href":"https:\/\/editorapangeia.com.br\/pt_br\/wp-json\/wp\/v2\/product\/17122","targetHints":{"allow":["GET"]}}],"collection":[{"href":"https:\/\/editorapangeia.com.br\/pt_br\/wp-json\/wp\/v2\/product"}],"about":[{"href":"https:\/\/editorapangeia.com.br\/pt_br\/wp-json\/wp\/v2\/types\/product"}],"replies":[{"embeddable":true,"href":"https:\/\/editorapangeia.com.br\/pt_br\/wp-json\/wp\/v2\/comments?post=17122"}],"wp:featuredmedia":[{"embeddable":true,"href":"https:\/\/editorapangeia.com.br\/pt_br\/wp-json\/wp\/v2\/media\/17119"}],"wp:attachment":[{"href":"https:\/\/editorapangeia.com.br\/pt_br\/wp-json\/wp\/v2\/media?parent=17122"}],"wp:term":[{"taxonomy":"product_brand","embeddable":true,"href":"https:\/\/editorapangeia.com.br\/pt_br\/wp-json\/wp\/v2\/product_brand?post=17122"},{"taxonomy":"product_cat","embeddable":true,"href":"https:\/\/editorapangeia.com.br\/pt_br\/wp-json\/wp\/v2\/product_cat?post=17122"},{"taxonomy":"product_tag","embeddable":true,"href":"https:\/\/editorapangeia.com.br\/pt_br\/wp-json\/wp\/v2\/product_tag?post=17122"}],"curies":[{"name":"wp","href":"https:\/\/api.w.org\/{rel}","templated":true}]}}