{"id":17121,"date":"2019-12-26T02:00:53","date_gmt":"2019-12-26T02:00:53","guid":{"rendered":"https:\/\/editorapangeia.com.br\/?post_type=product&#038;p=17121"},"modified":"2025-09-15T13:44:31","modified_gmt":"2025-09-15T13:44:31","slug":"ppg-uff-capes-literatura-em-movimento-pesquisa-e-investigacao-14-pdf","status":"publish","type":"product","link":"https:\/\/editorapangeia.com.br\/pt_br\/product\/ppg-uff-capes-literatura-em-movimento-pesquisa-e-investigacao-14-pdf\/","title":{"rendered":"PPG-UFF \/ CAPES &#8211; Literatura em Movimento: Pesquisa e Investiga\u00e7\u00e3o 14"},"content":{"rendered":"<p>Este \u00e9 o volume 14 da Cole\u00e7\u00e3o LITERATURA EM MOVIMENTO \u2013 Pesquisa e Investiga\u00e7\u00e3o, do Programa de P\u00f3s-Gradua\u00e7\u00e3o em Estudos Liter\u00e1rios da Universidade Federal Fluminense, UFF, que acolhe as reflex\u00f5es do Semin\u00e1rio dos Alunos do Programa de P\u00f3s-Gradua\u00e7\u00e3o em Estudos de Literatura da UFF de 2023. Este volume est\u00e1 no formato PDF. Voc\u00ea pode baix\u00e1-lo gratuitamente.<\/p>\n<p>Todos os volume da Cole\u00e7\u00e3o s\u00e3o gratuitos. Baixe-os, <a href=\"https:\/\/editorapangeia.com.br\/?s=Literatura+em+Movimento\"><strong>AQUI<\/strong><\/a>.<\/p>\n<p>Confira <a href=\"https:\/\/editorapangeia.com.br\/?s=Literatura+em+Movimento\"><strong>AQUI<\/strong><\/a> todos os volumes da s\u00e9rie LITERATURA EM MOVIMENTO, uma parceria entre o Programa de P\u00f3s-gradua\u00e7\u00e3o em Estudos de Literatura da UFF e a Editora Pangeia com o apoio da<\/p>\n<p style=\"text-align: center;\"><img loading=\"lazy\" decoding=\"async\" class=\"alignnone wp-image-13782\" src=\"http:\/\/editorapangeia.com.br\/wp-content\/uploads\/2023\/10\/Imagem-29-10-2023-as-17.15-300x211.jpg\" alt=\"\" width=\"371\" height=\"261\" srcset=\"https:\/\/editorapangeia.com.br\/wp-content\/uploads\/2023\/10\/Imagem-29-10-2023-as-17.15-300x211.jpg 300w, https:\/\/editorapangeia.com.br\/wp-content\/uploads\/2023\/10\/Imagem-29-10-2023-as-17.15-768x540.jpg 768w, https:\/\/editorapangeia.com.br\/wp-content\/uploads\/2023\/10\/Imagem-29-10-2023-as-17.15-700x492.jpg 700w, https:\/\/editorapangeia.com.br\/wp-content\/uploads\/2023\/10\/Imagem-29-10-2023-as-17.15-400x281.jpg 400w, https:\/\/editorapangeia.com.br\/wp-content\/uploads\/2023\/10\/Imagem-29-10-2023-as-17.15.jpg 932w\" sizes=\"auto, (max-width: 371px) 100vw, 371px\" \/><\/p>\n","protected":false},"excerpt":{"rendered":"<p>Organizado por Susana Kampff Lages, este 14\u00ba volume da S\u00e9rie <strong>Literatura em Movimento: Pesquisa e Investiga\u00e7\u00e3o<\/strong>, na Apresenta\u00e7\u00e3o com o t\u00edtulo &#8220;De &#8216;Desejo de ser \u00edndio&#8217; a <em>Amerika ou o Desaparecido<\/em>, m\u00faltiplas faces da dissipa\u00e7\u00e3o diasp\u00f3rica a partir de Kafka&#8221;, assim se configura:<\/p>\n<div class=\"page\" title=\"Page 7\">\n<div class=\"layoutArea\">\n<div class=\"column\">\n<div class=\"page\" title=\"Page 6\">\n<div class=\"layoutArea\">\n<div class=\"column\">\n<div class=\"page\" title=\"Page 9\">\n<div class=\"layoutArea\">\n<div class=\"column\">\n<p style=\"padding-left: 40px;\">[&#8230;]<\/p>\n<p style=\"padding-left: 40px;\">Cada texto deste volume nos apresenta uma leitura singular de diferentes obras de autores que se dedicaram a refletir sobre viv\u00eancias e movimentos diasp\u00f3ricos, sejam aqueles imediatamente advindos da hist\u00f3ria colonial, sejam os que, igualmente decorrentes das consequ\u00eancias desse passado, v\u00eam se tornando hoje cada vez mais traum\u00e1ticos para amplas camadas da popula\u00e7\u00e3o mundial.<\/p>\n<p style=\"padding-left: 40px;\">Trata-se de obras de autores e autoras que contam com sua peculiar capacidade fabuladora e sua sensibilidade po\u00e9tica para reelaborar literariamente seu acervo \u00fanico de viv\u00eancias e leituras.<\/p>\n<p style=\"padding-left: 40px;\">No primeiro bloco de textos, podemos acompanhar leituras diversas de autores dos pa\u00edses africanos de l\u00edngua portuguesa, contemplando n\u00e3o apenas uma cr\u00edtica gen\u00e9rica \u00e0 viol\u00eancia da empresa colonial, mas sobretudo identificando como ela afetou e afeta, atrav\u00e9s das gera\u00e7\u00f5es, cada exist\u00eancia individual, cada comunidade \u00e9tnica ou nacional e o potencial libertador da literatura como arte da palavra e singular arte da mem\u00f3ria.<\/p>\n<p style=\"padding-left: 40px;\">[&#8230;]<\/p>\n<p style=\"padding-left: 40px;\">O bloco final de textos cont\u00e9m diferentes reflex\u00f5es sobre narrativas liter\u00e1rias e f\u00edlmicas: com elas, acompanhamos a err\u00e2ncia que se estende dos labirintos das cidades, caminhos percebidos como familiares ou estrangeiros, aos labirintos interiores dos personagens, igualmente percebidos como familiares ou estranhos\/estrangeiros.<\/p>\n<p style=\"padding-left: 40px;\">[&#8230;]<\/p>\n<\/div>\n<\/div>\n<\/div>\n<\/div>\n<\/div>\n<\/div>\n<p>A Cole\u00e7\u00e3o \u00e9 composta, no momento, por quinze volumes. Trata-se de um reposit\u00f3rio inestim\u00e1vel, com centenas de estudos liter\u00e1rios, com diversificado referencial te\u00f3rico, multiplicidade de <em>corpus<strong>\u00a0<\/strong><\/em>e variados enfoques metodol\u00f3gicos.<\/p>\n<p>Baixe gratuitamente. Confira o modo pelo qual a literatura representa o outro e o eu em di\u00e1spora.<\/p>\n<\/div>\n<\/div>\n<\/div>\n","protected":false},"featured_media":17117,"comment_status":"open","ping_status":"closed","template":"","meta":[],"product_brand":[],"product_cat":[4081,4828],"product_tag":[2151,192,496,2267,2234,2857,2268,264,495,389,156,157,182,183,2265,2266,494,434,163,493,1228],"class_list":{"0":"post-17121","1":"product","2":"type-product","3":"status-publish","4":"has-post-thumbnail","6":"product_cat-estudosliterarios","7":"product_cat-livrosgratis","8":"product_tag-capes","9":"product_tag-critica-literaria","10":"product_tag-critica-teatral","11":"product_tag-ensino-de-letras","12":"product_tag-ensino-de-literatura","13":"product_tag-estudos-culturais","14":"product_tag-estudos-de-literatura","15":"product_tag-estudos-literarios","16":"product_tag-historia-da-literatura","17":"product_tag-letras","18":"product_tag-literatura","19":"product_tag-literatura-brasileira","20":"product_tag-literatura-em-movimento","21":"product_tag-pesquisa-e-investigacao","22":"product_tag-ppg-em-estudos-literarios","23":"product_tag-ppg-em-letras","24":"product_tag-sappil","25":"product_tag-teoria-da-literatura","26":"product_tag-uff","27":"product_tag-uff-universidade-federal-fluminense","28":"product_tag-universidade","29":"product_shipping_class-normal","31":"first","32":"instock","33":"downloadable","34":"virtual","35":"taxable","36":"purchasable","37":"product-type-simple"},"_links":{"self":[{"href":"https:\/\/editorapangeia.com.br\/pt_br\/wp-json\/wp\/v2\/product\/17121","targetHints":{"allow":["GET"]}}],"collection":[{"href":"https:\/\/editorapangeia.com.br\/pt_br\/wp-json\/wp\/v2\/product"}],"about":[{"href":"https:\/\/editorapangeia.com.br\/pt_br\/wp-json\/wp\/v2\/types\/product"}],"replies":[{"embeddable":true,"href":"https:\/\/editorapangeia.com.br\/pt_br\/wp-json\/wp\/v2\/comments?post=17121"}],"wp:featuredmedia":[{"embeddable":true,"href":"https:\/\/editorapangeia.com.br\/pt_br\/wp-json\/wp\/v2\/media\/17117"}],"wp:attachment":[{"href":"https:\/\/editorapangeia.com.br\/pt_br\/wp-json\/wp\/v2\/media?parent=17121"}],"wp:term":[{"taxonomy":"product_brand","embeddable":true,"href":"https:\/\/editorapangeia.com.br\/pt_br\/wp-json\/wp\/v2\/product_brand?post=17121"},{"taxonomy":"product_cat","embeddable":true,"href":"https:\/\/editorapangeia.com.br\/pt_br\/wp-json\/wp\/v2\/product_cat?post=17121"},{"taxonomy":"product_tag","embeddable":true,"href":"https:\/\/editorapangeia.com.br\/pt_br\/wp-json\/wp\/v2\/product_tag?post=17121"}],"curies":[{"name":"wp","href":"https:\/\/api.w.org\/{rel}","templated":true}]}}