{"id":17105,"date":"2018-05-16T07:00:17","date_gmt":"2018-05-16T07:00:17","guid":{"rendered":"https:\/\/editorapangeia.com.br\/?post_type=product&#038;p=17105"},"modified":"2025-09-15T13:44:07","modified_gmt":"2025-09-15T13:44:07","slug":"anais-do-14o-seminario-do-gplv-rauer-natalia-tano-marcos-dorneles","status":"publish","type":"product","link":"https:\/\/editorapangeia.com.br\/pt_br\/product\/anais-do-14o-seminario-do-gplv-rauer-natalia-tano-marcos-dorneles\/","title":{"rendered":"Anais do 14\u00ba Semin\u00e1rio do GPLV, Rauer, Nat\u00e1lia Tano, Marcos Dorneles"},"content":{"rendered":"<p>A realiza\u00e7\u00e3o do <b>14\u00ba Semin\u00e1rio do Grupo de Pesquisa Literatura e Vida \u2013 A Literatura no Ensino B\u00e1sico: Metodologias, Abordagens, Pr\u00e1ticas <\/b>propiciou o encontro de diferentes esferas indagativas, as quais proporcionaram expans\u00f5es de debates acerca dos \u00e2mbitos de extens\u00e3o, ensino e pesquisa.<\/p>\n<p>Nesse horizonte, a a\u00e7\u00e3o se estabeleceu por interm\u00e9dio de reflex\u00f5es sobre enfoques de ensino de literatura, vertentes de aprecia\u00e7\u00e3o da teoria da literatura e investiga\u00e7\u00f5es dos estudos interdisciplinares.<\/p>\n<p>Sobretudo, o evento procurou real\u00e7ar os debates sobre metodologias, abordagens e pr\u00e1ticas relacionadas ao universo da literatura no Ensino B\u00e1sico em suas variadas problematiza\u00e7\u00f5es. Para isso, a proposta assinalou dimens\u00f5es de a\u00e7\u00f5es rec\u00edprocas entre diversos segmentos que comp\u00f5em a inser\u00e7\u00e3o liter\u00e1ria no ensino, como estudantes, t\u00e9cnicos, comunidade, docentes, pesquisadores e escritores.<\/p>\n<p>A iniciativa do Grupo de Pesquisa Literatura e Vida se constituiu de maneira integrada entre os campi de Aquidauana, do Pantanal e de Tr\u00eas Lagoas, \u00e2mbitos dos Programas de P\u00f3s-Gradua\u00e7\u00e3o em Letras e em Estudos Culturais da UFMS e do Grupo de Estudos e Pesquisas em Estudos em Jovens e Adultos da Unicamp.<\/p>\n<p>Esta articula\u00e7\u00e3o ressaltou o objetivo de aprofundar reflex\u00f5es did\u00e1ticas, te\u00f3ricas e existenciais sobre o ensino de literatura, para as quais foi disponibilizada a realiza\u00e7\u00e3o de semin\u00e1rios de projetos de pesquisa, minicursos, palestras, mesas-redondas, entrevista, comunica\u00e7\u00f5es orais, lan\u00e7amento de livros e apresenta\u00e7\u00f5es de textos liter\u00e1rios.<\/p>\n<p>Nessas veredas, a a\u00e7\u00e3o se delineou como um intuito de valoriza\u00e7\u00e3o de procedimentos que incorporaram campos ficcionais, po\u00e9ticos e dram\u00e1ticos para a constru\u00e7\u00e3o de atividades acad\u00eamicas e de inter-rela\u00e7\u00f5es sociais mais plenas e reflexivas<span class=\"Apple-converted-space\">\u00a0<\/span><\/p>\n","protected":false},"excerpt":{"rendered":"<p>O evento que deu origem a este livro foi realizado de forma remota e gratuita, dos dias 17 a 20 de Maio de 2023, e contou com a contribui\u00e7\u00e3o de centenas de participantes.<\/p>\n<p>Esta edi\u00e7\u00e3o foi agraciada com a atua\u00e7\u00e3o de docentes e profissionais de diversas institui\u00e7\u00f5es, tais como Unesp, Unicamp, Ufrb, Pucrs, Ufms, Ifsp, Ines, Sedms, Aems, Pmc, Seemg, Ifrs, Ifma, Pmbc.<\/p>\n<p><span class=\"Apple-converted-space\">O PDF, com quase seiscentas p\u00e1ginas, pode ser baixado gratuitamente e cont\u00e9m temas diversos, tais como o ensino de literatura, o ensino de l\u00ednguas, estudos com perfil historiogr\u00e1fico, an\u00e1lises com instrumentos da narratologia, da semi\u00f3tica e de outras matrizes te\u00f3ricas.<\/span><\/p>\n<p>Confira!<\/p>\n","protected":false},"featured_media":17108,"comment_status":"open","ping_status":"closed","template":"","meta":[],"product_brand":[],"product_cat":[4081,4828],"product_tag":[801,3972,2750,3969,889,3971,3970,2234,147,264,149,495,893,890,3968,434,164,1228],"class_list":{"0":"post-17105","1":"product","2":"type-product","3":"status-publish","4":"has-post-thumbnail","6":"product_cat-estudosliterarios","7":"product_cat-livrosgratis","8":"product_tag-anais","9":"product_tag-ciencias-da-linguagem","10":"product_tag-cpan-ufms","11":"product_tag-cpaq-ufms","12":"product_tag-cptl-ufms","13":"product_tag-curso-de-letras","14":"product_tag-ensino-de-linguas","15":"product_tag-ensino-de-literatura","16":"product_tag-estudos-linguisticos","17":"product_tag-estudos-literarios","18":"product_tag-gplv","19":"product_tag-historia-da-literatura","20":"product_tag-lingua-portuguesa","21":"product_tag-ppg-letras","22":"product_tag-seminario-de-pesquisa","23":"product_tag-teoria-da-literatura","24":"product_tag-ufms","25":"product_tag-universidade","26":"product_shipping_class-normal","28":"first","29":"instock","30":"sale","31":"featured","32":"downloadable","33":"virtual","34":"purchasable","35":"product-type-simple"},"_links":{"self":[{"href":"https:\/\/editorapangeia.com.br\/pt_br\/wp-json\/wp\/v2\/product\/17105","targetHints":{"allow":["GET"]}}],"collection":[{"href":"https:\/\/editorapangeia.com.br\/pt_br\/wp-json\/wp\/v2\/product"}],"about":[{"href":"https:\/\/editorapangeia.com.br\/pt_br\/wp-json\/wp\/v2\/types\/product"}],"replies":[{"embeddable":true,"href":"https:\/\/editorapangeia.com.br\/pt_br\/wp-json\/wp\/v2\/comments?post=17105"}],"wp:featuredmedia":[{"embeddable":true,"href":"https:\/\/editorapangeia.com.br\/pt_br\/wp-json\/wp\/v2\/media\/17108"}],"wp:attachment":[{"href":"https:\/\/editorapangeia.com.br\/pt_br\/wp-json\/wp\/v2\/media?parent=17105"}],"wp:term":[{"taxonomy":"product_brand","embeddable":true,"href":"https:\/\/editorapangeia.com.br\/pt_br\/wp-json\/wp\/v2\/product_brand?post=17105"},{"taxonomy":"product_cat","embeddable":true,"href":"https:\/\/editorapangeia.com.br\/pt_br\/wp-json\/wp\/v2\/product_cat?post=17105"},{"taxonomy":"product_tag","embeddable":true,"href":"https:\/\/editorapangeia.com.br\/pt_br\/wp-json\/wp\/v2\/product_tag?post=17105"}],"curies":[{"name":"wp","href":"https:\/\/api.w.org\/{rel}","templated":true}]}}