{"id":17062,"date":"2025-10-22T22:00:18","date_gmt":"2025-10-22T22:00:18","guid":{"rendered":"https:\/\/editorapangeia.com.br\/?post_type=product&#038;p=17062"},"modified":"2026-02-15T11:15:46","modified_gmt":"2026-02-15T11:15:46","slug":"o-sarue-e-a-semente-nima-spigolon","status":"publish","type":"product","link":"https:\/\/editorapangeia.com.br\/pt_br\/product\/o-sarue-e-a-semente-nima-spigolon\/","title":{"rendered":"O Saru\u00ea e a Semente, Nima Spigolon"},"content":{"rendered":"<p>Um gambazinho saru\u00ea faz amizade com uma semente. Ser\u00e1 poss\u00edvel? Sim, e as estrofes de\u00a0<em><strong>O Saru\u00ea e a Semente<\/strong><\/em> contam essa hist\u00f3ria.<\/p>\n<p>Al\u00e9m do car\u00e1ter l\u00fadico e afetuoso, essa obra demonstra que devemos com urg\u00eancia cuidar do planeta, da vida e do meio ambiente. Traz mensagem de que precisamos estabelecer rela\u00e7\u00f5es de solidariedade e de fraternidade.<\/p>\n<p>Nima Spigolon, professora da Unicamp vencedora do Pr\u00eamio Jabuti Acad\u00eamico 2024 em Educa\u00e7\u00e3o e Ensino com o livro\u00a0<a href=\"https:\/\/editorapangeia.com.br\/pt_br\/product\/elza-freire-e-paulo-freire-noites-de-exilio-dias-de-utopia\/\"><em><strong>Elza Freire e Paulo Freire: noites de ex\u00edlio, dias de utopia<\/strong><\/em><\/a>, traz, para este seu novo livro infantojuvenil, alta dosagem de sensibilidade e alta voltagem de musicalidade.<\/p>\n<p style=\"text-align: center;\"><img loading=\"lazy\" decoding=\"async\" class=\"alignnone wp-image-21280\" src=\"http:\/\/editorapangeia.com.br\/wp-content\/uploads\/2026\/01\/Nima_Autora_Bike-139x300.webp\" alt=\"\" width=\"284\" height=\"613\" srcset=\"https:\/\/editorapangeia.com.br\/wp-content\/uploads\/2026\/01\/Nima_Autora_Bike-139x300.webp 139w, https:\/\/editorapangeia.com.br\/wp-content\/uploads\/2026\/01\/Nima_Autora_Bike-6x12.webp 6w, https:\/\/editorapangeia.com.br\/wp-content\/uploads\/2026\/01\/Nima_Autora_Bike-185x400.webp 185w\" sizes=\"auto, (max-width: 284px) 100vw, 284px\" \/><br \/>\n<strong>Conhe\u00e7a mais sobre a<\/strong><br \/>\n<strong>Profa. Nima<\/strong><br \/>\n<span style=\"color: #ff0000;\"><a style=\"color: #ff0000;\" href=\"https:\/\/editorapangeia.com.br\/pt_br\/?s=Spigolon\"><strong>AQUI !!!<\/strong><\/a><\/span><\/p>\n","protected":false},"excerpt":{"rendered":"<p>A for\u00e7a deste livro emana da leveza que emerge do amor \u00e0 natureza e da amizade l\u00fadica entre o Saru\u00ea e a Semente.<\/p>\n<p>A dic\u00e7\u00e3o suave dos versos, em ritmos que encantam com sua pot\u00eancia pedag\u00f3gica, embala uma narrativa envolvente, que faz as crian\u00e7as lerem e relerem, ouvirem e pedirem bis.<\/p>\n<p>O livro cont\u00e9m uma p\u00e1gina interativa para que os pequenos leitores, ou os leitores jovens de qualquer idade, nesse jogo l\u00fadico interajam com o saruezinho e com a sementinha.<\/p>\n<p>Um livro para ler e divertir, cujo cen\u00e1rio e o Lago da Unicamp, no distrito de Bar\u00e3o Geraldo, na cidade de Campinas, SP.<\/p>\n","protected":false},"featured_media":17053,"comment_status":"open","ping_status":"closed","template":"","meta":[],"product_brand":[],"product_cat":[4080],"product_tag":[882,366,453,3540,351,3957,880,5080,3958,3959,1950,3072,316,3960,560,1235,528,3961,310,3962],"class_list":{"0":"post-17062","1":"product","2":"type-product","3":"status-publish","4":"has-post-thumbnail","6":"product_cat-infantojuvenil","7":"product_tag-criatividade","8":"product_tag-edicoes-sarue","9":"product_tag-educacao","10":"product_tag-educacao-e-ensino","11":"product_tag-ensino","12":"product_tag-escolarizacao-da-literatura","13":"product_tag-escrita-criativa","14":"product_tag-formacao-antirracista","15":"product_tag-interatividade","16":"product_tag-lago-da-unicamp","17":"product_tag-leitura-na-escola","18":"product_tag-lily-momisso","19":"product_tag-literatura-infantil","20":"product_tag-mamae-saruezinha","21":"product_tag-meio-ambiente","22":"product_tag-natureza","23":"product_tag-nima-spigolon","24":"product_tag-profa-nima","25":"product_tag-sarue","26":"product_tag-semente","27":"product_shipping_class-normal","29":"first","30":"instock","31":"sale","32":"shipping-taxable","33":"purchasable","34":"product-type-simple"},"_links":{"self":[{"href":"https:\/\/editorapangeia.com.br\/pt_br\/wp-json\/wp\/v2\/product\/17062","targetHints":{"allow":["GET"]}}],"collection":[{"href":"https:\/\/editorapangeia.com.br\/pt_br\/wp-json\/wp\/v2\/product"}],"about":[{"href":"https:\/\/editorapangeia.com.br\/pt_br\/wp-json\/wp\/v2\/types\/product"}],"replies":[{"embeddable":true,"href":"https:\/\/editorapangeia.com.br\/pt_br\/wp-json\/wp\/v2\/comments?post=17062"}],"wp:featuredmedia":[{"embeddable":true,"href":"https:\/\/editorapangeia.com.br\/pt_br\/wp-json\/wp\/v2\/media\/17053"}],"wp:attachment":[{"href":"https:\/\/editorapangeia.com.br\/pt_br\/wp-json\/wp\/v2\/media?parent=17062"}],"wp:term":[{"taxonomy":"product_brand","embeddable":true,"href":"https:\/\/editorapangeia.com.br\/pt_br\/wp-json\/wp\/v2\/product_brand?post=17062"},{"taxonomy":"product_cat","embeddable":true,"href":"https:\/\/editorapangeia.com.br\/pt_br\/wp-json\/wp\/v2\/product_cat?post=17062"},{"taxonomy":"product_tag","embeddable":true,"href":"https:\/\/editorapangeia.com.br\/pt_br\/wp-json\/wp\/v2\/product_tag?post=17062"}],"curies":[{"name":"wp","href":"https:\/\/api.w.org\/{rel}","templated":true}]}}