{"id":16990,"date":"2024-11-08T23:21:25","date_gmt":"2024-11-08T23:21:25","guid":{"rendered":"https:\/\/editorapangeia.com.br\/?post_type=product&#038;p=16990"},"modified":"2025-11-21T10:42:23","modified_gmt":"2025-11-21T10:42:23","slug":"giras-e-identidade-negra-narrativas-de-emancipacao-vanessa-dias","status":"publish","type":"product","link":"https:\/\/editorapangeia.com.br\/pt_br\/product\/giras-e-identidade-negra-narrativas-de-emancipacao-vanessa-dias\/","title":{"rendered":"Giras e Identidade Negra: narrativas de emancipa\u00e7\u00e3o, Vanessa Dias"},"content":{"rendered":"<p style=\"padding-left: 40px;\">\u201c&#8230; estar naquele coletivo de pessoas negras, conhecendo o mundo a partir da vis\u00e3o das manifesta\u00e7\u00f5es populares, foi me permitindo entender os meus inc\u00f4modos e ainda o meu pr\u00f3prio corpo, visto que refletindo sobre a corporeidade negra&#8230;\u201d<\/p>\n<p>\u2013 esta \u00e9 uma das fortes reflex\u00f5es que atravessam as p\u00e1ginas do livro de Vanessa Dias. Uma reflex\u00e3o urgente e necess\u00e1ria em tempos de acirramento das viol\u00eancias e das desigualdades no mundo.<\/p>\n<p>H\u00e1 muitas batalhas em curso: o Brasil se posiciona no seleto grupo das 10 maiores economias do mundo e, ao mesmo tempo, integra os 10 pa\u00edses mais desiguais do planeta.<\/p>\n<p>A incapacidade at\u00e1vica do Pa\u00eds de interpretar seu processo hist\u00f3rico, social e econ\u00f4mico, em que o racismo \u00e9 palavra-chave, resultou no que pode ser entendido como a dial\u00e9tica da exclus\u00e3o brasileira \u2013 sist\u00eamica e inercial.<\/p>\n<p>Nesse processo de acirramento e de batalhas em torno de projetos de vida, de sociedade e de Estado, saberes e experi\u00eancias ancestrais que nos mant\u00eam vivos e de p\u00e9.<\/p>\n<p style=\"padding-left: 40px;\">&#8230;\u201cum Movimento Negro Educador \/ Movimento Sociocultural de Matriz Africana \/ Movimento Decolonial j\u00e1 tem em sua ess\u00eancia uma proposta pedag\u00f3gica que radicaliza e \u00e9 emancipat\u00f3rio&#8230;\u201d<\/p>\n<p>\u2013 essa \u00e9 outra forte reflex\u00e3o que atravessa esse livro, e \u00e9 nessa conflu\u00eancia que a educa\u00e7\u00e3o se realiza e os diferentes projetos de educa\u00e7\u00e3o disputam tempo e espa\u00e7o.<\/p>\n<p>Trata-se de uma educa\u00e7\u00e3o comprometida com a vida e com os direitos, uma educa\u00e7\u00e3o descolonizadora, emancipat\u00f3ria e antirracista, que enfrenta os conflitos.<\/p>\n<p>O livro de Vanessa Dias \u00e9 uma obra indispens\u00e1vel que cumpre papel disruptivo na rotina de uma l\u00f3gica da Colonialidade em suas tr\u00eas dimens\u00f5es:<\/p>\n<p style=\"text-align: center;\"><strong>do ser, do poder e do saber.<\/strong><\/p>\n<p>\u00c9 nosso dever avivar a mem\u00f3ria e libertar o corpo em toda a sua amplitude do jugo racista e patriarcal instalado h\u00e1 mais de quinhentos anos.<\/p>\n<p style=\"text-align: right;\"><em><strong>Nima Imaculada Spigolon<br \/>\n<\/strong><\/em>Profa. da Unicamp, Pr\u00eamio Jabuti Acad\u00eamico 2024 em<br \/>\nEduca\u00e7\u00e3o e Ensino, com o livro\u00a0<em><strong><span style=\"color: #993300;\"><a style=\"color: #993300;\" href=\"https:\/\/editorapangeia.com.br\/product\/elza-freire-e-paulo-freire-noites-de-exilio-dias-de-utopia\/\">Elza Freire e Paulo<\/a><\/span><br \/>\n<span style=\"color: #993300;\">Freire: Dias de Ex\u00edlio, Noites de Utopia<\/span><br \/>\n<\/strong><\/em>(Pangeia, 2023)<\/p>\n","protected":false},"excerpt":{"rendered":"<p>Um mergulho na autoconsci\u00eancia de si, na descoberta do eu socialmente recoberto, na constru\u00e7\u00e3o da identidade real, perdida na socializa\u00e7\u00e3o em um universo no qual o espelho n\u00e3o cont\u00e9m o s\u00edmile, mas um outro inventado, cujo reflexo nega o eu, que ent\u00e3o se v\u00ea sendo outro, e n\u00e3o o que de fato \u00e9.<\/p>\n<p>Este livro, fruto de densa pesquisa acad\u00eamica, escrito, no entanto, em linguagem acess\u00edvel, mostra as narrativas de emancipa\u00e7\u00e3o que constr\u00f3em a identidade negra de Vanessa Dias. \u00c9 a epopeia de vencer aquele espelho que imp\u00f5e uma autoimagem diversa, at\u00e9 mesmo ao contr\u00e1rio do que se \u00e9, para preservar um <em>status quo<\/em> de nega\u00e7\u00e3o e de opress\u00e3o.<\/p>\n<p>Este livro cont\u00e9m\u00a0<em><strong>narrativas de emancipa\u00e7\u00e3o<\/strong><\/em>, hist\u00f3rias de descoloniza\u00e7\u00e3o do corpo, do esp\u00edrito, da alma, do \u00e5nima, e do reencontro do eu com as pr\u00f3pria ra\u00edzes. Cada um de n\u00f3s vai se ver na travessia que o eu narrador empreende, cada um de n\u00f3s ser\u00e1 um pouco, ou muito, des-colonizado ao romper nossas teias atrav\u00e9s das Giras de Vanessa Dias.<\/p>\n<p><strong>Em promo\u00e7\u00e3o de pr\u00e9-venda at\u00e9 18 de novembro.<\/strong><\/p>\n","protected":false},"featured_media":16991,"comment_status":"open","ping_status":"closed","template":"","meta":[],"product_brand":[],"product_cat":[4575,4083],"product_tag":[2152,545,1212,453,351,1218,5080,3879,3880,3877,3032,2341,3878,450,3641,528,796,3876],"class_list":{"0":"post-16990","1":"product","2":"type-product","3":"status-publish","4":"has-post-thumbnail","6":"product_cat-biografia","7":"product_cat-educacaoensino","8":"product_tag-antirracismo","9":"product_tag-autobiografia","10":"product_tag-camila-lima-coimbra","11":"product_tag-educacao","12":"product_tag-ensino","13":"product_tag-faculdade-de-educacao-da-unicamp","14":"product_tag-formacao-antirracista","15":"product_tag-gabriel-jdr","16":"product_tag-galinhapretaa-designer-grafico","17":"product_tag-giras","18":"product_tag-historia-oral","19":"product_tag-identidade","20":"product_tag-identidade-negra","21":"product_tag-inclusao","22":"product_tag-mestrado-profissional-em-educacao-escolar","23":"product_tag-nima-spigolon","24":"product_tag-reportagem","25":"product_tag-vanessa-dias","26":"product_shipping_class-normal","28":"first","29":"instock","30":"taxable","31":"shipping-taxable","32":"purchasable","33":"product-type-simple"},"_links":{"self":[{"href":"https:\/\/editorapangeia.com.br\/pt_br\/wp-json\/wp\/v2\/product\/16990","targetHints":{"allow":["GET"]}}],"collection":[{"href":"https:\/\/editorapangeia.com.br\/pt_br\/wp-json\/wp\/v2\/product"}],"about":[{"href":"https:\/\/editorapangeia.com.br\/pt_br\/wp-json\/wp\/v2\/types\/product"}],"replies":[{"embeddable":true,"href":"https:\/\/editorapangeia.com.br\/pt_br\/wp-json\/wp\/v2\/comments?post=16990"}],"wp:featuredmedia":[{"embeddable":true,"href":"https:\/\/editorapangeia.com.br\/pt_br\/wp-json\/wp\/v2\/media\/16991"}],"wp:attachment":[{"href":"https:\/\/editorapangeia.com.br\/pt_br\/wp-json\/wp\/v2\/media?parent=16990"}],"wp:term":[{"taxonomy":"product_brand","embeddable":true,"href":"https:\/\/editorapangeia.com.br\/pt_br\/wp-json\/wp\/v2\/product_brand?post=16990"},{"taxonomy":"product_cat","embeddable":true,"href":"https:\/\/editorapangeia.com.br\/pt_br\/wp-json\/wp\/v2\/product_cat?post=16990"},{"taxonomy":"product_tag","embeddable":true,"href":"https:\/\/editorapangeia.com.br\/pt_br\/wp-json\/wp\/v2\/product_tag?post=16990"}],"curies":[{"name":"wp","href":"https:\/\/api.w.org\/{rel}","templated":true}]}}