{"id":16963,"date":"2025-01-13T01:44:03","date_gmt":"2025-01-13T01:44:03","guid":{"rendered":"https:\/\/editorapangeia.com.br\/?post_type=product&#038;p=16963"},"modified":"2025-02-18T17:59:12","modified_gmt":"2025-02-18T17:59:12","slug":"morangos-silvestres-sob-o-sol-de-verao-yueh-fernandes","status":"publish","type":"product","link":"https:\/\/editorapangeia.com.br\/pt_br\/product\/morangos-silvestres-sob-o-sol-de-verao-yueh-fernandes\/","title":{"rendered":"Morangos Silvestres Sob o Sol de Ver\u00e3o, Yueh Fernandes"},"content":{"rendered":"<p>Naturalizada mineira, nascida e criada entre as florestas e os rios do sul do Amap\u00e1, YUEH FERNANDES mudou-se para Belo Horizonte aos 21 anos, para cursar Jornalismo no Centro Universit\u00e1rio UNA, onde formou-se bacharel em 2017. Teve seu romance de estreia e sucesso de vendas ASAS ESCURAS publicado em 2019, e de l\u00e1 para c\u00e1, entre antologias, novelas e romances, conta com mais de dez livros publicados, onde manifesta atrav\u00e9s da escrita suas paisagens de sonhos e pesadelos favoritas.<\/p>\n<p style=\"text-align: center;\"><img loading=\"lazy\" decoding=\"async\" class=\"alignnone wp-image-16964\" src=\"http:\/\/editorapangeia.com.br\/wp-content\/uploads\/2024\/11\/Imagem-04-11-2024-as-22.14-194x300.jpg\" alt=\"\" width=\"285\" height=\"441\" srcset=\"https:\/\/editorapangeia.com.br\/wp-content\/uploads\/2024\/11\/Imagem-04-11-2024-as-22.14-194x300.jpg 194w, https:\/\/editorapangeia.com.br\/wp-content\/uploads\/2024\/11\/Imagem-04-11-2024-as-22.14-258x400.jpg 258w, https:\/\/editorapangeia.com.br\/wp-content\/uploads\/2024\/11\/Imagem-04-11-2024-as-22.14.jpg 299w\" sizes=\"auto, (max-width: 285px) 100vw, 285px\" \/><\/p>\n<blockquote><p>\u201cYueh Fernandes, com o encantamento de toda escritora-feiticeira, nos serve uma narrativa <em>coming-of-age<\/em> cujos elementos do ins\u00f3lito se modulam ao que, de fato, \u00e9 o acontecimento grandioso de Joana (&#8230;) Amadurecer implica, mais do que nunca, despir-se do que sempre pareceu seguro e acolhedor, e jogar-se ao desconhecido; reconhecer as fraquezas, os desejos e a pr\u00f3pria for\u00e7a.\u201d<\/p>\n<p style=\"text-align: center;\"><strong>\u00darsula Antunes<\/strong><\/p>\n<\/blockquote>\n<p style=\"text-align: center;\"><img loading=\"lazy\" decoding=\"async\" class=\"alignnone wp-image-16965\" src=\"http:\/\/editorapangeia.com.br\/wp-content\/uploads\/2024\/11\/Imagem-04-11-2024-as-22.15-202x300.jpg\" alt=\"\" width=\"425\" height=\"631\" srcset=\"https:\/\/editorapangeia.com.br\/wp-content\/uploads\/2024\/11\/Imagem-04-11-2024-as-22.15-202x300.jpg 202w, https:\/\/editorapangeia.com.br\/wp-content\/uploads\/2024\/11\/Imagem-04-11-2024-as-22.15-270x400.jpg 270w, https:\/\/editorapangeia.com.br\/wp-content\/uploads\/2024\/11\/Imagem-04-11-2024-as-22.15-472x700.jpg 472w, https:\/\/editorapangeia.com.br\/wp-content\/uploads\/2024\/11\/Imagem-04-11-2024-as-22.15.jpg 683w\" sizes=\"auto, (max-width: 425px) 100vw, 425px\" \/><\/p>\n","protected":false},"excerpt":{"rendered":"<p>O destino de Joana, de seu pai V\u00e1lter, e da pequena Evangeline parece estar selado no momento em que o carro da fam\u00edlia atinge, por acidente, um animal misterioso cruzando a estrada em meio \u00e0 nevasca. Joana ent\u00e3o passa a ser assombrada pela figura fantasmag\u00f3rica de sua falecida madrasta, que parece tentar alert\u00e1-la de um perigo iminente. O que deveria passar como um feriado tranquilo logo se torna um pesadelo sangrento.<\/p>\n<p><strong>Com desconto especial de pr\u00e9-venda at\u00e9 10 de fevereiro de 2025.<\/strong><\/p>\n","protected":false},"featured_media":18482,"comment_status":"open","ping_status":"closed","template":"","meta":[],"product_brand":[],"product_cat":[4078],"product_tag":[3690,1713,1711,1712,3869,1894],"class_list":{"0":"post-16963","1":"product","2":"type-product","3":"status-publish","4":"has-post-thumbnail","6":"product_cat-literatura","7":"product_tag-novela","8":"product_tag-sobrenatural","9":"product_tag-suspense","10":"product_tag-terror","11":"product_tag-thriller","12":"product_tag-yueh-fernandes","13":"product_shipping_class-normal","15":"first","16":"instock","17":"taxable","18":"shipping-taxable","19":"purchasable","20":"product-type-simple"},"_links":{"self":[{"href":"https:\/\/editorapangeia.com.br\/pt_br\/wp-json\/wp\/v2\/product\/16963","targetHints":{"allow":["GET"]}}],"collection":[{"href":"https:\/\/editorapangeia.com.br\/pt_br\/wp-json\/wp\/v2\/product"}],"about":[{"href":"https:\/\/editorapangeia.com.br\/pt_br\/wp-json\/wp\/v2\/types\/product"}],"replies":[{"embeddable":true,"href":"https:\/\/editorapangeia.com.br\/pt_br\/wp-json\/wp\/v2\/comments?post=16963"}],"wp:featuredmedia":[{"embeddable":true,"href":"https:\/\/editorapangeia.com.br\/pt_br\/wp-json\/wp\/v2\/media\/18482"}],"wp:attachment":[{"href":"https:\/\/editorapangeia.com.br\/pt_br\/wp-json\/wp\/v2\/media?parent=16963"}],"wp:term":[{"taxonomy":"product_brand","embeddable":true,"href":"https:\/\/editorapangeia.com.br\/pt_br\/wp-json\/wp\/v2\/product_brand?post=16963"},{"taxonomy":"product_cat","embeddable":true,"href":"https:\/\/editorapangeia.com.br\/pt_br\/wp-json\/wp\/v2\/product_cat?post=16963"},{"taxonomy":"product_tag","embeddable":true,"href":"https:\/\/editorapangeia.com.br\/pt_br\/wp-json\/wp\/v2\/product_tag?post=16963"}],"curies":[{"name":"wp","href":"https:\/\/api.w.org\/{rel}","templated":true}]}}