{"id":16690,"date":"2024-10-05T19:00:22","date_gmt":"2024-10-05T19:00:22","guid":{"rendered":"https:\/\/editorapangeia.com.br\/?post_type=product&#038;p=16690"},"modified":"2025-05-21T16:24:12","modified_gmt":"2025-05-21T16:24:12","slug":"literatura-e-mercado-vida-e-obra-de-alciene-ribeiro-leite-karina-de-fatima-gomes","status":"publish","type":"product","link":"https:\/\/editorapangeia.com.br\/pt_br\/product\/literatura-e-mercado-vida-e-obra-de-alciene-ribeiro-leite-karina-de-fatima-gomes\/","title":{"rendered":"Literatura e Mercado: Vida e Obra de Alciene Ribeiro Leite, Karina de F\u00e1tima Gomes"},"content":{"rendered":"<p style=\"font-weight: 400;\"><strong>SUM\u00c1RIO<\/strong><\/p>\n<p><em><strong>Literatura e Mercado: Vida e Obra de Alciene Ribeiro Leite<br \/>\n<\/strong><\/em>368 p\u00e1ginas.<\/p>\n<p>PREF\u00c1CIO<br \/>\nAlgumas faces da camale\u00f4nica Alciene Ribeiro Leite<br \/>\nPor Rauer Ribeiro Rodrigues<br \/>\n5<\/p>\n<p>AGRADECIMENTOS<br \/>\n8<\/p>\n<p>EP\u00cdGRAFE<br \/>\n11<\/p>\n<p>LISTA DE FIGURAS<br \/>\n12<\/p>\n<p>LISTA DE ABREVIATURAS<br \/>\n16<\/p>\n<p>SUM\u00c1RIO<br \/>\n17<\/p>\n<table style=\"font-weight: 400;\">\n<tbody>\n<tr>\n<td width=\"203\"><strong>1<\/strong><\/td>\n<td width=\"203\"><strong>O IN\u00cdCIO DE TUDO<br \/>\n<\/strong>21<\/td>\n<\/tr>\n<tr>\n<td width=\"203\"><strong>2<\/strong><\/td>\n<td width=\"203\"><strong>A LITERATURA INFANTOJUVENIL NO BRASIL: BREVE HIST\u00d3RICO (E A IMPORT\u00c2NCIA DO BOOM NOS ANOS 70)<br \/>\n<\/strong>33<\/td>\n<\/tr>\n<tr>\n<td width=\"203\">2.1<\/td>\n<td width=\"203\">CONCEITO E CONTEXTUALIZA\u00c7\u00c3O HIST\u00d3RICA<br \/>\n33<\/td>\n<\/tr>\n<tr>\n<td width=\"203\">2.2<\/td>\n<td width=\"203\">A LITERATURA INFANTOJUVENIL NO BRASIL<br \/>\n42<\/td>\n<\/tr>\n<tr>\n<td width=\"203\"><strong>3<\/strong><\/td>\n<td width=\"203\"><strong>A LITERATURA INFANTIL E JUVENIL E MERCADO EDITORIAL<br \/>\n<\/strong>74<\/td>\n<\/tr>\n<tr>\n<td width=\"203\">3.1<\/td>\n<td width=\"203\">O SURGIMENTO DO MERCADO LITER\u00c1RIO NACIONAL<br \/>\n74<\/td>\n<\/tr>\n<tr>\n<td width=\"203\">3.2<\/td>\n<td width=\"203\">LITERATURA INFANTIL E JUVENIL NO BRASIL<br \/>\n84<\/td>\n<\/tr>\n<tr>\n<td width=\"203\">3.3<\/td>\n<td width=\"203\">O MERCADO LITER\u00c1RIO NACIONAL CONTEMPOR\u00c2NEO<br \/>\n92<\/td>\n<\/tr>\n<\/tbody>\n<\/table>\n<table style=\"font-weight: 400;\">\n<tbody>\n<tr>\n<td width=\"203\">3.4<\/td>\n<td width=\"203\">A CONSTITUI\u00c7\u00c3O E A AFIRMA\u00c7\u00c3O DA LITERATURA JUVENIL DO SISTEMA LITER\u00c1RIO<br \/>\n95<\/td>\n<\/tr>\n<tr>\n<td width=\"203\"><strong>4<\/strong><\/td>\n<td width=\"203\"><strong>ALCIENE ESCRITORA<br \/>\n<\/strong>109<\/td>\n<\/tr>\n<tr>\n<td width=\"203\">4.1<\/td>\n<td width=\"203\">VIDA<br \/>\n109<\/td>\n<\/tr>\n<tr>\n<td width=\"203\">4.2<\/td>\n<td width=\"203\">OBRA<br \/>\n118<\/td>\n<\/tr>\n<tr>\n<td width=\"203\"><strong>4.2.1<\/strong><\/td>\n<td width=\"203\"><strong>Obra adulta<br \/>\n<\/strong>121<\/td>\n<\/tr>\n<tr>\n<td width=\"203\"><em>4.2.1.1<\/em><\/td>\n<td width=\"203\"><em>Obra adulta (participa\u00e7\u00e3o em colet\u00e2neas de contos)<br \/>\n<\/em>128<\/td>\n<\/tr>\n<tr>\n<td width=\"203\"><strong>4.2.2<\/strong><\/td>\n<td width=\"203\"><strong>Obra juvenil<br \/>\n<\/strong>140<\/td>\n<\/tr>\n<tr>\n<td width=\"203\"><strong>4.2.3<\/strong><\/td>\n<td width=\"203\"><strong>Obra infantil<br \/>\n<\/strong>146<\/td>\n<\/tr>\n<tr>\n<td width=\"203\"><strong>4.2.4<\/strong><\/td>\n<td width=\"203\"><strong>Obra editorial<br \/>\n<\/strong>153<\/td>\n<\/tr>\n<\/tbody>\n<\/table>\n<table style=\"font-weight: 400;\">\n<tbody>\n<tr>\n<td width=\"203\"><strong>5<\/strong><\/td>\n<td width=\"203\"><strong>LITERARIEDADE E G\u00caNEROS LITER\u00c1RIOS \u2013 ROMANCE, CONTO, NOVELA, NOVELETA: UMA AN\u00c1LISE DE OBRAS DE ALCIENE RIBEIRO<br \/>\n<\/strong>160<\/td>\n<\/tr>\n<tr>\n<td width=\"203\">5.1<\/td>\n<td width=\"203\">LITERATURA E LITERARIEDADE<br \/>\n160<\/td>\n<\/tr>\n<tr>\n<td width=\"203\">5.2<\/td>\n<td width=\"203\">OS G\u00caNEROS LITER\u00c1RIOS \u2013 ROMANCE, NOVELA, CONTO, NOVELETA<br \/>\n169<\/td>\n<\/tr>\n<tr>\n<td width=\"203\">5.3<\/td>\n<td width=\"203\">AN\u00c1LISE DE OBRAS DE ALCIENE RIBEIRO<br \/>\n191<\/td>\n<\/tr>\n<tr>\n<td width=\"203\"><strong>5.3.1<\/strong><\/td>\n<td width=\"203\"><strong>Filho de Pingu\u00e7o<br \/>\n<\/strong>191<\/td>\n<\/tr>\n<tr>\n<td width=\"203\"><strong>5.3.2<\/strong><\/td>\n<td width=\"203\"><strong>O M\u00e1gico de Olho Verde<br \/>\n<\/strong>195<\/td>\n<\/tr>\n<tr>\n<td width=\"203\"><strong>5.3.3<\/strong><\/td>\n<td width=\"203\"><strong>Dr\u00e1cula tupiniquim<br \/>\n<\/strong>200<\/td>\n<\/tr>\n<tr>\n<td width=\"203\">5.4<\/td>\n<td width=\"203\">DISCUSS\u00c3O E AN\u00c1LISE PESSOAL DAS NOVELAS INFANTOJUVENIS DE ALCIENE RIBEIRO<br \/>\n204<\/td>\n<\/tr>\n<tr>\n<td width=\"203\"><strong>6<\/strong><\/td>\n<td width=\"203\"><strong>ABRINDO NOVOS CAMINHOS<br \/>\n<\/strong>230<\/td>\n<\/tr>\n<\/tbody>\n<\/table>\n<table style=\"font-weight: 400; height: 260px;\" width=\"422\">\n<tbody>\n<tr>\n<td width=\"348\">\n<p style=\"text-align: right;\"><strong>REFER\u00caNCIAS<br \/>\n<\/strong>237<\/p>\n<\/td>\n<\/tr>\n<tr>\n<td width=\"348\">\n<p style=\"text-align: right;\"><strong>AP\u00caNDICES<br \/>\n<\/strong>250<\/p>\n<\/td>\n<\/tr>\n<tr>\n<td width=\"348\">\n<p style=\"text-align: right;\"><strong>ANEXOS<br \/>\n<\/strong>322<\/p>\n<\/td>\n<\/tr>\n<\/tbody>\n<\/table>\n<p style=\"font-weight: 400;\"><img loading=\"lazy\" decoding=\"async\" class=\"wp-image-16682 aligncenter\" src=\"http:\/\/editorapangeia.com.br\/wp-content\/uploads\/2024\/10\/Imagem-19-10-2024-as-13.37-300x188.jpg\" alt=\"\" width=\"432\" height=\"271\" srcset=\"https:\/\/editorapangeia.com.br\/wp-content\/uploads\/2024\/10\/Imagem-19-10-2024-as-13.37-300x188.jpg 300w, https:\/\/editorapangeia.com.br\/wp-content\/uploads\/2024\/10\/Imagem-19-10-2024-as-13.37.jpg 321w\" sizes=\"auto, (max-width: 432px) 100vw, 432px\" \/><\/p>\n","protected":false},"excerpt":{"rendered":"<p>Biograf\u00eda com recorte preciso: a atua\u00e7\u00e3o no mercado editorial da cidad\u00e3 Alciene Maria Ribeiro Leite de Oliveira. O impacto dessa atividade cotidiana na cria\u00e7\u00e3o liter\u00e1ria da escritora Alciene Ribeiro Leite. Amplo repert\u00f3rio com fotos, recupera\u00e7\u00e3o de capas de livros, exposi\u00e7\u00e3o de documentos desencavados de gavetas, republica\u00e7\u00e3o de entrevistas perdidas em jornais extintos, um amoroso cuidado de interpreta\u00e7\u00e3o liter\u00e1ria. Um livro fruto de pesquisa dedicada, ampla, cerrada, revisto especialmente para esta edi\u00e7\u00e3o.<\/p>\n<p>A partir da vida e da obra de Alciene, Karina de F\u00e1tima Gomes faz estudo seminal sobre a literatura infantojuvenil brasileira e o mercado editorial no quarto final do s\u00e9culo XX.<\/p>\n","protected":false},"featured_media":16686,"comment_status":"open","ping_status":"closed","template":"","meta":[],"product_brand":[],"product_cat":[4575,4081],"product_tag":[949,134,612,740,741,3998,889,4002,264,4004,4000,316,367,3999,314,3997,4001,758,1361,3995,892,890,112,476,1363,4003,164,3994,3996],"class_list":{"0":"post-16690","1":"product","2":"type-product","3":"status-publish","4":"has-post-thumbnail","6":"product_cat-biografia","7":"product_cat-estudosliterarios","8":"product_tag-alciene","9":"product_tag-alciene-ribeiro","10":"product_tag-alciene-ribeiro-leite","11":"product_tag-beaga","12":"product_tag-belo-horizonte","13":"product_tag-bh","14":"product_tag-cptl-ufms","15":"product_tag-doutorado-em-letras","16":"product_tag-estudos-literarios","17":"product_tag-ituiutaba-mg","18":"product_tag-karina-de-fatima-gomes","19":"product_tag-literatura-infantil","20":"product_tag-literatura-infantojuvenil","21":"product_tag-literatura-juvenil","22":"product_tag-memoria","23":"product_tag-mercado-editorial","24":"product_tag-mestrado-em-letras","25":"product_tag-mulher-explicita","26":"product_tag-mulher-plural","27":"product_tag-obra","28":"product_tag-pos-graduacao-em-letras","29":"product_tag-ppg-letras","30":"product_tag-rauer","31":"product_tag-rauer-ribeiro-rodrigues","32":"product_tag-rauer-rodrigues","33":"product_tag-tres-lagoas","34":"product_tag-ufms","35":"product_tag-vida","36":"product_tag-vida-e-obra","37":"product_shipping_class-normal","39":"first","40":"instock","41":"taxable","42":"shipping-taxable","43":"purchasable","44":"product-type-simple"},"_links":{"self":[{"href":"https:\/\/editorapangeia.com.br\/pt_br\/wp-json\/wp\/v2\/product\/16690","targetHints":{"allow":["GET"]}}],"collection":[{"href":"https:\/\/editorapangeia.com.br\/pt_br\/wp-json\/wp\/v2\/product"}],"about":[{"href":"https:\/\/editorapangeia.com.br\/pt_br\/wp-json\/wp\/v2\/types\/product"}],"replies":[{"embeddable":true,"href":"https:\/\/editorapangeia.com.br\/pt_br\/wp-json\/wp\/v2\/comments?post=16690"}],"wp:featuredmedia":[{"embeddable":true,"href":"https:\/\/editorapangeia.com.br\/pt_br\/wp-json\/wp\/v2\/media\/16686"}],"wp:attachment":[{"href":"https:\/\/editorapangeia.com.br\/pt_br\/wp-json\/wp\/v2\/media?parent=16690"}],"wp:term":[{"taxonomy":"product_brand","embeddable":true,"href":"https:\/\/editorapangeia.com.br\/pt_br\/wp-json\/wp\/v2\/product_brand?post=16690"},{"taxonomy":"product_cat","embeddable":true,"href":"https:\/\/editorapangeia.com.br\/pt_br\/wp-json\/wp\/v2\/product_cat?post=16690"},{"taxonomy":"product_tag","embeddable":true,"href":"https:\/\/editorapangeia.com.br\/pt_br\/wp-json\/wp\/v2\/product_tag?post=16690"}],"curies":[{"name":"wp","href":"https:\/\/api.w.org\/{rel}","templated":true}]}}