{"id":16676,"date":"2024-10-19T19:47:15","date_gmt":"2024-10-19T19:47:15","guid":{"rendered":"https:\/\/editorapangeia.com.br\/?post_type=product&#038;p=16676"},"modified":"2025-11-20T17:20:34","modified_gmt":"2025-11-20T17:20:34","slug":"figuracoes-da-identidade-nas-literaturas-de-lingua-portuguesa-carina-marques-duarte","status":"publish","type":"product","link":"https:\/\/editorapangeia.com.br\/pt_br\/product\/figuracoes-da-identidade-nas-literaturas-de-lingua-portuguesa-carina-marques-duarte\/","title":{"rendered":"Figura\u00e7\u00f5es da identidade nas literaturas de l\u00edngua portuguesa, Carina Marques Duarte"},"content":{"rendered":"<p><strong>AUTORES \u2013 e suas institui\u00e7\u00f5es de atua\u00e7\u00e3o:<\/strong><\/p>\n<p>Alicia Hellen Patr\u00edcio Pereira (CPAN\/UFMS)<\/p>\n<p>Ana Beatriz Abreu de Souza (CSST-Wizard)<\/p>\n<p>Carina Marques Duarte (UFMS)<\/p>\n<p>Greicy Kelly Gomes Silis Ferreira (FUNLEC-CG)<\/p>\n<p>H\u00e9rica Romena do Carmo (SEDUC-MA)<\/p>\n<p>Ilka Vanessa Meireles Santos (IFMA)<\/p>\n<p>Mayara Pereira Coelho Palandi Ruzene Bassanelli (UFPR)<\/p>\n<p>Pamela Loiani Sales Gomes (CPTL\/UFMS)<\/p>\n<p>Perla Ara\u00fajo dos Santos (SEC-BA)<\/p>\n<p>Viviana M\u00e1rcia Pereira Cavalari (ETECPCB-SP)<\/p>\n<p style=\"text-align: center;\"><strong>Grupo de Pesquisa Literatura e<br \/>\nTempos Sombrios (UFMS)<\/strong><\/p>\n","protected":false},"excerpt":{"rendered":"<p>A organiza\u00e7\u00e3o desta antologia surgiu do projeto de extens\u00e3o &#8220;Desafios de Leitura 2024: Figur\u00e7\u00f5es da Identidade nas Literaturas de L\u00edngua Portuguesa, desenvolvido pelo Grupo de Pesquisa Literatura e Tempos Sombrios, GPLTS, da UFMS \/ CNPq.<\/p>\n<p>Os semin\u00e1rios, debates e estudos do Grupo buscam, a partir da leitura de escritores africanos, brasileiros e portugueses refletir sobre a representa\u00e7\u00e3o da identidade.<\/p>\n<p>&#8220;Que as m\u00faltiplas figura\u00e7\u00f5es da identidade aqui apresentadas&#8221;, comenta a organizadora, Profa. Carina Marques Duarte, &#8220;atuem como est\u00edmulos \u00e0 pesquisa e ao impulso por saber quem s\u00e3o os outros e quem somos n\u00f3s!&#8221;.<\/p>\n","protected":false},"featured_media":16691,"comment_status":"open","ping_status":"closed","template":"","meta":[],"product_brand":[],"product_cat":[4081],"product_tag":[3791,3773,2743,2152,2725,3792,1031,754,2750,889,3774,3793,526,3794,3795,3785,3796,3797,3776,3820,3775,3786,3819,3798,2729,3777,2341,3799,3800,2758,2745,971,3801,3789,3787,3790,3802,3779,3803,2737,3804,3805,3806,3807,3781,3808,3809,3782,111,3810,3811,3813,3812,3814,3815,3783,3778,2117,3816,2723,3817,164,3780,3818,3788,3784],"class_list":{"0":"post-16676","1":"product","2":"type-product","3":"status-publish","4":"has-post-thumbnail","6":"product_cat-estudosliterarios","7":"product_tag-a-noite-das-mulheres-cantoras","8":"product_tag-alicia-hellen-patricio-pereira","9":"product_tag-ana-beatriz-abreu-de-souza","10":"product_tag-antirracismo","11":"product_tag-carina-marques-duarte","12":"product_tag-colonialismo","13":"product_tag-conceicao-evaristo","14":"product_tag-conto","15":"product_tag-cpan-ufms","16":"product_tag-cptl-ufms","17":"product_tag-csst-wizard","18":"product_tag-decolonialidade","19":"product_tag-ditadura","20":"product_tag-duzu-querenca","21":"product_tag-estado-novo","22":"product_tag-etecpcb-sp","23":"product_tag-experiencia-limite","24":"product_tag-fernando-assis-pacheco","25":"product_tag-funlec-cg","26":"product_tag-gplts","27":"product_tag-greicy-kelly-gomes-silis-ferreira","28":"product_tag-grupo-de-pesquisa-literatura-e-tempos-sombrios-ufms","29":"product_tag-guerra","30":"product_tag-guerra-civil","31":"product_tag-guerra-colonial","32":"product_tag-herica-romena-do-carmo","33":"product_tag-identidade","34":"product_tag-identidade-da-nacao","35":"product_tag-identidades","36":"product_tag-ifma","37":"product_tag-ilka-vanessa-meireles-santos","38":"product_tag-intertextualidade","39":"product_tag-lidia-jorge","40":"product_tag-lingua-portugues","41":"product_tag-literatura-e-tempos-sombrios","42":"product_tag-literaturas-de-lingua-portuguesa","43":"product_tag-manuel-alegre","44":"product_tag-mayara-pereira-coelho-palandi-ruzene-bassanelli","45":"product_tag-metafora","46":"product_tag-mia-couto","47":"product_tag-mocambique","48":"product_tag-mulher-negra","49":"product_tag-noemia-de-sousa","50":"product_tag-o-nome-das-coisas","51":"product_tag-pamela-loiani-sales-gomes","52":"product_tag-paulina-chiziane","53":"product_tag-periodo-pos-independencia","54":"product_tag-perla-araujo-dos-santos","55":"product_tag-poesia","56":"product_tag-pos-colonialismo","57":"product_tag-representacao-do-lider","58":"product_tag-representacao-literaria","59":"product_tag-representacoes","60":"product_tag-resistencia","61":"product_tag-revolucao-dos-cravos","62":"product_tag-sec-ba","63":"product_tag-seduc-ma","64":"product_tag-solidao","65":"product_tag-sophia-de-mello-breyner","66":"product_tag-tempos-sombrios","67":"product_tag-trauma","68":"product_tag-ufms","69":"product_tag-ufpr","70":"product_tag-ungulani-ba-ka-khosa","71":"product_tag-violencia","72":"product_tag-viviana-marcia-pereira-cavalari","73":"product_shipping_class-normal","75":"first","76":"instock","77":"taxable","78":"shipping-taxable","79":"product-type-external"},"_links":{"self":[{"href":"https:\/\/editorapangeia.com.br\/pt_br\/wp-json\/wp\/v2\/product\/16676","targetHints":{"allow":["GET"]}}],"collection":[{"href":"https:\/\/editorapangeia.com.br\/pt_br\/wp-json\/wp\/v2\/product"}],"about":[{"href":"https:\/\/editorapangeia.com.br\/pt_br\/wp-json\/wp\/v2\/types\/product"}],"replies":[{"embeddable":true,"href":"https:\/\/editorapangeia.com.br\/pt_br\/wp-json\/wp\/v2\/comments?post=16676"}],"wp:featuredmedia":[{"embeddable":true,"href":"https:\/\/editorapangeia.com.br\/pt_br\/wp-json\/wp\/v2\/media\/16691"}],"wp:attachment":[{"href":"https:\/\/editorapangeia.com.br\/pt_br\/wp-json\/wp\/v2\/media?parent=16676"}],"wp:term":[{"taxonomy":"product_brand","embeddable":true,"href":"https:\/\/editorapangeia.com.br\/pt_br\/wp-json\/wp\/v2\/product_brand?post=16676"},{"taxonomy":"product_cat","embeddable":true,"href":"https:\/\/editorapangeia.com.br\/pt_br\/wp-json\/wp\/v2\/product_cat?post=16676"},{"taxonomy":"product_tag","embeddable":true,"href":"https:\/\/editorapangeia.com.br\/pt_br\/wp-json\/wp\/v2\/product_tag?post=16676"}],"curies":[{"name":"wp","href":"https:\/\/api.w.org\/{rel}","templated":true}]}}