{"id":16658,"date":"2024-10-14T21:47:43","date_gmt":"2024-10-14T21:47:43","guid":{"rendered":"https:\/\/editorapangeia.com.br\/?post_type=product&#038;p=16658"},"modified":"2025-01-07T18:01:09","modified_gmt":"2025-01-07T18:01:09","slug":"historia-e-memoria-escola-vale-do-rio-doce-1991-2008-sebastiana-aparecida-moreira","status":"publish","type":"product","link":"https:\/\/editorapangeia.com.br\/pt_br\/product\/historia-e-memoria-escola-vale-do-rio-doce-1991-2008-sebastiana-aparecida-moreira\/","title":{"rendered":"Hist\u00f3ria e Mem\u00f3ria: Escola Vale do Rio Doce (1991-2008), Sebastiana Aparecida Moreira"},"content":{"rendered":"<p>A Hist\u00f3ria que surge neste livro \u00e9 a Hist\u00f3ria Oral, tornando mem\u00f3ria p\u00fablica as lembran\u00e7as de atores da hist\u00f3ria popular, cotidiana, revelando mentalidades, lutas, experi\u00eancias e conquistas.<\/p>\n<p>A Escola Municipal Rural de Ensino Fundamental Vale do Rio Doce, no munic\u00edpio de Rio Verde, GO, \u00e9 o objeto da pesquisa, e surge a partir de narrativas individuais e coletivas dos protagonistas da escola, cujos relatos s\u00e3o confrontados com documentos oficiais e lidos a partir de teorias historiogr\u00e1ficas da Hist\u00f3ria Oral.<\/p>\n<p>Com esse registro, os significados das experi\u00eancias narradas possibilitaram recordar as lutas e as conquistas dos desbravadores que implantaram a institui\u00e7\u00e3o.<\/p>\n<p>Ademais, se verifica a a\u00e7\u00e3o das pol\u00edticas p\u00fablicas no \u00e2mbito do ensino rural e as demandas que surgem nos assentamentos e nas a\u00e7\u00f5es do MST.<\/p>\n<p>Constata-se e se comprova que o real desafio para as escolas do campo \u00e9 o de buscar formas de estabelecer condi\u00e7\u00f5es dignas e socialmente valorizadas para os povos do campo. Da\u00ed a import\u00e2ncia de se recuperar essas experi\u00eancias e torn\u00e1-las p\u00fablicas, ensejando contribui\u00e7\u00f5es para a educa\u00e7\u00e3o brasileira no in\u00edcio do 3\u00ba mil\u00eanio.<\/p>\n<p style=\"text-align: center;\"><img loading=\"lazy\" decoding=\"async\" class=\"alignnone wp-image-16659\" src=\"http:\/\/editorapangeia.com.br\/wp-content\/uploads\/2024\/10\/Imagem-14-10-2024-as-18.18-242x300.jpg\" alt=\"\" width=\"389\" height=\"482\" srcset=\"https:\/\/editorapangeia.com.br\/wp-content\/uploads\/2024\/10\/Imagem-14-10-2024-as-18.18-242x300.jpg 242w, https:\/\/editorapangeia.com.br\/wp-content\/uploads\/2024\/10\/Imagem-14-10-2024-as-18.18-700x867.jpg 700w, https:\/\/editorapangeia.com.br\/wp-content\/uploads\/2024\/10\/Imagem-14-10-2024-as-18.18-323x400.jpg 323w, https:\/\/editorapangeia.com.br\/wp-content\/uploads\/2024\/10\/Imagem-14-10-2024-as-18.18-565x700.jpg 565w, https:\/\/editorapangeia.com.br\/wp-content\/uploads\/2024\/10\/Imagem-14-10-2024-as-18.18.jpg 719w\" sizes=\"auto, (max-width: 389px) 100vw, 389px\" \/><\/p>\n","protected":false},"excerpt":{"rendered":"<p>Sebastiana Aparecida Moreira \u00e9 licenciada em Pedagogia e em Hist\u00f3ria, tem diversas especializa\u00e7\u00f5es nas duas \u00e1reas e fez mestrado e doutorado em Educa\u00e7\u00e3o. Foi docente nas redes p\u00fablicas municipal e estadual na cidade de Rio Verde, GO. Suas pesquisas fazem a interface da hist\u00f3ria oral com o ensino e, em sala de aula, sua perspectiva metodol\u00f3gica central na atua\u00e7\u00e3o docente \u00e9 a escuta ativa.<\/p>\n<p>Esse perfil levou-a \u00e0 pesquisa que aqui se apresenta em livro, na Cole\u00e7\u00e3o Cadernos de Doc\u00eancia, no \u00e2mbito da S\u00e9rie Eu, Professora.<\/p>\n<p>A profa. Maria Zeneide Carneiro Magalh\u00e3es de Almeida, que orientou a pesquisa no doutorado na PUC-GO, confirma: este livro &#8220;contribui para refletirmos sobre nosso pa\u00eds e sobre a educa\u00e7\u00e3o brasileira no in\u00edcio do 3\u00ba mil\u00eanio&#8221;.<\/p>\n","protected":false},"featured_media":16660,"comment_status":"open","ping_status":"closed","template":"","meta":[],"product_brand":[],"product_cat":[4087],"product_tag":[1917,3772,3540,3004,3760,3758,3771,3762,380,3767,3764,3032,3766,3768,3770,314,347,3769,3487,3759,3761,3030,3763,3765],"class_list":{"0":"post-16658","1":"product","2":"type-product","3":"status-publish","4":"has-post-thumbnail","6":"product_cat-reportagem","7":"product_tag-colecao-cadernos-de-docencia","8":"product_tag-educacao-do-campo","9":"product_tag-educacao-e-ensino","10":"product_tag-eja-educacao-de-jovens-e-adultos","11":"product_tag-emref","12":"product_tag-escola-vale-do-rio-doce","13":"product_tag-escolas-do-campo","14":"product_tag-fesurv","15":"product_tag-historia","16":"product_tag-historia-das-mentalidades","17":"product_tag-historia-e-memoria","18":"product_tag-historia-oral","19":"product_tag-historia-popular","20":"product_tag-lembrancas","21":"product_tag-maria-zeneide-carneiro-magalhaes-de-almeida","22":"product_tag-memoria","23":"product_tag-pedagogia","24":"product_tag-politicas-publicas","25":"product_tag-puc-go","26":"product_tag-rio-verde","27":"product_tag-rio-verde-go","28":"product_tag-sebastiana-aparecida-moreira","29":"product_tag-ueg","30":"product_tag-upf","31":"product_shipping_class-normal","33":"first","34":"instock","35":"taxable","36":"shipping-taxable","37":"purchasable","38":"product-type-simple"},"_links":{"self":[{"href":"https:\/\/editorapangeia.com.br\/pt_br\/wp-json\/wp\/v2\/product\/16658","targetHints":{"allow":["GET"]}}],"collection":[{"href":"https:\/\/editorapangeia.com.br\/pt_br\/wp-json\/wp\/v2\/product"}],"about":[{"href":"https:\/\/editorapangeia.com.br\/pt_br\/wp-json\/wp\/v2\/types\/product"}],"replies":[{"embeddable":true,"href":"https:\/\/editorapangeia.com.br\/pt_br\/wp-json\/wp\/v2\/comments?post=16658"}],"wp:featuredmedia":[{"embeddable":true,"href":"https:\/\/editorapangeia.com.br\/pt_br\/wp-json\/wp\/v2\/media\/16660"}],"wp:attachment":[{"href":"https:\/\/editorapangeia.com.br\/pt_br\/wp-json\/wp\/v2\/media?parent=16658"}],"wp:term":[{"taxonomy":"product_brand","embeddable":true,"href":"https:\/\/editorapangeia.com.br\/pt_br\/wp-json\/wp\/v2\/product_brand?post=16658"},{"taxonomy":"product_cat","embeddable":true,"href":"https:\/\/editorapangeia.com.br\/pt_br\/wp-json\/wp\/v2\/product_cat?post=16658"},{"taxonomy":"product_tag","embeddable":true,"href":"https:\/\/editorapangeia.com.br\/pt_br\/wp-json\/wp\/v2\/product_tag?post=16658"}],"curies":[{"name":"wp","href":"https:\/\/api.w.org\/{rel}","templated":true}]}}