{"id":16654,"date":"2024-10-14T19:13:10","date_gmt":"2024-10-14T19:13:10","guid":{"rendered":"https:\/\/editorapangeia.com.br\/?post_type=product&#038;p=16654"},"modified":"2025-01-07T18:02:49","modified_gmt":"2025-01-07T18:02:49","slug":"mulher-plural-alciene-ribeiro-leite","status":"publish","type":"product","link":"https:\/\/editorapangeia.com.br\/pt_br\/product\/mulher-plural-alciene-ribeiro-leite\/","title":{"rendered":"Mulher Plural, Alciene Ribeiro Leite"},"content":{"rendered":"<p>Esta 1\u00aa edi\u00e7\u00e3o do <em><strong>Mulher Plural <\/strong><\/em>tem o depoimento in\u00e9dito &#8220;O dedo na ferida&#8221; de Alciene a t\u00edtulo de pref\u00e1cio, e tem nota preliminar de Rauer, o organizador da s\u00e9rie de livros de contos de Alciene que a Pangeia est\u00e1 publicando.<\/p>\n<p>A edi\u00e7\u00e3o tem, ainda, um biografia de pr\u00f3prio punho de Alciene, na posi\u00e7\u00e3o de posf\u00e1cio, com o t\u00edtulo &#8220;Personagens plurais x Autora plural&#8221;, complementado com texto assinado na \u00faltima capa. O livro traz, ainda, orelha de Nima Spigolon (docente da Unicamp, Pr\u00eamio Jabuti Acad\u00eamico 2024 em Educa\u00e7\u00e3o e Ensino).<\/p>\n<p>O livro re\u00fane contos totalmente in\u00e9ditos e alguns contos j\u00e1 publicados, que foram revistos e reformulados, seguindo a li\u00e7\u00e3o perfeccionista que nos ensinou Murilo Rubi\u00e3o. Ao final de cada conto consta uma nota informando a g\u00eanese, o processo de escrita e as publica\u00e7\u00f5es anteriores de cada conto \u2013 essas notas s\u00e3o em primeira pessoa e cont\u00eam observa\u00e7\u00f5es de Alciene que d\u00e3o, a elas, um sabor especial, com informa\u00e7\u00f5es de bastidores liter\u00e1rios.<\/p>\n<p style=\"text-align: center;\"><strong>Para informa\u00e7\u00f5es sobre o lan\u00e7amento<br \/>\nnacional do livro, acione o qr-code:<\/strong><\/p>\n<p style=\"text-align: center;\"><img loading=\"lazy\" decoding=\"async\" class=\"alignnone wp-image-16653\" src=\"http:\/\/editorapangeia.com.br\/wp-content\/uploads\/2024\/10\/Imagem-14-10-2024-as-15.59.jpg\" alt=\"\" width=\"349\" height=\"337\" \/><\/p>\n","protected":false},"excerpt":{"rendered":"<p><strong><em>Mulher Plural<\/em><\/strong>, 1a edi\u00e7\u00e3o, de Alciene Ribeiro Leite.<\/p>\n<p>Este livro \u00e9 o segundo volume de trilogia que prev\u00ea para breve o livro\u00a0<em><strong>Mulher &amp; Cia<\/strong><\/em>, e foi precedido por <em><strong>Mulher Expl\u00edcita<\/strong><\/em>, j\u00e1 em 2a. edi\u00e7\u00e3o.\u00a0Nesses livros, Alciene retoma todos os contos de seus livros anteriores e os redistribui, acrescentando contos publicados em antologias, jornais e blogs, e ainda contos in\u00e9ditos. Os microcontos \u2013 g\u00eanero de narrativa ultracurta em que a escritora vem se destacando nos \u00faltimos anos \u2013 comp\u00f5em dois outros livros, <em><strong>minimus<\/strong>,<\/em> cuja 2\u00aa edi\u00e7\u00e3o saiu no primeiro semestre de 2022, e <em><strong>Mulher em dr\u00e1geas<\/strong><\/em>, ainda sem data prevista de lan\u00e7amento.<\/p>\n<p>S\u00e3o livro fundamentais, com todos os contos revisados e contos in\u00e9ditos, narrativas que desvelam contexto e reflex\u00f5es da mulher brasileira no s\u00e9culo XX e no s\u00e9culo XXI. Alguns dos contos integravam o livro de estreia de Alciene Ribeiro Leite, de 1978, obra com a qual recebeu pr\u00eamio da Uni\u00e3o Brasileira de Escritores de S\u00e3o Paulo de melhor livro de contos do ano, e outros livros que lan\u00e7ou posteriormente.<\/p>\n<p>Lan\u00e7ado no primeiro semestre de 2019,\u00a0<em><strong>Mulher Expl\u00edcita\u00a0<\/strong><\/em>de imediato passou a ser lido na universidade, e acumula estudos que geram TCC, disserta\u00e7\u00f5es e teses. Os livros de Alciene t\u00eam se tornado leitura obrigat\u00f3ria aos apreciadores da literatura, por sua for\u00e7a na defesa do feminino, por seu alto teor po\u00e9tico, por sua linguagem absolutamente pessoal e original.<\/p>\n<p>Esta 1\u00aa edi\u00e7\u00e3o de <em><strong>Mulher Plural<\/strong><\/em> cont\u00e9m material complementar que valoriza o volume, com informa\u00e7\u00f5es e detalhes sobre a escrita dos contos e estudos que indicam poss\u00edveis significados imersos nas entrelinhas dos contos.<\/p>\n","protected":false},"featured_media":16656,"comment_status":"open","ping_status":"closed","template":"","meta":[],"product_brand":[],"product_cat":[4076],"product_tag":[134,612,760,1170,754,755,756,759,176,243,186,2220,175,149,800,174,1359,1360,758,1361,757,3757,162,528,112,476,1363],"class_list":{"0":"post-16654","1":"product","2":"type-product","3":"status-publish","4":"has-post-thumbnail","6":"product_cat-contos","7":"product_tag-alciene-ribeiro","8":"product_tag-alciene-ribeiro-leite","9":"product_tag-autora-premiada","10":"product_tag-cidadao-sociedade","11":"product_tag-conto","12":"product_tag-dados-biograficos","13":"product_tag-edson-angelo-muniz","14":"product_tag-emancipacao","15":"product_tag-erotismo","16":"product_tag-escrita-feminina","17":"product_tag-feminismo","18":"product_tag-flavia-de-queiroz-lima","19":"product_tag-genero","20":"product_tag-gplv","21":"product_tag-grupo-de-pesquisa-literatura-e-vida","22":"product_tag-mulher","23":"product_tag-mulher-cia","24":"product_tag-mulher-em-drageas","25":"product_tag-mulher-explicita","26":"product_tag-mulher-plural","27":"product_tag-mulheres","28":"product_tag-natalia-tano","29":"product_tag-natalia-tano-portela","30":"product_tag-nima-spigolon","31":"product_tag-rauer","32":"product_tag-rauer-ribeiro-rodrigues","33":"product_tag-rauer-rodrigues","34":"product_shipping_class-normal","36":"first","37":"instock","38":"purchasable","39":"product-type-simple"},"_links":{"self":[{"href":"https:\/\/editorapangeia.com.br\/pt_br\/wp-json\/wp\/v2\/product\/16654","targetHints":{"allow":["GET"]}}],"collection":[{"href":"https:\/\/editorapangeia.com.br\/pt_br\/wp-json\/wp\/v2\/product"}],"about":[{"href":"https:\/\/editorapangeia.com.br\/pt_br\/wp-json\/wp\/v2\/types\/product"}],"replies":[{"embeddable":true,"href":"https:\/\/editorapangeia.com.br\/pt_br\/wp-json\/wp\/v2\/comments?post=16654"}],"wp:featuredmedia":[{"embeddable":true,"href":"https:\/\/editorapangeia.com.br\/pt_br\/wp-json\/wp\/v2\/media\/16656"}],"wp:attachment":[{"href":"https:\/\/editorapangeia.com.br\/pt_br\/wp-json\/wp\/v2\/media?parent=16654"}],"wp:term":[{"taxonomy":"product_brand","embeddable":true,"href":"https:\/\/editorapangeia.com.br\/pt_br\/wp-json\/wp\/v2\/product_brand?post=16654"},{"taxonomy":"product_cat","embeddable":true,"href":"https:\/\/editorapangeia.com.br\/pt_br\/wp-json\/wp\/v2\/product_cat?post=16654"},{"taxonomy":"product_tag","embeddable":true,"href":"https:\/\/editorapangeia.com.br\/pt_br\/wp-json\/wp\/v2\/product_tag?post=16654"}],"curies":[{"name":"wp","href":"https:\/\/api.w.org\/{rel}","templated":true}]}}