{"id":16636,"date":"2024-10-14T18:27:36","date_gmt":"2024-10-14T18:27:36","guid":{"rendered":"https:\/\/editorapangeia.com.br\/?post_type=product&#038;p=16636"},"modified":"2025-04-01T12:28:04","modified_gmt":"2025-04-01T12:28:04","slug":"mulher-explicita-2a-edicao-alciene-ribeiro-leite","status":"publish","type":"product","link":"https:\/\/editorapangeia.com.br\/pt_br\/product\/mulher-explicita-2a-edicao-alciene-ribeiro-leite\/","title":{"rendered":"Mulher Expl\u00edcita, 2\u00aa ed., Alciene Ribeiro Leite"},"content":{"rendered":"<p>A 2\u00aa edi\u00e7\u00e3o do\u00a0<em><strong>Mulher Expl\u00edcita\u00a0<\/strong><\/em>traz resenha de Fl\u00e1via de Queiroz Lima, o artigo &#8220;Oce\u00e2nica Alciene&#8221;, de Rauer, uma entrevista com Alciene, posf\u00e1cio de Nima Spigolon, e biografia da autora, al\u00e9m de impress\u00f5es de leitura do poeta e ficcionista Odilon Machado nas orelhas.<\/p>\n<p>Ademais, Alciene revisou todos os contos, tendo reformulado alguns deles, conforme a li\u00e7\u00e3o perfeccionista que nos ensinou Murilo Rubi\u00e3o, e ao final de cada conto consta uma nota informando a g\u00eanese, o processo de escrita e as publica\u00e7\u00f5es anteriores de cada conto.<\/p>\n<p style=\"text-align: center;\"><img loading=\"lazy\" decoding=\"async\" class=\"alignnone wp-image-16652\" src=\"http:\/\/editorapangeia.com.br\/wp-content\/uploads\/2024\/10\/Imagem-14-10-2024-as-15.58-226x300.jpg\" alt=\"\" width=\"359\" height=\"477\" srcset=\"https:\/\/editorapangeia.com.br\/wp-content\/uploads\/2024\/10\/Imagem-14-10-2024-as-15.58-226x300.jpg 226w, https:\/\/editorapangeia.com.br\/wp-content\/uploads\/2024\/10\/Imagem-14-10-2024-as-15.58-301x400.jpg 301w, https:\/\/editorapangeia.com.br\/wp-content\/uploads\/2024\/10\/Imagem-14-10-2024-as-15.58-527x700.jpg 527w, https:\/\/editorapangeia.com.br\/wp-content\/uploads\/2024\/10\/Imagem-14-10-2024-as-15.58.jpg 598w\" sizes=\"auto, (max-width: 359px) 100vw, 359px\" \/><\/p>\n<p style=\"text-align: center;\"><strong>Frases destacadas do <em>Mulher Expl\u00edcita<\/em><\/strong>:<\/p>\n<p>&#8220;Dessas Marias que, sendo mulheres, submetem-se \u00e0s leis dos senhores seus companheiros.&#8221;<\/p>\n<p>&#8220;Vomito tudo que ruminei esse tempo com o ardido da vergonha, o sal do desprezo, o amargo da dor.&#8221;<\/p>\n<p>&#8220;Minha saudade dispensa bengala.&#8221;<\/p>\n<p>&#8220;Nada mais conta, sen\u00e3o o pacto com a consci\u00eancia.&#8221;<\/p>\n<p>Integram o\u00a0<em><strong>Mulher Expl\u00edcita<\/strong><\/em> diversos contos emblem\u00e1ticos, entre os quais est\u00e3o &#8220;Ave Maria das Gra\u00e7as Santos&#8221;, &#8220;Bon\u00e9 vermelho&#8221; (simplesmente a melhor recria\u00e7\u00e3o do &#8220;Chapeuzinho Vermelho&#8221; na literatura brasileira em todos os tempos), &#8220;Vinte anos de Am\u00e9lia&#8221;, o premiado &#8220;Mulher em recesso&#8221;e o j\u00e1 cl\u00e1ssico &#8220;Independ\u00eancia e morte&#8221;, para citarmos somente cinco contos.<\/p>\n<p style=\"text-align: center;\"><img loading=\"lazy\" decoding=\"async\" class=\"alignnone wp-image-16653\" src=\"http:\/\/editorapangeia.com.br\/wp-content\/uploads\/2024\/10\/Imagem-14-10-2024-as-15.59.jpg\" alt=\"\" width=\"349\" height=\"337\" \/><\/p>\n","protected":false},"excerpt":{"rendered":"<p><strong><em>Mulher Expl\u00edcita<\/em><\/strong>, 2a edi\u00e7\u00e3o. de Alciene Ribeiro Leite.<\/p>\n<p>Este livro \u00e9 o primeiro de trilogia que prev\u00ea para breve os livros\u00a0<em><strong>Mulher Plural<\/strong><\/em><em>\u00a0<\/em>e\u00a0<em><strong>Mulher &amp; Cia<\/strong><\/em>. Nesses livros, Alciene retoma todos os contos de seus livros anteriores e os redistribui, acrescentando contos publicados em antologias, jornais e blogs, e ainda contos in\u00e9ditos. Os microcontos \u2013 g\u00eanero de narrativa ultracurta em que a escritora vem se destacando nos \u00faltimos anos \u2013 comp\u00f5em dois outros livros,\u00a0<em><strong>minimus<\/strong>,<\/em> cuja 2\u00aa edi\u00e7\u00e3o saiu no primeiro semestre de 2022, e <em><strong>Mulher em dr\u00e1geas<\/strong><\/em>, ainda sem data prevista de lan\u00e7amento.<\/p>\n<p>Livro fundamental, com todos os contos revisados e contos in\u00e9ditos, narrativas que desvelam contexto e reflex\u00f5es da mulher brasileira no s\u00e9culo XX e no s\u00e9culo XXI. Muitos dos contos integravam o livro de estreia de Alciene Ribeiro Leite, de 1978, obra com a qual recebeu pr\u00eamio da Uni\u00e3o Brasileira de Escritores de S\u00e3o Paulo de melhor livro de contos do ano.<\/p>\n<p>Lan\u00e7ado no primeiro semestre de 2019,\u00a0<em><strong>Mulher Expl\u00edcita\u00a0<\/strong><\/em>de imediato passou a ser lido na universidade, e acumula estudos que geram TCC, disserta\u00e7\u00f5es e teses. Um livro simplesmente obrigat\u00f3rio, por sua for\u00e7a na defesa do feminino, por seu alto teor po\u00e9tico, por sua linguagem absolutamente pessoal e original.<\/p>\n<p>Esta 2\u00aa edi\u00e7\u00e3o cont\u00e9m estudos de Odilon Machado, Fl\u00e1via de Queiroz Lima, Rauer e Nima Spigolon, al\u00e9m de entrevista com Alciene e notas sobre a g\u00eanese e escrita de cada conto, al\u00e9m de publica\u00e7\u00f5es anteriores.<\/p>\n","protected":false},"featured_media":16651,"comment_status":"open","ping_status":"closed","template":"","meta":[],"product_brand":[],"product_cat":[4076],"product_tag":[134,612,760,1170,754,755,756,759,176,243,186,2220,175,149,800,174,758,757,3757,162,528,112,476,1363],"class_list":{"0":"post-16636","1":"product","2":"type-product","3":"status-publish","4":"has-post-thumbnail","6":"product_cat-contos","7":"product_tag-alciene-ribeiro","8":"product_tag-alciene-ribeiro-leite","9":"product_tag-autora-premiada","10":"product_tag-cidadao-sociedade","11":"product_tag-conto","12":"product_tag-dados-biograficos","13":"product_tag-edson-angelo-muniz","14":"product_tag-emancipacao","15":"product_tag-erotismo","16":"product_tag-escrita-feminina","17":"product_tag-feminismo","18":"product_tag-flavia-de-queiroz-lima","19":"product_tag-genero","20":"product_tag-gplv","21":"product_tag-grupo-de-pesquisa-literatura-e-vida","22":"product_tag-mulher","23":"product_tag-mulher-explicita","24":"product_tag-mulheres","25":"product_tag-natalia-tano","26":"product_tag-natalia-tano-portela","27":"product_tag-nima-spigolon","28":"product_tag-rauer","29":"product_tag-rauer-ribeiro-rodrigues","30":"product_tag-rauer-rodrigues","31":"product_shipping_class-normal","33":"first","34":"instock","35":"purchasable","36":"product-type-simple"},"_links":{"self":[{"href":"https:\/\/editorapangeia.com.br\/pt_br\/wp-json\/wp\/v2\/product\/16636","targetHints":{"allow":["GET"]}}],"collection":[{"href":"https:\/\/editorapangeia.com.br\/pt_br\/wp-json\/wp\/v2\/product"}],"about":[{"href":"https:\/\/editorapangeia.com.br\/pt_br\/wp-json\/wp\/v2\/types\/product"}],"replies":[{"embeddable":true,"href":"https:\/\/editorapangeia.com.br\/pt_br\/wp-json\/wp\/v2\/comments?post=16636"}],"wp:featuredmedia":[{"embeddable":true,"href":"https:\/\/editorapangeia.com.br\/pt_br\/wp-json\/wp\/v2\/media\/16651"}],"wp:attachment":[{"href":"https:\/\/editorapangeia.com.br\/pt_br\/wp-json\/wp\/v2\/media?parent=16636"}],"wp:term":[{"taxonomy":"product_brand","embeddable":true,"href":"https:\/\/editorapangeia.com.br\/pt_br\/wp-json\/wp\/v2\/product_brand?post=16636"},{"taxonomy":"product_cat","embeddable":true,"href":"https:\/\/editorapangeia.com.br\/pt_br\/wp-json\/wp\/v2\/product_cat?post=16636"},{"taxonomy":"product_tag","embeddable":true,"href":"https:\/\/editorapangeia.com.br\/pt_br\/wp-json\/wp\/v2\/product_tag?post=16636"}],"curies":[{"name":"wp","href":"https:\/\/api.w.org\/{rel}","templated":true}]}}