{"id":16483,"date":"2024-08-14T21:00:09","date_gmt":"2024-08-14T21:00:09","guid":{"rendered":"https:\/\/editorapangeia.com.br\/?post_type=product&#038;p=16483"},"modified":"2025-03-30T18:11:56","modified_gmt":"2025-03-30T18:11:56","slug":"brumapua-antonio-fonseca","status":"publish","type":"product","link":"https:\/\/editorapangeia.com.br\/pt_br\/product\/brumapua-antonio-fonseca\/","title":{"rendered":"Brumapu\u00e3, Ant\u00f4nio Fonseca"},"content":{"rendered":"<p><em><strong>Brumapu\u00e3<\/strong><\/em>, livro de poesias e narrativas de Ant\u00f4nio Fonseca, \u00e9 uma viagem atrav\u00e9s das paisagens e hist\u00f3rias na conex\u00e3o \u00edntima do autor com sua terra natal, com reminisc\u00eancia e com o mundo atual, que mescla o passado e o presente, o individual e o coletivo, captando o nosso tempo e lugar.<\/p>\n<p>As rela\u00e7\u00f5es humanas surgem com um toque de humor e sabedoria popular, com poemas, poemas narrativos e cr\u00f4nicas que s\u00e3o instant\u00e2neos de vida colhendo a alma \u00edntima da mineirice e\u00a0intera\u00e7\u00f5es pitorescas que revelam, em simult\u00e2neo, a simplicidade e a complexidade da vida.<\/p>\n<p>S\u00e3o reflex\u00f5es po\u00e9ticas e filos\u00f3ficas que \u00a0misturam realidade e imagina\u00e7\u00e3o, abordando temas como a posse da terra, a espiritualidade e a transforma\u00e7\u00e3o das cidades e paisagens ao longo do tempo.<\/p>\n<p>Ao retratar o que v\u00ea no mundo atual e desvelar sua cosmovis\u00e3o, Ant\u00f4nio Fonseca, por um lado, convida os leitores a refletir sobre a din\u00e2mica da vida moderna e as mudan\u00e7as constantes dos nossos dias, e de outro lado, celebra a multiplicidade da vida e da arte, tecendo refer\u00eancias \u00e0 m\u00fasica cl\u00e1ssica e \u00e0 literatura afro-brasileira.<\/p>\n<p>Do local, Entre Rios, a temas universais \u2013 guerra, paz, amor, morte \u2013 h\u00e1 em <em><strong>Brumapu\u00e3<\/strong><\/em>\u00a0a natureza e a espiritualidade, o humor e a reflex\u00e3o,\u00a0a conex\u00e3o com nossas ra\u00edzes e a eterna busca por sentido e felicidade.<\/p>\n","protected":false},"excerpt":{"rendered":"<p><em><strong>Brumapu\u00e3<\/strong><\/em>, livro de estreia de Ant\u00f4nio Fonseca, professor de hist\u00f3ria da rede estadual de ensino de Minas Gerais, tem pref\u00e1cio de Carm\u00e9lia Daniel.<\/p>\n<p>Escrito ao longo de muitos anos e lapidado ap\u00f3s a aposentadoria do autor, o livro narra \u2013 na c\u00e9lebre proposi\u00e7\u00e3o de Liev T\u00f3lstoi \u2013 a aldeia e, a partir da aldeia, a Entre Rios natal do poeta, temas universais, tornados poesia vigorosa sobre a mineiridade, em linguagem coloquial.<\/p>\n<p>As Minas e os Geraes ganham, com este livro de Ant\u00f4nio Fonseca, uma voz que desvela um tanto da alma das alterosas.<\/p>\n<p>Em pr\u00e9-venda, com desconto especial, at\u00e9 5 de novembro de 2024.<\/p>\n","protected":false},"featured_media":16484,"comment_status":"open","ping_status":"closed","template":"","meta":[],"product_brand":[],"product_cat":[4077],"product_tag":[3705,3706,3707,3708,303,3709,3710,377,156,157,314,746,3717,3716,3715,1291,111,967,2071,3711,3714,3712,3713],"class_list":{"0":"post-16483","1":"product","2":"type-product","3":"status-publish","4":"has-post-thumbnail","6":"product_cat-poesia","7":"product_tag-antonio-fonseca","8":"product_tag-antonio-sebastiao-da-fonseca-resende","9":"product_tag-brumapua","10":"product_tag-carmelia-daniel","11":"product_tag-edicoes-dionysius","12":"product_tag-entre-rios-de-minas","13":"product_tag-entrerrios","14":"product_tag-eros-poesia","15":"product_tag-literatura","16":"product_tag-literatura-brasileira","17":"product_tag-memoria","18":"product_tag-minas-gerais","19":"product_tag-mineirar","20":"product_tag-mineirice","21":"product_tag-mineiridade","22":"product_tag-pangeia-editorial","23":"product_tag-poesia","24":"product_tag-poesia-brasileira-contemporanea","25":"product_tag-poesia-contemporanea","26":"product_tag-poesia-das-alterosas","27":"product_tag-poesia-mineira","28":"product_tag-rio-brumado","29":"product_tag-rio-camapua","30":"product_shipping_class-normal","32":"first","33":"instock","34":"taxable","35":"shipping-taxable","36":"purchasable","37":"product-type-simple"},"_links":{"self":[{"href":"https:\/\/editorapangeia.com.br\/pt_br\/wp-json\/wp\/v2\/product\/16483","targetHints":{"allow":["GET"]}}],"collection":[{"href":"https:\/\/editorapangeia.com.br\/pt_br\/wp-json\/wp\/v2\/product"}],"about":[{"href":"https:\/\/editorapangeia.com.br\/pt_br\/wp-json\/wp\/v2\/types\/product"}],"replies":[{"embeddable":true,"href":"https:\/\/editorapangeia.com.br\/pt_br\/wp-json\/wp\/v2\/comments?post=16483"}],"wp:featuredmedia":[{"embeddable":true,"href":"https:\/\/editorapangeia.com.br\/pt_br\/wp-json\/wp\/v2\/media\/16484"}],"wp:attachment":[{"href":"https:\/\/editorapangeia.com.br\/pt_br\/wp-json\/wp\/v2\/media?parent=16483"}],"wp:term":[{"taxonomy":"product_brand","embeddable":true,"href":"https:\/\/editorapangeia.com.br\/pt_br\/wp-json\/wp\/v2\/product_brand?post=16483"},{"taxonomy":"product_cat","embeddable":true,"href":"https:\/\/editorapangeia.com.br\/pt_br\/wp-json\/wp\/v2\/product_cat?post=16483"},{"taxonomy":"product_tag","embeddable":true,"href":"https:\/\/editorapangeia.com.br\/pt_br\/wp-json\/wp\/v2\/product_tag?post=16483"}],"curies":[{"name":"wp","href":"https:\/\/api.w.org\/{rel}","templated":true}]}}