{"id":16452,"date":"2025-11-14T09:00:46","date_gmt":"2025-11-14T09:00:46","guid":{"rendered":"https:\/\/editorapangeia.com.br\/?post_type=product&#038;p=16452"},"modified":"2026-03-25T13:29:50","modified_gmt":"2026-03-25T13:29:50","slug":"pequeno-presepio-novela-infanto-juvenil-rauer","status":"publish","type":"product","link":"https:\/\/editorapangeia.com.br\/pt_br\/product\/pequeno-presepio-novela-infanto-juvenil-rauer\/","title":{"rendered":"Pequeno Pres\u00e9pio, Rauer"},"content":{"rendered":"<p>Uma emo\u00e7\u00e3o nova a cada p\u00e1gina, uma li\u00e7\u00e3o de vida a cada cap\u00edtulo, um livro escrito com o cora\u00e7\u00e3o, um livro guardado por mais de trinta anos por remoer as mem\u00f3rias afetivas mais pungentes. <em><strong>Pequeno Pres\u00e9pio<\/strong><\/em> \u00e9 um livro ilustrado com as cores do passado, reunindo personagens v\u00edvidas que saltam das p\u00e1ginas e se tornam \u00edntimas \u00e0 medida em que o enredo avan\u00e7a.<\/p>\n<p>Pimp\u00e3o, o protagonista, vivencia em poucas p\u00e1ginas o seu romance de forma\u00e7\u00e3o, com li\u00e7\u00f5es da m\u00e3e, do pai, da av\u00f3 e das vicissitudes. Conviver com essa fam\u00edlia, com o n\u00f3 na garganta a cada impasse, a cada impossibilidade, a cada epifania, faz do crescimento da personagem central o crescimento \u00edntimo que mobiliza o\u00a0<em>pathos<\/em> e o\u00a0<em>logos<\/em> de leitoras e de leitoras.<\/p>\n<p>Um livro para ler, um livro para presentear, um livro inesquec\u00edvel!!!<\/p>\n","protected":false},"excerpt":{"rendered":"<p>&#8220;Terminei de ler, h\u00e1 pouco, o <strong><em>Pequeno pres\u00e9pio<\/em><\/strong>, com os olhos rasos d&#8217;\u00e1gua, a garganta ardendo&#8230; solucei baixinho. Parab\u00e9ns!&#8221; (Edson Muniz, revisor do livro).<\/p>\n<p>&#8220;<em><strong>Pequeno pres\u00e9pio<\/strong><\/em> \u00e9 uma novela emocionante e comovente da primeira \u00e0 \u00faltima linha. A narrativa flui l\u00edmpida, o di\u00e1logo acontece vivo e transparente. Rauer escreveu uma obra-prima em cujas veias corre o sangue da sensibilidade e da delicadeza.&#8221; (Alciene Ribeiro Leite, em texto para a \u00faltima capa do livro).<\/p>\n<p>Livro a cores em papel encorpado. Desconto superespecial, para ler e para presentear neste Natal.<\/p>\n","protected":false},"featured_media":16454,"comment_status":"open","ping_status":"closed","template":"","meta":[],"product_brand":[],"product_cat":[4080,4078],"product_tag":[3692,5080,317,156,157,1145,553,136,3690,3691,112,476],"class_list":{"0":"post-16452","1":"product","2":"type-product","3":"status-publish","4":"has-post-thumbnail","6":"product_cat-infantojuvenil","7":"product_cat-literatura","8":"product_tag-fernanda-nakata","9":"product_tag-formacao-antirracista","10":"product_tag-infantojuvenil","11":"product_tag-literatura","12":"product_tag-literatura-brasileira","13":"product_tag-literatura-contemporanea","14":"product_tag-livro-ilustrado","15":"product_tag-natal","16":"product_tag-novela","17":"product_tag-novela-infantojuvenil","18":"product_tag-rauer","19":"product_tag-rauer-ribeiro-rodrigues","20":"product_shipping_class-normal","22":"first","23":"instock","24":"sale","25":"shipping-taxable","26":"purchasable","27":"product-type-simple"},"_links":{"self":[{"href":"https:\/\/editorapangeia.com.br\/pt_br\/wp-json\/wp\/v2\/product\/16452","targetHints":{"allow":["GET"]}}],"collection":[{"href":"https:\/\/editorapangeia.com.br\/pt_br\/wp-json\/wp\/v2\/product"}],"about":[{"href":"https:\/\/editorapangeia.com.br\/pt_br\/wp-json\/wp\/v2\/types\/product"}],"replies":[{"embeddable":true,"href":"https:\/\/editorapangeia.com.br\/pt_br\/wp-json\/wp\/v2\/comments?post=16452"}],"wp:featuredmedia":[{"embeddable":true,"href":"https:\/\/editorapangeia.com.br\/pt_br\/wp-json\/wp\/v2\/media\/16454"}],"wp:attachment":[{"href":"https:\/\/editorapangeia.com.br\/pt_br\/wp-json\/wp\/v2\/media?parent=16452"}],"wp:term":[{"taxonomy":"product_brand","embeddable":true,"href":"https:\/\/editorapangeia.com.br\/pt_br\/wp-json\/wp\/v2\/product_brand?post=16452"},{"taxonomy":"product_cat","embeddable":true,"href":"https:\/\/editorapangeia.com.br\/pt_br\/wp-json\/wp\/v2\/product_cat?post=16452"},{"taxonomy":"product_tag","embeddable":true,"href":"https:\/\/editorapangeia.com.br\/pt_br\/wp-json\/wp\/v2\/product_tag?post=16452"}],"curies":[{"name":"wp","href":"https:\/\/api.w.org\/{rel}","templated":true}]}}