{"id":16438,"date":"2024-09-30T00:00:06","date_gmt":"2024-09-30T00:00:06","guid":{"rendered":"https:\/\/editorapangeia.com.br\/?post_type=product&#038;p=16438"},"modified":"2025-07-17T17:29:32","modified_gmt":"2025-07-17T17:29:32","slug":"conto-de-natal-em-mensagem-de-ano-novo-rauer","status":"publish","type":"product","link":"https:\/\/editorapangeia.com.br\/pt_br\/product\/conto-de-natal-em-mensagem-de-ano-novo-rauer\/","title":{"rendered":"Conto de Natal &#8211; Em Mensagem de Ano Novo, Rauer"},"content":{"rendered":"<p style=\"text-align: center;\"><img loading=\"lazy\" decoding=\"async\" class=\"alignnone wp-image-11395 aligncenter\" src=\"http:\/\/editorapangeia.com.br\/wp-content\/uploads\/2022\/12\/IMG_6550-225x300.jpeg\" alt=\"\" width=\"296\" height=\"395\" srcset=\"https:\/\/editorapangeia.com.br\/wp-content\/uploads\/2022\/12\/IMG_6550-225x300.jpeg 225w, https:\/\/editorapangeia.com.br\/wp-content\/uploads\/2022\/12\/IMG_6550-768x1024.jpeg 768w, https:\/\/editorapangeia.com.br\/wp-content\/uploads\/2022\/12\/IMG_6550-1152x1536.jpeg 1152w, https:\/\/editorapangeia.com.br\/wp-content\/uploads\/2022\/12\/IMG_6550-1536x2048.jpeg 1536w, https:\/\/editorapangeia.com.br\/wp-content\/uploads\/2022\/12\/IMG_6550-700x933.jpeg 700w, https:\/\/editorapangeia.com.br\/wp-content\/uploads\/2022\/12\/IMG_6550-300x400.jpeg 300w, https:\/\/editorapangeia.com.br\/wp-content\/uploads\/2022\/12\/IMG_6550-525x700.jpeg 525w, https:\/\/editorapangeia.com.br\/wp-content\/uploads\/2022\/12\/IMG_6550-975x1300.jpeg 975w, https:\/\/editorapangeia.com.br\/wp-content\/uploads\/2022\/12\/IMG_6550-scaled.jpeg 1920w\" sizes=\"auto, (max-width: 296px) 100vw, 296px\" \/><em>Rauer, o autor<\/em><\/p>\n<p style=\"text-align: center;\"><img loading=\"lazy\" decoding=\"async\" class=\"alignnone wp-image-11400\" src=\"http:\/\/editorapangeia.com.br\/wp-content\/uploads\/2022\/12\/IMG_6670-230x300.jpeg\" alt=\"\" width=\"305\" height=\"398\" srcset=\"https:\/\/editorapangeia.com.br\/wp-content\/uploads\/2022\/12\/IMG_6670-230x300.jpeg 230w, https:\/\/editorapangeia.com.br\/wp-content\/uploads\/2022\/12\/IMG_6670-786x1024.jpeg 786w, https:\/\/editorapangeia.com.br\/wp-content\/uploads\/2022\/12\/IMG_6670-768x1000.jpeg 768w, https:\/\/editorapangeia.com.br\/wp-content\/uploads\/2022\/12\/IMG_6670-700x911.jpeg 700w, https:\/\/editorapangeia.com.br\/wp-content\/uploads\/2022\/12\/IMG_6670-307x400.jpeg 307w, https:\/\/editorapangeia.com.br\/wp-content\/uploads\/2022\/12\/IMG_6670-538x700.jpeg 538w, https:\/\/editorapangeia.com.br\/wp-content\/uploads\/2022\/12\/IMG_6670-998x1300.jpeg 998w, https:\/\/editorapangeia.com.br\/wp-content\/uploads\/2022\/12\/IMG_6670.jpeg 1099w\" sizes=\"auto, (max-width: 305px) 100vw, 305px\" \/><br \/>\n<em>Liev, o ilustrador<\/em><\/p>\n<p style=\"text-align: center;\"><img loading=\"lazy\" decoding=\"async\" class=\"alignnone wp-image-11397\" src=\"http:\/\/editorapangeia.com.br\/wp-content\/uploads\/2022\/12\/IMG_6660-234x300.jpeg\" alt=\"\" width=\"304\" height=\"390\" srcset=\"https:\/\/editorapangeia.com.br\/wp-content\/uploads\/2022\/12\/IMG_6660-234x300.jpeg 234w, https:\/\/editorapangeia.com.br\/wp-content\/uploads\/2022\/12\/IMG_6660-800x1024.jpeg 800w, https:\/\/editorapangeia.com.br\/wp-content\/uploads\/2022\/12\/IMG_6660-768x983.jpeg 768w, https:\/\/editorapangeia.com.br\/wp-content\/uploads\/2022\/12\/IMG_6660-1200x1536.jpeg 1200w, https:\/\/editorapangeia.com.br\/wp-content\/uploads\/2022\/12\/IMG_6660-1600x2048.jpeg 1600w, https:\/\/editorapangeia.com.br\/wp-content\/uploads\/2022\/12\/IMG_6660-700x896.jpeg 700w, https:\/\/editorapangeia.com.br\/wp-content\/uploads\/2022\/12\/IMG_6660-547x700.jpeg 547w, https:\/\/editorapangeia.com.br\/wp-content\/uploads\/2022\/12\/IMG_6660-1016x1300.jpeg 1016w, https:\/\/editorapangeia.com.br\/wp-content\/uploads\/2022\/12\/IMG_6660-scaled.jpeg 2000w\" sizes=\"auto, (max-width: 304px) 100vw, 304px\" \/><br \/>\n<em>bell, a protagonista<\/em><\/p>\n<p style=\"text-align: center;\"><img loading=\"lazy\" decoding=\"async\" class=\"alignnone wp-image-11396\" src=\"http:\/\/editorapangeia.com.br\/wp-content\/uploads\/2022\/12\/Imagem-31-12-2022-as-12.44-275x300.jpg\" alt=\"\" width=\"344\" height=\"376\" srcset=\"https:\/\/editorapangeia.com.br\/wp-content\/uploads\/2022\/12\/Imagem-31-12-2022-as-12.44-275x300.jpg 275w, https:\/\/editorapangeia.com.br\/wp-content\/uploads\/2022\/12\/Imagem-31-12-2022-as-12.44-768x838.jpg 768w, https:\/\/editorapangeia.com.br\/wp-content\/uploads\/2022\/12\/Imagem-31-12-2022-as-12.44-700x763.jpg 700w, https:\/\/editorapangeia.com.br\/wp-content\/uploads\/2022\/12\/Imagem-31-12-2022-as-12.44-367x400.jpg 367w, https:\/\/editorapangeia.com.br\/wp-content\/uploads\/2022\/12\/Imagem-31-12-2022-as-12.44-642x700.jpg 642w, https:\/\/editorapangeia.com.br\/wp-content\/uploads\/2022\/12\/Imagem-31-12-2022-as-12.44.jpg 795w\" sizes=\"auto, (max-width: 344px) 100vw, 344px\" \/><br \/>\nA divulga\u00e7\u00e3o: <a href=\"https:\/\/editorapangeia.com.br\/conto-de-natal-em-mensagem-de-ano-novo\/\"><span style=\"color: #ff0000;\"><strong>AQUI<\/strong><\/span><\/a>\u00a0e <a href=\"https:\/\/www.instagram.com\/p\/Cm2Uiq0vwVT\/\"><span style=\"color: #3366ff;\"><strong>AQUI<\/strong><\/span><\/a>!<\/p>\n<p style=\"text-align: center;\"><img loading=\"lazy\" decoding=\"async\" class=\"alignnone wp-image-11401\" src=\"http:\/\/editorapangeia.com.br\/wp-content\/uploads\/2022\/12\/IMG_6671-1-300x196.jpeg\" alt=\"\" width=\"358\" height=\"234\" srcset=\"https:\/\/editorapangeia.com.br\/wp-content\/uploads\/2022\/12\/IMG_6671-1-300x196.jpeg 300w, https:\/\/editorapangeia.com.br\/wp-content\/uploads\/2022\/12\/IMG_6671-1-1024x668.jpeg 1024w, https:\/\/editorapangeia.com.br\/wp-content\/uploads\/2022\/12\/IMG_6671-1-768x501.jpeg 768w, https:\/\/editorapangeia.com.br\/wp-content\/uploads\/2022\/12\/IMG_6671-1-700x457.jpeg 700w, https:\/\/editorapangeia.com.br\/wp-content\/uploads\/2022\/12\/IMG_6671-1-400x261.jpeg 400w, https:\/\/editorapangeia.com.br\/wp-content\/uploads\/2022\/12\/IMG_6671-1.jpeg 1125w\" sizes=\"auto, (max-width: 358px) 100vw, 358px\" \/><br \/>\n<em>A chegada do Ano Novo, por Liev<\/em><\/p>\n<p style=\"text-align: center;\"><img loading=\"lazy\" decoding=\"async\" class=\"alignnone wp-image-11402\" src=\"http:\/\/editorapangeia.com.br\/wp-content\/uploads\/2022\/12\/IMG_6594-300x300.jpeg\" alt=\"\" width=\"369\" height=\"369\" srcset=\"https:\/\/editorapangeia.com.br\/wp-content\/uploads\/2022\/12\/IMG_6594-300x300.jpeg 300w, https:\/\/editorapangeia.com.br\/wp-content\/uploads\/2022\/12\/IMG_6594-1024x1024.jpeg 1024w, https:\/\/editorapangeia.com.br\/wp-content\/uploads\/2022\/12\/IMG_6594-150x150.jpeg 150w, https:\/\/editorapangeia.com.br\/wp-content\/uploads\/2022\/12\/IMG_6594-768x767.jpeg 768w, https:\/\/editorapangeia.com.br\/wp-content\/uploads\/2022\/12\/IMG_6594-400x400.jpeg 400w, https:\/\/editorapangeia.com.br\/wp-content\/uploads\/2022\/12\/IMG_6594-700x700.jpeg 700w, https:\/\/editorapangeia.com.br\/wp-content\/uploads\/2022\/12\/IMG_6594-100x100.jpeg 100w, https:\/\/editorapangeia.com.br\/wp-content\/uploads\/2022\/12\/IMG_6594-50x50.jpeg 50w, https:\/\/editorapangeia.com.br\/wp-content\/uploads\/2022\/12\/IMG_6594.jpeg 1057w\" sizes=\"auto, (max-width: 369px) 100vw, 369px\" \/><br \/>\n<em>bell &#8211; uma despedida!<\/em><\/p>\n<div><\/div>\n<div style=\"text-align: center;\">As Edi\u00e7\u00f5es Dionysius tem curadoria<br \/>\nda poeta Willia Katia Oliveira.<\/div>\n<div style=\"text-align: center;\"><\/div>\n<div><\/div>\n<div style=\"text-align: center;\">A Cole\u00e7\u00e3o Plaquete tem curadoria<br \/>\ndo Prof. Rauer Ribeiro Rodrigues.<\/div>\n","protected":false},"excerpt":{"rendered":"<p>Um conto de Natal. Publicado para tamb\u00e9m ser Mensagem de Ano Novo. Ilustrado.<\/p>\n<p>Enredo singelo e comovente. A dor da perda. O amor aos animais. As coincid\u00eancias, boas&#8230; ruins&#8230;.<\/p>\n<p>Uma hist\u00f3ria de fam\u00edlia. Uma f\u00e1bula para ser lida com os filhos e com os av\u00f3s. Uma hist\u00f3ria inesquec\u00edvel.<\/p>\n","protected":false},"featured_media":16436,"comment_status":"open","ping_status":"closed","template":"","meta":[],"product_brand":[],"product_cat":[4076],"product_tag":[1504,1505,1506,1507,1508,1509,1510,754,1511,1512,1513,718,551,1514,1515,1516,1517,1518,1530,553,1519,1520,1521,136,1522,112,476,1523,1524,1525,1526,1527,1528,1529],"class_list":{"0":"post-16438","1":"product","2":"type-product","3":"status-publish","4":"has-post-thumbnail","6":"product_cat-contos","7":"product_tag-ano-novo","8":"product_tag-babaloo","9":"product_tag-bell","10":"product_tag-caozinhos","11":"product_tag-casamento","12":"product_tag-cemiterio","13":"product_tag-clinica","14":"product_tag-conto","15":"product_tag-criancas","16":"product_tag-diaspora","17":"product_tag-dor","18":"product_tag-fabula","19":"product_tag-familia","20":"product_tag-filha","21":"product_tag-filhos","22":"product_tag-gaia","23":"product_tag-gatinha","24":"product_tag-geia","25":"product_tag-liev-rodrigues","26":"product_tag-livro-ilustrado","27":"product_tag-lyud","28":"product_tag-morte","29":"product_tag-nascimento","30":"product_tag-natal","31":"product_tag-neruda","32":"product_tag-rauer","33":"product_tag-rauer-ribeiro-rodrigues","34":"product_tag-recanto-da-acolhida","35":"product_tag-reia","36":"product_tag-renovacao","37":"product_tag-rosa","38":"product_tag-sao-francisco-de-assis","39":"product_tag-veterinaria","40":"product_tag-veterinario","41":"product_shipping_class-normal","43":"first","44":"instock","45":"taxable","46":"shipping-taxable","47":"product-type-external"},"_links":{"self":[{"href":"https:\/\/editorapangeia.com.br\/pt_br\/wp-json\/wp\/v2\/product\/16438","targetHints":{"allow":["GET"]}}],"collection":[{"href":"https:\/\/editorapangeia.com.br\/pt_br\/wp-json\/wp\/v2\/product"}],"about":[{"href":"https:\/\/editorapangeia.com.br\/pt_br\/wp-json\/wp\/v2\/types\/product"}],"replies":[{"embeddable":true,"href":"https:\/\/editorapangeia.com.br\/pt_br\/wp-json\/wp\/v2\/comments?post=16438"}],"wp:featuredmedia":[{"embeddable":true,"href":"https:\/\/editorapangeia.com.br\/pt_br\/wp-json\/wp\/v2\/media\/16436"}],"wp:attachment":[{"href":"https:\/\/editorapangeia.com.br\/pt_br\/wp-json\/wp\/v2\/media?parent=16438"}],"wp:term":[{"taxonomy":"product_brand","embeddable":true,"href":"https:\/\/editorapangeia.com.br\/pt_br\/wp-json\/wp\/v2\/product_brand?post=16438"},{"taxonomy":"product_cat","embeddable":true,"href":"https:\/\/editorapangeia.com.br\/pt_br\/wp-json\/wp\/v2\/product_cat?post=16438"},{"taxonomy":"product_tag","embeddable":true,"href":"https:\/\/editorapangeia.com.br\/pt_br\/wp-json\/wp\/v2\/product_tag?post=16438"}],"curies":[{"name":"wp","href":"https:\/\/api.w.org\/{rel}","templated":true}]}}