{"id":16356,"date":"2024-09-20T17:15:24","date_gmt":"2024-09-20T17:15:24","guid":{"rendered":"https:\/\/editorapangeia.com.br\/?post_type=product&#038;p=16356"},"modified":"2025-01-08T14:11:05","modified_gmt":"2025-01-08T14:11:05","slug":"educacao-no-seculo-xxi-praticas-de-multiletramentos","status":"publish","type":"product","link":"https:\/\/editorapangeia.com.br\/pt_br\/product\/educacao-no-seculo-xxi-praticas-de-multiletramentos\/","title":{"rendered":"Educa\u00e7\u00e3o no S\u00e9culo XXI: Pr\u00e1ticas de Multiletramentos, Deusemar Cardoso do Nascimento"},"content":{"rendered":"<p><img loading=\"lazy\" decoding=\"async\" class=\"alignnone size-medium wp-image-16350 aligncenter\" src=\"http:\/\/editorapangeia.com.br\/wp-content\/uploads\/2024\/08\/Deusemar_Capa_3d-300x251.png\" alt=\"\" width=\"300\" height=\"251\" srcset=\"https:\/\/editorapangeia.com.br\/wp-content\/uploads\/2024\/08\/Deusemar_Capa_3d-300x251.png 300w, https:\/\/editorapangeia.com.br\/wp-content\/uploads\/2024\/08\/Deusemar_Capa_3d-1024x858.png 1024w, https:\/\/editorapangeia.com.br\/wp-content\/uploads\/2024\/08\/Deusemar_Capa_3d-768x644.png 768w, https:\/\/editorapangeia.com.br\/wp-content\/uploads\/2024\/08\/Deusemar_Capa_3d-1536x1288.png 1536w, https:\/\/editorapangeia.com.br\/wp-content\/uploads\/2024\/08\/Deusemar_Capa_3d-2048x1717.png 2048w, https:\/\/editorapangeia.com.br\/wp-content\/uploads\/2024\/08\/Deusemar_Capa_3d-700x587.png 700w, https:\/\/editorapangeia.com.br\/wp-content\/uploads\/2024\/08\/Deusemar_Capa_3d-400x335.png 400w, https:\/\/editorapangeia.com.br\/wp-content\/uploads\/2024\/08\/Deusemar_Capa_3d-1300x1090.png 1300w\" sizes=\"auto, (max-width: 300px) 100vw, 300px\" \/><\/p>\n<p style=\"font-weight: 400;\">Embora o contexto inicial desse livro tenha ocorrido em um ambiente escolar, as reflex\u00f5es e os relatos que nele se encontram n\u00e3o se limitam a tal cen\u00e1rio. As conex\u00f5es humanas analisadas e discutidas transcendem os muros da escola, abrangendo uma variedade de ambientes que incluem, mas a eles n\u00e3o se restringem, lares, locais de trabalho, comunidades e o espa\u00e7o digital.<\/p>\n<p style=\"font-weight: 400;\">No ambiente escolar, observamos as intera\u00e7\u00f5es entre alunos, professores e a comunidade educativa em geral. Contudo, as li\u00e7\u00f5es aprendidas e as observa\u00e7\u00f5es feitas s\u00e3o amplamente aplic\u00e1veis a outros contextos.<\/p>\n<p style=\"font-weight: 400;\">Em casa, as din\u00e2micas familiares e as formas de comunica\u00e7\u00e3o evolu\u00edram, exigindo adapta\u00e7\u00e3o e resili\u00eancia. Nos locais de trabalho, a colabora\u00e7\u00e3o remota e as novas formas de lideran\u00e7a e gest\u00e3o se tornaram essenciais. Nas comunidades, o apoio m\u00fatuo e a solidariedade emergiram como pilares fundamentais para o bem-estar coletivo.<\/p>\n<p style=\"font-weight: 400;\">Um dos principais objetivos desta obra \u00e9 oferecer uma reflex\u00e3o concentrada sobre as conex\u00f5es humanas. Queremos proporcionar ao leitor uma oportunidade de contemplar a riqueza e a complexidade dos relacionamentos, entender o que ganhamos e o que perdemos com as mudan\u00e7as tecnol\u00f3gicas e sociais, e ponderar sobre o futuro que desejamos construir.<\/p>\n<p style=\"text-align: center;\">Detalhes sobre a Pr\u00e9-Venda:<br \/>\nClique <a href=\"https:\/\/editorapangeia.com.br\/event\/deusemar-as-tics-e-a-sala-de-aula\/\"><strong>AQUI<\/strong> <\/a>!!!!<br \/>\nPara mais dados da obra e sobre o autor:<br \/>\n<a href=\"http:\/\/editorapangeia.com.br\/shop\"><strong>Clique AQUI\u00a0<\/strong><\/a><\/p>\n<p><img loading=\"lazy\" decoding=\"async\" class=\"alignnone wp-image-16351\" src=\"http:\/\/editorapangeia.com.br\/wp-content\/uploads\/2024\/08\/Deusemar_pre_venda-300x300.png\" alt=\"\" width=\"345\" height=\"345\" srcset=\"https:\/\/editorapangeia.com.br\/wp-content\/uploads\/2024\/08\/Deusemar_pre_venda-300x300.png 300w, https:\/\/editorapangeia.com.br\/wp-content\/uploads\/2024\/08\/Deusemar_pre_venda-1024x1024.png 1024w, https:\/\/editorapangeia.com.br\/wp-content\/uploads\/2024\/08\/Deusemar_pre_venda-150x150.png 150w, https:\/\/editorapangeia.com.br\/wp-content\/uploads\/2024\/08\/Deusemar_pre_venda-768x768.png 768w, https:\/\/editorapangeia.com.br\/wp-content\/uploads\/2024\/08\/Deusemar_pre_venda-400x400.png 400w, https:\/\/editorapangeia.com.br\/wp-content\/uploads\/2024\/08\/Deusemar_pre_venda-700x700.png 700w, https:\/\/editorapangeia.com.br\/wp-content\/uploads\/2024\/08\/Deusemar_pre_venda-100x100.png 100w, https:\/\/editorapangeia.com.br\/wp-content\/uploads\/2024\/08\/Deusemar_pre_venda-50x50.png 50w, https:\/\/editorapangeia.com.br\/wp-content\/uploads\/2024\/08\/Deusemar_pre_venda.png 1080w\" sizes=\"auto, (max-width: 345px) 100vw, 345px\" \/><br \/>\n<em>editorapangeia.com.br\/gondwana<\/em><\/p>\n","protected":false},"excerpt":{"rendered":"<p style=\"font-weight: 400;\">Este livro, a partir de referencial atualizado sobre o tema das TICs em sala de aula, sistematiza e exemplifica a operacionaliza\u00e7\u00e3o do(s) multiletramento(s), apresentando roteiro modelar quanto \u00e0 teoria e \u00e0 pr\u00e1tica do ensino na interface da tecnologia com o cotidiano escolar.<\/p>\n<p>Aproveite o pre\u00e7o especial de lan\u00e7amento na Pr\u00e9-Venda.<\/p>\n","protected":false},"featured_media":16346,"comment_status":"open","ping_status":"closed","template":"","meta":[],"product_brand":[],"product_cat":[4083],"product_tag":[2151,381,956,3660,453,351,147,264,3661,414,3662,1891,3663,3664,164],"class_list":{"0":"post-16356","1":"product","2":"type-product","3":"status-publish","4":"has-post-thumbnail","6":"product_cat-educacaoensino","7":"product_tag-capes","8":"product_tag-comunicacao","9":"product_tag-deusemar-cardoso","10":"product_tag-difusao-cientifica","11":"product_tag-educacao","12":"product_tag-ensino","13":"product_tag-estudos-linguisticos","14":"product_tag-estudos-literarios","15":"product_tag-multiletramentos","16":"product_tag-profletras","17":"product_tag-redes-sociais","18":"product_tag-sala-de-aula","19":"product_tag-tecnologias-no-ensino","20":"product_tag-ticcs","21":"product_tag-ufms","22":"product_shipping_class-normal","24":"first","25":"instock","26":"taxable","27":"shipping-taxable","28":"purchasable","29":"product-type-simple"},"_links":{"self":[{"href":"https:\/\/editorapangeia.com.br\/pt_br\/wp-json\/wp\/v2\/product\/16356","targetHints":{"allow":["GET"]}}],"collection":[{"href":"https:\/\/editorapangeia.com.br\/pt_br\/wp-json\/wp\/v2\/product"}],"about":[{"href":"https:\/\/editorapangeia.com.br\/pt_br\/wp-json\/wp\/v2\/types\/product"}],"replies":[{"embeddable":true,"href":"https:\/\/editorapangeia.com.br\/pt_br\/wp-json\/wp\/v2\/comments?post=16356"}],"wp:featuredmedia":[{"embeddable":true,"href":"https:\/\/editorapangeia.com.br\/pt_br\/wp-json\/wp\/v2\/media\/16346"}],"wp:attachment":[{"href":"https:\/\/editorapangeia.com.br\/pt_br\/wp-json\/wp\/v2\/media?parent=16356"}],"wp:term":[{"taxonomy":"product_brand","embeddable":true,"href":"https:\/\/editorapangeia.com.br\/pt_br\/wp-json\/wp\/v2\/product_brand?post=16356"},{"taxonomy":"product_cat","embeddable":true,"href":"https:\/\/editorapangeia.com.br\/pt_br\/wp-json\/wp\/v2\/product_cat?post=16356"},{"taxonomy":"product_tag","embeddable":true,"href":"https:\/\/editorapangeia.com.br\/pt_br\/wp-json\/wp\/v2\/product_tag?post=16356"}],"curies":[{"name":"wp","href":"https:\/\/api.w.org\/{rel}","templated":true}]}}