{"id":16244,"date":"2025-04-29T07:00:31","date_gmt":"2025-04-29T07:00:31","guid":{"rendered":"https:\/\/editorapangeia.com.br\/?post_type=product&#038;p=16244"},"modified":"2025-11-21T10:40:13","modified_gmt":"2025-11-21T10:40:13","slug":"elza-freire-e-paulo-freire-elzafreirelegado-volumes-1-e-2-por-nima-spigolon","status":"publish","type":"product","link":"https:\/\/editorapangeia.com.br\/pt_br\/product\/elza-freire-e-paulo-freire-elzafreirelegado-volumes-1-e-2-por-nima-spigolon\/","title":{"rendered":"Elza Freire e Paulo Freire &#8211; Vol. 1 e 2, Nima Spigolon"},"content":{"rendered":"<p>Com uma vida acade\u0302mica inteira dedicada ao estudo da educadora Elza Freire, Nima Spigolon, professora da Unicamp, estudiosa de Elza e Paulo desde o mestrado, que iniciou em 2006, foi a\u0300s fontes e a diversos pai\u0301ses, pesquisou em bibliotecas e em acervos, e entrevistou dezenas de pessoas; assim, desvela e revela os caminhos de Elza, o encontro e o casamento com Paulo Freire, o cuidado com os filhos, o trabalho pedago\u0301gico comum, o exi\u0301lio, o retorno ao Brasil e os u\u0301ltimos anos de Elza Freire.<\/p>\n<p>O volume 1 da TR\u00cdADE ELZA FREIRE apresenta o percurso de Elza at\u00e9 o casamento com Paulo e a caminhada conjunta, at\u00e9 1964, na formula\u00e7\u00e3o das ideias pedag\u00f3gicas, a partir da pr\u00e1tica nas escolas e em outros espa\u00e7os educacionais.<\/p>\n<p>O volume 2, <em><strong>Elza Freire e Paulo Freire: noites de ex\u00edlio, dias de utopia<\/strong><\/em>, apresenta a di\u00e1spora da Fam\u00edlia Freire e o aprofundamento das reflex\u00f5es pol\u00edtico-pedag\u00f3gicas que uniram Elza e Paulo.<\/p>\n<p style=\"text-align: center;\"><img loading=\"lazy\" decoding=\"async\" class=\"alignnone wp-image-15835\" src=\"http:\/\/editorapangeia.com.br\/wp-content\/uploads\/2024\/08\/Nima_recebe_Jabuti-257x300.jpeg\" alt=\"\" width=\"358\" height=\"417\" srcset=\"https:\/\/editorapangeia.com.br\/wp-content\/uploads\/2024\/08\/Nima_recebe_Jabuti-257x300.jpeg 257w, https:\/\/editorapangeia.com.br\/wp-content\/uploads\/2024\/08\/Nima_recebe_Jabuti-768x895.jpeg 768w, https:\/\/editorapangeia.com.br\/wp-content\/uploads\/2024\/08\/Nima_recebe_Jabuti-700x816.jpeg 700w, https:\/\/editorapangeia.com.br\/wp-content\/uploads\/2024\/08\/Nima_recebe_Jabuti-343x400.jpeg 343w, https:\/\/editorapangeia.com.br\/wp-content\/uploads\/2024\/08\/Nima_recebe_Jabuti-601x700.jpeg 601w, https:\/\/editorapangeia.com.br\/wp-content\/uploads\/2024\/08\/Nima_recebe_Jabuti.jpeg 848w\" sizes=\"auto, (max-width: 358px) 100vw, 358px\" \/><br \/>\n<em>Nima recebe o Jabuti Acad\u00eamico, na primeira<br \/>\nedi\u00e7\u00e3o do pr\u00eamio, em 2024, na categoria<br \/>\n<\/em><strong>Educa\u00e7\u00e3o e Ensino<\/strong><\/p>\n<p>Eis a TRI\u0301ADE ELZA FREIRE:<\/p>\n<ol>\n<li><strong><em>Elza Freire e Paulo Freire: por uma Pedagogia da Convive\u0302ncia<\/em><\/strong> &#8211; 2a. edi\u00e7\u00e3o, revista e ampliada, lan\u00e7ada em dezembro de 2022, no formato 14x21cm, 392 p\u00e1ginas;<\/li>\n<li><em><strong>Elza Freire e Paulo Freire: Noites de Exi\u0301lio, Dias de Utopia<\/strong><\/em> &#8211; 1a. edi\u00e7\u00e3o lan\u00e7ada em novembro de 2023, formato 16x23cm, 784 p\u00e1ginas, com ampla iconografia \u2013 <strong>Vencedor do Pr\u00eamio Jabuti Acad\u00eamico 2024 na categoria Educa\u00e7\u00e3o e Ensino<\/strong>;<\/li>\n<li><strong><em>Elza Freire e Paulo Freire: Fotobiografia<\/em><\/strong> &#8211; lan\u00e7amento previsto para 2025<\/li>\n<\/ol>\n<p style=\"text-align: center;\"><img loading=\"lazy\" decoding=\"async\" class=\"alignnone wp-image-15919\" src=\"http:\/\/editorapangeia.com.br\/wp-content\/uploads\/2024\/08\/Capa-simples-com-Selo-Jabuti-shop-213x300.png\" alt=\"\" width=\"376\" height=\"530\" srcset=\"https:\/\/editorapangeia.com.br\/wp-content\/uploads\/2024\/08\/Capa-simples-com-Selo-Jabuti-shop-213x300.png 213w, https:\/\/editorapangeia.com.br\/wp-content\/uploads\/2024\/08\/Capa-simples-com-Selo-Jabuti-shop-726x1024.png 726w, https:\/\/editorapangeia.com.br\/wp-content\/uploads\/2024\/08\/Capa-simples-com-Selo-Jabuti-shop-768x1084.png 768w, https:\/\/editorapangeia.com.br\/wp-content\/uploads\/2024\/08\/Capa-simples-com-Selo-Jabuti-shop-700x988.png 700w, https:\/\/editorapangeia.com.br\/wp-content\/uploads\/2024\/08\/Capa-simples-com-Selo-Jabuti-shop-283x400.png 283w, https:\/\/editorapangeia.com.br\/wp-content\/uploads\/2024\/08\/Capa-simples-com-Selo-Jabuti-shop-496x700.png 496w, https:\/\/editorapangeia.com.br\/wp-content\/uploads\/2024\/08\/Capa-simples-com-Selo-Jabuti-shop-921x1300.png 921w, https:\/\/editorapangeia.com.br\/wp-content\/uploads\/2024\/08\/Capa-simples-com-Selo-Jabuti-shop.png 1004w\" sizes=\"auto, (max-width: 376px) 100vw, 376px\" \/><\/p>\n<p><strong>TRI\u0301ADE ELZA FREIRE<\/strong> &#8211; este projeto da Editora Pangeia \u00e9 um marco nos estudos freireanos.<\/p>\n<p style=\"text-align: center;\">Para mais informa\u00e7\u00f5es,<br \/>\n<a href=\"https:\/\/editorapangeia.com.br\/?s=Elza+Freire\"><span style=\"color: #ff0000;\"><strong>CLIQUE AQUI!!!<\/strong><\/span><\/a><\/p>\n<p style=\"text-align: center;\">~ \u00a0 0 \u00a0 ~<\/p>\n<p style=\"text-align: center;\"><img loading=\"lazy\" decoding=\"async\" class=\"alignnone wp-image-16245\" src=\"http:\/\/editorapangeia.com.br\/wp-content\/uploads\/2024\/09\/IMG_4486-240x300.png\" alt=\"\" width=\"339\" height=\"424\" srcset=\"https:\/\/editorapangeia.com.br\/wp-content\/uploads\/2024\/09\/IMG_4486-240x300.png 240w, https:\/\/editorapangeia.com.br\/wp-content\/uploads\/2024\/09\/IMG_4486-819x1024.png 819w, https:\/\/editorapangeia.com.br\/wp-content\/uploads\/2024\/09\/IMG_4486-768x960.png 768w, https:\/\/editorapangeia.com.br\/wp-content\/uploads\/2024\/09\/IMG_4486-700x875.png 700w, https:\/\/editorapangeia.com.br\/wp-content\/uploads\/2024\/09\/IMG_4486-320x400.png 320w, https:\/\/editorapangeia.com.br\/wp-content\/uploads\/2024\/09\/IMG_4486-560x700.png 560w, https:\/\/editorapangeia.com.br\/wp-content\/uploads\/2024\/09\/IMG_4486-1040x1300.png 1040w, https:\/\/editorapangeia.com.br\/wp-content\/uploads\/2024\/09\/IMG_4486.png 1080w\" sizes=\"auto, (max-width: 339px) 100vw, 339px\" \/> <img loading=\"lazy\" decoding=\"async\" class=\"alignnone wp-image-16246\" src=\"http:\/\/editorapangeia.com.br\/wp-content\/uploads\/2024\/09\/IMG_4411-1-270x300.jpeg\" alt=\"\" width=\"328\" height=\"364\" srcset=\"https:\/\/editorapangeia.com.br\/wp-content\/uploads\/2024\/09\/IMG_4411-1-270x300.jpeg 270w, https:\/\/editorapangeia.com.br\/wp-content\/uploads\/2024\/09\/IMG_4411-1-923x1024.jpeg 923w, https:\/\/editorapangeia.com.br\/wp-content\/uploads\/2024\/09\/IMG_4411-1-768x852.jpeg 768w, https:\/\/editorapangeia.com.br\/wp-content\/uploads\/2024\/09\/IMG_4411-1-700x777.jpeg 700w, https:\/\/editorapangeia.com.br\/wp-content\/uploads\/2024\/09\/IMG_4411-1-361x400.jpeg 361w, https:\/\/editorapangeia.com.br\/wp-content\/uploads\/2024\/09\/IMG_4411-1-631x700.jpeg 631w, https:\/\/editorapangeia.com.br\/wp-content\/uploads\/2024\/09\/IMG_4411-1-1172x1300.jpeg 1172w, https:\/\/editorapangeia.com.br\/wp-content\/uploads\/2024\/09\/IMG_4411-1.jpeg 1290w\" sizes=\"auto, (max-width: 328px) 100vw, 328px\" \/> <img loading=\"lazy\" decoding=\"async\" class=\"alignnone wp-image-16247\" src=\"http:\/\/editorapangeia.com.br\/wp-content\/uploads\/2024\/09\/fa9dfb51-bed9-4bbf-ad1a-71ff2c22b65a-1-169x300.jpeg\" alt=\"\" width=\"337\" height=\"598\" srcset=\"https:\/\/editorapangeia.com.br\/wp-content\/uploads\/2024\/09\/fa9dfb51-bed9-4bbf-ad1a-71ff2c22b65a-1-169x300.jpeg 169w, https:\/\/editorapangeia.com.br\/wp-content\/uploads\/2024\/09\/fa9dfb51-bed9-4bbf-ad1a-71ff2c22b65a-1-577x1024.jpeg 577w, https:\/\/editorapangeia.com.br\/wp-content\/uploads\/2024\/09\/fa9dfb51-bed9-4bbf-ad1a-71ff2c22b65a-1-768x1364.jpeg 768w, https:\/\/editorapangeia.com.br\/wp-content\/uploads\/2024\/09\/fa9dfb51-bed9-4bbf-ad1a-71ff2c22b65a-1-865x1536.jpeg 865w, https:\/\/editorapangeia.com.br\/wp-content\/uploads\/2024\/09\/fa9dfb51-bed9-4bbf-ad1a-71ff2c22b65a-1-1153x2048.jpeg 1153w, https:\/\/editorapangeia.com.br\/wp-content\/uploads\/2024\/09\/fa9dfb51-bed9-4bbf-ad1a-71ff2c22b65a-1-700x1243.jpeg 700w, https:\/\/editorapangeia.com.br\/wp-content\/uploads\/2024\/09\/fa9dfb51-bed9-4bbf-ad1a-71ff2c22b65a-1-225x400.jpeg 225w, https:\/\/editorapangeia.com.br\/wp-content\/uploads\/2024\/09\/fa9dfb51-bed9-4bbf-ad1a-71ff2c22b65a-1-394x700.jpeg 394w, https:\/\/editorapangeia.com.br\/wp-content\/uploads\/2024\/09\/fa9dfb51-bed9-4bbf-ad1a-71ff2c22b65a-1-732x1300.jpeg 732w, https:\/\/editorapangeia.com.br\/wp-content\/uploads\/2024\/09\/fa9dfb51-bed9-4bbf-ad1a-71ff2c22b65a-1-scaled.jpeg 1441w\" sizes=\"auto, (max-width: 337px) 100vw, 337px\" \/> <img loading=\"lazy\" decoding=\"async\" class=\"alignnone wp-image-16248\" src=\"http:\/\/editorapangeia.com.br\/wp-content\/uploads\/2024\/09\/4-300x300.png\" alt=\"\" width=\"360\" height=\"360\" srcset=\"https:\/\/editorapangeia.com.br\/wp-content\/uploads\/2024\/09\/4-300x300.png 300w, https:\/\/editorapangeia.com.br\/wp-content\/uploads\/2024\/09\/4-1024x1024.png 1024w, https:\/\/editorapangeia.com.br\/wp-content\/uploads\/2024\/09\/4-150x150.png 150w, https:\/\/editorapangeia.com.br\/wp-content\/uploads\/2024\/09\/4-768x768.png 768w, https:\/\/editorapangeia.com.br\/wp-content\/uploads\/2024\/09\/4-400x400.png 400w, https:\/\/editorapangeia.com.br\/wp-content\/uploads\/2024\/09\/4-700x700.png 700w, https:\/\/editorapangeia.com.br\/wp-content\/uploads\/2024\/09\/4-100x100.png 100w, https:\/\/editorapangeia.com.br\/wp-content\/uploads\/2024\/09\/4-50x50.png 50w, https:\/\/editorapangeia.com.br\/wp-content\/uploads\/2024\/09\/4.png 1080w\" sizes=\"auto, (max-width: 360px) 100vw, 360px\" \/> <img loading=\"lazy\" decoding=\"async\" class=\"alignnone wp-image-16249\" src=\"http:\/\/editorapangeia.com.br\/wp-content\/uploads\/2024\/09\/3-300x300.png\" alt=\"\" width=\"387\" height=\"387\" srcset=\"https:\/\/editorapangeia.com.br\/wp-content\/uploads\/2024\/09\/3-300x300.png 300w, https:\/\/editorapangeia.com.br\/wp-content\/uploads\/2024\/09\/3-1024x1024.png 1024w, https:\/\/editorapangeia.com.br\/wp-content\/uploads\/2024\/09\/3-150x150.png 150w, https:\/\/editorapangeia.com.br\/wp-content\/uploads\/2024\/09\/3-768x768.png 768w, https:\/\/editorapangeia.com.br\/wp-content\/uploads\/2024\/09\/3-400x400.png 400w, https:\/\/editorapangeia.com.br\/wp-content\/uploads\/2024\/09\/3-700x700.png 700w, https:\/\/editorapangeia.com.br\/wp-content\/uploads\/2024\/09\/3-100x100.png 100w, https:\/\/editorapangeia.com.br\/wp-content\/uploads\/2024\/09\/3-50x50.png 50w, https:\/\/editorapangeia.com.br\/wp-content\/uploads\/2024\/09\/3.png 1080w\" sizes=\"auto, (max-width: 387px) 100vw, 387px\" \/> <img loading=\"lazy\" decoding=\"async\" class=\"alignnone wp-image-16250\" src=\"http:\/\/editorapangeia.com.br\/wp-content\/uploads\/2024\/09\/2-300x300.png\" alt=\"\" width=\"377\" height=\"377\" srcset=\"https:\/\/editorapangeia.com.br\/wp-content\/uploads\/2024\/09\/2-300x300.png 300w, https:\/\/editorapangeia.com.br\/wp-content\/uploads\/2024\/09\/2-1024x1024.png 1024w, https:\/\/editorapangeia.com.br\/wp-content\/uploads\/2024\/09\/2-150x150.png 150w, https:\/\/editorapangeia.com.br\/wp-content\/uploads\/2024\/09\/2-768x768.png 768w, https:\/\/editorapangeia.com.br\/wp-content\/uploads\/2024\/09\/2-400x400.png 400w, https:\/\/editorapangeia.com.br\/wp-content\/uploads\/2024\/09\/2-700x700.png 700w, https:\/\/editorapangeia.com.br\/wp-content\/uploads\/2024\/09\/2-100x100.png 100w, https:\/\/editorapangeia.com.br\/wp-content\/uploads\/2024\/09\/2-50x50.png 50w, https:\/\/editorapangeia.com.br\/wp-content\/uploads\/2024\/09\/2.png 1080w\" sizes=\"auto, (max-width: 377px) 100vw, 377px\" \/> <img loading=\"lazy\" decoding=\"async\" class=\"alignnone wp-image-16251\" src=\"http:\/\/editorapangeia.com.br\/wp-content\/uploads\/2024\/09\/Imagem-18-08-2024-as-17.37-208x300.jpeg\" alt=\"\" width=\"382\" height=\"552\" srcset=\"https:\/\/editorapangeia.com.br\/wp-content\/uploads\/2024\/09\/Imagem-18-08-2024-as-17.37-208x300.jpeg 208w, https:\/\/editorapangeia.com.br\/wp-content\/uploads\/2024\/09\/Imagem-18-08-2024-as-17.37-277x400.jpeg 277w, https:\/\/editorapangeia.com.br\/wp-content\/uploads\/2024\/09\/Imagem-18-08-2024-as-17.37-485x700.jpeg 485w, https:\/\/editorapangeia.com.br\/wp-content\/uploads\/2024\/09\/Imagem-18-08-2024-as-17.37.jpeg 525w\" sizes=\"auto, (max-width: 382px) 100vw, 382px\" \/><\/p>\n<p style=\"text-align: center;\"><img loading=\"lazy\" decoding=\"async\" class=\"alignnone wp-image-14691\" src=\"http:\/\/editorapangeia.com.br\/wp-content\/uploads\/2024\/02\/Imagem-14-02-2024-as-17.43-270x300.jpeg\" alt=\"\" width=\"413\" height=\"459\" srcset=\"https:\/\/editorapangeia.com.br\/wp-content\/uploads\/2024\/02\/Imagem-14-02-2024-as-17.43-270x300.jpeg 270w, https:\/\/editorapangeia.com.br\/wp-content\/uploads\/2024\/02\/Imagem-14-02-2024-as-17.43-768x854.jpeg 768w, https:\/\/editorapangeia.com.br\/wp-content\/uploads\/2024\/02\/Imagem-14-02-2024-as-17.43-700x779.jpeg 700w, https:\/\/editorapangeia.com.br\/wp-content\/uploads\/2024\/02\/Imagem-14-02-2024-as-17.43-360x400.jpeg 360w, https:\/\/editorapangeia.com.br\/wp-content\/uploads\/2024\/02\/Imagem-14-02-2024-as-17.43-629x700.jpeg 629w, https:\/\/editorapangeia.com.br\/wp-content\/uploads\/2024\/02\/Imagem-14-02-2024-as-17.43.jpeg 837w\" sizes=\"auto, (max-width: 413px) 100vw, 413px\" \/> <img loading=\"lazy\" decoding=\"async\" class=\"alignnone wp-image-14692\" src=\"http:\/\/editorapangeia.com.br\/wp-content\/uploads\/2024\/02\/Imagem-14-02-2024-as-17.42-172x300.jpeg\" alt=\"\" width=\"407\" height=\"710\" srcset=\"https:\/\/editorapangeia.com.br\/wp-content\/uploads\/2024\/02\/Imagem-14-02-2024-as-17.42-172x300.jpeg 172w, https:\/\/editorapangeia.com.br\/wp-content\/uploads\/2024\/02\/Imagem-14-02-2024-as-17.42-587x1024.jpeg 587w, https:\/\/editorapangeia.com.br\/wp-content\/uploads\/2024\/02\/Imagem-14-02-2024-as-17.42-700x1221.jpeg 700w, https:\/\/editorapangeia.com.br\/wp-content\/uploads\/2024\/02\/Imagem-14-02-2024-as-17.42-229x400.jpeg 229w, https:\/\/editorapangeia.com.br\/wp-content\/uploads\/2024\/02\/Imagem-14-02-2024-as-17.42-401x700.jpeg 401w, https:\/\/editorapangeia.com.br\/wp-content\/uploads\/2024\/02\/Imagem-14-02-2024-as-17.42.jpeg 738w\" sizes=\"auto, (max-width: 407px) 100vw, 407px\" \/><\/p>\n","protected":false},"excerpt":{"rendered":"<p>Com este livro, <strong><em>Elza Freire e Paulo Freire: Noites de Ex\u00edlio, Dias de Utopia<\/em><\/strong>, a Profa. Nima Spigolon (Unicamp) recebeu o Pr\u00eamio Jabuti Acad\u00eamico 2024 na categoria Educa\u00e7\u00e3o e Ensino em evento da C\u00e2mara Brasileira do Livro, CBL, que ocorreu na noite de 6 de agosto de 2024 no Teatro S\u00e9rgio Cardoso, em S\u00e3o Paulo.<\/p>\n<p>O volume 1 da s\u00e9rie #elzafreirelegado, <em><strong>Elza Freire e Paulo Freire: por Uma Pedagogia da Conviv\u00eancia<\/strong><\/em>,\u00a0est\u00e1 em 2a. edi\u00e7\u00e3o, revista e aumentada, e narra os primeiros anos e Elza, a forma\u00e7\u00e3o, o encontro com Paulo Freire, a did\u00e1tica inovadora no trabalho nas escolas, o casamento, a reflex\u00e3o pedag\u00f3gica conjunta.<\/p>\n<p style=\"text-align: center;\"><img loading=\"lazy\" decoding=\"async\" class=\"alignnone size-medium wp-image-15861\" src=\"http:\/\/editorapangeia.com.br\/wp-content\/uploads\/2024\/08\/b8e4558d-d379-4bf6-895d-0a796042425c-240x300.jpg\" alt=\"\" width=\"240\" height=\"300\" srcset=\"https:\/\/editorapangeia.com.br\/wp-content\/uploads\/2024\/08\/b8e4558d-d379-4bf6-895d-0a796042425c-240x300.jpg 240w, https:\/\/editorapangeia.com.br\/wp-content\/uploads\/2024\/08\/b8e4558d-d379-4bf6-895d-0a796042425c-819x1024.jpg 819w, https:\/\/editorapangeia.com.br\/wp-content\/uploads\/2024\/08\/b8e4558d-d379-4bf6-895d-0a796042425c-768x960.jpg 768w, https:\/\/editorapangeia.com.br\/wp-content\/uploads\/2024\/08\/b8e4558d-d379-4bf6-895d-0a796042425c-1229x1536.jpg 1229w, https:\/\/editorapangeia.com.br\/wp-content\/uploads\/2024\/08\/b8e4558d-d379-4bf6-895d-0a796042425c-700x875.jpg 700w, https:\/\/editorapangeia.com.br\/wp-content\/uploads\/2024\/08\/b8e4558d-d379-4bf6-895d-0a796042425c-320x400.jpg 320w, https:\/\/editorapangeia.com.br\/wp-content\/uploads\/2024\/08\/b8e4558d-d379-4bf6-895d-0a796042425c-560x700.jpg 560w, https:\/\/editorapangeia.com.br\/wp-content\/uploads\/2024\/08\/b8e4558d-d379-4bf6-895d-0a796042425c-1040x1300.jpg 1040w, https:\/\/editorapangeia.com.br\/wp-content\/uploads\/2024\/08\/b8e4558d-d379-4bf6-895d-0a796042425c.jpg 1280w\" sizes=\"auto, (max-width: 240px) 100vw, 240px\" \/><\/p>\n<p>Nestes livros, voce\u0302 descobre que sem Elza na\u0303o haveria Paulo, e convive, na intimidade, com histo\u0301rias sa\u0301bias e amorosas de Paulo Freire, de Elza Freire e dos cinco filhos do casal: Madalena, Cristina, Fa\u0301tima, Joaquim e Lutgardes. Os Freires, agora est\u00e3o no ex\u00edlio, em decorr\u00eancia do Golpe de Estado que ocorreu em 1\u00ba de abril de 1964; no ex\u00edlio, passam por Chile, Estados Unidos, Su\u00ed\u00e7a, Cabo Verde e Guin\u00e9-Bissau.<\/p>\n<p>Adquira os dois livros em um \u00fanico pedido, com desconto especial at\u00e9 10\/06\/2025.<\/p>\n","protected":false},"featured_media":16252,"comment_status":"open","ping_status":"closed","template":"","meta":[],"product_brand":[],"product_cat":[4083,4090],"product_tag":[2021,1209,1210,2994,2152,4398,1211,4405,544,3009,3171,2993,2992,1212,2151,3006,3000,1213,1214,4401,559,2995,2998,526,1215,453,3540,4400,4397,3004,1216,351,3007,1217,1311,3002,2989,2990,2991,531,1218,231,5080,348,2988,3010,3001,4396,3005,1219,3539,4407,2987,2986,1220,1221,1222,528,2999,2997,2996,3995,3011,3003,1223,4408,4399,4411,4410,1224,4412,4406,3538,112,476,2985,4409,3008,4402,1225,1226,164,1227,530,1228,3994,3996,4404,4403],"class_list":{"0":"post-16244","1":"product","2":"type-product","3":"status-publish","4":"has-post-thumbnail","6":"product_cat-educacaoensino","7":"product_cat-premiojabuti","8":"product_tag-elzafreirelegado","9":"product_tag-amorosidade","10":"product_tag-angela-biz-antunes","11":"product_tag-anistia","12":"product_tag-antirracismo","13":"product_tag-aprender-e-ensinar","14":"product_tag-betania-de-oliveira-laterza-ribeiro","15":"product_tag-biobibliografia-de-paulo-freire","16":"product_tag-biografia","17":"product_tag-cabo-verde","18":"product_tag-cadernos-de-docencia","19":"product_tag-camarada-elza-freire","20":"product_tag-camarada-paulo-freire","21":"product_tag-camila-lima-coimbra","22":"product_tag-capes","23":"product_tag-chile","24":"product_tag-ciencia-politica","25":"product_tag-claudia-amoroso-bortolato","26":"product_tag-curso-de-pedagogia","27":"product_tag-depoimentos-sobre-paulo-freire","28":"product_tag-dialogo","29":"product_tag-dias-de-exilio","30":"product_tag-dias-de-utopia","31":"product_tag-ditadura","32":"product_tag-doutorado-em-educacao","33":"product_tag-educacao","34":"product_tag-educacao-e-ensino","35":"product_tag-educador-do-brasil","36":"product_tag-educador-paulo-freire","37":"product_tag-eja-educacao-de-jovens-e-adultos","38":"product_tag-elza-freire","39":"product_tag-ensino","40":"product_tag-estados-unidos","41":"product_tag-estefani-araujo","42":"product_tag-eu-professor","43":"product_tag-eu-professora","44":"product_tag-exilio","45":"product_tag-exilio-brasileiro","46":"product_tag-exilio-da-familia-freire","47":"product_tag-faculdade-de-educacao","48":"product_tag-faculdade-de-educacao-da-unicamp","49":"product_tag-filosofia","50":"product_tag-formacao-antirracista","51":"product_tag-formacao-docente","52":"product_tag-golpe-de-1964","53":"product_tag-guine-bissau","54":"product_tag-historia-brasileira","55":"product_tag-historia-de-vida-uma-historia-de-vida","56":"product_tag-idac","57":"product_tag-ipf-instituto-paulo-freire","58":"product_tag-jabuti-academico","59":"product_tag-legado-de-paulo-freire","60":"product_tag-marcia-ferreira-dos-santos","61":"product_tag-maria-lygia-quartim-de-moraes","62":"product_tag-mestrado-em-educacao","63":"product_tag-metodo-paulo-freire","64":"product_tag-moacir-gadotti","65":"product_tag-nima-spigolon","66":"product_tag-niminha","67":"product_tag-noites-de-exilio","68":"product_tag-noites-de-utopia","69":"product_tag-obra","70":"product_tag-paigc","71":"product_tag-palop","72":"product_tag-paulo-freire","73":"product_tag-paulo-freire-prisao-exilio-universidade","74":"product_tag-paulo-freire-presente","75":"product_tag-pedagogia-da-amorosidade","76":"product_tag-pedagogia-da-autonomia","77":"product_tag-pedagogia-da-convivencia","78":"product_tag-pedagogia-do-esperancar","79":"product_tag-pratica-docente-de-paulo-freire","80":"product_tag-premio-jabuti-academico-2024","81":"product_tag-rauer","82":"product_tag-rauer-ribeiro-rodrigues","83":"product_tag-rita-de-cassia-fraga-machado","84":"product_tag-saber-e-fazer-em-paulo-freire","85":"product_tag-suica","86":"product_tag-testemunhos-sobre-paulo-freire","87":"product_tag-triade-elza-freire","88":"product_tag-uerj","89":"product_tag-ufms","90":"product_tag-ufu","91":"product_tag-unicamp","92":"product_tag-universidade","93":"product_tag-vida","94":"product_tag-vida-e-obra","95":"product_tag-vida-e-obra-de-paulo-freire","96":"product_tag-vida-e-praxis-de-paulo-freire","97":"product_shipping_class-normal","99":"first","100":"instock","101":"sale","102":"featured","103":"shipping-taxable","104":"purchasable","105":"product-type-simple"},"_links":{"self":[{"href":"https:\/\/editorapangeia.com.br\/pt_br\/wp-json\/wp\/v2\/product\/16244","targetHints":{"allow":["GET"]}}],"collection":[{"href":"https:\/\/editorapangeia.com.br\/pt_br\/wp-json\/wp\/v2\/product"}],"about":[{"href":"https:\/\/editorapangeia.com.br\/pt_br\/wp-json\/wp\/v2\/types\/product"}],"replies":[{"embeddable":true,"href":"https:\/\/editorapangeia.com.br\/pt_br\/wp-json\/wp\/v2\/comments?post=16244"}],"wp:featuredmedia":[{"embeddable":true,"href":"https:\/\/editorapangeia.com.br\/pt_br\/wp-json\/wp\/v2\/media\/16252"}],"wp:attachment":[{"href":"https:\/\/editorapangeia.com.br\/pt_br\/wp-json\/wp\/v2\/media?parent=16244"}],"wp:term":[{"taxonomy":"product_brand","embeddable":true,"href":"https:\/\/editorapangeia.com.br\/pt_br\/wp-json\/wp\/v2\/product_brand?post=16244"},{"taxonomy":"product_cat","embeddable":true,"href":"https:\/\/editorapangeia.com.br\/pt_br\/wp-json\/wp\/v2\/product_cat?post=16244"},{"taxonomy":"product_tag","embeddable":true,"href":"https:\/\/editorapangeia.com.br\/pt_br\/wp-json\/wp\/v2\/product_tag?post=16244"}],"curies":[{"name":"wp","href":"https:\/\/api.w.org\/{rel}","templated":true}]}}