{"id":16228,"date":"2024-06-01T21:48:00","date_gmt":"2024-06-01T21:48:00","guid":{"rendered":"https:\/\/editorapangeia.com.br\/?post_type=product&#038;p=16228"},"modified":"2025-11-21T10:46:45","modified_gmt":"2025-11-21T10:46:45","slug":"marias-educacao-e-genero-no-dialogo-com-a-sociodiversidade-nima-spigolon-org-livro","status":"publish","type":"product","link":"https:\/\/editorapangeia.com.br\/pt_br\/product\/marias-educacao-e-genero-no-dialogo-com-a-sociodiversidade-nima-spigolon-org-livro\/","title":{"rendered":"MARIAS: Educa\u00e7\u00e3o e G\u00eanero no di\u00e1logo com a sociodiversidade, Nima Spigolon (Org.)"},"content":{"rendered":"<p>Da Apresenta\u00e7\u00e3o:<\/p>\n<p style=\"padding-left: 40px;\">As produ\u00e7\u00f5es e as pesquisas brasileiras no campo dos Mestrados Profissionais, para, com e em torno de p\u00f3s-graduandos em geral, s\u00e3o recentes. Em espec\u00edfico, dos Mestrados Profissionais em Educa\u00e7\u00e3o, v\u00e3o, al\u00e9m de recentes, para quase escassas.<\/p>\n<p style=\"padding-left: 40px;\">[&#8230;]<\/p>\n<p style=\"padding-left: 40px;\"><strong><i>MARIAS: Educa\u00e7\u00e3o e g\u00eanero no di\u00e1logo com a sociodiversidade <\/i><\/strong>inaugura discuss\u00f5es atuais e indispens\u00e1veis para a \u00e1rea dos Mestrados Profissionais em Educa\u00e7\u00e3o, caracterizando-se pela compreens\u00e3o de um dos conceitos centrais da perspectiva (auto)biogr\u00e1fica: ser um espa\u00e7o de produ\u00e7\u00e3o no qual as dimens\u00f5es individuais e sociais que comp\u00f5em a vida dos sujeitos cruzam-se, tornando vis\u00edvel o enredo elaborado por si mesmo e que d\u00e1 corpo a sua exist\u00eancia.<\/p>\n<p style=\"padding-left: 40px;\">[&#8230;]<\/p>\n<p style=\"padding-left: 40px;\">[&#8230;] este livro, em conson\u00e2ncia com a proposta inicial na sala de aula, prop\u00f5e e realiza, de um lado, abertura para o trabalho intelectual e, de outro, a experi\u00eancia do pensamento, da pr\u00e1tica, da vida vivida.<\/p>\n<p>Trata-se de trabalho de escrita criativa que mobiliza o afeto da leitura liter\u00e1ria, as mem\u00f3rias afetivas, a leitura do mundo, a sororidade, a empatia social, o trabalho coletivo, a constru\u00e7\u00e3o identit\u00e1ria, a reflex\u00e3o te\u00f3rica na pr\u00e1tica acad\u00eamica e na exist\u00eancia pessoal.<\/p>\n<p>Est\u00e3o no livro os seguintes autores: Alexandre C\u00f4a, Aline Duarte Frederico, Almir Rog\u00e9rio Breguedo de Souza, Claudia Bortolato, Fabr\u00edcia Martins Gomes, Lucas S\u00e1vio Gomes, Luiz Felipe Lemes, Mauro Guari, Michele Batista dos Santos, Nima Spigolon, Sandra Amaral<\/p>\n<p><em><strong>MARIAS: Educa\u00e7\u00e3o e G\u00eanero no di\u00e1logo com a sociodiversidade<\/strong><\/em>, organizado pela Profa. Nima Spigolon (Pr\u00e9mio Jabuti Acad\u00eamico 2024, veja <span style=\"color: #ff0000;\"><a style=\"color: #ff0000;\" href=\"https:\/\/editorapangeia.com.br\/?s=Jabuti\"><strong>AQUI<\/strong><\/a><\/span>) \u00e9 um livro de fic\u00e7\u00e3o em que a intertextualidade faz nascer fortes e densas representa\u00e7\u00f5es da sociedade.<\/p>\n","protected":false},"excerpt":{"rendered":"<p>Este livro re\u00fane projeto de ensino de escrita criativa em um curso de mestrado de Educa\u00e7\u00e3o Escolar. O resultado s\u00e3o nove contos de forte carga emocional, recriados a partir do conto &#8220;Maria&#8221;, de Concei\u00e7\u00e3o Evaristo. O livro cont\u00e9m, ainda, textos das duas professoras que desenvolveram o projeto na Unicamp, as profas. Claudia Bortolato e Nima Spigolon. Um projeto que pode e deve ser replicado, em um livro que deve ser lido para al\u00e9m dos muros das universidades, pois mostra o nascimento de nove escritores para a literatura brasileira.<\/p>\n","protected":false},"featured_media":16212,"comment_status":"open","ping_status":"closed","template":"","meta":[],"product_brand":[],"product_cat":[4083],"product_tag":[3630,3631,3632,3633,1031,3634,559,3635,2002,880,3636,2004,5080,175,389,157,742,3637,3638,3639,3640,3380,2003,3641,3642,528,3643,263,3644,3645,1887,3646,3647,530,3648],"class_list":{"0":"post-16228","1":"product","2":"type-product","3":"status-publish","4":"has-post-thumbnail","6":"product_cat-educacaoensino","7":"product_tag-alexandre-coa","8":"product_tag-aline-duarte-frederico","9":"product_tag-almir-rogerio-breguedo-de-souza","10":"product_tag-claudia-bortolato","11":"product_tag-conceicao-evaristo","12":"product_tag-dialogismo","13":"product_tag-dialogo","14":"product_tag-educacao-e-genero","15":"product_tag-educacao-escolar","16":"product_tag-escrita-criativa","17":"product_tag-fabricia-martins-gomes","18":"product_tag-fe-unicamp","19":"product_tag-formacao-antirracista","20":"product_tag-genero","21":"product_tag-letras","22":"product_tag-literatura-brasileira","23":"product_tag-literatura-mineira","24":"product_tag-lucas-savio-gomes","25":"product_tag-luiz-felipe-lemes","26":"product_tag-maria","27":"product_tag-marias","28":"product_tag-mauro-guari","29":"product_tag-mestrado-profissional","30":"product_tag-mestrado-profissional-em-educacao-escolar","31":"product_tag-michele-batista-dos-santos","32":"product_tag-nima-spigolon","33":"product_tag-olhos-dagua","34":"product_tag-professor","35":"product_tag-professora","36":"product_tag-professoras","37":"product_tag-professores","38":"product_tag-sandra-amaral","39":"product_tag-sociodiversidade","40":"product_tag-unicamp","41":"product_tag-vida-maria","42":"product_shipping_class-normal","44":"first","45":"instock","46":"sale","47":"taxable","48":"shipping-taxable","49":"purchasable","50":"product-type-simple"},"_links":{"self":[{"href":"https:\/\/editorapangeia.com.br\/pt_br\/wp-json\/wp\/v2\/product\/16228","targetHints":{"allow":["GET"]}}],"collection":[{"href":"https:\/\/editorapangeia.com.br\/pt_br\/wp-json\/wp\/v2\/product"}],"about":[{"href":"https:\/\/editorapangeia.com.br\/pt_br\/wp-json\/wp\/v2\/types\/product"}],"replies":[{"embeddable":true,"href":"https:\/\/editorapangeia.com.br\/pt_br\/wp-json\/wp\/v2\/comments?post=16228"}],"wp:featuredmedia":[{"embeddable":true,"href":"https:\/\/editorapangeia.com.br\/pt_br\/wp-json\/wp\/v2\/media\/16212"}],"wp:attachment":[{"href":"https:\/\/editorapangeia.com.br\/pt_br\/wp-json\/wp\/v2\/media?parent=16228"}],"wp:term":[{"taxonomy":"product_brand","embeddable":true,"href":"https:\/\/editorapangeia.com.br\/pt_br\/wp-json\/wp\/v2\/product_brand?post=16228"},{"taxonomy":"product_cat","embeddable":true,"href":"https:\/\/editorapangeia.com.br\/pt_br\/wp-json\/wp\/v2\/product_cat?post=16228"},{"taxonomy":"product_tag","embeddable":true,"href":"https:\/\/editorapangeia.com.br\/pt_br\/wp-json\/wp\/v2\/product_tag?post=16228"}],"curies":[{"name":"wp","href":"https:\/\/api.w.org\/{rel}","templated":true}]}}