{"id":16180,"date":"2024-09-05T22:42:18","date_gmt":"2024-09-05T22:42:18","guid":{"rendered":"https:\/\/editorapangeia.com.br\/?post_type=product&#038;p=16180"},"modified":"2025-11-20T17:24:42","modified_gmt":"2025-11-20T17:24:42","slug":"botoes-murchos-conto-de-alciene-ribeiro-leite-e-ensaio-literario-de-luciene-lemos-de-campos-livro-e-pdf","status":"publish","type":"product","link":"https:\/\/editorapangeia.com.br\/pt_br\/product\/botoes-murchos-conto-de-alciene-ribeiro-leite-e-ensaio-literario-de-luciene-lemos-de-campos-livro-e-pdf\/","title":{"rendered":"Bot\u00f5es Murchos, Alciene Ribeiro Leite, Luciene Lemos de Campos"},"content":{"rendered":"<p>&#8220;Bot\u00f5es murchos&#8221;, o conto de Alciene Ribeiro Leite, foi escrito em 1974, com o t\u00edtulo &#8220;Carta para Fernando&#8221;, e reescrito em 2018. A primeira vers\u00e3o nasceu na cidade natal da autora, Ituiutaba, no Tri\u00e2ngulo Mineiro, e a reescrita, 44 anos depois, foi realizada na Fazenda Para\u00edso, em Carmo do Parana\u00edba, em regi\u00e3o pr\u00f3xima ao planalto que separa a Bacia do Rio Paran\u00e1 da Bacia do S\u00e3o Francisco.<\/p>\n<p>O conto foi publicado pela primeira vez no livro\u00a0<span style=\"color: #ff00ff;\"><a style=\"color: #ff00ff;\" href=\"https:\/\/editorapangeia.com.br\/product\/mulher-explicita\/\"><em><strong><span style=\"color: #ff0000;\">Mulher Expl\u00edcita<\/span><\/strong><\/em><\/a><\/span> (Pangeia, 2019, 208 p.), j\u00e1 com seu t\u00edtulo definitivo.<\/p>\n<p>Estudiosa da escrita feminina, autora do seminal\u00a0<span style=\"color: #993300;\"><a style=\"color: #993300;\" href=\"https:\/\/editorapangeia.com.br\/product\/a-mendiga-e-o-andarilho-na-poesia-de-manoel-de-barros-luciene-lemos-de-campos-livro\/\"><strong><em>A mendiga e o andarilho na poesia de Manoel de Barros<\/em><\/strong><\/a><\/span>\u00a0(Pangeia, 2024, 148 p.), Luciene Lemos de Campos se debru\u00e7a sobre o conto de Alciene com afiadas ferramentas interpretativas. Assim, desvela meandros, ilumina nuances, instiga-nos com a indica\u00e7\u00e3o de possibilidades interpretativas. Para tanto, se vale da sua experi\u00eancia de mais de 30 anos de professora do Ensino M\u00e9dio e de referencial acad\u00eamico, da narratologia e da semi\u00f3tica greimasiana.<\/p>\n<p>Esta Plaquete, em formato PDF e em formato impresso, re\u00fane um conto antol\u00f3gico a uma sens\u00edvel leitura cr\u00edtica com a pegada do ensaio e a consist\u00eancia de estudo teoricamente embasado. Surpreenda-se com as descobertas nas entrelinhas de um enredo que parece prosaico.<\/p>\n<p style=\"text-align: center;\"><img loading=\"lazy\" decoding=\"async\" class=\"alignnone wp-image-16174\" src=\"http:\/\/editorapangeia.com.br\/wp-content\/uploads\/2024\/09\/Imagem-05-09-2024-as-18.50-215x300.jpg\" alt=\"\" width=\"410\" height=\"572\" srcset=\"https:\/\/editorapangeia.com.br\/wp-content\/uploads\/2024\/09\/Imagem-05-09-2024-as-18.50-215x300.jpg 215w, https:\/\/editorapangeia.com.br\/wp-content\/uploads\/2024\/09\/Imagem-05-09-2024-as-18.50-734x1024.jpg 734w, https:\/\/editorapangeia.com.br\/wp-content\/uploads\/2024\/09\/Imagem-05-09-2024-as-18.50-768x1071.jpg 768w, https:\/\/editorapangeia.com.br\/wp-content\/uploads\/2024\/09\/Imagem-05-09-2024-as-18.50-700x976.jpg 700w, https:\/\/editorapangeia.com.br\/wp-content\/uploads\/2024\/09\/Imagem-05-09-2024-as-18.50-287x400.jpg 287w, https:\/\/editorapangeia.com.br\/wp-content\/uploads\/2024\/09\/Imagem-05-09-2024-as-18.50-502x700.jpg 502w, https:\/\/editorapangeia.com.br\/wp-content\/uploads\/2024\/09\/Imagem-05-09-2024-as-18.50-932x1300.jpg 932w, https:\/\/editorapangeia.com.br\/wp-content\/uploads\/2024\/09\/Imagem-05-09-2024-as-18.50.jpg 980w\" sizes=\"auto, (max-width: 410px) 100vw, 410px\" \/><\/p>\n","protected":false},"excerpt":{"rendered":"<p>De Alciene Ribeiro Leite, um conto marcante, lapidado durante mais de quarenta anos. No enredo de apar\u00eancia simples est\u00e1 cifrada a mundivid\u00eancia do feminino de todos os tempos e de todos os lugares. \u00c9 isso que revela a leitura ao mesmo tempo singela e densa de Luciene Lemos de Campos.<\/p>\n<p>Essa plaquete universit\u00e1ria \u00e9 um pequeno volume com um conte\u00fado imenso. Aproveite neste m\u00eas o pre\u00e7o especial de lan\u00e7amento.<\/p>\n","protected":false},"featured_media":16175,"comment_status":"open","ping_status":"closed","template":"","meta":[],"product_brand":[],"product_cat":[4076],"product_tag":[134,612,2152,3593,754,3600,192,303,200,3594,437,3595,3601,157,1145,3355,3597,1291,3599,112,476,1363,382,3596,2541,3598,444,1003],"class_list":{"0":"post-16180","1":"product","2":"type-product","3":"status-publish","4":"has-post-thumbnail","6":"product_cat-contos","7":"product_tag-alciene-ribeiro","8":"product_tag-alciene-ribeiro-leite","9":"product_tag-antirracismo","10":"product_tag-botoes-murchos","11":"product_tag-conto","12":"product_tag-conto-mineiro","13":"product_tag-critica-literaria","14":"product_tag-edicoes-dionysius","15":"product_tag-editora-pangeia","16":"product_tag-ensaio-critico","17":"product_tag-espaco-na-literatura","18":"product_tag-estudo-literario","19":"product_tag-lily-momios","20":"product_tag-literatura-brasileira","21":"product_tag-literatura-contemporanea","22":"product_tag-luciene-lemos-de-campos","23":"product_tag-narratologia","24":"product_tag-pangeia-editorial","25":"product_tag-personagem","26":"product_tag-rauer","27":"product_tag-rauer-ribeiro-rodrigues","28":"product_tag-rauer-rodrigues","29":"product_tag-semiotica","30":"product_tag-semiotica-greimasiana","31":"product_tag-teoria-da-narrativa","32":"product_tag-teoria-do-conto","33":"product_tag-teoria-do-espaco-literario","34":"product_tag-teorias-do-conto","35":"product_shipping_class-normal","37":"first","38":"instock","39":"sale","40":"featured","41":"taxable","42":"shipping-taxable","43":"product-type-grouped"},"_links":{"self":[{"href":"https:\/\/editorapangeia.com.br\/pt_br\/wp-json\/wp\/v2\/product\/16180","targetHints":{"allow":["GET"]}}],"collection":[{"href":"https:\/\/editorapangeia.com.br\/pt_br\/wp-json\/wp\/v2\/product"}],"about":[{"href":"https:\/\/editorapangeia.com.br\/pt_br\/wp-json\/wp\/v2\/types\/product"}],"replies":[{"embeddable":true,"href":"https:\/\/editorapangeia.com.br\/pt_br\/wp-json\/wp\/v2\/comments?post=16180"}],"wp:featuredmedia":[{"embeddable":true,"href":"https:\/\/editorapangeia.com.br\/pt_br\/wp-json\/wp\/v2\/media\/16175"}],"wp:attachment":[{"href":"https:\/\/editorapangeia.com.br\/pt_br\/wp-json\/wp\/v2\/media?parent=16180"}],"wp:term":[{"taxonomy":"product_brand","embeddable":true,"href":"https:\/\/editorapangeia.com.br\/pt_br\/wp-json\/wp\/v2\/product_brand?post=16180"},{"taxonomy":"product_cat","embeddable":true,"href":"https:\/\/editorapangeia.com.br\/pt_br\/wp-json\/wp\/v2\/product_cat?post=16180"},{"taxonomy":"product_tag","embeddable":true,"href":"https:\/\/editorapangeia.com.br\/pt_br\/wp-json\/wp\/v2\/product_tag?post=16180"}],"curies":[{"name":"wp","href":"https:\/\/api.w.org\/{rel}","templated":true}]}}