{"id":16055,"date":"2025-01-01T06:00:17","date_gmt":"2025-01-01T06:00:17","guid":{"rendered":"https:\/\/editorapangeia.com.br\/?post_type=product&#038;p=16055"},"modified":"2025-11-21T10:41:52","modified_gmt":"2025-11-21T10:41:52","slug":"mulher-fala-o-que-quiser-claudete-daflon-org-poetas-brasileiras-contemporaneas-pdf-epub","status":"publish","type":"product","link":"https:\/\/editorapangeia.com.br\/pt_br\/product\/mulher-fala-o-que-quiser-claudete-daflon-org-poetas-brasileiras-contemporaneas-pdf-epub\/","title":{"rendered":"Mulher Fala o Que Quiser, Claudete Daflon (Org.), Poetas Brasileiras Contempor\u00e2neas"},"content":{"rendered":"<p>Adriana Lisboa, Ana Cristina Joaquim, Ana Elisa Ribeiro, Ang\u00e9lica Freitas, Bell Pu\u00e3, Bruna Escaleira, Bruna Baldez, Cristiane Sobral, Eliane Potiguara, elimacuxi, Fl\u00e1via de Queiroz Lima, L\u00edlian Paula Serra e Deus, Micheliny Verunschk, Nima Spigolon, Paula Glenadel, Prisca Agustoni, Simone Andrade Neves, Sony Ferseck, Tatiana Pequeno.<\/p>\n<p>As dezenove poetas comp\u00f5em a antologia\u00a0<em><strong>Mulher fala o que quiser<\/strong><\/em>, selecionadas a partir de projeto de ensino desenvolvido por acad\u00eamicos da Universidade Federal de Ensino, em proposta da Professora Claudete Daflon aprovada em edital do Programa de P\u00f3s-Gradua\u00e7\u00e3o em Literatura Mestrado e Doutorado da UFF.<\/p>\n<p>O projeto foi desenvolvido por doze estudantes, que se tornaram as\/os antologistas, selecionando de cada poeta um poema para compor este volume, cuja capa \u00e9 da artista visual Laura Freitas. As poetas cederam os direitos para essa publica\u00e7\u00e3o, de modo que em novas edi\u00e7\u00f5es de leitura liter\u00e1ria em sala de aula este volume ser\u00e1 objeto de novas leituras, aprofundando e ampliando a compreens\u00e3o da poesia de escrita feminina contempor\u00e2nea brasileira.<\/p>\n<p>A publica\u00e7\u00e3o \u00e9 uma parceria da Editora Pangeia com a EdUFF, Editora da Universidade Federal Fluminense e nos seus dois formatos digitais, em PDF e em ePub, podem ser baixados gratuitamente na <a href=\"https:\/\/editorapangeia.com.br\/shop\/\"><strong><span style=\"color: #ff0000;\">Loja da Pangeia<\/span><\/strong><\/a>.<\/p>\n","protected":false},"excerpt":{"rendered":"<p>Esta antologia re\u00fane poetas brasileiras em pleno vigor criativo para desenvolvimento de atividades pedag\u00f3gicas em sala de aula. S\u00e3o 19 autoras que demonstram o vigor da voz feminina na poesia brasileira contempor\u00e2nea neste primeiro quarto do s\u00e9culo XXI.<\/p>\n<p>A antologia \u00e9 obra coletiva, de acad\u00eamicos da p\u00f3s-gradua\u00e7\u00e3o em literatura da Universidade Federal Fluminense, e resulta de atividades desenvolvidas em Escolas P\u00fablicas. A publica\u00e7\u00e3o tem o prop\u00f3sito de subsidiar novas leituras da poesia feminina dos nossos dias em salas de aula.<\/p>\n<p>Esta \u00e9 uma co-edi\u00e7\u00e3o Editora Pangeia e EdUFF e pode ser baixada gratuitamente nos formatos PDF e ePub. Para baixar gratuitamente o PDF ou o ePub, ou ambos: registre-se na loja e, logado, fa\u00e7a uma &#8220;compra&#8221;; ap\u00f3s fechar a compra com custo zero, o(s) arquivo(s) estar\u00e3o em sua \u00e1rea do cliente para baixar.<\/p>\n","protected":false},"featured_media":16052,"comment_status":"open","ping_status":"closed","template":"","meta":[],"product_brand":[],"product_cat":[4077,4828],"product_tag":[435,3557,3558,3559,3560,3562,3561,184,3563,200,3572,2740,3564,243,2220,5080,3565,156,157,187,3566,528,1291,3567,111,1144,967,3105,3568,3569,3570,3571],"class_list":{"0":"post-16055","1":"product","2":"type-product","3":"status-publish","4":"has-post-thumbnail","6":"product_cat-poesia","7":"product_cat-livrosgratis","8":"product_tag-adriana-lisboa","9":"product_tag-ana-cristina-joaquim","10":"product_tag-ana-elisa-ribeiro","11":"product_tag-angelica-freitas","12":"product_tag-bell-pua","13":"product_tag-bruna-baldez","14":"product_tag-bruna-escaleira","15":"product_tag-claudete-daflon","16":"product_tag-cristiane-sobral","17":"product_tag-editora-pangeia","18":"product_tag-eduff","19":"product_tag-eliane-potiguara","20":"product_tag-elimacuxi","21":"product_tag-escrita-feminina","22":"product_tag-flavia-de-queiroz-lima","23":"product_tag-formacao-antirracista","24":"product_tag-lilian-paula-serra-e-deus","25":"product_tag-literatura","26":"product_tag-literatura-brasileira","27":"product_tag-literatura-brasileira-contemporanea","28":"product_tag-micheliny-verunschk","29":"product_tag-nima-spigolon","30":"product_tag-pangeia-editorial","31":"product_tag-paula-glenadel","32":"product_tag-poesia","33":"product_tag-poesia-brasileira","34":"product_tag-poesia-brasileira-contemporanea","35":"product_tag-poslit-uff","36":"product_tag-prisca-agustoni","37":"product_tag-simone-andrade-neves","38":"product_tag-sony-ferseck","39":"product_tag-tatiana-pequeno","41":"first","42":"instock","43":"shipping-taxable","44":"product-type-grouped"},"_links":{"self":[{"href":"https:\/\/editorapangeia.com.br\/pt_br\/wp-json\/wp\/v2\/product\/16055","targetHints":{"allow":["GET"]}}],"collection":[{"href":"https:\/\/editorapangeia.com.br\/pt_br\/wp-json\/wp\/v2\/product"}],"about":[{"href":"https:\/\/editorapangeia.com.br\/pt_br\/wp-json\/wp\/v2\/types\/product"}],"replies":[{"embeddable":true,"href":"https:\/\/editorapangeia.com.br\/pt_br\/wp-json\/wp\/v2\/comments?post=16055"}],"wp:featuredmedia":[{"embeddable":true,"href":"https:\/\/editorapangeia.com.br\/pt_br\/wp-json\/wp\/v2\/media\/16052"}],"wp:attachment":[{"href":"https:\/\/editorapangeia.com.br\/pt_br\/wp-json\/wp\/v2\/media?parent=16055"}],"wp:term":[{"taxonomy":"product_brand","embeddable":true,"href":"https:\/\/editorapangeia.com.br\/pt_br\/wp-json\/wp\/v2\/product_brand?post=16055"},{"taxonomy":"product_cat","embeddable":true,"href":"https:\/\/editorapangeia.com.br\/pt_br\/wp-json\/wp\/v2\/product_cat?post=16055"},{"taxonomy":"product_tag","embeddable":true,"href":"https:\/\/editorapangeia.com.br\/pt_br\/wp-json\/wp\/v2\/product_tag?post=16055"}],"curies":[{"name":"wp","href":"https:\/\/api.w.org\/{rel}","templated":true}]}}