{"id":15946,"date":"2024-08-15T19:49:32","date_gmt":"2024-08-15T19:49:32","guid":{"rendered":"https:\/\/editorapangeia.com.br\/?post_type=product&#038;p=15946"},"modified":"2025-11-21T10:45:39","modified_gmt":"2025-11-21T10:45:39","slug":"ao-avesso-poesia-de-nayara-borges-livro-ilustrado-por-alister-emiliano","status":"publish","type":"product","link":"https:\/\/editorapangeia.com.br\/pt_br\/product\/ao-avesso-poesia-de-nayara-borges-livro-ilustrado-por-alister-emiliano\/","title":{"rendered":"Ao Avesso, Nayara Borges"},"content":{"rendered":"<blockquote><p><em><strong>Ao Avesso<\/strong><\/em> \u00e9 queda&#8230;<\/p><\/blockquote>\n<p><img loading=\"lazy\" decoding=\"async\" class=\" wp-image-15948 aligncenter\" src=\"http:\/\/editorapangeia.com.br\/wp-content\/uploads\/2024\/08\/Imagem-15-08-2024-as-15.54-121x300.jpg\" alt=\"\" width=\"371\" height=\"920\" \/><\/p>\n<blockquote><p><strong>\u00e9 vertigem!<\/strong><\/p><\/blockquote>\n<p><img loading=\"lazy\" decoding=\"async\" class=\" wp-image-15958 aligncenter\" src=\"http:\/\/editorapangeia.com.br\/wp-content\/uploads\/2024\/08\/IMG_4158-237x300.jpeg\" alt=\"\" width=\"384\" height=\"487\" srcset=\"https:\/\/editorapangeia.com.br\/wp-content\/uploads\/2024\/08\/IMG_4158-237x300.jpeg 237w, https:\/\/editorapangeia.com.br\/wp-content\/uploads\/2024\/08\/IMG_4158-808x1024.jpeg 808w, https:\/\/editorapangeia.com.br\/wp-content\/uploads\/2024\/08\/IMG_4158-768x973.jpeg 768w, https:\/\/editorapangeia.com.br\/wp-content\/uploads\/2024\/08\/IMG_4158-1212x1536.jpeg 1212w, https:\/\/editorapangeia.com.br\/wp-content\/uploads\/2024\/08\/IMG_4158-700x887.jpeg 700w, https:\/\/editorapangeia.com.br\/wp-content\/uploads\/2024\/08\/IMG_4158-316x400.jpeg 316w, https:\/\/editorapangeia.com.br\/wp-content\/uploads\/2024\/08\/IMG_4158-552x700.jpeg 552w, https:\/\/editorapangeia.com.br\/wp-content\/uploads\/2024\/08\/IMG_4158-1026x1300.jpeg 1026w, https:\/\/editorapangeia.com.br\/wp-content\/uploads\/2024\/08\/IMG_4158.jpeg 1290w\" sizes=\"auto, (max-width: 384px) 100vw, 384px\" \/><\/p>\n<blockquote><p><em>\u00c9 a poesia de Nayara Borges&#8230;<\/em><\/p><\/blockquote>\n<p><img loading=\"lazy\" decoding=\"async\" class=\" wp-image-15950 aligncenter\" src=\"http:\/\/editorapangeia.com.br\/wp-content\/uploads\/2024\/08\/Imagem-15-08-2024-as-15.55-1-223x300.jpg\" alt=\"\" width=\"355\" height=\"478\" srcset=\"https:\/\/editorapangeia.com.br\/wp-content\/uploads\/2024\/08\/Imagem-15-08-2024-as-15.55-1-223x300.jpg 223w, https:\/\/editorapangeia.com.br\/wp-content\/uploads\/2024\/08\/Imagem-15-08-2024-as-15.55-1-297x400.jpg 297w, https:\/\/editorapangeia.com.br\/wp-content\/uploads\/2024\/08\/Imagem-15-08-2024-as-15.55-1.jpg 366w\" sizes=\"auto, (max-width: 355px) 100vw, 355px\" \/><\/p>\n<blockquote><p><em>&#8230;com ilustra\u00e7\u00f5es de Alister Emiliano:<\/em><\/p><\/blockquote>\n<p><img loading=\"lazy\" decoding=\"async\" class=\" wp-image-15951 aligncenter\" src=\"http:\/\/editorapangeia.com.br\/wp-content\/uploads\/2024\/08\/Imagem-15-08-2024-as-15.56-229x300.jpg\" alt=\"\" width=\"353\" height=\"462\" srcset=\"https:\/\/editorapangeia.com.br\/wp-content\/uploads\/2024\/08\/Imagem-15-08-2024-as-15.56-229x300.jpg 229w, https:\/\/editorapangeia.com.br\/wp-content\/uploads\/2024\/08\/Imagem-15-08-2024-as-15.56-305x400.jpg 305w, https:\/\/editorapangeia.com.br\/wp-content\/uploads\/2024\/08\/Imagem-15-08-2024-as-15.56.jpg 353w\" sizes=\"auto, (max-width: 353px) 100vw, 353px\" \/><\/p>\n<p style=\"text-align: center;\">Para saber mais sobre o livro,<br \/>\n<a href=\"http:\/\/edditorahangeia.com.br\/blog\"><span style=\"color: #993300;\"><strong>CLIQUE AQUI!!!!<\/strong><\/span><\/a><\/p>\n<p style=\"text-align: center;\">Para saber mais sobre a pr\u00e9-venda,<br \/>\n<a href=\"https:\/\/editorapangeia.com.br\/event\/nayara-ao-avesso\/\"><strong><span style=\"color: #ff0000;\">CLIQUE AQUI!!!!!<\/span><\/strong><\/a><\/p>\n","protected":false},"excerpt":{"rendered":"<p>Poeta jovem, inquieta, descobre os caminhos da poesia e do poema, e estreia em bel\u00edssimo livro, inquietante, de descobertas e frustra\u00e7\u00f5es.<\/p>\n<p>Uma revela\u00e7\u00e3o liter\u00e1ria!<\/p>\n<p>O livro cont\u00e9m bel\u00edssimas ilustra\u00e7\u00f5es a cores de Alister Emiliano.<\/p>\n<p style=\"text-align: center;\"><em><strong>A hora \u00e9 agora: Ao Avesso!<\/strong><\/em><\/p>\n","protected":false},"featured_media":15947,"comment_status":"open","ping_status":"closed","template":"","meta":[],"product_brand":[],"product_cat":[4077],"product_tag":[5080,111,1144,2071,5081],"class_list":{"0":"post-15946","1":"product","2":"type-product","3":"status-publish","4":"has-post-thumbnail","6":"product_cat-poesia","7":"product_tag-formacao-antirracista","8":"product_tag-poesia","9":"product_tag-poesia-brasileira","10":"product_tag-poesia-contemporanea","11":"product_tag-poesia-jovem","12":"product_shipping_class-normal","14":"first","15":"instock","16":"taxable","17":"shipping-taxable","18":"purchasable","19":"product-type-simple"},"_links":{"self":[{"href":"https:\/\/editorapangeia.com.br\/pt_br\/wp-json\/wp\/v2\/product\/15946","targetHints":{"allow":["GET"]}}],"collection":[{"href":"https:\/\/editorapangeia.com.br\/pt_br\/wp-json\/wp\/v2\/product"}],"about":[{"href":"https:\/\/editorapangeia.com.br\/pt_br\/wp-json\/wp\/v2\/types\/product"}],"replies":[{"embeddable":true,"href":"https:\/\/editorapangeia.com.br\/pt_br\/wp-json\/wp\/v2\/comments?post=15946"}],"wp:featuredmedia":[{"embeddable":true,"href":"https:\/\/editorapangeia.com.br\/pt_br\/wp-json\/wp\/v2\/media\/15947"}],"wp:attachment":[{"href":"https:\/\/editorapangeia.com.br\/pt_br\/wp-json\/wp\/v2\/media?parent=15946"}],"wp:term":[{"taxonomy":"product_brand","embeddable":true,"href":"https:\/\/editorapangeia.com.br\/pt_br\/wp-json\/wp\/v2\/product_brand?post=15946"},{"taxonomy":"product_cat","embeddable":true,"href":"https:\/\/editorapangeia.com.br\/pt_br\/wp-json\/wp\/v2\/product_cat?post=15946"},{"taxonomy":"product_tag","embeddable":true,"href":"https:\/\/editorapangeia.com.br\/pt_br\/wp-json\/wp\/v2\/product_tag?post=15946"}],"curies":[{"name":"wp","href":"https:\/\/api.w.org\/{rel}","templated":true}]}}