{"id":15664,"date":"2024-07-12T19:02:31","date_gmt":"2024-07-12T19:02:31","guid":{"rendered":"https:\/\/editorapangeia.com.br\/?post_type=product&#038;p=15664"},"modified":"2025-06-17T13:35:21","modified_gmt":"2025-06-17T13:35:21","slug":"entre-asas-e-historias-um-passeio-por-campinas-de-mauro-guari-livro","status":"publish","type":"product","link":"https:\/\/editorapangeia.com.br\/pt_br\/product\/entre-asas-e-historias-um-passeio-por-campinas-de-mauro-guari-livro\/","title":{"rendered":"Entre Asas e Hist\u00f3rias: um passeio por Campinas, Mauro Guari"},"content":{"rendered":"<p>Este projeto de Mauro Guari com a Saru\u00ea, selo infantojuvenil da Pangeia Editorial, aglutina diversos afetos e parcerias:<\/p>\n<p style=\"text-align: center;\">Carol Mattos, Texto<\/p>\n<p style=\"text-align: center;\">Larissa Alfonsi, desenho da capa<\/p>\n<p style=\"text-align: center;\">Am\u00e9rico Baptista Villela, Revis\u00e3o Historiogr\u00e1fica<\/p>\n<p style=\"text-align: center;\">Wenceslao Machado de Oliveira Junior, Resenha do Blog<\/p>\n<p style=\"text-align: center;\">Lily Momisso, diagrama\u00e7\u00e3o, artes, capa<\/p>\n<p style=\"text-align: center;\">Ricardo Marques, na revis\u00e3o t\u00e9cnica do texto,<br \/>\nexceto nas escolhas autorais<\/p>\n<p style=\"text-align: center;\">A Equipe Pangeia e o Mauro fizeram pesquisas, cuidaram de<br \/>\nfotografar, revisar, ajustar, fazer o primeiro estudo<br \/>\ndas artes, garantir que nada ficasse<br \/>\nsem a \u00faltima dem\u00e3o.<\/p>\n<p><img loading=\"lazy\" decoding=\"async\" class=\"wp-image-15670 aligncenter\" src=\"http:\/\/editorapangeia.com.br\/wp-content\/uploads\/2024\/07\/Imagem-12-07-2024-as-15.54-300x169.jpg\" alt=\"\" width=\"575\" height=\"324\" srcset=\"https:\/\/editorapangeia.com.br\/wp-content\/uploads\/2024\/07\/Imagem-12-07-2024-as-15.54-300x169.jpg 300w, https:\/\/editorapangeia.com.br\/wp-content\/uploads\/2024\/07\/Imagem-12-07-2024-as-15.54-1024x576.jpg 1024w, https:\/\/editorapangeia.com.br\/wp-content\/uploads\/2024\/07\/Imagem-12-07-2024-as-15.54-768x432.jpg 768w, https:\/\/editorapangeia.com.br\/wp-content\/uploads\/2024\/07\/Imagem-12-07-2024-as-15.54-1536x863.jpg 1536w, https:\/\/editorapangeia.com.br\/wp-content\/uploads\/2024\/07\/Imagem-12-07-2024-as-15.54-700x393.jpg 700w, https:\/\/editorapangeia.com.br\/wp-content\/uploads\/2024\/07\/Imagem-12-07-2024-as-15.54-400x225.jpg 400w, https:\/\/editorapangeia.com.br\/wp-content\/uploads\/2024\/07\/Imagem-12-07-2024-as-15.54-1300x731.jpg 1300w, https:\/\/editorapangeia.com.br\/wp-content\/uploads\/2024\/07\/Imagem-12-07-2024-as-15.54.jpg 1788w\" sizes=\"auto, (max-width: 575px) 100vw, 575px\" \/><\/p>\n<p style=\"text-align: center;\">Na primeira p\u00e1gina do livro, Mauro Guari agradece<br \/>\nao Museu da Cidade \/ Casa de Vidro<br \/>\ne \u00e0 Ana Julia K\u00fchl<\/p>\n<p style=\"text-align: center;\"><img loading=\"lazy\" decoding=\"async\" class=\"alignnone size-medium wp-image-15665\" src=\"http:\/\/editorapangeia.com.br\/wp-content\/uploads\/2024\/07\/Guari_qrcode-300x300.png\" alt=\"\" width=\"300\" height=\"300\" srcset=\"https:\/\/editorapangeia.com.br\/wp-content\/uploads\/2024\/07\/Guari_qrcode-300x300.png 300w, https:\/\/editorapangeia.com.br\/wp-content\/uploads\/2024\/07\/Guari_qrcode-150x150.png 150w, https:\/\/editorapangeia.com.br\/wp-content\/uploads\/2024\/07\/Guari_qrcode-400x400.png 400w, https:\/\/editorapangeia.com.br\/wp-content\/uploads\/2024\/07\/Guari_qrcode-100x100.png 100w, https:\/\/editorapangeia.com.br\/wp-content\/uploads\/2024\/07\/Guari_qrcode-50x50.png 50w, https:\/\/editorapangeia.com.br\/wp-content\/uploads\/2024\/07\/Guari_qrcode.png 512w\" sizes=\"auto, (max-width: 300px) 100vw, 300px\" \/><br \/>\n<em>Para mais informa\u00e7\u00f5es!!!<\/em><\/p>\n","protected":false},"excerpt":{"rendered":"<p>Maria e Carlos, duas jovens andorinhas, se perdem dos pais durante uma tempestade de ver\u00e3o na cidade de Campinas, no interior do estado de S\u00e3o Paulo. Ap\u00f3s os rel\u00e2mpagos, a chuva forte, o vento tempestuoso, s\u00e3o acolhidos por Francisco, um bem=te=vi de ar professoral que \u00e9 contador de hist\u00f3rias.E assim ele apresenta a cidade para as jovens andorinhas.<\/p>\n<p>Passam por monumentos, pr\u00e9dios hist\u00f3ricos, \u00e1reas p\u00fablicas, museus, velhas esta\u00e7\u00f5es ferrovi\u00e1rias e novos espa\u00e7os culturais, igrejas, ruas antigas, palacetes, bosques, pr\u00e9dios modernistas, lagos, sempre ouvindo as hist\u00f3rias daqueles espa\u00e7os e cen\u00e1rios, at\u00e9 que reencontram os pais.<\/p>\n<p>A aventura liter\u00e1ria \u00e9 de interesse geral, pois Mauro Guari, na li\u00e7\u00e3o de Liev T\u00f3lstoi, cantou, ap\u00f3s ampla pesquisa hist\u00f3rica e geogr\u00e1fica, o seu local para, assim, falar do mundo, tratou da fam\u00edlia, para falar do humano.<\/p>\n<p>Livro em formato amplo (21cm x 28cm), luxuosamente colorido, com ilustra\u00e7\u00f5es sens\u00edveis de Lily Momisso sobre fotos de Campinas artisticamente trabalhadas, este livro \u00e9 um presente para campineiras e campineiros no m\u00eas do anivers\u00e1rio da cidade.<\/p>\n","protected":false},"featured_media":15667,"comment_status":"open","ping_status":"closed","template":"","meta":[],"product_brand":[],"product_cat":[4080],"product_tag":[3394,3399,2406,3387,3381,3384,3400,3378,366,3396,3393,3401,3389,3397,3398,3391,3382,3385,3072,3388,3392,3386,3380,3383,112,3390,3379,3395],"class_list":{"0":"post-15664","1":"product","2":"type-product","3":"status-publish","4":"has-post-thumbnail","6":"product_cat-infantojuvenil","7":"product_tag-americo-baptista-vilela","8":"product_tag-andorinhas","9":"product_tag-campinas-sp","10":"product_tag-carlos-gomes","11":"product_tag-carol-mattos","12":"product_tag-casa-de-vidro","13":"product_tag-cidade-das-andorinhas","14":"product_tag-cxampinas","15":"product_tag-edicoes-sarue","16":"product_tag-equipe-pangeia","17":"product_tag-francisco-glicerio","18":"product_tag-geografia-de-campinas","19":"product_tag-geovana-ramos-de-oliveira","20":"product_tag-historia-da-cidade","21":"product_tag-historia-de-campinas-sp","22":"product_tag-joao-lopes-de-camargo","23":"product_tag-larissa-alfonsi","24":"product_tag-ler-bricar-criar","25":"product_tag-lily-momisso","26":"product_tag-maestro-carlos-gomes","27":"product_tag-mane-fala-o","28":"product_tag-maria-monteiro","29":"product_tag-mauro-guari","30":"product_tag-museu-da-cidade","31":"product_tag-rauer","32":"product_tag-rita-hayworth","33":"product_tag-um-passeio-por-campinas","34":"product_tag-wenceslao-machado-de-oliveira-junior","35":"product_shipping_class-normal","37":"first","38":"instock","39":"taxable","40":"shipping-taxable","41":"purchasable","42":"product-type-simple"},"_links":{"self":[{"href":"https:\/\/editorapangeia.com.br\/pt_br\/wp-json\/wp\/v2\/product\/15664","targetHints":{"allow":["GET"]}}],"collection":[{"href":"https:\/\/editorapangeia.com.br\/pt_br\/wp-json\/wp\/v2\/product"}],"about":[{"href":"https:\/\/editorapangeia.com.br\/pt_br\/wp-json\/wp\/v2\/types\/product"}],"replies":[{"embeddable":true,"href":"https:\/\/editorapangeia.com.br\/pt_br\/wp-json\/wp\/v2\/comments?post=15664"}],"wp:featuredmedia":[{"embeddable":true,"href":"https:\/\/editorapangeia.com.br\/pt_br\/wp-json\/wp\/v2\/media\/15667"}],"wp:attachment":[{"href":"https:\/\/editorapangeia.com.br\/pt_br\/wp-json\/wp\/v2\/media?parent=15664"}],"wp:term":[{"taxonomy":"product_brand","embeddable":true,"href":"https:\/\/editorapangeia.com.br\/pt_br\/wp-json\/wp\/v2\/product_brand?post=15664"},{"taxonomy":"product_cat","embeddable":true,"href":"https:\/\/editorapangeia.com.br\/pt_br\/wp-json\/wp\/v2\/product_cat?post=15664"},{"taxonomy":"product_tag","embeddable":true,"href":"https:\/\/editorapangeia.com.br\/pt_br\/wp-json\/wp\/v2\/product_tag?post=15664"}],"curies":[{"name":"wp","href":"https:\/\/api.w.org\/{rel}","templated":true}]}}