{"id":15616,"date":"2024-06-27T17:40:16","date_gmt":"2024-06-27T17:40:16","guid":{"rendered":"https:\/\/editorapangeia.com.br\/?post_type=product&#038;p=15616"},"modified":"2025-11-20T17:25:56","modified_gmt":"2025-11-20T17:25:56","slug":"a-mendiga-e-o-andarilho-na-poesia-de-manoel-de-barros-luciene-lemos-de-campos-livro","status":"publish","type":"product","link":"https:\/\/editorapangeia.com.br\/pt_br\/product\/a-mendiga-e-o-andarilho-na-poesia-de-manoel-de-barros-luciene-lemos-de-campos-livro\/","title":{"rendered":"A mendiga e o Andarilho na Poesia de Manoel de Barros, Luciene Lemos de Campos"},"content":{"rendered":"<p>Esse livro prop\u00f5e, de in\u00edcio, dois problemas, um, po\u00e9tico, no \u00e2mbito da est\u00e9tica, e outro \u2013 com duas vertentes, uma po\u00e9tica, outra hist\u00f3rica \u2013, sociol\u00f3gico:<\/p>\n<p style=\"padding-left: 40px;\">1. Qual o motivo da incorpora\u00e7\u00e3o, por Manoel de Barros, em seus poemas, de figuras populares de Corumb\u00e1?<\/p>\n<p style=\"padding-left: 40px;\">2. Qual o sentido ideol\u00f3gico dessa incorpora\u00e7\u00e3o?<\/p>\n<p>No que tange ao segundo problema, o indiciado em <em><strong>A mendiga e o Andarilho na Poesia de Manoel de Barros<\/strong><\/em> ir\u00e1 propiciar, a outros pesquisadores, estudos inovadores acerca da po\u00e9tica de Barros.<\/p>\n<p>Trata-se pois, essa pesquisa e esse livro, de estudo original\u00edssimo, absolutamente incontorn\u00e1vel na recep\u00e7\u00e3o cr\u00edtica \u00e0 obra de Manoel de Barros.<\/p>\n<p style=\"text-align: center;\"><img loading=\"lazy\" decoding=\"async\" class=\"alignnone size-medium wp-image-15617\" src=\"http:\/\/editorapangeia.com.br\/wp-content\/uploads\/2024\/06\/Luciene_capa_3d-300x251.png\" alt=\"\" width=\"300\" height=\"251\" srcset=\"https:\/\/editorapangeia.com.br\/wp-content\/uploads\/2024\/06\/Luciene_capa_3d-300x251.png 300w, https:\/\/editorapangeia.com.br\/wp-content\/uploads\/2024\/06\/Luciene_capa_3d-1024x858.png 1024w, https:\/\/editorapangeia.com.br\/wp-content\/uploads\/2024\/06\/Luciene_capa_3d-768x644.png 768w, https:\/\/editorapangeia.com.br\/wp-content\/uploads\/2024\/06\/Luciene_capa_3d-1536x1288.png 1536w, https:\/\/editorapangeia.com.br\/wp-content\/uploads\/2024\/06\/Luciene_capa_3d-2048x1717.png 2048w, https:\/\/editorapangeia.com.br\/wp-content\/uploads\/2024\/06\/Luciene_capa_3d-700x587.png 700w, https:\/\/editorapangeia.com.br\/wp-content\/uploads\/2024\/06\/Luciene_capa_3d-400x335.png 400w, https:\/\/editorapangeia.com.br\/wp-content\/uploads\/2024\/06\/Luciene_capa_3d-1300x1090.png 1300w\" sizes=\"auto, (max-width: 300px) 100vw, 300px\" \/><\/p>\n","protected":false},"excerpt":{"rendered":"<p>Muito antes do poeta ser reconhecido nacionalmente, Luciene Lemos de Campos j\u00e1 estudava a obra de Manoel de Barros e lia, com estudantes do Ensino M\u00e9dio de Corumb\u00e1, MS, os <em><strong>Poemas Concebidos sem pecado<\/strong><\/em> e outros livros de Barros.<\/p>\n<p><em><strong>A mendiga e o Andarilho na Poesia de Manoel de Barros<\/strong><\/em> examina o engenho e arte que criam o peculiar universo pantaneiro do poeta, e articula a constru\u00e7\u00e3o est\u00e9tica \u00e0 vis\u00e3o de mundo e ao desvelamento das engrenagens sociais e culturais cifradas na obra de Manoel de Barros.<\/p>\n<p>Entre todos os estudos sobre o poeta sulmatogrossense nascido em Cuiab\u00e1, se h\u00e1 um livro fundamental, \u00e9 este.<\/p>\n","protected":false},"featured_media":15619,"comment_status":"open","ping_status":"closed","template":"","meta":[],"product_brand":[],"product_cat":[4081],"product_tag":[3362,2152,3358,1189,2323,3365,2750,3364,2407,3360,3359,3356,156,3355,2342,3363,2329,3361,3366,596,3367,3357,1144,3368,524,599,199],"class_list":{"0":"post-15616","1":"product","2":"type-product","3":"status-publish","4":"has-post-thumbnail","6":"product_cat-estudosliterarios","7":"product_tag-andarilho","8":"product_tag-antirracismo","9":"product_tag-ars-poetica","10":"product_tag-brasil","11":"product_tag-corumba","12":"product_tag-corumba-ms","13":"product_tag-cpan-ufms","14":"product_tag-cuiaba","15":"product_tag-cultura","16":"product_tag-decadencia","17":"product_tag-engenho-e-arte","18":"product_tag-estudos-fronteiricos","19":"product_tag-literatura","20":"product_tag-luciene-lemos-de-campos","21":"product_tag-manoel-de-barros","22":"product_tag-mato-grosso","23":"product_tag-mato-grosso-do-sul","24":"product_tag-mendigo","25":"product_tag-nhecolandia","26":"product_tag-pantanal","27":"product_tag-pantanal-sul-mato-grossense","28":"product_tag-personagens","29":"product_tag-poesia-brasileira","30":"product_tag-poeta-pantaneiro","31":"product_tag-politica","32":"product_tag-rio-paraguai","33":"product_tag-sociedade","34":"product_shipping_class-normal","36":"first","37":"instock","38":"taxable","39":"shipping-taxable","40":"product-type-external"},"_links":{"self":[{"href":"https:\/\/editorapangeia.com.br\/pt_br\/wp-json\/wp\/v2\/product\/15616","targetHints":{"allow":["GET"]}}],"collection":[{"href":"https:\/\/editorapangeia.com.br\/pt_br\/wp-json\/wp\/v2\/product"}],"about":[{"href":"https:\/\/editorapangeia.com.br\/pt_br\/wp-json\/wp\/v2\/types\/product"}],"replies":[{"embeddable":true,"href":"https:\/\/editorapangeia.com.br\/pt_br\/wp-json\/wp\/v2\/comments?post=15616"}],"wp:featuredmedia":[{"embeddable":true,"href":"https:\/\/editorapangeia.com.br\/pt_br\/wp-json\/wp\/v2\/media\/15619"}],"wp:attachment":[{"href":"https:\/\/editorapangeia.com.br\/pt_br\/wp-json\/wp\/v2\/media?parent=15616"}],"wp:term":[{"taxonomy":"product_brand","embeddable":true,"href":"https:\/\/editorapangeia.com.br\/pt_br\/wp-json\/wp\/v2\/product_brand?post=15616"},{"taxonomy":"product_cat","embeddable":true,"href":"https:\/\/editorapangeia.com.br\/pt_br\/wp-json\/wp\/v2\/product_cat?post=15616"},{"taxonomy":"product_tag","embeddable":true,"href":"https:\/\/editorapangeia.com.br\/pt_br\/wp-json\/wp\/v2\/product_tag?post=15616"}],"curies":[{"name":"wp","href":"https:\/\/api.w.org\/{rel}","templated":true}]}}