{"id":15405,"date":"2024-05-29T11:00:14","date_gmt":"2024-05-29T11:00:14","guid":{"rendered":"https:\/\/editorapangeia.com.br\/?post_type=product&#038;p=15405"},"modified":"2025-03-20T00:05:18","modified_gmt":"2025-03-20T00:05:18","slug":"educacao-no-sertao-centro-sul-maranhense-1965-1980-sandra-alves-livro-e-pdf","status":"publish","type":"product","link":"https:\/\/editorapangeia.com.br\/pt_br\/product\/educacao-no-sertao-centro-sul-maranhense-1965-1980-sandra-alves-livro-e-pdf\/","title":{"rendered":"Educa\u00e7\u00e3o no Sert\u00e3o Centro-Sul Maranhense (1965-1980), Sandra Alves"},"content":{"rendered":"<p style=\"text-align: center;\">Veja mais informa\u00e7\u00f5es sobre o<\/p>\n<blockquote>\n<p style=\"text-align: center;\">livro e sobre a autora:<br \/>\n<a href=\"https:\/\/editorapangeia.com.br\/sandra-alves-lanca-alentado-estudo-sobre-a-educacao-no-maranhao\/\"><span style=\"color: #ff0000;\"><strong>CLIQUE AQUI!!!<\/strong><\/span><\/a><br \/>\n<strong>ou utilize o qr-code:<\/strong><br \/>\n<img loading=\"lazy\" decoding=\"async\" class=\"alignnone size-medium wp-image-15400\" src=\"http:\/\/editorapangeia.com.br\/wp-content\/uploads\/2024\/05\/Sandra_Maranhao_qr-code-plus-300x300.png\" alt=\"\" width=\"300\" height=\"300\" srcset=\"https:\/\/editorapangeia.com.br\/wp-content\/uploads\/2024\/05\/Sandra_Maranhao_qr-code-plus-300x300.png 300w, https:\/\/editorapangeia.com.br\/wp-content\/uploads\/2024\/05\/Sandra_Maranhao_qr-code-plus-150x150.png 150w, https:\/\/editorapangeia.com.br\/wp-content\/uploads\/2024\/05\/Sandra_Maranhao_qr-code-plus-400x400.png 400w, https:\/\/editorapangeia.com.br\/wp-content\/uploads\/2024\/05\/Sandra_Maranhao_qr-code-plus-100x100.png 100w, https:\/\/editorapangeia.com.br\/wp-content\/uploads\/2024\/05\/Sandra_Maranhao_qr-code-plus-50x50.png 50w, https:\/\/editorapangeia.com.br\/wp-content\/uploads\/2024\/05\/Sandra_Maranhao_qr-code-plus.png 512w\" sizes=\"auto, (max-width: 300px) 100vw, 300px\" \/><\/p>\n<\/blockquote>\n","protected":false},"excerpt":{"rendered":"<p>Originalmente pesquisa de Doutorado em Educa\u00e7\u00e3o, na \u00e1rea de Hist\u00f3ria das Pol\u00edticas Educacionais no Brasil da Unicamp, este livro foi revisto para esta primeira edi\u00e7\u00e3o em livro.<\/p>\n<p>Sandra Alves \u00e9 professora adjunta da UFMA e diretora do C\u00e2mpus Universit\u00e1rio de Graja\u00fa, cujas escolas s\u00e3o objeto de estudo, em reflex\u00e3o que, por sua profundidade e extens\u00e3o, nos mostra um microcosmo que se repete no Estado e no Pa\u00eds. \u00c9 portanto, este livro, fundamental para a compreens\u00e3o da Educa\u00e7\u00e3o Brasileira, em especial no per\u00edodo do governo militar instaurado a partir de 1964.<\/p>\n<p>O livro demonstra, de modo cabal, que os jogos de poder e a aus\u00eancia de pol\u00edticas de estado para o setor educacional fazem com que a educa\u00e7\u00e3o avance morosamente no maranh\u00e3o e tamb\u00e9m no Brasil.<\/p>\n","protected":false},"featured_media":15389,"comment_status":"open","ping_status":"closed","template":"","meta":[],"product_brand":[],"product_cat":[4083],"product_tag":[3234,2151,2407,453,3540,3235,1913,351,231,3236,3237,3238,2341,3239,2138,3240,3241,2344,3674,3242,112,476,3243,3244,3245,3246,1228,3247,1894],"class_list":{"0":"post-15405","1":"product","2":"type-product","3":"status-publish","4":"has-post-thumbnail","6":"product_cat-educacaoensino","7":"product_tag-campus-universitario-de-grajau","8":"product_tag-capes","9":"product_tag-cultura","10":"product_tag-educacao","11":"product_tag-educacao-e-ensino","12":"product_tag-educacao-no-maranhao","13":"product_tag-educacao-popular","14":"product_tag-ensino","15":"product_tag-filosofia","16":"product_tag-grajau","17":"product_tag-grajau-ma","18":"product_tag-historia-da-educacao","19":"product_tag-identidade","20":"product_tag-interculturalidade","21":"product_tag-lancamento","22":"product_tag-maranhao","23":"product_tag-neusani-oliveira-ives-felix","24":"product_tag-pesquisa","25":"product_tag-ppg","26":"product_tag-raimundinho-assumpcao","27":"product_tag-rauer","28":"product_tag-rauer-ribeiro-rodrigues","29":"product_tag-rosimary-gomes-rocha","30":"product_tag-sandra-alves","31":"product_tag-sandra-maria-barros-alves","32":"product_tag-ubiratane-de-morais-rodrigues","33":"product_tag-universidade","34":"product_tag-universidade-federal-do-maranhao","35":"product_tag-yueh-fernandes","36":"product_shipping_class-normal","38":"first","39":"instock","40":"taxable","41":"shipping-taxable","42":"product-type-grouped"},"_links":{"self":[{"href":"https:\/\/editorapangeia.com.br\/pt_br\/wp-json\/wp\/v2\/product\/15405","targetHints":{"allow":["GET"]}}],"collection":[{"href":"https:\/\/editorapangeia.com.br\/pt_br\/wp-json\/wp\/v2\/product"}],"about":[{"href":"https:\/\/editorapangeia.com.br\/pt_br\/wp-json\/wp\/v2\/types\/product"}],"replies":[{"embeddable":true,"href":"https:\/\/editorapangeia.com.br\/pt_br\/wp-json\/wp\/v2\/comments?post=15405"}],"wp:featuredmedia":[{"embeddable":true,"href":"https:\/\/editorapangeia.com.br\/pt_br\/wp-json\/wp\/v2\/media\/15389"}],"wp:attachment":[{"href":"https:\/\/editorapangeia.com.br\/pt_br\/wp-json\/wp\/v2\/media?parent=15405"}],"wp:term":[{"taxonomy":"product_brand","embeddable":true,"href":"https:\/\/editorapangeia.com.br\/pt_br\/wp-json\/wp\/v2\/product_brand?post=15405"},{"taxonomy":"product_cat","embeddable":true,"href":"https:\/\/editorapangeia.com.br\/pt_br\/wp-json\/wp\/v2\/product_cat?post=15405"},{"taxonomy":"product_tag","embeddable":true,"href":"https:\/\/editorapangeia.com.br\/pt_br\/wp-json\/wp\/v2\/product_tag?post=15405"}],"curies":[{"name":"wp","href":"https:\/\/api.w.org\/{rel}","templated":true}]}}