{"id":15354,"date":"2024-05-14T12:00:06","date_gmt":"2024-05-14T12:00:06","guid":{"rendered":"https:\/\/editorapangeia.com.br\/?post_type=product&#038;p=15354"},"modified":"2025-11-21T10:47:38","modified_gmt":"2025-11-21T10:47:38","slug":"questoes-sobre-educacao-inclusiva-ifsp-sjc-kelem-zapparoli-org-livro-e-pdf","status":"publish","type":"product","link":"https:\/\/editorapangeia.com.br\/pt_br\/product\/questoes-sobre-educacao-inclusiva-ifsp-sjc-kelem-zapparoli-org-livro-e-pdf\/","title":{"rendered":"Quest\u00f5es Sobre Educa\u00e7\u00e3o Inclusiva &#8211; IFSP \/ SJC, Kelem Zapparoli (Org.)"},"content":{"rendered":"<p style=\"text-align: center;\">Para mais informa\u00e7\u00f5es sobre este livro<br \/>\n<a href=\"https:\/\/editorapangeia.com.br\/?s=Inclusiva\"><span style=\"color: #ff0000;\"><strong>CLIQUE AQUI!!!<\/strong><\/span><\/a><\/p>\n<p><img loading=\"lazy\" decoding=\"async\" class=\"alignnone wp-image-15345 aligncenter\" src=\"http:\/\/editorapangeia.com.br\/wp-content\/uploads\/2024\/05\/IMG_3220-225x300.jpeg\" alt=\"\" width=\"444\" height=\"592\" srcset=\"https:\/\/editorapangeia.com.br\/wp-content\/uploads\/2024\/05\/IMG_3220-225x300.jpeg 225w, https:\/\/editorapangeia.com.br\/wp-content\/uploads\/2024\/05\/IMG_3220-768x1024.jpeg 768w, https:\/\/editorapangeia.com.br\/wp-content\/uploads\/2024\/05\/IMG_3220-1152x1536.jpeg 1152w, https:\/\/editorapangeia.com.br\/wp-content\/uploads\/2024\/05\/IMG_3220-1536x2048.jpeg 1536w, https:\/\/editorapangeia.com.br\/wp-content\/uploads\/2024\/05\/IMG_3220-700x933.jpeg 700w, https:\/\/editorapangeia.com.br\/wp-content\/uploads\/2024\/05\/IMG_3220-300x400.jpeg 300w, https:\/\/editorapangeia.com.br\/wp-content\/uploads\/2024\/05\/IMG_3220-525x700.jpeg 525w, https:\/\/editorapangeia.com.br\/wp-content\/uploads\/2024\/05\/IMG_3220-975x1300.jpeg 975w, https:\/\/editorapangeia.com.br\/wp-content\/uploads\/2024\/05\/IMG_3220-scaled.jpeg 1920w\" sizes=\"auto, (max-width: 444px) 100vw, 444px\" \/><\/p>\n<p style=\"text-align: center;\"><img loading=\"lazy\" decoding=\"async\" class=\"alignnone wp-image-15346\" src=\"http:\/\/editorapangeia.com.br\/wp-content\/uploads\/2024\/05\/IMG_3223-225x300.jpeg\" alt=\"\" width=\"444\" height=\"592\" srcset=\"https:\/\/editorapangeia.com.br\/wp-content\/uploads\/2024\/05\/IMG_3223-225x300.jpeg 225w, https:\/\/editorapangeia.com.br\/wp-content\/uploads\/2024\/05\/IMG_3223-768x1024.jpeg 768w, https:\/\/editorapangeia.com.br\/wp-content\/uploads\/2024\/05\/IMG_3223-1152x1536.jpeg 1152w, https:\/\/editorapangeia.com.br\/wp-content\/uploads\/2024\/05\/IMG_3223-1536x2048.jpeg 1536w, https:\/\/editorapangeia.com.br\/wp-content\/uploads\/2024\/05\/IMG_3223-700x933.jpeg 700w, https:\/\/editorapangeia.com.br\/wp-content\/uploads\/2024\/05\/IMG_3223-300x400.jpeg 300w, https:\/\/editorapangeia.com.br\/wp-content\/uploads\/2024\/05\/IMG_3223-525x700.jpeg 525w, https:\/\/editorapangeia.com.br\/wp-content\/uploads\/2024\/05\/IMG_3223-975x1300.jpeg 975w, https:\/\/editorapangeia.com.br\/wp-content\/uploads\/2024\/05\/IMG_3223-scaled.jpeg 1920w\" sizes=\"auto, (max-width: 444px) 100vw, 444px\" \/><br \/>\nVeja mais fotos do encontro:<br \/>\n<a href=\"https:\/\/editorapangeia.com.br\/?s=Inclusiva\"><strong>CLIQUE AQUI!!!<\/strong><\/a><\/p>\n<p style=\"text-align: center;\"><img loading=\"lazy\" decoding=\"async\" class=\"alignnone wp-image-15347 aligncenter\" src=\"http:\/\/editorapangeia.com.br\/wp-content\/uploads\/2024\/05\/IMG_3227-300x225.jpeg\" alt=\"\" width=\"452\" height=\"339\" srcset=\"https:\/\/editorapangeia.com.br\/wp-content\/uploads\/2024\/05\/IMG_3227-300x225.jpeg 300w, https:\/\/editorapangeia.com.br\/wp-content\/uploads\/2024\/05\/IMG_3227-1024x768.jpeg 1024w, https:\/\/editorapangeia.com.br\/wp-content\/uploads\/2024\/05\/IMG_3227-768x576.jpeg 768w, https:\/\/editorapangeia.com.br\/wp-content\/uploads\/2024\/05\/IMG_3227-1536x1152.jpeg 1536w, https:\/\/editorapangeia.com.br\/wp-content\/uploads\/2024\/05\/IMG_3227-2048x1536.jpeg 2048w, https:\/\/editorapangeia.com.br\/wp-content\/uploads\/2024\/05\/IMG_3227-700x525.jpeg 700w, https:\/\/editorapangeia.com.br\/wp-content\/uploads\/2024\/05\/IMG_3227-400x300.jpeg 400w, https:\/\/editorapangeia.com.br\/wp-content\/uploads\/2024\/05\/IMG_3227-1300x975.jpeg 1300w\" sizes=\"auto, (max-width: 452px) 100vw, 452px\" \/>Reuni\u00e3o de Congra\u00e7amento de autores do<br \/>\nlivro em SJC no dia 18 de maio de 2024<\/p>\n<p><img loading=\"lazy\" decoding=\"async\" class=\"wp-image-15160 aligncenter\" src=\"http:\/\/editorapangeia.com.br\/wp-content\/uploads\/2022\/12\/meuEbookResetei-300x251.png\" alt=\"\" width=\"643\" height=\"538\" srcset=\"https:\/\/editorapangeia.com.br\/wp-content\/uploads\/2022\/12\/meuEbookResetei-300x251.png 300w, https:\/\/editorapangeia.com.br\/wp-content\/uploads\/2022\/12\/meuEbookResetei-1024x858.png 1024w, https:\/\/editorapangeia.com.br\/wp-content\/uploads\/2022\/12\/meuEbookResetei-768x644.png 768w, https:\/\/editorapangeia.com.br\/wp-content\/uploads\/2022\/12\/meuEbookResetei-1536x1288.png 1536w, https:\/\/editorapangeia.com.br\/wp-content\/uploads\/2022\/12\/meuEbookResetei-2048x1717.png 2048w, https:\/\/editorapangeia.com.br\/wp-content\/uploads\/2022\/12\/meuEbookResetei-700x587.png 700w, https:\/\/editorapangeia.com.br\/wp-content\/uploads\/2022\/12\/meuEbookResetei-400x335.png 400w, https:\/\/editorapangeia.com.br\/wp-content\/uploads\/2022\/12\/meuEbookResetei-1300x1090.png 1300w\" sizes=\"auto, (max-width: 643px) 100vw, 643px\" \/><\/p>\n<p style=\"text-align: center;\">APRESENTA\u00c7\u00c3O<br \/>\nKelem Zapparoli<br \/>\n8<\/p>\n<p style=\"text-align: center;\">CAP\u00cdTULO 1<br \/>\nDIVERSIDADE HUMANA E INCLUS\u00c3O<br \/>\nAlisson Juan Marcondes dos Santos<br \/>\n9<\/p>\n<p style=\"text-align: center;\">CAP\u00cdTULO 2<br \/>\nBREVE HIST\u00d3RICO E CONTEXTUALIZA\u00c7\u00c3O<br \/>\nDA PESSOA COM DEFICI\u00caNCIA<br \/>\nIsabela Noima Alves Monteoliva<br \/>\n15<\/p>\n<p style=\"text-align: center;\">CAP\u00cdTULO 3<br \/>\nO QUE \u00c9 EDUCA\u00c7\u00c3O INCLUSIVA<br \/>\nAnalice Hello Cavalli; Nathalia Aline Cunha Lopes<br \/>\n25<\/p>\n<p style=\"text-align: center;\">CAP\u00cdTULO 4<br \/>\nCONCEITUA\u00c7\u00c3O DAS PESSOAS P\u00daBLICO-ALVO DA<br \/>\nEDUCA\u00c7\u00c3O ESPECIAL NA PERSPECTIVA INCLUSIVA<br \/>\nPatricia de Souza Barboza dos Santos<br \/>\n31<\/p>\n<p style=\"text-align: center;\">CAP\u00cdTULO 5<br \/>\nAS BARREIRAS DA INCLUS\u00c3O<br \/>\nFrancisco Jos\u00e9 Silva Barros; L\u00edgia Marcondes<br \/>\n42<\/p>\n<p style=\"text-align: center;\">CAP\u00cdTULO 6<br \/>\nDESENHO UNIVERSAL DA APRENDIZAGEM<br \/>\nE ADEQUA\u00c7\u00c3O CURRICULAR<br \/>\nAna Carolina Guedes Fernandes de Sousa<br \/>\n53<\/p>\n<p style=\"text-align: center;\">CAP\u00cdTULO 7<br \/>\nA IMPORT\u00c2NCIA DA PARCERIA COM A FAM\u00cdLIA PARA A<br \/>\nCONSTRU\u00c7\u00c3O DE UMA ESCOLA INCLUSIVA<br \/>\nCleidimara da Luz Carneiro Prado; Denise Silva Siqueira<br \/>\n57<\/p>\n<p style=\"text-align: center;\">CAP\u00cdTULO 8<br \/>\nPLANEJAMENTO INCLUSIVO: BIDOC\u00caNCIA E<br \/>\nTRABALHO COLABORATIVO<br \/>\nHenrique de Paiva<br \/>\n64<\/p>\n<p style=\"text-align: center;\">CAP\u00cdTULO 9<br \/>\nFORMA\u00c7\u00c3O DOCENTE E A EDUCA\u00c7\u00c3O<br \/>\nINCLUSIVA: UMA AN\u00c1LISE<br \/>\nCURRICULAR<br \/>\nEduardo Soares da Silva; Ellen Soares da Silva<br \/>\n76<\/p>\n<p style=\"text-align: center;\">CAP\u00cdTULO 10<br \/>\nLETRAMENTO CIENT\u00cdFICO<br \/>\nTabata do Prado Sato; Maria Helane Lucas Santos<br \/>\nSouza; Fabiana Sato Mattez Mendes<br \/>\n85<\/p>\n<p style=\"text-align: center;\">CAP\u00cdTULO 11<br \/>\nABORDAGENS DE EDUCA\u00c7\u00c3O INCLUSIVA DE<br \/>\nMATEM\u00c1TICA E CI\u00caNCIAS DA NATUREZA<br \/>\nTiago Coelho de Campos; Gisele Pampanini Dias<br \/>\n90<\/p>\n<p style=\"text-align: center;\">CAP\u00cdTULO 12<br \/>\nARTE PARA ESTUDANTES COM BAIXA VIS\u00c3O OU CEGUEIRA<br \/>\nIsabela Ramos; Luiz Alberto de Souza<br \/>\n103<\/p>\n<p style=\"text-align: center;\">CAP\u00cdTULO 13<br \/>\nESTRAT\u00c9GIAS L\u00daDICAS PARA O ENSINO DA CRIAN\u00c7A<br \/>\nCOM TRANSTORNO DO ESPECTRO AUTISTA<br \/>\nK\u00e1tia Silva; Ot\u00e1vio Tonelotto<br \/>\n117<\/p>\n<p style=\"text-align: center;\">CAP\u00cdTULO 14<br \/>\nINCLUS\u00c3O ESCOLAR DE SURDOS<br \/>\nK\u00e1tia Yatsue Nakau; Luciana Alves da Silva Machado<br \/>\n122<\/p>\n<p style=\"text-align: center;\">CAP\u00cdTULO 15<br \/>\nRELATO DE EXPERI\u00caNCIA DE UMA PR\u00c1TICA PEDAG\u00d3GICA<br \/>\nINCLUSIVA ATRAV\u00c9S DA CARTOGRAFIA SOCIAL<br \/>\nJos\u00e9 Roberto Menezes Leal Junior<br \/>\n130<\/p>\n<p style=\"text-align: center;\">Obras da Pangeia Editorial<br \/>\n136<\/p>\n<p style=\"text-align: center;\">Colof\u00e3o<br \/>\n137<\/p>\n","protected":false},"excerpt":{"rendered":"<p>O livro <em><strong>Quest\u00f5es sobre Educa\u00e7\u00e3o Inclusiva\u00a0<\/strong><\/em>decorre de trabalhos realizados pelos alunos de P\u00f3s-Gradua\u00e7\u00e3o <em>lato sensu<\/em> em Doc\u00eancia na Educa\u00e7\u00e3o B\u00e1sica no Instituto Federal de Educa\u00e7\u00e3o, Ci\u00eancia e Tecnologia de S\u00e3o Paulo, IFSP, C\u00e2mpus SJC &#8211; S\u00e3o Jos\u00e9 dos Campos, turma 2020-2021, e foi organizado pela Profa. Kelem Zapparoli.<\/p>\n<p>Trata, em seus 15 cap\u00edtulos e na Apresenta\u00e7\u00e3o, de diferentes aspectos pedag\u00f3gicos da inclus\u00e3o. Fundamental para todos que amam o ensino.<\/p>\n","protected":false},"featured_media":15159,"comment_status":"open","ping_status":"closed","template":"","meta":[],"product_brand":[],"product_cat":[4083],"product_tag":[2152,3171,453,3136,351,5080,348,450,3138,3139],"class_list":{"0":"post-15354","1":"product","2":"type-product","3":"status-publish","4":"has-post-thumbnail","6":"product_cat-educacaoensino","7":"product_tag-antirracismo","8":"product_tag-cadernos-de-docencia","9":"product_tag-educacao","10":"product_tag-educacao-inclusiva","11":"product_tag-ensino","12":"product_tag-formacao-antirracista","13":"product_tag-formacao-docente","14":"product_tag-inclusao","15":"product_tag-itsp-sjc","16":"product_tag-surdos","17":"product_shipping_class-normal","19":"first","20":"instock","21":"sold-individually","22":"taxable","23":"shipping-taxable","24":"product-type-grouped"},"_links":{"self":[{"href":"https:\/\/editorapangeia.com.br\/pt_br\/wp-json\/wp\/v2\/product\/15354","targetHints":{"allow":["GET"]}}],"collection":[{"href":"https:\/\/editorapangeia.com.br\/pt_br\/wp-json\/wp\/v2\/product"}],"about":[{"href":"https:\/\/editorapangeia.com.br\/pt_br\/wp-json\/wp\/v2\/types\/product"}],"replies":[{"embeddable":true,"href":"https:\/\/editorapangeia.com.br\/pt_br\/wp-json\/wp\/v2\/comments?post=15354"}],"wp:featuredmedia":[{"embeddable":true,"href":"https:\/\/editorapangeia.com.br\/pt_br\/wp-json\/wp\/v2\/media\/15159"}],"wp:attachment":[{"href":"https:\/\/editorapangeia.com.br\/pt_br\/wp-json\/wp\/v2\/media?parent=15354"}],"wp:term":[{"taxonomy":"product_brand","embeddable":true,"href":"https:\/\/editorapangeia.com.br\/pt_br\/wp-json\/wp\/v2\/product_brand?post=15354"},{"taxonomy":"product_cat","embeddable":true,"href":"https:\/\/editorapangeia.com.br\/pt_br\/wp-json\/wp\/v2\/product_cat?post=15354"},{"taxonomy":"product_tag","embeddable":true,"href":"https:\/\/editorapangeia.com.br\/pt_br\/wp-json\/wp\/v2\/product_tag?post=15354"}],"curies":[{"name":"wp","href":"https:\/\/api.w.org\/{rel}","templated":true}]}}