{"id":15282,"date":"2024-02-05T15:00:33","date_gmt":"2024-02-05T15:00:33","guid":{"rendered":"https:\/\/editorapangeia.com.br\/?post_type=product&#038;p=15282"},"modified":"2025-01-08T18:46:34","modified_gmt":"2025-01-08T18:46:34","slug":"inquieta-alegria-nima-spigolon-trilingue","status":"publish","type":"product","link":"https:\/\/editorapangeia.com.br\/pt_br\/product\/inquieta-alegria-nima-spigolon-trilingue\/","title":{"rendered":"Inquieta Alegria (tril\u00edngue), Nima Spigolon"},"content":{"rendered":"<p><strong>NIMA SPIGOLON<\/strong> \u00e9 poeta, escritora, artvista e professora.<\/p>\n<p><strong>MARIAMA SOARES <\/strong>\u00e9 artista e ilustradora, sendo licenciada em Letras.<\/p>\n<p><strong>FERNANDA LLANOS<\/strong> nasceu no Peru e \u00e9 brasileira; professora de espanhol, cursa Pedagogia.<\/p>\n<p><strong>SHEILA PALIS<\/strong> \u00e9 professora na Cultura Inglesa, tendo cursado Pedagogia.<\/p>\n<blockquote>\n<p style=\"text-align: center;\">Mais informa\u00e7\u00f5es sobre autora, tradutoras, e a capista,<br \/>\nilustradora e diagramadora deste livro:<br \/>\n<span style=\"color: #ff0000;\"><strong>Clique <a style=\"color: #ff0000;\" href=\"https:\/\/editorapangeia.com.br\/?s=inquieta+alegria\">AQUI<\/a>!!!<\/strong><\/span><\/p>\n<\/blockquote>\n<p style=\"text-align: center;\"><img loading=\"lazy\" decoding=\"async\" class=\"alignnone wp-image-15291\" src=\"http:\/\/editorapangeia.com.br\/wp-content\/uploads\/2024\/05\/Imagem-07-05-2024-as-13.34-295x300.jpg\" alt=\"\" width=\"490\" height=\"498\" srcset=\"https:\/\/editorapangeia.com.br\/wp-content\/uploads\/2024\/05\/Imagem-07-05-2024-as-13.34-295x300.jpg 295w, https:\/\/editorapangeia.com.br\/wp-content\/uploads\/2024\/05\/Imagem-07-05-2024-as-13.34-1006x1024.jpg 1006w, https:\/\/editorapangeia.com.br\/wp-content\/uploads\/2024\/05\/Imagem-07-05-2024-as-13.34-768x781.jpg 768w, https:\/\/editorapangeia.com.br\/wp-content\/uploads\/2024\/05\/Imagem-07-05-2024-as-13.34-700x712.jpg 700w, https:\/\/editorapangeia.com.br\/wp-content\/uploads\/2024\/05\/Imagem-07-05-2024-as-13.34-393x400.jpg 393w, https:\/\/editorapangeia.com.br\/wp-content\/uploads\/2024\/05\/Imagem-07-05-2024-as-13.34-688x700.jpg 688w, https:\/\/editorapangeia.com.br\/wp-content\/uploads\/2024\/05\/Imagem-07-05-2024-as-13.34-50x50.jpg 50w, https:\/\/editorapangeia.com.br\/wp-content\/uploads\/2024\/05\/Imagem-07-05-2024-as-13.34.jpg 1030w\" sizes=\"auto, (max-width: 490px) 100vw, 490px\" \/><\/p>\n<p style=\"text-align: center;\"><strong>Conhe\u00e7a outros livros da autora:<br \/>\n<span style=\"color: #ff0000;\"><a style=\"color: #ff0000;\" href=\"https:\/\/editorapangeia.com.br\/?s=spigolon\">CLIQUE AQUI!!!!<\/a><\/span><\/strong><\/p>\n","protected":false},"excerpt":{"rendered":"<p>Conhe\u00e7a 0s versos e o ritmo da inquieta alegria em portugu\u00eas, ingl\u00eas e espanhol!<\/p>\n<p>Um poema para crian\u00e7as de todas as idades, um convite \u00e0 amorosidade e \u00e0 coletividade.<\/p>\n","protected":false},"featured_media":15285,"comment_status":"open","ping_status":"closed","template":"","meta":[],"product_brand":[],"product_cat":[4080],"product_tag":[3182,303,366,3075,200,453,351,3181,3185,3183,3180,594,156,157,187,316,367,3184,528,111,1144,1892],"class_list":{"0":"post-15282","1":"product","2":"type-product","3":"status-publish","4":"has-post-thumbnail","6":"product_cat-infantojuvenil","7":"product_tag-castelhano","8":"product_tag-edicoes-dionysius","9":"product_tag-edicoes-sarue","10":"product_tag-edicoes-sarue-apresenta","11":"product_tag-editora-pangeia","12":"product_tag-educacao","13":"product_tag-ensino","14":"product_tag-espanhol","15":"product_tag-fernanda-llanos","16":"product_tag-ingles","17":"product_tag-inquieta-alegria","18":"product_tag-ler-brincar-criar","19":"product_tag-literatura","20":"product_tag-literatura-brasileira","21":"product_tag-literatura-brasileira-contemporanea","22":"product_tag-literatura-infantil","23":"product_tag-literatura-infantojuvenil","24":"product_tag-mariama-soares","25":"product_tag-nima-spigolon","26":"product_tag-poesia","27":"product_tag-poesia-brasileira","28":"product_tag-sheila-palis","29":"product_shipping_class-normal","31":"first","32":"instock","33":"taxable","34":"shipping-taxable","35":"purchasable","36":"product-type-simple"},"_links":{"self":[{"href":"https:\/\/editorapangeia.com.br\/pt_br\/wp-json\/wp\/v2\/product\/15282","targetHints":{"allow":["GET"]}}],"collection":[{"href":"https:\/\/editorapangeia.com.br\/pt_br\/wp-json\/wp\/v2\/product"}],"about":[{"href":"https:\/\/editorapangeia.com.br\/pt_br\/wp-json\/wp\/v2\/types\/product"}],"replies":[{"embeddable":true,"href":"https:\/\/editorapangeia.com.br\/pt_br\/wp-json\/wp\/v2\/comments?post=15282"}],"wp:featuredmedia":[{"embeddable":true,"href":"https:\/\/editorapangeia.com.br\/pt_br\/wp-json\/wp\/v2\/media\/15285"}],"wp:attachment":[{"href":"https:\/\/editorapangeia.com.br\/pt_br\/wp-json\/wp\/v2\/media?parent=15282"}],"wp:term":[{"taxonomy":"product_brand","embeddable":true,"href":"https:\/\/editorapangeia.com.br\/pt_br\/wp-json\/wp\/v2\/product_brand?post=15282"},{"taxonomy":"product_cat","embeddable":true,"href":"https:\/\/editorapangeia.com.br\/pt_br\/wp-json\/wp\/v2\/product_cat?post=15282"},{"taxonomy":"product_tag","embeddable":true,"href":"https:\/\/editorapangeia.com.br\/pt_br\/wp-json\/wp\/v2\/product_tag?post=15282"}],"curies":[{"name":"wp","href":"https:\/\/api.w.org\/{rel}","templated":true}]}}