{"id":15269,"date":"2024-05-17T21:00:53","date_gmt":"2024-05-17T21:00:53","guid":{"rendered":"https:\/\/editorapangeia.com.br\/?post_type=product&#038;p=15269"},"modified":"2025-04-25T17:35:18","modified_gmt":"2025-04-25T17:35:18","slug":"microconto-sala-aula-edemir-bagon","status":"publish","type":"product","link":"https:\/\/editorapangeia.com.br\/pt_br\/product\/microconto-sala-aula-edemir-bagon\/","title":{"rendered":"O Microconto em Sala de Aula, Edemir Bagon"},"content":{"rendered":"<blockquote>\n<p style=\"text-align: center;\">Veja mais informa\u00e7\u00f5es sobre o<br \/>\nlivro e sobre o autor:<br \/>\n<a href=\"https:\/\/editorapangeia.com.br\/?s=Bagon\"><span style=\"color: #ff0000;\"><strong>AQUI!!!<\/strong><\/span><\/a><\/p>\n<\/blockquote>\n","protected":false},"excerpt":{"rendered":"<p>Descubra o poder da brevidade com \u201cO Microconto em Sala de Aula\u201d de Edemir Fernandes Bagon, publicado pela Editora Pangeia!<\/p>\n<p>Este livro \u00e9 uma ferramenta indispens\u00e1vel para educadores que desejam explorar a arte da narrativa concisa em suas salas de aula.<\/p>\n<p>Com uma abordagem pr\u00e1tica e envolvente, Bagon oferece insights valiosos sobre como utilizar microcontos para promover a criatividade, a reflex\u00e3o e o desenvolvimento das habilidades liter\u00e1rias dos alunos.<\/p>\n<p>Prepare-se para transformar suas aulas em espa\u00e7os de imagina\u00e7\u00e3o e aprendizado com \u201cO Microconto em Sala de Aula\u201d.<\/p>\n","protected":false},"featured_media":15278,"comment_status":"open","ping_status":"closed","template":"","meta":[],"product_brand":[],"product_cat":[4081],"product_tag":[3178,3171,3177,3168,3169,453,351,3175,3172,231,3173,893,360,3170,347,414,3174,112,476,434,3107,3176,530,2753],"class_list":{"0":"post-15269","1":"product","2":"type-product","3":"status-publish","4":"has-post-thumbnail","6":"product_cat-estudosliterarios","7":"product_tag-eu-professor-pangeia","8":"product_tag-cadernos-de-docencia","9":"product_tag-docencia","10":"product_tag-edemir-bagon","11":"product_tag-edemir-fernandes-bagon","12":"product_tag-educacao","13":"product_tag-ensino","14":"product_tag-escola-publica","15":"product_tag-escrita-literaria","16":"product_tag-filosofia","17":"product_tag-ler-e-escrever-em-sala-de-aula","18":"product_tag-lingua-portuguesa","19":"product_tag-microconto","20":"product_tag-microconto-em-sala-de-aula","21":"product_tag-pedagogia","22":"product_tag-profletras","23":"product_tag-profletras-cptl-ufms","24":"product_tag-rauer","25":"product_tag-rauer-ribeiro-rodrigues","26":"product_tag-teoria-da-literatura","27":"product_tag-teoria-literaria","28":"product_tag-teoria-pedagogica","29":"product_tag-unicamp","30":"product_tag-usp","31":"product_shipping_class-normal","33":"first","34":"instock","35":"taxable","36":"shipping-taxable","37":"product-type-external"},"_links":{"self":[{"href":"https:\/\/editorapangeia.com.br\/pt_br\/wp-json\/wp\/v2\/product\/15269","targetHints":{"allow":["GET"]}}],"collection":[{"href":"https:\/\/editorapangeia.com.br\/pt_br\/wp-json\/wp\/v2\/product"}],"about":[{"href":"https:\/\/editorapangeia.com.br\/pt_br\/wp-json\/wp\/v2\/types\/product"}],"replies":[{"embeddable":true,"href":"https:\/\/editorapangeia.com.br\/pt_br\/wp-json\/wp\/v2\/comments?post=15269"}],"wp:featuredmedia":[{"embeddable":true,"href":"https:\/\/editorapangeia.com.br\/pt_br\/wp-json\/wp\/v2\/media\/15278"}],"wp:attachment":[{"href":"https:\/\/editorapangeia.com.br\/pt_br\/wp-json\/wp\/v2\/media?parent=15269"}],"wp:term":[{"taxonomy":"product_brand","embeddable":true,"href":"https:\/\/editorapangeia.com.br\/pt_br\/wp-json\/wp\/v2\/product_brand?post=15269"},{"taxonomy":"product_cat","embeddable":true,"href":"https:\/\/editorapangeia.com.br\/pt_br\/wp-json\/wp\/v2\/product_cat?post=15269"},{"taxonomy":"product_tag","embeddable":true,"href":"https:\/\/editorapangeia.com.br\/pt_br\/wp-json\/wp\/v2\/product_tag?post=15269"}],"curies":[{"name":"wp","href":"https:\/\/api.w.org\/{rel}","templated":true}]}}