{"id":15100,"date":"2024-04-23T20:25:49","date_gmt":"2024-04-23T20:25:49","guid":{"rendered":"https:\/\/editorapangeia.com.br\/?post_type=product&#038;p=15100"},"modified":"2025-01-08T18:28:48","modified_gmt":"2025-01-08T18:28:48","slug":"arquitetos-decadencia-frederico-cabala","status":"publish","type":"product","link":"https:\/\/editorapangeia.com.br\/pt_br\/product\/arquitetos-decadencia-frederico-cabala\/","title":{"rendered":"Arquitetos da Decad\u00eancia: L\u00facio Cardoso e Nelson Rodrigues, Frederico Cabala &#8211; Livro"},"content":{"rendered":"","protected":false},"excerpt":{"rendered":"<p>As rela\u00e7\u00f5es pessoais conturbadas entre Nelson Rodrigues e L\u00facio Cardoso decorreram de vis\u00f5es diversas de mundo, da literatura, de est\u00e9tica e dos modos de narrar, quase ant\u00edpodas. Das obras realizadas, Frederico Cabala nos mostra, no entanto, que ambos constru\u00edram &#8220;universos ficcionais decadentes&#8221;.<\/p>\n<p>Fruto de sua pesquisa de mestrado, este livro de Frederico Cabala, al\u00e9m do que demonstra, abre potenciais perspectivas de diferentes estudos tanto da obra de L\u00facio Cardoso quanto da obra de Nelson Rodrigues.<\/p>\n","protected":false},"featured_media":15101,"comment_status":"open","ping_status":"closed","template":"","meta":[],"product_brand":[],"product_cat":[4081],"product_tag":[3103,3102,3104,157,3101,3105,3106,434,3107,1226,163],"class_list":{"0":"post-15100","1":"product","2":"type-product","3":"status-publish","4":"has-post-thumbnail","6":"product_cat-estudosliterarios","7":"product_tag-arquitetos-da-decadencia","8":"product_tag-ceu-escuro","9":"product_tag-frederico-cabala","10":"product_tag-literatura-brasileira","11":"product_tag-lucio-cardoso","12":"product_tag-poslit-uff","13":"product_tag-realismo","14":"product_tag-teoria-da-literatura","15":"product_tag-teoria-literaria","16":"product_tag-uerj","17":"product_tag-uff","18":"product_shipping_class-normal","20":"first","21":"instock","22":"taxable","23":"shipping-taxable","24":"purchasable","25":"product-type-simple"},"_links":{"self":[{"href":"https:\/\/editorapangeia.com.br\/pt_br\/wp-json\/wp\/v2\/product\/15100","targetHints":{"allow":["GET"]}}],"collection":[{"href":"https:\/\/editorapangeia.com.br\/pt_br\/wp-json\/wp\/v2\/product"}],"about":[{"href":"https:\/\/editorapangeia.com.br\/pt_br\/wp-json\/wp\/v2\/types\/product"}],"replies":[{"embeddable":true,"href":"https:\/\/editorapangeia.com.br\/pt_br\/wp-json\/wp\/v2\/comments?post=15100"}],"wp:featuredmedia":[{"embeddable":true,"href":"https:\/\/editorapangeia.com.br\/pt_br\/wp-json\/wp\/v2\/media\/15101"}],"wp:attachment":[{"href":"https:\/\/editorapangeia.com.br\/pt_br\/wp-json\/wp\/v2\/media?parent=15100"}],"wp:term":[{"taxonomy":"product_brand","embeddable":true,"href":"https:\/\/editorapangeia.com.br\/pt_br\/wp-json\/wp\/v2\/product_brand?post=15100"},{"taxonomy":"product_cat","embeddable":true,"href":"https:\/\/editorapangeia.com.br\/pt_br\/wp-json\/wp\/v2\/product_cat?post=15100"},{"taxonomy":"product_tag","embeddable":true,"href":"https:\/\/editorapangeia.com.br\/pt_br\/wp-json\/wp\/v2\/product_tag?post=15100"}],"curies":[{"name":"wp","href":"https:\/\/api.w.org\/{rel}","templated":true}]}}