{"id":15095,"date":"2024-04-23T20:24:12","date_gmt":"2024-04-23T20:24:12","guid":{"rendered":"https:\/\/editorapangeia.com.br\/?post_type=product&#038;p=15095"},"modified":"2025-01-08T18:32:31","modified_gmt":"2025-01-08T18:32:31","slug":"ceu-escuro-a-figuracao-do-resal-em-lucio-cardoso-frederico-cabala-livro","status":"publish","type":"product","link":"https:\/\/editorapangeia.com.br\/pt_br\/product\/ceu-escuro-a-figuracao-do-resal-em-lucio-cardoso-frederico-cabala-livro\/","title":{"rendered":"C\u00e9u Escuro: A Figura\u00e7\u00e3o do Real em L\u00facio Cardoso, Frederico Cabala &#8211; Livro"},"content":{"rendered":"","protected":false},"excerpt":{"rendered":"<p>&#8220;A imagina\u00e7\u00e3o \u00e9 tudo e \u00e9 dela que parto para atingir a realidade&#8221;, afirmou L\u00facio Cardoso certa vez. O estudo de Frederico Cabala nos mostra, no entanto, no &#8220;c\u00e9u escuro&#8221; do romance do autor mineiro, &#8220;a figura\u00e7\u00e3o do real&#8221;, certo tipo de &#8220;realismo&#8221;, &#8220;uma caracteriza\u00e7\u00e3o de mundo exterior&#8221; a partir do crivo psicol\u00f3gico das personagens, que assim ecoam &#8220;quest\u00f5es sociais pugentes&#8221;.<\/p>\n<p>Um estudo potente, que reaviva debate central da obra de L\u00facio Cardoso e da teoria liter\u00e1ria que estuda a literatura brasileira da primeira metade do s\u00e9culo XX.<\/p>\n","protected":false},"featured_media":15099,"comment_status":"open","ping_status":"closed","template":"","meta":[],"product_brand":[],"product_cat":[4081],"product_tag":[3103,3102,3104,157,3101,3105,3106,434,3107,1226,163],"class_list":{"0":"post-15095","1":"product","2":"type-product","3":"status-publish","4":"has-post-thumbnail","6":"product_cat-estudosliterarios","7":"product_tag-arquitetos-da-decadencia","8":"product_tag-ceu-escuro","9":"product_tag-frederico-cabala","10":"product_tag-literatura-brasileira","11":"product_tag-lucio-cardoso","12":"product_tag-poslit-uff","13":"product_tag-realismo","14":"product_tag-teoria-da-literatura","15":"product_tag-teoria-literaria","16":"product_tag-uerj","17":"product_tag-uff","18":"product_shipping_class-normal","20":"first","21":"instock","22":"taxable","23":"shipping-taxable","24":"purchasable","25":"product-type-simple"},"_links":{"self":[{"href":"https:\/\/editorapangeia.com.br\/pt_br\/wp-json\/wp\/v2\/product\/15095","targetHints":{"allow":["GET"]}}],"collection":[{"href":"https:\/\/editorapangeia.com.br\/pt_br\/wp-json\/wp\/v2\/product"}],"about":[{"href":"https:\/\/editorapangeia.com.br\/pt_br\/wp-json\/wp\/v2\/types\/product"}],"replies":[{"embeddable":true,"href":"https:\/\/editorapangeia.com.br\/pt_br\/wp-json\/wp\/v2\/comments?post=15095"}],"wp:featuredmedia":[{"embeddable":true,"href":"https:\/\/editorapangeia.com.br\/pt_br\/wp-json\/wp\/v2\/media\/15099"}],"wp:attachment":[{"href":"https:\/\/editorapangeia.com.br\/pt_br\/wp-json\/wp\/v2\/media?parent=15095"}],"wp:term":[{"taxonomy":"product_brand","embeddable":true,"href":"https:\/\/editorapangeia.com.br\/pt_br\/wp-json\/wp\/v2\/product_brand?post=15095"},{"taxonomy":"product_cat","embeddable":true,"href":"https:\/\/editorapangeia.com.br\/pt_br\/wp-json\/wp\/v2\/product_cat?post=15095"},{"taxonomy":"product_tag","embeddable":true,"href":"https:\/\/editorapangeia.com.br\/pt_br\/wp-json\/wp\/v2\/product_tag?post=15095"}],"curies":[{"name":"wp","href":"https:\/\/api.w.org\/{rel}","templated":true}]}}