{"id":15087,"date":"2024-01-01T23:00:52","date_gmt":"2024-01-01T23:00:52","guid":{"rendered":"https:\/\/editorapangeia.com.br\/?post_type=product&#038;p=15087"},"modified":"2025-05-24T13:40:55","modified_gmt":"2025-05-24T13:40:55","slug":"livro-de-teste-download","status":"publish","type":"product","link":"https:\/\/editorapangeia.com.br\/pt_br\/product\/livro-de-teste-download\/","title":{"rendered":"HAIMI \u2013 O Sabor do Haikai \u2013 Edital do 2\u00ba Concurso Liter\u00e1rio @haikai.brasil"},"content":{"rendered":"<p style=\"text-align: left;\">Edital do 2\u00ba Concurso Liter\u00e1rio @haikai.brasil<\/p>\n<p style=\"text-align: center;\"><em><strong>HAIMI: O Sabor do Haikai. <\/strong><\/em><\/p>\n<p style=\"text-align: center;\"><strong><span style=\"color: #ff0000;\">Inscri\u00e7\u00f5es at\u00e9 31 de maio de 2024.<\/span><\/strong><\/p>\n<p>ALTERNATIVAS PARA BAIXAR O TEMPLATE:<\/p>\n<p>Para baixar o EDITAL + TEMPLATE, fa\u00e7a \u2013 por favor \u2013 seu registro na Loja (o ambiente \u00e9 totalmente seguro, criptografado, dentro do WordPress e do WooCommerce), respeitamos a LGPD e jamais comercializaremos ou cederemos dados a terceiros.<\/p>\n<p>Em seguida, logado, baixe GRATUITAMENTE o arquivo.<\/p>\n<div>\n<p align=\"center\">Tendo dificuldade para baixar o Template da loja, utilize este link:&lt;<a href=\"https:\/\/editorapangeia.com.br\/wp-content\/uploads\/2024\/04\/HAIMI-Edital-e-Template-do-2o-Concurso-Literario-@haikai.brasil.pdf\">https:\/\/docs.google.com\/document\/d\/1I6cV9FOnABwEwiL9obFYpt7wcICBvMXN\/<\/a>&gt;<br \/>\nou solicite o template no email abaixo:<br \/>\n&lt;hb.haikai.brasil@gmail.com&gt;<\/p>\n<\/div>\n<p style=\"text-align: center;\">Tendo dificuldade, por favor, nos escreva:<br \/>\n&lt;r3.editora.pangeia@gmail.com&gt;.<\/p>\n<p style=\"text-align: center;\">Nos siga em nossas redes sociais para ter em<br \/>\nprimeira m\u00e3o novas not\u00edcias do Concurso:<\/p>\n<p style=\"text-align: center;\">@edicoes.dionysius<br \/>\n@pangeiaeditora<\/p>\n<p style=\"text-align: center;\">Para mais informa\u00e7\u00f5es, clique <a href=\"https:\/\/editorapangeia.com.br\/2o-concurso-literario-haikai-brasil-haimi-o-sabor-do-haikai\/\"><strong>AQUI<\/strong><\/a> e <a href=\"https:\/\/editorapangeia.com.br\/?s=Haikai\"><strong>AQUI<\/strong><\/a>.<\/p>\n<p style=\"text-align: center;\">Somos gratos por sua participa\u00e7\u00e3o e por divulgar este Concurso.<\/p>\n<p style=\"text-align: center;\">Obrigado!, abra\u00e7o!!!<\/p>\n<p style=\"text-align: center;\"><a href=\"https:\/\/editorapangeia.com.br\/wp-content\/uploads\/2024\/04\/HAIMI-Edital-e-Template-do-2o-Concurso-Literario-@haikai.brasil.pdf\">HAIMI \u2013 Edital e Template do 2\u00ba Concurso Liter\u00e1rio @haikai.brasil<\/a><\/p>\n","protected":false},"excerpt":{"rendered":"<p>[post-views]<br \/>\n<em><strong>HAIMI: O Sabor do Haikai<\/strong><\/em><\/p>\n<p style=\"text-align: center;\"><em><strong>2\u00ba Concurso Liter\u00e1rio @haikai.brasil<\/strong><\/em><br \/>\nEdital + Template<\/p>\n<p>Clique no bot\u00e3o abaixo para baixar o arquivo. O arquivo \u00e9 inteiramente gratuito, e tamb\u00e9m \u00e9 gratuita a inscri\u00e7\u00e3o no Concurso. N\u00e3o h\u00e1 nenhuma contrapartida solicitada. Os dados informados s\u00e3o utilizados somente para a inscri\u00e7\u00e3o no Concurso e publica\u00e7\u00e3o no livro.<\/p>\n<p>No arquivo, est\u00e3o o Edital e o Template.<\/p>\n","protected":false},"featured_media":14530,"comment_status":"open","ping_status":"closed","template":"","meta":[],"product_brand":[],"product_cat":[4091,4077],"product_tag":[3202,2066,2969,2966,2067,2965,2970,303,1229,2968,225,156,1291,885,111,1144,112,476,1363,2967,564],"class_list":{"0":"post-15087","1":"product","2":"type-product","3":"status-publish","4":"has-post-thumbnail","6":"product_cat-haikai","7":"product_cat-poesia","8":"product_tag-brasilio-haijin","9":"product_tag-concurso","10":"product_tag-concurso-haikai-brasil","11":"product_tag-concurso-de-haikai","12":"product_tag-concurso-haicai-brasil","13":"product_tag-concurso-literario","14":"product_tag-concurso-pangeia","15":"product_tag-edicoes-dionysius","16":"product_tag-haicai","17":"product_tag-haijin","18":"product_tag-haikai","19":"product_tag-literatura","20":"product_tag-pangeia-editorial","21":"product_tag-poema-zen","22":"product_tag-poesia","23":"product_tag-poesia-brasileira","24":"product_tag-rauer","25":"product_tag-rauer-ribeiro-rodrigues","26":"product_tag-rauer-rodrigues","27":"product_tag-willia","28":"product_tag-willia-katia-oliveira","29":"product_shipping_class-normal","31":"first","32":"instock","33":"taxable","34":"shipping-taxable","35":"product-type-external"},"_links":{"self":[{"href":"https:\/\/editorapangeia.com.br\/pt_br\/wp-json\/wp\/v2\/product\/15087","targetHints":{"allow":["GET"]}}],"collection":[{"href":"https:\/\/editorapangeia.com.br\/pt_br\/wp-json\/wp\/v2\/product"}],"about":[{"href":"https:\/\/editorapangeia.com.br\/pt_br\/wp-json\/wp\/v2\/types\/product"}],"replies":[{"embeddable":true,"href":"https:\/\/editorapangeia.com.br\/pt_br\/wp-json\/wp\/v2\/comments?post=15087"}],"wp:featuredmedia":[{"embeddable":true,"href":"https:\/\/editorapangeia.com.br\/pt_br\/wp-json\/wp\/v2\/media\/14530"}],"wp:attachment":[{"href":"https:\/\/editorapangeia.com.br\/pt_br\/wp-json\/wp\/v2\/media?parent=15087"}],"wp:term":[{"taxonomy":"product_brand","embeddable":true,"href":"https:\/\/editorapangeia.com.br\/pt_br\/wp-json\/wp\/v2\/product_brand?post=15087"},{"taxonomy":"product_cat","embeddable":true,"href":"https:\/\/editorapangeia.com.br\/pt_br\/wp-json\/wp\/v2\/product_cat?post=15087"},{"taxonomy":"product_tag","embeddable":true,"href":"https:\/\/editorapangeia.com.br\/pt_br\/wp-json\/wp\/v2\/product_tag?post=15087"}],"curies":[{"name":"wp","href":"https:\/\/api.w.org\/{rel}","templated":true}]}}