{"id":14930,"date":"2025-06-16T08:30:55","date_gmt":"2025-06-16T08:30:55","guid":{"rendered":"https:\/\/editorapangeia.com.br\/?post_type=product&#038;p=14930"},"modified":"2025-06-16T14:21:00","modified_gmt":"2025-06-16T14:21:00","slug":"a-sabiazinha-sonhadora-rizera-livro-infantojuvenil","status":"publish","type":"product","link":"https:\/\/editorapangeia.com.br\/pt_br\/product\/a-sabiazinha-sonhadora-rizera-livro-infantojuvenil\/","title":{"rendered":"A Sabiazinha Sonhadora, Rizera"},"content":{"rendered":"<p><em><strong>A Sabiazinha Sonhadora<\/strong><\/em> \u00e9 um livro que emociona e motiva, trazendo essa personagem sonhadora que tem algumas limita\u00e7\u00f5es e enfrenta v\u00e1rias dificuldades em busca dos seus sonhos, uma hist\u00f3ria que com certeza vai ensinar e inspirar nossas crian\u00e7as!<br \/>\nEmo\u00e7\u00e3o, empatia e perseveran\u00e7a, esse conto para crian\u00e7as de todas as idades \u00e9 uma li\u00e7\u00e3o de vida.<br \/>\nVoc\u00ea que tem filhos, filhas, sobrinhas, netinhos, enfim todo tipo de pr\u00edncipes e princesas na sua fam\u00edlia, leve a cultura da leitura para eles e presenteie agora suas crian\u00e7as.<\/p>\n<p><strong>RIZERA<\/strong> \u00e9 m\u00fasico e escritor, formado em administra\u00e7\u00e3o e especialista em finan\u00e7as, com larga trajet\u00f3ria no mercado banc\u00e1rio e imobili\u00e1rio. Atualmente se dedica ao prop\u00f3sito de tocar almas e despertar mentes atrav\u00e9s da m\u00fasica, da literatura e do ensino.<\/p>\n<p><strong>LILY MOMISSO\u00a0<\/strong>\u00e9 artista e ilustradora; o ato criativo se transforma em um meio para sentir a vida atrav\u00e9s de um \u00e2ngulo e de cores inexploradas. Sua arte \u00e9 uma maneira de criar v\u00ednculos com o jeito que enxerga o mundo.<\/p>\n<p><strong>YUEH FERNANDES<\/strong> tem 30 anos, \u00e9 autora de horror e fantasia, e especializada em design gr\u00e1fico de impressos, assina diversos trabalho (autora, diagramadora, capista). \u00c9 amapaense, reside em Belo Horizonte e \u00e9 bruxa por autodetermina\u00e7\u00e3o.<\/p>\n<blockquote>\n<p style=\"text-align: center;\">Mais informa\u00e7\u00f5es sobre autor, capista e<br \/>\nilustradora, a diagramadora e o<br \/>\nlivro \u2013 Clique <a href=\"http:\/\/editorapangeia.com.br\/blog\"><strong>AQUI<\/strong><\/a>!!!<\/p>\n<\/blockquote>\n","protected":false},"excerpt":{"rendered":"<p>Conhe\u00e7a a hist\u00f3ria de Ana Banana, a Sabiazinha Sonhadora, que contra tudo e todos consegue o inimagin\u00e1vel!<\/p>\n<p>Emo\u00e7\u00e3o, empatia, perseveran\u00e7a, esse conto para crian\u00e7as de todas as idades \u00e9 uma li\u00e7\u00e3o de vida.<\/p>\n","protected":false},"featured_media":14931,"comment_status":"open","ping_status":"closed","template":"","meta":[],"product_brand":[],"product_cat":[4080],"product_tag":[3074,303,366,3075,200,453,351,594,3072,156,157,187,316,367,3071,3720,3719,3073,1894],"class_list":{"0":"post-14930","1":"product","2":"type-product","3":"status-publish","4":"has-post-thumbnail","6":"product_cat-infantojuvenil","7":"product_tag-a-sabizinha-sonhadora","8":"product_tag-edicoes-dionysius","9":"product_tag-edicoes-sarue","10":"product_tag-edicoes-sarue-apresenta","11":"product_tag-editora-pangeia","12":"product_tag-educacao","13":"product_tag-ensino","14":"product_tag-ler-brincar-criar","15":"product_tag-lily-momisso","16":"product_tag-literatura","17":"product_tag-literatura-brasileira","18":"product_tag-literatura-brasileira-contemporanea","19":"product_tag-literatura-infantil","20":"product_tag-literatura-infantojuvenil","21":"product_tag-rizera","22":"product_tag-rizio","23":"product_tag-rizio-macedo-rodrigues","24":"product_tag-sabiazinha-sonhadora","25":"product_tag-yueh-fernandes","26":"product_shipping_class-normal","28":"first","29":"instock","30":"taxable","31":"shipping-taxable","32":"purchasable","33":"product-type-simple"},"_links":{"self":[{"href":"https:\/\/editorapangeia.com.br\/pt_br\/wp-json\/wp\/v2\/product\/14930","targetHints":{"allow":["GET"]}}],"collection":[{"href":"https:\/\/editorapangeia.com.br\/pt_br\/wp-json\/wp\/v2\/product"}],"about":[{"href":"https:\/\/editorapangeia.com.br\/pt_br\/wp-json\/wp\/v2\/types\/product"}],"replies":[{"embeddable":true,"href":"https:\/\/editorapangeia.com.br\/pt_br\/wp-json\/wp\/v2\/comments?post=14930"}],"wp:featuredmedia":[{"embeddable":true,"href":"https:\/\/editorapangeia.com.br\/pt_br\/wp-json\/wp\/v2\/media\/14931"}],"wp:attachment":[{"href":"https:\/\/editorapangeia.com.br\/pt_br\/wp-json\/wp\/v2\/media?parent=14930"}],"wp:term":[{"taxonomy":"product_brand","embeddable":true,"href":"https:\/\/editorapangeia.com.br\/pt_br\/wp-json\/wp\/v2\/product_brand?post=14930"},{"taxonomy":"product_cat","embeddable":true,"href":"https:\/\/editorapangeia.com.br\/pt_br\/wp-json\/wp\/v2\/product_cat?post=14930"},{"taxonomy":"product_tag","embeddable":true,"href":"https:\/\/editorapangeia.com.br\/pt_br\/wp-json\/wp\/v2\/product_tag?post=14930"}],"curies":[{"name":"wp","href":"https:\/\/api.w.org\/{rel}","templated":true}]}}