{"id":14766,"date":"2023-12-01T12:00:50","date_gmt":"2023-12-01T12:00:50","guid":{"rendered":"https:\/\/editorapangeia.com.br\/?post_type=product&#038;p=14766"},"modified":"2025-11-21T10:50:42","modified_gmt":"2025-11-21T10:50:42","slug":"a-menina-quilombola-de-maria-edimaci-e-maxwell-barbosa-leite-livro","status":"publish","type":"product","link":"https:\/\/editorapangeia.com.br\/pt_br\/product\/a-menina-quilombola-de-maria-edimaci-e-maxwell-barbosa-leite-livro\/","title":{"rendered":"A Menina Quilombola, 1a. ed., Maria Edimaci, Maxwell Barbosa Leite"},"content":{"rendered":"<p><em><strong>A menina quilombola <\/strong><\/em>\u00e9 um livro de Maria Edimaci Teixeira Barbosa Leite e Maxwell Wallace Barbosa Leite, com diagrama\u00e7\u00e3o, ilustra\u00e7\u00f5es e capa de Tatiana Santos.<\/p>\n<p>Conhe\u00e7a tamb\u00e9m a edi\u00e7\u00e3o tril\u00edngue de\u00a0<em><strong>A menina Quilombola<\/strong><\/em>, clicando <a href=\"https:\/\/editorapangeia.com.br\/pt_br\/product\/a-menina-quilombola-2a-ed-trilingue-maria-edimaci-maxwell-barbosa-leite\/\"><span style=\"color: #ff0000;\"><strong>AQUI<\/strong><\/span><\/a>.<\/p>\n<p>Eis a ep\u00edgrafe:<\/p>\n<p style=\"text-align: center;\">LIBERDADE \u2013 essa palavra<br \/>\nque o sonho humano alimenta:<br \/>\nque n\u00e3o h\u00e1 ningu\u00e9m que explique,<br \/>\ne ningu\u00e9m que n\u00e3o entenda!<\/p>\n<p style=\"text-align: center;\"><strong>Cec\u00edlia Meireles<br \/>\n<\/strong><em><strong>Romanceiro da Inconfid\u00eancia<\/strong><br \/>\n<\/em>Romance XXIV ou<br \/>\nDa bandeira da Inconfid\u00eancia<\/p>\n","protected":false},"excerpt":{"rendered":"<p>Um sonho se avulta no cora\u00e7\u00e3o e na mente de uma menina quilombola de dez anos \u2013 este livro \u00e9 o registro deste sonho.<\/p>\n<p>O sonho nasce no seio de uma comunidade distante dos centros urbanos, entre afazeres cotidianos, e se consubstancia na dedica\u00e7\u00e3o aos estudos, na busca de um futuro melhor para a crian\u00e7a que sonha e para a comunidade em que nasceu.<\/p>\n<p>Em pequenos posf\u00e1cios, o livro conta com coment\u00e1rios das Profas. Dras. Ruth Aparecida Viana da Silva e Sebastiana Aparecida Moreira.<\/p>\n<p>Pe\u00e7a j\u00e1 o seu exemplar e receba junto os lindos marcadores de p\u00e1gina das Edi\u00e7\u00f5es Saru\u00ea.<\/p>\n","protected":false},"featured_media":14769,"comment_status":"open","ping_status":"closed","template":"","meta":[],"product_brand":[],"product_cat":[4080],"product_tag":[3028,3029,366,200,5080,348,3032,2441,3033,594,3023,3025,3026,3024,3027,3035,1291,3034,112,476,1363,3031,3030,2690],"class_list":{"0":"post-14766","1":"product","2":"type-product","3":"status-publish","4":"has-post-thumbnail","6":"product_cat-infantojuvenil","7":"product_tag-a-menina-quilombola","8":"product_tag-cecilia-meireles","9":"product_tag-edicoes-sarue","10":"product_tag-editora-pangeia","11":"product_tag-formacao-antirracista","12":"product_tag-formacao-docente","13":"product_tag-historia-oral","14":"product_tag-joakin-sereno","15":"product_tag-kalunga-do-alpino","16":"product_tag-ler-brincar-criar","17":"product_tag-maria-edimaci","18":"product_tag-maria-edimaci-teixeira","19":"product_tag-maria-edimaci-teixeira-barbosa-leite","20":"product_tag-maxwell-wallace-barbosa-leite","21":"product_tag-menina-quilombola","22":"product_tag-mimoso-kalunga-albino","23":"product_tag-pangeia-editorial","24":"product_tag-parana-tocantins","25":"product_tag-rauer","26":"product_tag-rauer-ribeiro-rodrigues","27":"product_tag-rauer-rodrigues","28":"product_tag-ruth-aparecida-viana-da-silva","29":"product_tag-sebastiana-aparecida-moreira","30":"product_tag-tatiana-santos","31":"product_shipping_class-normal","33":"first","34":"instock","35":"taxable","36":"shipping-taxable","37":"product-type-external"},"_links":{"self":[{"href":"https:\/\/editorapangeia.com.br\/pt_br\/wp-json\/wp\/v2\/product\/14766","targetHints":{"allow":["GET"]}}],"collection":[{"href":"https:\/\/editorapangeia.com.br\/pt_br\/wp-json\/wp\/v2\/product"}],"about":[{"href":"https:\/\/editorapangeia.com.br\/pt_br\/wp-json\/wp\/v2\/types\/product"}],"replies":[{"embeddable":true,"href":"https:\/\/editorapangeia.com.br\/pt_br\/wp-json\/wp\/v2\/comments?post=14766"}],"wp:featuredmedia":[{"embeddable":true,"href":"https:\/\/editorapangeia.com.br\/pt_br\/wp-json\/wp\/v2\/media\/14769"}],"wp:attachment":[{"href":"https:\/\/editorapangeia.com.br\/pt_br\/wp-json\/wp\/v2\/media?parent=14766"}],"wp:term":[{"taxonomy":"product_brand","embeddable":true,"href":"https:\/\/editorapangeia.com.br\/pt_br\/wp-json\/wp\/v2\/product_brand?post=14766"},{"taxonomy":"product_cat","embeddable":true,"href":"https:\/\/editorapangeia.com.br\/pt_br\/wp-json\/wp\/v2\/product_cat?post=14766"},{"taxonomy":"product_tag","embeddable":true,"href":"https:\/\/editorapangeia.com.br\/pt_br\/wp-json\/wp\/v2\/product_tag?post=14766"}],"curies":[{"name":"wp","href":"https:\/\/api.w.org\/{rel}","templated":true}]}}