{"id":14628,"date":"2025-06-16T09:30:31","date_gmt":"2025-06-16T09:30:31","guid":{"rendered":"https:\/\/editorapangeia.com.br\/?post_type=product&#038;p=14628"},"modified":"2025-11-21T10:37:49","modified_gmt":"2025-11-21T10:37:49","slug":"elza-freire-e-paulo-freire-noites-de-exilio-dias-de-utopia","status":"publish","type":"product","link":"https:\/\/editorapangeia.com.br\/pt_br\/product\/elza-freire-e-paulo-freire-noites-de-exilio-dias-de-utopia\/","title":{"rendered":"Elza Freire e Paulo Freire &#8211; Vol. 2: noites de ex\u00edlio, dias de utopia, Nima Spigolon"},"content":{"rendered":"<p>Com uma vida acade\u0302mica inteira dedicada ao estudo da educadora Elza Freire, Nima Spigolon, professora da Unicamp, estudiosa de Elza e Paulo desde o mestrado, que iniciou em 2006, foi a\u0300s fontes e a diversos pai\u0301ses, pesquisou em bibliotecas e em acervos, e entrevistou dezenas de pessoas; assim, desvela e revela os caminhos de Elza, o encontro e o casamento com Paulo Freire, o cuidado com os filhos, o trabalho pedago\u0301gico comum, o exi\u0301lio, o retorno ao Brasil e os u\u0301ltimos anos de Elza Freire.<\/p>\n<p>O volume 1 da TR\u00cdADE ELZA FREIRE apresenta o percurso de Elza at\u00e9 o casamento com Paulo e a caminhada conjunta, at\u00e9 1964, na formula\u00e7\u00e3o das ideias pedag\u00f3gicas, a partir da pr\u00e1tica nas escolas e em outros espa\u00e7os educacionais.<\/p>\n<p>O volume 2, <em><strong>Elza Freire e Paulo Freire: noites de ex\u00edlio, dias de utopia<\/strong><\/em>, apresenta a di\u00e1spora da Fam\u00edlia Freire e o aprofundamento das reflex\u00f5es pol\u00edtico-pedag\u00f3gicas que uniram Elza e Paulo.<\/p>\n<p style=\"text-align: center;\"><img loading=\"lazy\" decoding=\"async\" class=\"alignnone wp-image-15835\" src=\"http:\/\/editorapangeia.com.br\/wp-content\/uploads\/2024\/08\/Nima_recebe_Jabuti-257x300.jpeg\" alt=\"\" width=\"358\" height=\"417\" srcset=\"https:\/\/editorapangeia.com.br\/wp-content\/uploads\/2024\/08\/Nima_recebe_Jabuti-257x300.jpeg 257w, https:\/\/editorapangeia.com.br\/wp-content\/uploads\/2024\/08\/Nima_recebe_Jabuti-768x895.jpeg 768w, https:\/\/editorapangeia.com.br\/wp-content\/uploads\/2024\/08\/Nima_recebe_Jabuti-700x816.jpeg 700w, https:\/\/editorapangeia.com.br\/wp-content\/uploads\/2024\/08\/Nima_recebe_Jabuti-343x400.jpeg 343w, https:\/\/editorapangeia.com.br\/wp-content\/uploads\/2024\/08\/Nima_recebe_Jabuti-601x700.jpeg 601w, https:\/\/editorapangeia.com.br\/wp-content\/uploads\/2024\/08\/Nima_recebe_Jabuti.jpeg 848w\" sizes=\"auto, (max-width: 358px) 100vw, 358px\" \/><br \/>\n<em>Nima recebe o Jabuti Acad\u00eamico, na primeira<br \/>\nedi\u00e7\u00e3o do pr\u00eamio, em 2024, na categoria<br \/>\n<\/em><strong>Educa\u00e7\u00e3o e Ensino<\/strong><\/p>\n<p>Eis a TRI\u0301ADE ELZA FREIRE:<\/p>\n<ol>\n<li><strong><em>Elza Freire e Paulo Freire: por uma Pedagogia da Convive\u0302ncia<\/em><\/strong> &#8211; 2a. edi\u00e7\u00e3o, revista e ampliada, lan\u00e7ada em dezembro de 2022, no formato 14x21cm, 392 p\u00e1ginas;<\/li>\n<li><em><strong>Elza Freire e Paulo Freire: Noites de Exi\u0301lio, Dias de Utopia<\/strong><\/em> &#8211; 1a. edi\u00e7\u00e3o lan\u00e7ada em novembro de 2023, formato 16x23cm, 784 p\u00e1ginas, com ampla iconografia \u2013 <strong>Vencedor do Pr\u00eamio Jabuti Acad\u00eamico 2024 na categoria Educa\u00e7\u00e3o e Ensino<\/strong>;<\/li>\n<li><strong><em>Elza Freire e Paulo Freire: Fotobiografia<\/em><\/strong> &#8211; lan\u00e7amento previsto para 2025<\/li>\n<\/ol>\n<p style=\"text-align: center;\"><img loading=\"lazy\" decoding=\"async\" class=\"alignnone wp-image-15919\" src=\"http:\/\/editorapangeia.com.br\/wp-content\/uploads\/2024\/08\/Capa-simples-com-Selo-Jabuti-shop-213x300.png\" alt=\"\" width=\"376\" height=\"530\" srcset=\"https:\/\/editorapangeia.com.br\/wp-content\/uploads\/2024\/08\/Capa-simples-com-Selo-Jabuti-shop-213x300.png 213w, https:\/\/editorapangeia.com.br\/wp-content\/uploads\/2024\/08\/Capa-simples-com-Selo-Jabuti-shop-726x1024.png 726w, https:\/\/editorapangeia.com.br\/wp-content\/uploads\/2024\/08\/Capa-simples-com-Selo-Jabuti-shop-768x1084.png 768w, https:\/\/editorapangeia.com.br\/wp-content\/uploads\/2024\/08\/Capa-simples-com-Selo-Jabuti-shop-700x988.png 700w, https:\/\/editorapangeia.com.br\/wp-content\/uploads\/2024\/08\/Capa-simples-com-Selo-Jabuti-shop-283x400.png 283w, https:\/\/editorapangeia.com.br\/wp-content\/uploads\/2024\/08\/Capa-simples-com-Selo-Jabuti-shop-496x700.png 496w, https:\/\/editorapangeia.com.br\/wp-content\/uploads\/2024\/08\/Capa-simples-com-Selo-Jabuti-shop-921x1300.png 921w, https:\/\/editorapangeia.com.br\/wp-content\/uploads\/2024\/08\/Capa-simples-com-Selo-Jabuti-shop.png 1004w\" sizes=\"auto, (max-width: 376px) 100vw, 376px\" \/><\/p>\n<p><strong>TRI\u0301ADE ELZA FREIRE<\/strong> &#8211; este projeto da Editora Pangeia \u00e9 um marco nos estudos freireanos.<\/p>\n<p style=\"text-align: center;\">Para mais informa\u00e7\u00f5es,<br \/>\n<a href=\"https:\/\/editorapangeia.com.br\/?s=Elza+Freire\"><span style=\"color: #ff0000;\"><strong>CLIQUE AQUI!!!<\/strong><\/span><\/a><\/p>\n<p style=\"text-align: center;\">~ \u00a0 0 \u00a0 ~<\/p>\n<p>Novo por aqui? Eis algumas orienta\u00e7\u00f5es para seu primeiro pedido.<\/p>\n<p>Fa\u00e7a seu cadastro na loja e realize o seu pedido logado. A plataforma \u00e9 segura, criptografada, e seus dados jamais ser\u00e3o repassados a terceiros. Voc\u00ea est\u00e1 dentro do WordPress e do WooCommerce, plataformas padr\u00f5es de mercado, n\u00f3s respeitamos a LGPD e jamais comercializamos ou cedemos dados.<\/p>\n<p>Em seguida, logado, fa\u00e7a o seu pedido e escolha o m\u00e9todo de pagamento: cart\u00e3o de cr\u00e9dito, boleto ou Pix. Voc\u00ea pode tamb\u00e9m fazer o seu pedido por WhatsApp, sem logar na loja.<\/p>\n<p style=\"text-align: center;\"><strong>Tendo dificuldade, por favor, nos escreva:<\/strong><br \/>\n&lt;r3.editora.pangeia@gmail.com&gt;;<br \/>\nwhats: +55 19 9 9907 7555<\/p>\n<p>Nos siga em nossas redes sociais para ter em primeira m\u00e3o not\u00edcias de lan\u00e7amentos, concursos, atividades pedag\u00f3gicas, textos liter\u00e1rios e resenhas sobre nossos livros:<\/p>\n<p style=\"text-align: center;\">@edicoes.dionysius<br \/>\n@pangeiaeditora<br \/>\n@edicoes.sarue<br \/>\n@haikai.brasil<br \/>\n@eu.professor.pangeia<\/p>\n<blockquote>\n<p style=\"text-align: center;\">Obrigado!, abra\u00e7o!!!<\/p>\n<\/blockquote>\n<p style=\"text-align: center;\">~ \u00a0 0 \u00a0 ~<\/p>\n<p><strong>Para dialogar conosco<\/strong>:<\/p>\n<p style=\"padding-left: 80px;\">\u201cPANGEIA EDITORIAL\u201d &lt;pangeiaeditorial@gmail.com&gt;.<br \/>\nEm alternativa, se preferir, nos contacte por Whats: +55 19 9 9907 7555.<\/p>\n<blockquote>\n<p style=\"text-align: center;\"><strong>Para conhe\u00e7er outros lan\u00e7amentos da Pangeia,<br \/>\n<a href=\"https:\/\/editorapangeia.com.br\/shop\/\">CLIQUE AQUI !!!<\/a><\/strong><\/p>\n<\/blockquote>\n<p style=\"text-align: center;\"><strong>Para publicar na Pangeia &#8211; selos Dionysius, Pangeia ou Saru\u00ea,<br \/>\n<\/strong><strong>escreva para &lt;meu.livro.na@editorapangeia.com.br&gt;<\/strong><\/p>\n<p style=\"text-align: center;\">~ \u00a0 0 \u00a0 ~<\/p>\n<p style=\"text-align: center;\"><img loading=\"lazy\" decoding=\"async\" class=\"alignnone wp-image-14691\" src=\"http:\/\/editorapangeia.com.br\/wp-content\/uploads\/2024\/02\/Imagem-14-02-2024-as-17.43-270x300.jpeg\" alt=\"\" width=\"413\" height=\"459\" srcset=\"https:\/\/editorapangeia.com.br\/wp-content\/uploads\/2024\/02\/Imagem-14-02-2024-as-17.43-270x300.jpeg 270w, https:\/\/editorapangeia.com.br\/wp-content\/uploads\/2024\/02\/Imagem-14-02-2024-as-17.43-768x854.jpeg 768w, https:\/\/editorapangeia.com.br\/wp-content\/uploads\/2024\/02\/Imagem-14-02-2024-as-17.43-700x779.jpeg 700w, https:\/\/editorapangeia.com.br\/wp-content\/uploads\/2024\/02\/Imagem-14-02-2024-as-17.43-360x400.jpeg 360w, https:\/\/editorapangeia.com.br\/wp-content\/uploads\/2024\/02\/Imagem-14-02-2024-as-17.43-629x700.jpeg 629w, https:\/\/editorapangeia.com.br\/wp-content\/uploads\/2024\/02\/Imagem-14-02-2024-as-17.43.jpeg 837w\" sizes=\"auto, (max-width: 413px) 100vw, 413px\" \/> <img loading=\"lazy\" decoding=\"async\" class=\"alignnone wp-image-14692\" src=\"http:\/\/editorapangeia.com.br\/wp-content\/uploads\/2024\/02\/Imagem-14-02-2024-as-17.42-172x300.jpeg\" alt=\"\" width=\"407\" height=\"710\" srcset=\"https:\/\/editorapangeia.com.br\/wp-content\/uploads\/2024\/02\/Imagem-14-02-2024-as-17.42-172x300.jpeg 172w, https:\/\/editorapangeia.com.br\/wp-content\/uploads\/2024\/02\/Imagem-14-02-2024-as-17.42-587x1024.jpeg 587w, https:\/\/editorapangeia.com.br\/wp-content\/uploads\/2024\/02\/Imagem-14-02-2024-as-17.42-700x1221.jpeg 700w, https:\/\/editorapangeia.com.br\/wp-content\/uploads\/2024\/02\/Imagem-14-02-2024-as-17.42-229x400.jpeg 229w, https:\/\/editorapangeia.com.br\/wp-content\/uploads\/2024\/02\/Imagem-14-02-2024-as-17.42-401x700.jpeg 401w, https:\/\/editorapangeia.com.br\/wp-content\/uploads\/2024\/02\/Imagem-14-02-2024-as-17.42.jpeg 738w\" sizes=\"auto, (max-width: 407px) 100vw, 407px\" \/><\/p>\n","protected":false},"excerpt":{"rendered":"<p>Com este livro, <strong><em>Elza Freire e Paulo Freire: Noites de Ex\u00edlio, Dias de Utopia<\/em><\/strong>, a Profa. Nima Spigolon (Unicamp) recebeu o Pr\u00eamio Jabuti Acad\u00eamico 2024 na categoria Educa\u00e7\u00e3o e Ensino em evento da C\u00e2mara Brasileira do Livro, CBL, que ocorreu na noite de 6 de agosto de 2024 no Teatro S\u00e9rgio Cardoso, em S\u00e3o Paulo.<\/p>\n<p style=\"text-align: center;\"><img loading=\"lazy\" decoding=\"async\" class=\"alignnone size-medium wp-image-15861\" src=\"http:\/\/editorapangeia.com.br\/wp-content\/uploads\/2024\/08\/b8e4558d-d379-4bf6-895d-0a796042425c-240x300.jpg\" alt=\"\" width=\"240\" height=\"300\" srcset=\"https:\/\/editorapangeia.com.br\/wp-content\/uploads\/2024\/08\/b8e4558d-d379-4bf6-895d-0a796042425c-240x300.jpg 240w, https:\/\/editorapangeia.com.br\/wp-content\/uploads\/2024\/08\/b8e4558d-d379-4bf6-895d-0a796042425c-819x1024.jpg 819w, https:\/\/editorapangeia.com.br\/wp-content\/uploads\/2024\/08\/b8e4558d-d379-4bf6-895d-0a796042425c-768x960.jpg 768w, https:\/\/editorapangeia.com.br\/wp-content\/uploads\/2024\/08\/b8e4558d-d379-4bf6-895d-0a796042425c-1229x1536.jpg 1229w, https:\/\/editorapangeia.com.br\/wp-content\/uploads\/2024\/08\/b8e4558d-d379-4bf6-895d-0a796042425c-700x875.jpg 700w, https:\/\/editorapangeia.com.br\/wp-content\/uploads\/2024\/08\/b8e4558d-d379-4bf6-895d-0a796042425c-320x400.jpg 320w, https:\/\/editorapangeia.com.br\/wp-content\/uploads\/2024\/08\/b8e4558d-d379-4bf6-895d-0a796042425c-560x700.jpg 560w, https:\/\/editorapangeia.com.br\/wp-content\/uploads\/2024\/08\/b8e4558d-d379-4bf6-895d-0a796042425c-1040x1300.jpg 1040w, https:\/\/editorapangeia.com.br\/wp-content\/uploads\/2024\/08\/b8e4558d-d379-4bf6-895d-0a796042425c.jpg 1280w\" sizes=\"auto, (max-width: 240px) 100vw, 240px\" \/><\/p>\n<p>Neste livro, voce\u0302 descobre que sem Elza na\u0303o haveria Paulo, e convive, na intimidade, com histo\u0301rias sa\u0301bias e amorosas de Paulo Freire, de Elza Freire e dos cinco filhos do casal: Madalena, Cristina, Fa\u0301tima, Joaquim e Lutgardes. Os Freires, agora est\u00e3o no ex\u00edlio, em decorr\u00eancia do Golpe de Estado que ocorreu em 1\u00ba de abril de 1964; no ex\u00edlio, passam por Chile, Estados Unidos, Su\u00ed\u00e7a, Cabo Verde e Guin\u00e9-Bissau.<\/p>\n<p style=\"text-align: center;\">\n","protected":false},"featured_media":18480,"comment_status":"open","ping_status":"closed","template":"","meta":[],"product_brand":[],"product_cat":[4083,4090],"product_tag":[2021,1209,1210,2994,2152,4398,1211,4405,544,3009,3171,2993,2992,1212,2151,3006,3000,1213,1214,4401,559,2995,2998,526,1215,453,3540,4400,4397,3004,1216,351,3007,1217,1311,3002,2989,2990,2991,531,1218,231,5080,348,2988,3010,3001,4396,3005,1219,3539,4407,2987,2986,1220,1221,1222,528,2999,2997,2996,3995,3011,3003,1223,4408,4399,4411,4410,1224,4412,4406,3538,112,476,2985,4409,3008,4402,1225,1226,164,1227,530,1228,3994,3996,4404,4403],"class_list":{"0":"post-14628","1":"product","2":"type-product","3":"status-publish","4":"has-post-thumbnail","6":"product_cat-educacaoensino","7":"product_cat-premiojabuti","8":"product_tag-elzafreirelegado","9":"product_tag-amorosidade","10":"product_tag-angela-biz-antunes","11":"product_tag-anistia","12":"product_tag-antirracismo","13":"product_tag-aprender-e-ensinar","14":"product_tag-betania-de-oliveira-laterza-ribeiro","15":"product_tag-biobibliografia-de-paulo-freire","16":"product_tag-biografia","17":"product_tag-cabo-verde","18":"product_tag-cadernos-de-docencia","19":"product_tag-camarada-elza-freire","20":"product_tag-camarada-paulo-freire","21":"product_tag-camila-lima-coimbra","22":"product_tag-capes","23":"product_tag-chile","24":"product_tag-ciencia-politica","25":"product_tag-claudia-amoroso-bortolato","26":"product_tag-curso-de-pedagogia","27":"product_tag-depoimentos-sobre-paulo-freire","28":"product_tag-dialogo","29":"product_tag-dias-de-exilio","30":"product_tag-dias-de-utopia","31":"product_tag-ditadura","32":"product_tag-doutorado-em-educacao","33":"product_tag-educacao","34":"product_tag-educacao-e-ensino","35":"product_tag-educador-do-brasil","36":"product_tag-educador-paulo-freire","37":"product_tag-eja-educacao-de-jovens-e-adultos","38":"product_tag-elza-freire","39":"product_tag-ensino","40":"product_tag-estados-unidos","41":"product_tag-estefani-araujo","42":"product_tag-eu-professor","43":"product_tag-eu-professora","44":"product_tag-exilio","45":"product_tag-exilio-brasileiro","46":"product_tag-exilio-da-familia-freire","47":"product_tag-faculdade-de-educacao","48":"product_tag-faculdade-de-educacao-da-unicamp","49":"product_tag-filosofia","50":"product_tag-formacao-antirracista","51":"product_tag-formacao-docente","52":"product_tag-golpe-de-1964","53":"product_tag-guine-bissau","54":"product_tag-historia-brasileira","55":"product_tag-historia-de-vida-uma-historia-de-vida","56":"product_tag-idac","57":"product_tag-ipf-instituto-paulo-freire","58":"product_tag-jabuti-academico","59":"product_tag-legado-de-paulo-freire","60":"product_tag-marcia-ferreira-dos-santos","61":"product_tag-maria-lygia-quartim-de-moraes","62":"product_tag-mestrado-em-educacao","63":"product_tag-metodo-paulo-freire","64":"product_tag-moacir-gadotti","65":"product_tag-nima-spigolon","66":"product_tag-niminha","67":"product_tag-noites-de-exilio","68":"product_tag-noites-de-utopia","69":"product_tag-obra","70":"product_tag-paigc","71":"product_tag-palop","72":"product_tag-paulo-freire","73":"product_tag-paulo-freire-prisao-exilio-universidade","74":"product_tag-paulo-freire-presente","75":"product_tag-pedagogia-da-amorosidade","76":"product_tag-pedagogia-da-autonomia","77":"product_tag-pedagogia-da-convivencia","78":"product_tag-pedagogia-do-esperancar","79":"product_tag-pratica-docente-de-paulo-freire","80":"product_tag-premio-jabuti-academico-2024","81":"product_tag-rauer","82":"product_tag-rauer-ribeiro-rodrigues","83":"product_tag-rita-de-cassia-fraga-machado","84":"product_tag-saber-e-fazer-em-paulo-freire","85":"product_tag-suica","86":"product_tag-testemunhos-sobre-paulo-freire","87":"product_tag-triade-elza-freire","88":"product_tag-uerj","89":"product_tag-ufms","90":"product_tag-ufu","91":"product_tag-unicamp","92":"product_tag-universidade","93":"product_tag-vida","94":"product_tag-vida-e-obra","95":"product_tag-vida-e-obra-de-paulo-freire","96":"product_tag-vida-e-praxis-de-paulo-freire","97":"product_shipping_class-normal","99":"first","100":"instock","101":"featured","102":"shipping-taxable","103":"purchasable","104":"product-type-simple"},"_links":{"self":[{"href":"https:\/\/editorapangeia.com.br\/pt_br\/wp-json\/wp\/v2\/product\/14628","targetHints":{"allow":["GET"]}}],"collection":[{"href":"https:\/\/editorapangeia.com.br\/pt_br\/wp-json\/wp\/v2\/product"}],"about":[{"href":"https:\/\/editorapangeia.com.br\/pt_br\/wp-json\/wp\/v2\/types\/product"}],"replies":[{"embeddable":true,"href":"https:\/\/editorapangeia.com.br\/pt_br\/wp-json\/wp\/v2\/comments?post=14628"}],"wp:featuredmedia":[{"embeddable":true,"href":"https:\/\/editorapangeia.com.br\/pt_br\/wp-json\/wp\/v2\/media\/18480"}],"wp:attachment":[{"href":"https:\/\/editorapangeia.com.br\/pt_br\/wp-json\/wp\/v2\/media?parent=14628"}],"wp:term":[{"taxonomy":"product_brand","embeddable":true,"href":"https:\/\/editorapangeia.com.br\/pt_br\/wp-json\/wp\/v2\/product_brand?post=14628"},{"taxonomy":"product_cat","embeddable":true,"href":"https:\/\/editorapangeia.com.br\/pt_br\/wp-json\/wp\/v2\/product_cat?post=14628"},{"taxonomy":"product_tag","embeddable":true,"href":"https:\/\/editorapangeia.com.br\/pt_br\/wp-json\/wp\/v2\/product_tag?post=14628"}],"curies":[{"name":"wp","href":"https:\/\/api.w.org\/{rel}","templated":true}]}}