{"id":1460,"date":"2019-10-10T22:41:53","date_gmt":"2019-10-10T22:41:53","guid":{"rendered":"http:\/\/editorapangeia.com.br\/?post_type=product&#038;p=1460"},"modified":"2025-11-21T11:16:46","modified_gmt":"2025-11-21T11:16:46","slug":"qohelet-ebook","status":"publish","type":"product","link":"https:\/\/editorapangeia.com.br\/pt_br\/product\/qohelet-ebook\/","title":{"rendered":"QOHELET, 2\u00aa edi\u00e7\u00e3o, Rauer &#8211; PDF"},"content":{"rendered":"<p>No livro de Rauer, como no\u00a0<em>Antigo Testamento<\/em>, Qohelet busca a sabedoria. Livremente inspirado no\u00a0<em>Eclesiastes\u00a0<\/em>e no\u00a0<em>C\u00e2ntico dos C\u00e2nticos<\/em>,\u00a0<strong><em>Qohelet<\/em><\/strong><em>\u00a0<\/em> \u2013\u00a0composto por tr\u00eas cantos, &#8220;Inquieta\u00e7\u00e3o&#8221;, &#8220;Perquiri\u00e7\u00e3o&#8221; e &#8220;Revela\u00e7\u00e3o&#8221;\u00a0\u2013\u00a0d\u00e1 a palavra ao s\u00e1bio que busca pelo conhecimento chegar \u00e0 sabedoria.<\/p>\n<p>Rauer tem sete livros de fic\u00e7\u00e3o publicados.\u00a0<strong><em>Qohelet<\/em><\/strong>, narrativa escrita como um poema decass\u00edlabo em estrofes de tr\u00eas versos (em\u00a0<em>terza rima\u00a0<\/em>dantiana), d\u00e1 a voz a um homem que busca conhecimento e sabedoria. Ap\u00f3s diversas experi\u00eancias, encontra no amor seu caminho para a descoberta do significado da vida, ainda que o homem, de maneira geral, o fruste por sua inconsequ\u00eancia e maldade.<\/p>\n<p>Tendo por base para a sapi\u00eancia o amor sensual, a sexualidade vivenciada com intensidade e vigor, o corpo do poema incorpora a tens\u00e3o er\u00f3tica vivenciada pelo protagonista, fazendo com que o texto seja, ele mesmo, do ponto de vista da est\u00e9tica da escrita, uma reflex\u00e3o metapo\u00e9tica em que forma e conte\u00fado se fundem, com o gozo da viv\u00eancia er\u00f3tica sendo tamb\u00e9m o prazer da est\u00e9tica e a catarse do ato da leitura.<\/p>\n<p>O posf\u00e1cio, assinado por Cris Guzzi, doutora em literatura, evidencia esses meandros textuais e enfatiza o aspecto er\u00f3tico do texto, decorrente da inspira\u00e7\u00e3o b\u00edblica que nutre o poema.<\/p>\n<p>Essa inspira\u00e7\u00e3o faz com que o poema tenha forma e conte\u00fado no mesmo diapas\u00e3o, ao evidenciar que a cria\u00e7\u00e3o liter\u00e1ria, a vitalidade er\u00f3tica e a busca do conhecimento se nutrem da \u00e2nsia divinat\u00f3ria que h\u00e1 no homem.<\/p>\n<p><strong><em>Qohelet<\/em><\/strong>, de Rauer, \u00e9 texto seminal, inquietante, que \u2013 ao evocar em tom po\u00e9tico a copula\u00e7\u00e3o entre o sagrado e o profano \u2013 traduz o universo alexandrinista de final de Civiliza\u00e7\u00e3o que nossa sociedade vive neste in\u00edcio de terceiro mil\u00eanio.<\/p>\n","protected":false},"excerpt":{"rendered":"<p>Originalmente do hebraico, <em>Qohelet<\/em> significa comunidade ou algu\u00e9m que fala por essa comunidade.<\/p>\n<p>Apresentando-se como escrito b\u00edblico sapiencial, popularmente conhecido por <em>Eclesiastes<\/em>, a narrativa original relata, com tom questionador e at\u00e9 mesmo buf\u00f4nico, a vida do ser humano sob diversos aspectos.<\/p>\n<p>Ao introduzir nuances de cargas altamente er\u00f3ticas, nos relatos proferidos pelo profeta <em>Qohelet<\/em>, encontramos um texto que lateja no t\u00eanue limite entre o gozo do acontecimento e o gozo do relato.<\/p>\n<p><strong>ATEN\u00c7\u00c3O:<\/strong> Voc\u00ea est\u00e1 adquirindo o e-book da hist\u00f3rica 2\u00aa edi\u00e7\u00e3o do <em><strong>Qohelet<\/strong><\/em>, que inaugurou as Edi\u00e7\u00f5es Dionysius em 2019, e que conta com o posf\u00e1cio &#8220;A voluptuosidade art\u00edstica: a presen\u00e7a do erotismo na escrita de <em>Qohelet<\/em>, de Rauer&#8221;, estudo assinado por Cris Guzzi. A edi\u00e7\u00e3o f\u00edsica correspondente est\u00e1 esgotada.<\/p>\n","protected":false},"featured_media":1461,"comment_status":"open","ping_status":"closed","template":"","meta":[],"product_brand":[],"product_cat":[4077],"product_tag":[119,122,121,120,5080,114,118,117,115,111,113,112,116],"class_list":{"0":"post-1460","1":"product","2":"type-product","3":"status-publish","4":"has-post-thumbnail","6":"product_cat-poesia","7":"product_tag-cris-guzzi","8":"product_tag-ebook","9":"product_tag-eclesiastes","10":"product_tag-eros","11":"product_tag-formacao-antirracista","12":"product_tag-inquietacao","13":"product_tag-literatura-e-erotismo","14":"product_tag-narrativa-lirica","15":"product_tag-perquiricao","16":"product_tag-poesia","17":"product_tag-qohelet","18":"product_tag-rauer","19":"product_tag-revelacao","21":"first","22":"instock","23":"downloadable","24":"virtual","25":"purchasable","26":"product-type-simple"},"_links":{"self":[{"href":"https:\/\/editorapangeia.com.br\/pt_br\/wp-json\/wp\/v2\/product\/1460","targetHints":{"allow":["GET"]}}],"collection":[{"href":"https:\/\/editorapangeia.com.br\/pt_br\/wp-json\/wp\/v2\/product"}],"about":[{"href":"https:\/\/editorapangeia.com.br\/pt_br\/wp-json\/wp\/v2\/types\/product"}],"replies":[{"embeddable":true,"href":"https:\/\/editorapangeia.com.br\/pt_br\/wp-json\/wp\/v2\/comments?post=1460"}],"wp:featuredmedia":[{"embeddable":true,"href":"https:\/\/editorapangeia.com.br\/pt_br\/wp-json\/wp\/v2\/media\/1461"}],"wp:attachment":[{"href":"https:\/\/editorapangeia.com.br\/pt_br\/wp-json\/wp\/v2\/media?parent=1460"}],"wp:term":[{"taxonomy":"product_brand","embeddable":true,"href":"https:\/\/editorapangeia.com.br\/pt_br\/wp-json\/wp\/v2\/product_brand?post=1460"},{"taxonomy":"product_cat","embeddable":true,"href":"https:\/\/editorapangeia.com.br\/pt_br\/wp-json\/wp\/v2\/product_cat?post=1460"},{"taxonomy":"product_tag","embeddable":true,"href":"https:\/\/editorapangeia.com.br\/pt_br\/wp-json\/wp\/v2\/product_tag?post=1460"}],"curies":[{"name":"wp","href":"https:\/\/api.w.org\/{rel}","templated":true}]}}