{"id":14318,"date":"2023-12-23T01:00:36","date_gmt":"2023-12-23T01:00:36","guid":{"rendered":"https:\/\/editorapangeia.com.br\/?post_type=product&#038;p=14318"},"modified":"2025-11-20T18:25:05","modified_gmt":"2025-11-20T18:25:05","slug":"vovo-lele-celeste-moori-tres-livros","status":"publish","type":"product","link":"https:\/\/editorapangeia.com.br\/pt_br\/product\/vovo-lele-celeste-moori-tres-livros\/","title":{"rendered":"Cole\u00e7\u00e3o Vov\u00f3 Lel\u00e9 (3 livros), Celeste Moori"},"content":{"rendered":"<p>Vov\u00f3 Lel\u00e9 \u00e9 a Vov\u00f3 Celeste Moori, que agora passa seus dias sendo Vov\u00f3 ap\u00f3s trabalhar muiiiiiiiiiiitos e muiiiiiiiiiiitos anos no servi\u00e7o p\u00fablico de sa\u00fade, sendo m\u00e9dica pediatra (veja no final deste quadro uma s\u00famula da biografia profissional da Vov\u00f3).<\/p>\n<p>Vov\u00f3 Lel\u00e9, cujo avatar \u00e9 de Duds Ilustras, sempre gostou de contar aos netos hist\u00f3rias que ela mesma inventava. Cada um desses tr\u00eas livros re\u00fane algumas dessas hist\u00f3rias (h\u00e1 muitas outras, para outros livros, em outros natais&#8230;). Esses tr\u00eas livros foram diagramados por Bruna Heller, as capas foram feitas por Tatiana Santos e a curadoria dos livros foi de Rauer. Os lindos desenhos originais tamb\u00e9m s\u00e3o da Vov\u00f3 Lel\u00e9. S\u00e3o diversas hist\u00f3rias para ler, poeminhas para recitar, desenhos para completar, p\u00e1ginas para escrever e para desenhar, muita divers\u00e3o e alegria para crian\u00e7as e para as crian\u00e7as que felizmente persistem nos jovens e nos adultos.<\/p>\n<h3 class=\"modtitle\" style=\"text-align: center;\">Celeste de Paula Azevedo Moori<\/h3>\n<p class=\"modtitle\" style=\"text-align: center;\"><strong>Dados Biogr\u00e1ficos<\/strong><\/p>\n<div class=\"itemBody\">\n<div class=\"itemFullText\">\n<div class=\"content\">\n<div class=\"row\">\n<div class=\"col-md-9\">\n<p style=\"padding-left: 40px;\">Medica Pediatra formada na FMUSP, Resid\u00eancia em Pediatria no Instituto da crian\u00e7a do Hospital das Clinicas de S\u00e3o Paulo. Trabalhou principalmente em Campinas como Pediatra e Hebeatra na Rede Publica Municipal onde tamb\u00e9m realizava grupos de orienta\u00e7\u00e3o para pais e Grupos de estimula\u00e7\u00e3o para crian\u00e7as.<br \/>\nFoi uma das s\u00f3cias fundadoras do SOS adolescente, OSC que atuou em Campinas na d\u00e9cada de 90 e foi premiada pelo Minist\u00e9rio da Sa\u00fade com o Projeto Labirinto\u2013para preven\u00e7\u00e3o de AIDS<br \/>\nRealizou workshops para profissionais de sa\u00fade, educa\u00e7\u00e3o infantil e palestras sobre Disciplina Positiva e orienta\u00e7\u00e3o de Pais.<br \/>\nFez ainda os seguintes cursos de especializa\u00e7\u00e3o:<br \/>\n&#8211; Terapia de Casais e Fam\u00edlia &#8211; Unicamp<br \/>\n&#8211; Trabalhando com Fam\u00edlias &#8211; ITFCC-Instituto de terapia de Fam\u00edlia e Comunidade de Campinas<br \/>\n&#8211; Aten\u00e7\u00e3o ao consumo de \u00e1lcool e outras drogas &#8211; UNICAMP<br \/>\n&#8211; Fortalecimento de redes de aten\u00e7\u00e3o e preven\u00e7\u00e3o \u00e0 viol\u00eancia no territ\u00f3rio &#8211; FIOCRUZ<br \/>\n&#8211; Certifica\u00e7\u00e3o em Disciplina Positiva para Pais pela POSITIVE DISCIPLINE ASSOCIATION<br \/>\n&#8211; Certifica\u00e7\u00e3o de consultoria para encorajamento &#8211; liderado por Lynn Lott<\/p>\n<p style=\"text-align: center;\"><b>Para contatar a escritora Vov\u00f3 Lel\u00e9,<br \/>\nescreva para a Pangeia Editorial:<br \/>\n<\/b>r3.editora.pangeia@gmail.com<br \/>\nWhats: +55 19 9 9907 7555<\/p>\n<p style=\"text-align: center;\"><img loading=\"lazy\" decoding=\"async\" class=\"alignnone wp-image-14329\" src=\"http:\/\/editorapangeia.com.br\/wp-content\/uploads\/2023\/12\/Vovo_Lele_Trio-300x300.png\" alt=\"\" width=\"704\" height=\"704\" srcset=\"https:\/\/editorapangeia.com.br\/wp-content\/uploads\/2023\/12\/Vovo_Lele_Trio-300x300.png 300w, https:\/\/editorapangeia.com.br\/wp-content\/uploads\/2023\/12\/Vovo_Lele_Trio-1024x1024.png 1024w, https:\/\/editorapangeia.com.br\/wp-content\/uploads\/2023\/12\/Vovo_Lele_Trio-150x150.png 150w, https:\/\/editorapangeia.com.br\/wp-content\/uploads\/2023\/12\/Vovo_Lele_Trio-768x768.png 768w, https:\/\/editorapangeia.com.br\/wp-content\/uploads\/2023\/12\/Vovo_Lele_Trio-400x400.png 400w, https:\/\/editorapangeia.com.br\/wp-content\/uploads\/2023\/12\/Vovo_Lele_Trio-700x700.png 700w, https:\/\/editorapangeia.com.br\/wp-content\/uploads\/2023\/12\/Vovo_Lele_Trio-100x100.png 100w, https:\/\/editorapangeia.com.br\/wp-content\/uploads\/2023\/12\/Vovo_Lele_Trio-50x50.png 50w, https:\/\/editorapangeia.com.br\/wp-content\/uploads\/2023\/12\/Vovo_Lele_Trio.png 1080w\" sizes=\"auto, (max-width: 704px) 100vw, 704px\" \/><\/p>\n<\/div>\n<\/div>\n<\/div>\n<\/div>\n<\/div>\n","protected":false},"excerpt":{"rendered":"<p><em><strong>Rimar e Brincar<\/strong><\/em> \u00e9 o primeiro volume dos livros da Vov\u00f3 Lel\u00e9, da Cole\u00e7\u00e3o Ler-Brincar-Criar, das Edi\u00e7\u00f5es Saru\u00ea, o selo infantojuvenil da Pangeia Editorial.<\/p>\n<p>O segundo volume \u00e9\u00a0<em><strong>A Centopeia e Outras Hist\u00f3rias<\/strong><\/em>, e o terceiro volume \u00e9\u00a0<em><strong>Uma Aventura Perfeita e Outras Hist\u00f3rias<\/strong><\/em>.<\/p>\n<p>Aqui, voc\u00ea adquire os tr\u00eas volumes com um desconto especial.<\/p>\n<p>Livros para crian\u00e7as de todas as idades.<\/p>\n","protected":false},"featured_media":14314,"comment_status":"open","ping_status":"closed","template":"","meta":[],"product_brand":[],"product_cat":[4080],"product_tag":[2867,2152,2869,2865,2863,366,594,112,2866,2690,2868,2864,2862],"class_list":{"0":"post-14318","1":"product","2":"type-product","3":"status-publish","4":"has-post-thumbnail","6":"product_cat-infantojuvenil","7":"product_tag-a-centopeia-e-outras-historias","8":"product_tag-antirracismo","9":"product_tag-bruna-heller","10":"product_tag-celeste-de-paula-azevedo-moori","11":"product_tag-celeste-moori","12":"product_tag-edicoes-sarue","13":"product_tag-ler-brincar-criar","14":"product_tag-rauer","15":"product_tag-rimar-e-brincar","16":"product_tag-tatiana-santos","17":"product_tag-uma-aventura-perfeita-e-outras-historias","18":"product_tag-vovo-celeste","19":"product_tag-vovo-lele","20":"product_shipping_class-normal","22":"first","23":"instock","24":"taxable","25":"shipping-taxable","26":"purchasable","27":"product-type-simple"},"_links":{"self":[{"href":"https:\/\/editorapangeia.com.br\/pt_br\/wp-json\/wp\/v2\/product\/14318","targetHints":{"allow":["GET"]}}],"collection":[{"href":"https:\/\/editorapangeia.com.br\/pt_br\/wp-json\/wp\/v2\/product"}],"about":[{"href":"https:\/\/editorapangeia.com.br\/pt_br\/wp-json\/wp\/v2\/types\/product"}],"replies":[{"embeddable":true,"href":"https:\/\/editorapangeia.com.br\/pt_br\/wp-json\/wp\/v2\/comments?post=14318"}],"wp:featuredmedia":[{"embeddable":true,"href":"https:\/\/editorapangeia.com.br\/pt_br\/wp-json\/wp\/v2\/media\/14314"}],"wp:attachment":[{"href":"https:\/\/editorapangeia.com.br\/pt_br\/wp-json\/wp\/v2\/media?parent=14318"}],"wp:term":[{"taxonomy":"product_brand","embeddable":true,"href":"https:\/\/editorapangeia.com.br\/pt_br\/wp-json\/wp\/v2\/product_brand?post=14318"},{"taxonomy":"product_cat","embeddable":true,"href":"https:\/\/editorapangeia.com.br\/pt_br\/wp-json\/wp\/v2\/product_cat?post=14318"},{"taxonomy":"product_tag","embeddable":true,"href":"https:\/\/editorapangeia.com.br\/pt_br\/wp-json\/wp\/v2\/product_tag?post=14318"}],"curies":[{"name":"wp","href":"https:\/\/api.w.org\/{rel}","templated":true}]}}