{"id":14315,"date":"2022-12-23T19:00:45","date_gmt":"2022-12-23T19:00:45","guid":{"rendered":"https:\/\/editorapangeia.com.br\/?post_type=product&#038;p=14315"},"modified":"2025-01-10T16:25:24","modified_gmt":"2025-01-10T16:25:24","slug":"vovo-lele-2-a-centopeia-e-outras-historias","status":"publish","type":"product","link":"https:\/\/editorapangeia.com.br\/pt_br\/product\/vovo-lele-2-a-centopeia-e-outras-historias\/","title":{"rendered":"A Centopeia e outras hist\u00f3rias, Vov\u00f3 Lel\u00e9"},"content":{"rendered":"<p><em><strong>Rimar e Brincar<\/strong><\/em> \u00e9 o primeiro volume dos livros da Vov\u00f3 Lel\u00e9, da Cole\u00e7\u00e3o Ler-Brincar-Criar, das Edi\u00e7\u00f5es Saru\u00ea, o selo infantojuvenil da Pangeia Editorial.<\/p>\n<p>O segundo volume \u00e9\u00a0<em><strong>A Centopeia e Outras Hist\u00f3rias<\/strong><\/em>, e o terceiro volume \u00e9\u00a0<em><strong>Uma Aventura Perfeita e Outras Hist\u00f3rias<\/strong><\/em>.<\/p>\n<p>Vov\u00f3 Lel\u00e9 \u00e9 a Vov\u00f3 Celeste Moori, que agora passa seus dias sendo Vov\u00f3 ap\u00f3s trabalhar muiiiiiiiiiiitos e muiiiiiiiiiiitos anos no servi\u00e7o p\u00fablico de sa\u00fade, sendo m\u00e9dica pediatra (veja no final deste quadro uma s\u00famula da biografia profissional da Vov\u00f3).<\/p>\n<p>Vov\u00f3 Lel\u00e9, cujo avatar \u00e9 de Duds Ilustras, sempre gostou de contar aos netos hist\u00f3rias que ela mesma inventava. Cada um desses tr\u00eas livros re\u00fane algumas dessas hist\u00f3rias (h\u00e1 muitas outras, para outros livros, em outros natais&#8230;). Esses tr\u00eas livros foram diagramados por Bruna Heller, as capas foram feitas por Tatiana Santos e a curadoria dos livros foi de Rauer. Os lindos desenhos originais tamb\u00e9m s\u00e3o da Vov\u00f3 Lel\u00e9. S\u00e3o diversas hist\u00f3rias para ler, poeminhas para recitar, desenhos para completar, p\u00e1ginas para escrever e para desenhar, muita divers\u00e3o e alegria para crian\u00e7as e para as crian\u00e7as que felizmente persistem nos jovens e nos adultos.<\/p>\n<h3 class=\"modtitle\" style=\"text-align: center;\">Celeste de Paula Azevedo Moori<\/h3>\n<p class=\"modtitle\" style=\"text-align: center;\"><strong>Dados Biogr\u00e1ficos<\/strong><\/p>\n<div class=\"itemBody\">\n<div class=\"itemFullText\">\n<div class=\"content\">\n<div class=\"row\">\n<div class=\"col-md-9\">\n<p style=\"padding-left: 40px;\">Medica Pediatra formada na FMUSP, Resid\u00eancia em Pediatria no Instituto da crian\u00e7a do Hospital das Clinicas de S\u00e3o Paulo. Trabalhou principalmente em Campinas como Pediatra e Hebeatra na Rede Publica Municipal onde tamb\u00e9m realizava grupos de orienta\u00e7\u00e3o para pais e Grupos de estimula\u00e7\u00e3o para crian\u00e7as.<br \/>\nFoi uma das s\u00f3cias fundadoras do SOS adolescente, OSC que atuou em Campinas na d\u00e9cada de 90 e foi premiada pelo Minist\u00e9rio da Sa\u00fade com o Projeto Labirinto\u2013para preven\u00e7\u00e3o de AIDS<br \/>\nRealizou workshops para profissionais de sa\u00fade, educa\u00e7\u00e3o infantil e palestras sobre Disciplina Positiva e orienta\u00e7\u00e3o de Pais.<br \/>\nFez ainda os seguintes cursos de especializa\u00e7\u00e3o:<br \/>\n&#8211; Terapia de Casais e Fam\u00edlia &#8211; Unicamp<br \/>\n&#8211; Trabalhando com Fam\u00edlias &#8211; ITFCC-Instituto de terapia de Fam\u00edlia e Comunidade de Campinas<br \/>\n&#8211; Aten\u00e7\u00e3o ao consumo de \u00e1lcool e outras drogas &#8211; UNICAMP<br \/>\n&#8211; Fortalecimento de redes de aten\u00e7\u00e3o e preven\u00e7\u00e3o \u00e0 viol\u00eancia no territ\u00f3rio &#8211; FIOCRUZ<br \/>\n&#8211; Certifica\u00e7\u00e3o em Disciplina Positiva para Pais pela POSITIVE DISCIPLINE ASSOCIATION<br \/>\n&#8211; Certifica\u00e7\u00e3o de consultoria para encorajamento &#8211; liderado por Lynn Lott<\/p>\n<p style=\"text-align: center;\"><b>Para contatar a escritora Vov\u00f3 Lel\u00e9,<br \/>\nescreva para a Pangeia Editorial:<br \/>\n<\/b>r3.editora.pangeia@gmail.com<br \/>\nWhats: +55 19 9 9907 7555<\/p>\n<p><img loading=\"lazy\" decoding=\"async\" class=\"alignnone size-medium wp-image-14310 aligncenter\" src=\"http:\/\/editorapangeia.com.br\/wp-content\/uploads\/2023\/12\/Imagem-26-12-2023-as-14.15-300x204.jpg\" alt=\"\" width=\"300\" height=\"204\" srcset=\"https:\/\/editorapangeia.com.br\/wp-content\/uploads\/2023\/12\/Imagem-26-12-2023-as-14.15-300x204.jpg 300w, https:\/\/editorapangeia.com.br\/wp-content\/uploads\/2023\/12\/Imagem-26-12-2023-as-14.15-768x523.jpg 768w, https:\/\/editorapangeia.com.br\/wp-content\/uploads\/2023\/12\/Imagem-26-12-2023-as-14.15-700x477.jpg 700w, https:\/\/editorapangeia.com.br\/wp-content\/uploads\/2023\/12\/Imagem-26-12-2023-as-14.15-400x273.jpg 400w, https:\/\/editorapangeia.com.br\/wp-content\/uploads\/2023\/12\/Imagem-26-12-2023-as-14.15.jpg 995w\" sizes=\"auto, (max-width: 300px) 100vw, 300px\" \/><\/p>\n<p style=\"text-align: center;\"><img loading=\"lazy\" decoding=\"async\" class=\"alignnone size-medium wp-image-14309\" src=\"http:\/\/editorapangeia.com.br\/wp-content\/uploads\/2023\/12\/Imagem-26-12-2023-as-14.16-300x197.jpg\" alt=\"\" width=\"300\" height=\"197\" srcset=\"https:\/\/editorapangeia.com.br\/wp-content\/uploads\/2023\/12\/Imagem-26-12-2023-as-14.16-300x197.jpg 300w, https:\/\/editorapangeia.com.br\/wp-content\/uploads\/2023\/12\/Imagem-26-12-2023-as-14.16-768x504.jpg 768w, https:\/\/editorapangeia.com.br\/wp-content\/uploads\/2023\/12\/Imagem-26-12-2023-as-14.16-700x459.jpg 700w, https:\/\/editorapangeia.com.br\/wp-content\/uploads\/2023\/12\/Imagem-26-12-2023-as-14.16-400x262.jpg 400w, https:\/\/editorapangeia.com.br\/wp-content\/uploads\/2023\/12\/Imagem-26-12-2023-as-14.16.jpg 965w\" sizes=\"auto, (max-width: 300px) 100vw, 300px\" \/><\/p>\n<p style=\"text-align: center;\"><img loading=\"lazy\" decoding=\"async\" class=\"alignnone size-medium wp-image-14308\" src=\"http:\/\/editorapangeia.com.br\/wp-content\/uploads\/2023\/12\/Imagem-26-12-2023-as-14.17-300x201.jpg\" alt=\"\" width=\"300\" height=\"201\" srcset=\"https:\/\/editorapangeia.com.br\/wp-content\/uploads\/2023\/12\/Imagem-26-12-2023-as-14.17-300x201.jpg 300w, https:\/\/editorapangeia.com.br\/wp-content\/uploads\/2023\/12\/Imagem-26-12-2023-as-14.17-768x513.jpg 768w, https:\/\/editorapangeia.com.br\/wp-content\/uploads\/2023\/12\/Imagem-26-12-2023-as-14.17-700x468.jpg 700w, https:\/\/editorapangeia.com.br\/wp-content\/uploads\/2023\/12\/Imagem-26-12-2023-as-14.17-400x267.jpg 400w, https:\/\/editorapangeia.com.br\/wp-content\/uploads\/2023\/12\/Imagem-26-12-2023-as-14.17.jpg 950w\" sizes=\"auto, (max-width: 300px) 100vw, 300px\" \/><\/p>\n<p style=\"text-align: center;\"><img loading=\"lazy\" decoding=\"async\" class=\"alignnone size-medium wp-image-14312\" src=\"http:\/\/editorapangeia.com.br\/wp-content\/uploads\/2023\/12\/Imagem-26-12-2023-as-14.20-300x300.jpg\" alt=\"\" width=\"300\" height=\"300\" srcset=\"https:\/\/editorapangeia.com.br\/wp-content\/uploads\/2023\/12\/Imagem-26-12-2023-as-14.20-300x300.jpg 300w, https:\/\/editorapangeia.com.br\/wp-content\/uploads\/2023\/12\/Imagem-26-12-2023-as-14.20-150x150.jpg 150w, https:\/\/editorapangeia.com.br\/wp-content\/uploads\/2023\/12\/Imagem-26-12-2023-as-14.20-768x770.jpg 768w, https:\/\/editorapangeia.com.br\/wp-content\/uploads\/2023\/12\/Imagem-26-12-2023-as-14.20-400x400.jpg 400w, https:\/\/editorapangeia.com.br\/wp-content\/uploads\/2023\/12\/Imagem-26-12-2023-as-14.20-700x700.jpg 700w, https:\/\/editorapangeia.com.br\/wp-content\/uploads\/2023\/12\/Imagem-26-12-2023-as-14.20-100x100.jpg 100w, https:\/\/editorapangeia.com.br\/wp-content\/uploads\/2023\/12\/Imagem-26-12-2023-as-14.20-698x700.jpg 698w, https:\/\/editorapangeia.com.br\/wp-content\/uploads\/2023\/12\/Imagem-26-12-2023-as-14.20-50x50.jpg 50w, https:\/\/editorapangeia.com.br\/wp-content\/uploads\/2023\/12\/Imagem-26-12-2023-as-14.20.jpg 861w\" sizes=\"auto, (max-width: 300px) 100vw, 300px\" \/><\/p>\n<p style=\"text-align: center;\"><img loading=\"lazy\" decoding=\"async\" class=\"alignnone size-medium wp-image-14313\" src=\"http:\/\/editorapangeia.com.br\/wp-content\/uploads\/2023\/12\/Imagem-26-12-2023-as-14.26-300x297.jpg\" alt=\"\" width=\"300\" height=\"297\" srcset=\"https:\/\/editorapangeia.com.br\/wp-content\/uploads\/2023\/12\/Imagem-26-12-2023-as-14.26-300x297.jpg 300w, https:\/\/editorapangeia.com.br\/wp-content\/uploads\/2023\/12\/Imagem-26-12-2023-as-14.26-1024x1013.jpg 1024w, https:\/\/editorapangeia.com.br\/wp-content\/uploads\/2023\/12\/Imagem-26-12-2023-as-14.26-150x150.jpg 150w, https:\/\/editorapangeia.com.br\/wp-content\/uploads\/2023\/12\/Imagem-26-12-2023-as-14.26-768x760.jpg 768w, https:\/\/editorapangeia.com.br\/wp-content\/uploads\/2023\/12\/Imagem-26-12-2023-as-14.26-700x693.jpg 700w, https:\/\/editorapangeia.com.br\/wp-content\/uploads\/2023\/12\/Imagem-26-12-2023-as-14.26-100x100.jpg 100w, https:\/\/editorapangeia.com.br\/wp-content\/uploads\/2023\/12\/Imagem-26-12-2023-as-14.26-400x396.jpg 400w, https:\/\/editorapangeia.com.br\/wp-content\/uploads\/2023\/12\/Imagem-26-12-2023-as-14.26-1300x1286.jpg 1300w, https:\/\/editorapangeia.com.br\/wp-content\/uploads\/2023\/12\/Imagem-26-12-2023-as-14.26-50x50.jpg 50w, https:\/\/editorapangeia.com.br\/wp-content\/uploads\/2023\/12\/Imagem-26-12-2023-as-14.26.jpg 1416w\" sizes=\"auto, (max-width: 300px) 100vw, 300px\" \/><br \/>\n<img loading=\"lazy\" decoding=\"async\" class=\"alignnone size-medium wp-image-14314\" src=\"http:\/\/editorapangeia.com.br\/wp-content\/uploads\/2023\/12\/Imagem-26-12-2023-as-14.27-300x298.jpg\" alt=\"\" width=\"300\" height=\"298\" srcset=\"https:\/\/editorapangeia.com.br\/wp-content\/uploads\/2023\/12\/Imagem-26-12-2023-as-14.27-300x298.jpg 300w, https:\/\/editorapangeia.com.br\/wp-content\/uploads\/2023\/12\/Imagem-26-12-2023-as-14.27-1024x1019.jpg 1024w, https:\/\/editorapangeia.com.br\/wp-content\/uploads\/2023\/12\/Imagem-26-12-2023-as-14.27-150x150.jpg 150w, https:\/\/editorapangeia.com.br\/wp-content\/uploads\/2023\/12\/Imagem-26-12-2023-as-14.27-768x764.jpg 768w, https:\/\/editorapangeia.com.br\/wp-content\/uploads\/2023\/12\/Imagem-26-12-2023-as-14.27-700x696.jpg 700w, https:\/\/editorapangeia.com.br\/wp-content\/uploads\/2023\/12\/Imagem-26-12-2023-as-14.27-100x100.jpg 100w, https:\/\/editorapangeia.com.br\/wp-content\/uploads\/2023\/12\/Imagem-26-12-2023-as-14.27-400x398.jpg 400w, https:\/\/editorapangeia.com.br\/wp-content\/uploads\/2023\/12\/Imagem-26-12-2023-as-14.27-1300x1293.jpg 1300w, https:\/\/editorapangeia.com.br\/wp-content\/uploads\/2023\/12\/Imagem-26-12-2023-as-14.27-50x50.jpg 50w, https:\/\/editorapangeia.com.br\/wp-content\/uploads\/2023\/12\/Imagem-26-12-2023-as-14.27.jpg 1392w\" sizes=\"auto, (max-width: 300px) 100vw, 300px\" \/><\/p>\n<div class=\"itemHeader\" style=\"text-align: center;\">\n<h2 class=\"itemTitle\">CELESTE DE PAULA AZEVEDO MOORI<\/h2>\n<\/div>\n<div class=\"itemBody\">\n<div class=\"itemFullText\">\n<div class=\"content\">\n<div class=\"row\">\n<div class=\"col-md-3\"><img decoding=\"async\" class=\"aligncenter\" src=\"https:\/\/pdabrasil.org.br\/media\/k2\/items\/cache\/0d7764695c55c5d1c3edadce4a2a2cb9_S.jpg\" alt=\"\" \/><\/div>\n<div class=\"col-md-9\">\n<p style=\"text-align: center;\">Al\u00e9m de m\u00e9dica, escritora e ilustradora, Vov\u00f3 Lel\u00e9 tamb\u00e9m adora tocar flauta e ouvir m\u00fasica.<\/p>\n<p style=\"text-align: center;\">CONTATOS:<br \/>\n<strong>E-mail:<\/strong> <span id=\"cloak935a5e52d080a2d8b62541f5d6059656\"><a href=\"r3.editora.pangeia@gmail.com\">r3.editora.pangeia@gmail.com<\/a><br \/>\n<\/span><strong>WhatsApp<\/strong>: +55 19 9 9907 7555<\/p>\n<p style=\"text-align: center;\">Mais sobre a Vov\u00f3 Lel\u00e9,<br \/>\n<a href=\"https:\/\/editorapangeia.com.br\/?s=Vov\u00f3+Lel\u00e9\"><span style=\"color: #ff0000;\"><strong>CLIQUE AQUI!!!<\/strong><\/span><\/a><\/p>\n<\/div>\n<\/div>\n<\/div>\n<\/div>\n<\/div>\n<\/div>\n<\/div>\n<\/div>\n<\/div>\n<\/div>\n","protected":false},"excerpt":{"rendered":"<p><strong><em>A Centopeia e outras hist\u00f3rias<\/em><\/strong> \u00e9 o segundo volume dos tr\u00eas livros infantojuvenis da Vov\u00f3 Lel\u00e9. Est\u00e1 com pre\u00e7o especial de lan\u00e7amento \u2013 confira tamb\u00e9m a promo\u00e7\u00e3o especial\u00edssima para adquirir os tr\u00eas livros juntos. Livros para crian\u00e7as de todas as idades.<\/p>\n","protected":false},"featured_media":14316,"comment_status":"open","ping_status":"closed","template":"","meta":[],"product_brand":[],"product_cat":[4080],"product_tag":[2867,2869,2865,2863,366,594,112,2866,2690,2868,2864,2862],"class_list":{"0":"post-14315","1":"product","2":"type-product","3":"status-publish","4":"has-post-thumbnail","6":"product_cat-infantojuvenil","7":"product_tag-a-centopeia-e-outras-historias","8":"product_tag-bruna-heller","9":"product_tag-celeste-de-paula-azevedo-moori","10":"product_tag-celeste-moori","11":"product_tag-edicoes-sarue","12":"product_tag-ler-brincar-criar","13":"product_tag-rauer","14":"product_tag-rimar-e-brincar","15":"product_tag-tatiana-santos","16":"product_tag-uma-aventura-perfeita-e-outras-historias","17":"product_tag-vovo-celeste","18":"product_tag-vovo-lele","19":"product_shipping_class-normal","21":"first","22":"instock","23":"taxable","24":"shipping-taxable","25":"purchasable","26":"product-type-simple"},"_links":{"self":[{"href":"https:\/\/editorapangeia.com.br\/pt_br\/wp-json\/wp\/v2\/product\/14315","targetHints":{"allow":["GET"]}}],"collection":[{"href":"https:\/\/editorapangeia.com.br\/pt_br\/wp-json\/wp\/v2\/product"}],"about":[{"href":"https:\/\/editorapangeia.com.br\/pt_br\/wp-json\/wp\/v2\/types\/product"}],"replies":[{"embeddable":true,"href":"https:\/\/editorapangeia.com.br\/pt_br\/wp-json\/wp\/v2\/comments?post=14315"}],"wp:featuredmedia":[{"embeddable":true,"href":"https:\/\/editorapangeia.com.br\/pt_br\/wp-json\/wp\/v2\/media\/14316"}],"wp:attachment":[{"href":"https:\/\/editorapangeia.com.br\/pt_br\/wp-json\/wp\/v2\/media?parent=14315"}],"wp:term":[{"taxonomy":"product_brand","embeddable":true,"href":"https:\/\/editorapangeia.com.br\/pt_br\/wp-json\/wp\/v2\/product_brand?post=14315"},{"taxonomy":"product_cat","embeddable":true,"href":"https:\/\/editorapangeia.com.br\/pt_br\/wp-json\/wp\/v2\/product_cat?post=14315"},{"taxonomy":"product_tag","embeddable":true,"href":"https:\/\/editorapangeia.com.br\/pt_br\/wp-json\/wp\/v2\/product_tag?post=14315"}],"curies":[{"name":"wp","href":"https:\/\/api.w.org\/{rel}","templated":true}]}}