{"id":14264,"date":"2019-12-25T23:00:24","date_gmt":"2019-12-25T23:00:24","guid":{"rendered":"https:\/\/editorapangeia.com.br\/?post_type=product&#038;p=14264"},"modified":"2025-09-15T13:42:38","modified_gmt":"2025-09-15T13:42:38","slug":"ppg-uff-capes-literatura-em-movimento-pesquisa-e-investigacao-11-pdf-e-epub","status":"publish","type":"product","link":"https:\/\/editorapangeia.com.br\/pt_br\/product\/ppg-uff-capes-literatura-em-movimento-pesquisa-e-investigacao-11-pdf-e-epub\/","title":{"rendered":"PPG-UFF \/ CAPES &#8211; Literatura em Movimento: Pesquisa e Investiga\u00e7\u00e3o 11"},"content":{"rendered":"<p>Este \u00e9 o volume 11 da Cole\u00e7\u00e3o LITERATURA EM MOVIMENTO \u2013 Pesquisa e Investiga\u00e7\u00e3o, do Programa de P\u00f3s-Gradua\u00e7\u00e3o em Estudos Liter\u00e1rios da Universidade Federal Fluminense, UFF, que acolhe as reflex\u00f5es da XIII Edi\u00e7\u00e3o do Semin\u00e1rio dos Alunos do Programa de P\u00f3s-Gradua\u00e7\u00e3o em Estudos de Literatura da UFF. Este volume est\u00e1 nos formatos PDF e ePub. Voc\u00ea pode baixar o de sua prefer\u00eancia, ou ambos, gratuitamente.<\/p>\n<p>Todos os volume da Cole\u00e7\u00e3o, em diversos formatos de eBook, s\u00e3o gratuitos. Baixe-os, <a href=\"https:\/\/editorapangeia.com.br\/?s=Literatura+em+Movimento\"><strong>AQUI<\/strong><\/a>.<\/p>\n","protected":false},"excerpt":{"rendered":"<p>Organizado por Ekaterina V\u00f3lkova Americo, este 11\u00ba volume da S\u00e9rie <strong>Literatura em Movimento: Pesquisa e Investiga\u00e7\u00e3o<\/strong>, assim se define, em apresenta\u00e7\u00e3o assinada por J\u00falia Zorattini e Ekaterina V\u00f3lkova Am\u00e9rico (UFF)<\/p>\n<p style=\"padding-left: 40px;\">As produ\u00e7\u00f5es aqui elencadas compartilham o tema \u201cModernismos e Modernidades em Debate\u201d e promovem di\u00e1logos entre obras liter\u00e1rias e outras \u00e1reas do saber.<span class=\"Apple-converted-space\"> [&#8230;]<\/span><\/p>\n<p style=\"padding-left: 40px;\">No contexto p\u00f3s-moderno, a prioridade \u00e9 conferida \u00e0s opera\u00e7\u00f5es semi\u00f3ticas dial\u00f3gicas. Afinal, buscamos abandonar as grandes narrativas totalizantes e retomar as m\u00faltiplas micronarrativas. Com esse objetivo, enfim damos ouvidos \u00e0s margens, \u00e0s vidas e \u00e0s epistemes que, por tanto tempo, foram silenciadas.<span class=\"Apple-converted-space\"> [&#8230;]<\/span><\/p>\n<p style=\"padding-left: 40px;\">O espa\u00e7o liter\u00e1rio \u00e9 um \u00e2mbito de confronto e questionamento do familiar, e de abertura para o infamiliar, de modo que se torna, tanto para o leitor, quanto para o pesquisador, um passo em dire\u00e7\u00e3o \u00e0 alteridade. S\u00e3o muitas as formas pelas quais essas trocas podem se realizar.<span class=\"Apple-converted-space\">\u00a0<\/span><\/p>\n<div class=\"page\" title=\"Page 7\">\n<div class=\"layoutArea\">\n<div class=\"column\">\n<div class=\"page\" title=\"Page 6\">\n<div class=\"layoutArea\">\n<div class=\"column\">\n<div class=\"page\" title=\"Page 9\">\n<div class=\"layoutArea\">\n<div class=\"column\">\n<p style=\"padding-left: 40px;\">[&#8230;]<\/p>\n<\/div>\n<\/div>\n<\/div>\n<\/div>\n<\/div>\n<\/div>\n<p>A Cole\u00e7\u00e3o \u00e9 composta, no momento, por doze volumes; os tr\u00eas primeiros, somente em ePub; os tr\u00eas seguinte em ePub e em PDF, e os tr\u00eas seguintes em PDF, em ePub Reflu\u00edvel (que se adapta \u00e0 tela) e em ePub Fixo (com p\u00e1ginas similares a um livro f\u00edsico), e os tr\u00eas mais recentes em PDF e em ePub. Trata-se de um reposit\u00f3rio inestim\u00e1vel, com centenas de estudos liter\u00e1rios, com diversificado referencial te\u00f3rico, multiplicidade de <em>corpus<strong>\u00a0<\/strong><\/em>e variados enfoques metodol\u00f3gicos. Confira.<\/p>\n<p>Confira <a href=\"https:\/\/editorapangeia.com.br\/?s=Literatura+em+Movimento\"><strong>AQUI<\/strong><\/a> todos os volumes da s\u00e9rie LITERATURA EM MOVIMENTO, uma parceria entre o Programa de P\u00f3s-gradua\u00e7\u00e3o em Estudos de Literatura da UFF e a Editora Pangeia com o apoio da<\/p>\n<p style=\"text-align: center;\"><img loading=\"lazy\" decoding=\"async\" class=\"alignnone wp-image-13782\" src=\"http:\/\/editorapangeia.com.br\/wp-content\/uploads\/2023\/10\/Imagem-29-10-2023-as-17.15-300x211.jpg\" alt=\"\" width=\"371\" height=\"261\" srcset=\"https:\/\/editorapangeia.com.br\/wp-content\/uploads\/2023\/10\/Imagem-29-10-2023-as-17.15-300x211.jpg 300w, https:\/\/editorapangeia.com.br\/wp-content\/uploads\/2023\/10\/Imagem-29-10-2023-as-17.15-768x540.jpg 768w, https:\/\/editorapangeia.com.br\/wp-content\/uploads\/2023\/10\/Imagem-29-10-2023-as-17.15-700x492.jpg 700w, https:\/\/editorapangeia.com.br\/wp-content\/uploads\/2023\/10\/Imagem-29-10-2023-as-17.15-400x281.jpg 400w, https:\/\/editorapangeia.com.br\/wp-content\/uploads\/2023\/10\/Imagem-29-10-2023-as-17.15.jpg 932w\" sizes=\"auto, (max-width: 371px) 100vw, 371px\" \/><\/p>\n<\/div>\n<\/div>\n<\/div>\n","protected":false},"featured_media":14262,"comment_status":"open","ping_status":"closed","template":"","meta":[],"product_brand":[],"product_cat":[4081,4828],"product_tag":[2151,192,496,2267,2234,2857,2268,264,495,389,156,157,182,183,2265,2266,494,434,163,493,1228],"class_list":{"0":"post-14264","1":"product","2":"type-product","3":"status-publish","4":"has-post-thumbnail","6":"product_cat-estudosliterarios","7":"product_cat-livrosgratis","8":"product_tag-capes","9":"product_tag-critica-literaria","10":"product_tag-critica-teatral","11":"product_tag-ensino-de-letras","12":"product_tag-ensino-de-literatura","13":"product_tag-estudos-culturais","14":"product_tag-estudos-de-literatura","15":"product_tag-estudos-literarios","16":"product_tag-historia-da-literatura","17":"product_tag-letras","18":"product_tag-literatura","19":"product_tag-literatura-brasileira","20":"product_tag-literatura-em-movimento","21":"product_tag-pesquisa-e-investigacao","22":"product_tag-ppg-em-estudos-literarios","23":"product_tag-ppg-em-letras","24":"product_tag-sappil","25":"product_tag-teoria-da-literatura","26":"product_tag-uff","27":"product_tag-uff-universidade-federal-fluminense","28":"product_tag-universidade","29":"product_shipping_class-normal","31":"first","32":"instock","33":"taxable","34":"shipping-taxable","35":"product-type-grouped"},"_links":{"self":[{"href":"https:\/\/editorapangeia.com.br\/pt_br\/wp-json\/wp\/v2\/product\/14264","targetHints":{"allow":["GET"]}}],"collection":[{"href":"https:\/\/editorapangeia.com.br\/pt_br\/wp-json\/wp\/v2\/product"}],"about":[{"href":"https:\/\/editorapangeia.com.br\/pt_br\/wp-json\/wp\/v2\/types\/product"}],"replies":[{"embeddable":true,"href":"https:\/\/editorapangeia.com.br\/pt_br\/wp-json\/wp\/v2\/comments?post=14264"}],"wp:featuredmedia":[{"embeddable":true,"href":"https:\/\/editorapangeia.com.br\/pt_br\/wp-json\/wp\/v2\/media\/14262"}],"wp:attachment":[{"href":"https:\/\/editorapangeia.com.br\/pt_br\/wp-json\/wp\/v2\/media?parent=14264"}],"wp:term":[{"taxonomy":"product_brand","embeddable":true,"href":"https:\/\/editorapangeia.com.br\/pt_br\/wp-json\/wp\/v2\/product_brand?post=14264"},{"taxonomy":"product_cat","embeddable":true,"href":"https:\/\/editorapangeia.com.br\/pt_br\/wp-json\/wp\/v2\/product_cat?post=14264"},{"taxonomy":"product_tag","embeddable":true,"href":"https:\/\/editorapangeia.com.br\/pt_br\/wp-json\/wp\/v2\/product_tag?post=14264"}],"curies":[{"name":"wp","href":"https:\/\/api.w.org\/{rel}","templated":true}]}}