{"id":14260,"date":"2019-12-25T22:45:20","date_gmt":"2019-12-25T22:45:20","guid":{"rendered":"https:\/\/editorapangeia.com.br\/?post_type=product&#038;p=14260"},"modified":"2025-09-15T13:42:09","modified_gmt":"2025-09-15T13:42:09","slug":"ppg-uff-capes-literatura-em-movimento-pesquisa-e-investigacao-10-pdf-e-epub","status":"publish","type":"product","link":"https:\/\/editorapangeia.com.br\/pt_br\/product\/ppg-uff-capes-literatura-em-movimento-pesquisa-e-investigacao-10-pdf-e-epub\/","title":{"rendered":"PPG-UFF \/ CAPES &#8211; Literatura em Movimento: Pesquisa e Investiga\u00e7\u00e3o 10"},"content":{"rendered":"<p>Este \u00e9 o volume 10 da Cole\u00e7\u00e3o LITERATURA EM MOVIMENTO &#8211; Pesquisa e Investiga\u00e7\u00e3o, do Programa de P\u00f3s-Gradua\u00e7\u00e3o em Estudos Liter\u00e1rios da Universidade Federal Fluminense, UFF; acolhendo, agora, as reflex\u00f5es da XIII Edi\u00e7\u00e3o do Semin\u00e1rio dos Alunos do Programa de P\u00f3s-Gradua\u00e7\u00e3o em Estudos de Literatura da UFF. Este volume est\u00e1 nos formatos PDF e ePub. Voc\u00ea pode baixar o de sua prefer\u00eancia, ou ambos, gratuitamente.<\/p>\n<p>Todos os volume da Cole\u00e7\u00e3o, em diversos formatos de eBook, s\u00e3o gratuitos. Baixe-os, <a href=\"https:\/\/editorapangeia.com.br\/?s=Literatura+em+Movimento\"><strong>AQUI<\/strong><\/a>.<\/p>\n<p>Confira <a href=\"https:\/\/editorapangeia.com.br\/?s=Literatura+em+Movimento\"><strong>AQUI<\/strong><\/a> todos os volumes da s\u00e9rie LITERATURA EM MOVIMENTO, uma parceria entre o Programa de P\u00f3s-gradua\u00e7\u00e3o em Estudos de Literatura da UFF e a Editora Pangeia com o apoio da<\/p>\n<p style=\"text-align: center;\"><img loading=\"lazy\" decoding=\"async\" class=\"alignnone wp-image-13782\" src=\"http:\/\/editorapangeia.com.br\/wp-content\/uploads\/2023\/10\/Imagem-29-10-2023-as-17.15-300x211.jpg\" alt=\"\" width=\"371\" height=\"261\" srcset=\"https:\/\/editorapangeia.com.br\/wp-content\/uploads\/2023\/10\/Imagem-29-10-2023-as-17.15-300x211.jpg 300w, https:\/\/editorapangeia.com.br\/wp-content\/uploads\/2023\/10\/Imagem-29-10-2023-as-17.15-768x540.jpg 768w, https:\/\/editorapangeia.com.br\/wp-content\/uploads\/2023\/10\/Imagem-29-10-2023-as-17.15-700x492.jpg 700w, https:\/\/editorapangeia.com.br\/wp-content\/uploads\/2023\/10\/Imagem-29-10-2023-as-17.15-400x281.jpg 400w, https:\/\/editorapangeia.com.br\/wp-content\/uploads\/2023\/10\/Imagem-29-10-2023-as-17.15.jpg 932w\" sizes=\"auto, (max-width: 371px) 100vw, 371px\" \/><\/p>\n","protected":false},"excerpt":{"rendered":"<p>Organizado por Viviana Gelado, este 10\u00ba volume da S\u00e9rie <strong>Literatura em Movimento: Pesquisa e Investiga\u00e7\u00e3o<\/strong>, reune<\/p>\n<div class=\"page\" title=\"Page 7\">\n<div class=\"layoutArea\">\n<div class=\"column\">\n<div class=\"page\" title=\"Page 6\">\n<div class=\"layoutArea\">\n<div class=\"column\">\n<div class=\"page\" title=\"Page 9\">\n<div class=\"layoutArea\">\n<div class=\"column\">\n<p style=\"padding-left: 40px;\">pesquisas desenvolvidas no \u00e2mbito do Programa de P\u00f3s-gradua\u00e7\u00e3o em Estudos de Literatura da UFF [com] diversas figura\u00e7\u00f5es do trauma, da loucura, da incomunicabilidade, da necropol\u00edtica, de viol\u00eancia, conflito e ru\u00ednas, da crise ou da sombra de identidade(s) etc., mas tamb\u00e9m a posta em texto de opera\u00e7\u00f5es que apontam, em sentido construtivo, para a desativa\u00e7\u00e3o dos efeitos desrealizadores daquelas figura\u00e7\u00f5es, notadamente mediante o recurso \u00e0 mem\u00f3ria (individual e coletiva), \u00e0s buscas por diversas formas de restaura\u00e7\u00e3o de alguma ordem ou organiza\u00e7\u00e3o (intelectual, social, pol\u00edtica); leituras, em soma, que rep\u00f5em (\u00e0s vezes, paradoxalmente) a funcionalidade da representa\u00e7\u00e3o. S\u00e3o estudos que se debru\u00e7am sobre a poesia, o teatro ou a narrativa de fic\u00e7\u00e3o de autoras e autores africanos que escrevem em portugu\u00eas em regi\u00f5es ou pa\u00edses de tradi\u00e7\u00e3o predominantemente banto ou mandinga; magrebinos que escrevem em franc\u00eas; migrantes, exilados ou filhos de migrantes que vivem entre l\u00ednguas e escrevem, entre outras, em portugu\u00eas; escritores negros brasileiros consagrados, como Concei\u00e7\u00e3o Evaristo, Geni Guimar\u00e3es e Geovani Martins, al\u00e9m da produ\u00e7\u00e3o em l\u00edngua inglesa vinculada \u00e0s tradi\u00e7\u00f5es modernas do g\u00f3tico, do fant\u00e1stico, do policial, da fic\u00e7\u00e3o cient\u00edfica, e a modalidades, mais recentes, de fic\u00e7\u00e3o dist\u00f3pica. Com uma presen\u00e7a crescente de vozes femininas, os estudos aqui reunidos tamb\u00e9m apontam, majoritariamente, para um exerc\u00edcio cr\u00edtico preocupado com sobredetermina\u00e7\u00f5es hist\u00f3ricas vinculadas \u00e0 coloniza\u00e7\u00e3o e \u00e0 institui\u00e7\u00e3o da escravid\u00e3o, a pr\u00e1ticas diasp\u00f3ricas (para as quais, no\u00e7\u00f5es tais como a da tradi\u00e7\u00e3o viva e a sobreviv\u00eancia pela mem\u00f3ria s\u00e3o fundamentais), bem como com as condi\u00e7\u00f5es de produ\u00e7\u00e3o e recep\u00e7\u00e3o impostas no contexto dos estados-na\u00e7\u00e3o contempor\u00e2neos e suas necropol\u00edticas.<span class=\"Apple-converted-space\">\u00a0<\/span><\/p>\n<p style=\"padding-left: 40px;\">[&#8230;]<\/p>\n<\/div>\n<\/div>\n<\/div>\n<\/div>\n<\/div>\n<\/div>\n<p>A Cole\u00e7\u00e3o \u00e9 composta, no momento, por doze volumes; os tr\u00eas primeiros, somente em ePub; os tr\u00eas seguinte em ePub e em PDF, e os tr\u00eas seguintes em PDF, em ePub Reflu\u00edvel (que se adapta \u00e0 tela) e em ePub Fixo (com p\u00e1ginas similares a um livro f\u00edsico), e os tr\u00eas mais recentes em PDF e em ePub. Trata-se de um reposit\u00f3rio inestim\u00e1vel, com centenas de estudos liter\u00e1rios, com diversificado referencial te\u00f3rico, multiplicidade de <em>corpus<strong>\u00a0<\/strong><\/em>e variados enfoques metodol\u00f3gicos. Confira.<\/p>\n<\/div>\n<\/div>\n<\/div>\n","protected":false},"featured_media":14253,"comment_status":"open","ping_status":"closed","template":"","meta":[],"product_brand":[],"product_cat":[4081,4828],"product_tag":[2151,192,496,2267,2234,2268,264,495,389,156,157,182,183,2265,2266,494,434,163,493,1228],"class_list":{"0":"post-14260","1":"product","2":"type-product","3":"status-publish","4":"has-post-thumbnail","6":"product_cat-estudosliterarios","7":"product_cat-livrosgratis","8":"product_tag-capes","9":"product_tag-critica-literaria","10":"product_tag-critica-teatral","11":"product_tag-ensino-de-letras","12":"product_tag-ensino-de-literatura","13":"product_tag-estudos-de-literatura","14":"product_tag-estudos-literarios","15":"product_tag-historia-da-literatura","16":"product_tag-letras","17":"product_tag-literatura","18":"product_tag-literatura-brasileira","19":"product_tag-literatura-em-movimento","20":"product_tag-pesquisa-e-investigacao","21":"product_tag-ppg-em-estudos-literarios","22":"product_tag-ppg-em-letras","23":"product_tag-sappil","24":"product_tag-teoria-da-literatura","25":"product_tag-uff","26":"product_tag-uff-universidade-federal-fluminense","27":"product_tag-universidade","28":"product_shipping_class-normal","30":"first","31":"instock","32":"taxable","33":"shipping-taxable","34":"product-type-grouped"},"_links":{"self":[{"href":"https:\/\/editorapangeia.com.br\/pt_br\/wp-json\/wp\/v2\/product\/14260","targetHints":{"allow":["GET"]}}],"collection":[{"href":"https:\/\/editorapangeia.com.br\/pt_br\/wp-json\/wp\/v2\/product"}],"about":[{"href":"https:\/\/editorapangeia.com.br\/pt_br\/wp-json\/wp\/v2\/types\/product"}],"replies":[{"embeddable":true,"href":"https:\/\/editorapangeia.com.br\/pt_br\/wp-json\/wp\/v2\/comments?post=14260"}],"wp:featuredmedia":[{"embeddable":true,"href":"https:\/\/editorapangeia.com.br\/pt_br\/wp-json\/wp\/v2\/media\/14253"}],"wp:attachment":[{"href":"https:\/\/editorapangeia.com.br\/pt_br\/wp-json\/wp\/v2\/media?parent=14260"}],"wp:term":[{"taxonomy":"product_brand","embeddable":true,"href":"https:\/\/editorapangeia.com.br\/pt_br\/wp-json\/wp\/v2\/product_brand?post=14260"},{"taxonomy":"product_cat","embeddable":true,"href":"https:\/\/editorapangeia.com.br\/pt_br\/wp-json\/wp\/v2\/product_cat?post=14260"},{"taxonomy":"product_tag","embeddable":true,"href":"https:\/\/editorapangeia.com.br\/pt_br\/wp-json\/wp\/v2\/product_tag?post=14260"}],"curies":[{"name":"wp","href":"https:\/\/api.w.org\/{rel}","templated":true}]}}