{"id":14045,"date":"2023-12-12T12:22:13","date_gmt":"2023-12-12T12:22:13","guid":{"rendered":"https:\/\/editorapangeia.com.br\/?post_type=product&#038;p=14045"},"modified":"2025-11-21T10:49:19","modified_gmt":"2025-11-21T10:49:19","slug":"literatura-e-tempos-sombrios-gestos-de-resistencia-carina-marques-duarte-e-carolina-barbosa-livro","status":"publish","type":"product","link":"https:\/\/editorapangeia.com.br\/pt_br\/product\/literatura-e-tempos-sombrios-gestos-de-resistencia-carina-marques-duarte-e-carolina-barbosa-livro\/","title":{"rendered":"Literatura e Tempos Sombrios: Gestos de Resist\u00eancia, Carina Marques Duarte (Org.), Carolina Barbosa (Org.)"},"content":{"rendered":"<p style=\"text-align: center;\">Para mais informa\u00e7\u00f5es sobre\u00a0<strong><em>Literatura e<br \/>\nTempos Sombrios<\/em><\/strong><strong>\u00a0<\/strong>e sobre Carina<br \/>\nMarques Duarte e Carolina<br \/>\nBarbosa Lima e Santos<br \/>\n<a href=\"https:\/\/editorapangeia.com.br\/?s=Tempos+Sombrios\"><strong>Clique AQUI !!!<\/strong><\/a><\/p>\n<blockquote><p><strong>Sum\u00e1rio:<\/strong><\/p><\/blockquote>\n<p style=\"text-align: center;\">APRESENTA\u00c7\u00c3O<br \/>\n<strong>8<\/strong><\/p>\n<p style=\"text-align: center;\">AS RU\u00cdNAS DO IMP\u00c9RIO NA LITERATURA<br \/>\nDA GUERRA COLONIAL<br \/>\n<strong>17<\/strong><\/p>\n<p style=\"text-align: center;\">SOBRE OS ESCOMBROS E FANTASMAS DO<br \/>\nIMP\u00c9RIO LUSITANO NA PO\u00c9TICA<br \/>\nDE LOBO ANTUNES<br \/>\n<strong>41<\/strong><\/p>\n<p style=\"text-align: center;\">UM FILHO DE \u00c1LVARO DE CAMPOS: O DI\u00c1LOGO<br \/>\nENTRE <em>A M\u00c1QUINA DE FAZER ESPANH\u00d3IS<\/em><br \/>\nE \u201cTABACARIA\u201d<br \/>\n<strong>59<\/strong><\/p>\n<p style=\"text-align: center;\">A POESIA ENCARCERADA DE AGOSTINHO NETO<br \/>\n<strong>99<\/strong><\/p>\n<p style=\"text-align: center;\">ESTUDO COMPARATIVO DE \u201cO DIA EM QUE<br \/>\nEXPLODIU MABATA-BATA\u201d E \u201cAS FLORES<br \/>\nDE NOVIDADE\u201d, DE MIA COUTO<br \/>\n<strong>122<\/strong><\/p>\n<p style=\"text-align: center;\">RETER O PRET\u00c9RITO: O DEVER DE MEM\u00d3RIA<br \/>\nNO ROMANCE ENTRE AS MEM\u00d3RIAS<br \/>\nSILENCIADAS<br \/>\n<strong>145<\/strong><\/p>\n<p style=\"text-align: center;\">SOBRE BICHOS RAROS, DESTERRADOS E ERRANTES:<br \/>\nDA VIOL\u00caNCIA EM SAMUEL RAWET<br \/>\n<strong>180<\/strong><\/p>\n<p style=\"text-align: center;\">O NOVO REALISMO E A REPRESENTA\u00c7\u00c3O DA VIOL\u00caNCIA<br \/>\nCONTRA A MULHER NO CONTO \u201cN\u00daPCIAS\u201d,<br \/>\nDE ALCIENE RIBEIRO LEITE<br \/>\n<strong>207<\/strong><\/p>\n<p style=\"text-align: center;\">A METADE CARA E A METADE M\u00c1SCARA DA<br \/>\nPOESIA DE ELIANE POTIGUARA<br \/>\n<strong>227<\/strong><\/p>\n<p style=\"text-align: center;\">COMO NASCEM OS REGIMES DE EXCE\u00c7\u00c3O: O<br \/>\nCASO DE INCIDENTE EM ANTARES<br \/>\n<strong>253<\/strong><\/p>\n<p style=\"text-align: center;\">SOBRE OS AUTORES<br \/>\n<strong>276<\/strong><\/p>\n<p style=\"text-align: center;\"><img loading=\"lazy\" decoding=\"async\" class=\"alignnone wp-image-14051\" src=\"http:\/\/editorapangeia.com.br\/wp-content\/uploads\/2023\/12\/Imagem-12-12-2023-as-08.35-199x300.jpg\" alt=\"\" width=\"359\" height=\"541\" srcset=\"https:\/\/editorapangeia.com.br\/wp-content\/uploads\/2023\/12\/Imagem-12-12-2023-as-08.35-199x300.jpg 199w, https:\/\/editorapangeia.com.br\/wp-content\/uploads\/2023\/12\/Imagem-12-12-2023-as-08.35-679x1024.jpg 679w, https:\/\/editorapangeia.com.br\/wp-content\/uploads\/2023\/12\/Imagem-12-12-2023-as-08.35-768x1158.jpg 768w, https:\/\/editorapangeia.com.br\/wp-content\/uploads\/2023\/12\/Imagem-12-12-2023-as-08.35-700x1056.jpg 700w, https:\/\/editorapangeia.com.br\/wp-content\/uploads\/2023\/12\/Imagem-12-12-2023-as-08.35-265x400.jpg 265w, https:\/\/editorapangeia.com.br\/wp-content\/uploads\/2023\/12\/Imagem-12-12-2023-as-08.35-464x700.jpg 464w, https:\/\/editorapangeia.com.br\/wp-content\/uploads\/2023\/12\/Imagem-12-12-2023-as-08.35-862x1300.jpg 862w, https:\/\/editorapangeia.com.br\/wp-content\/uploads\/2023\/12\/Imagem-12-12-2023-as-08.35.jpg 905w\" sizes=\"auto, (max-width: 359px) 100vw, 359px\" \/><\/p>\n","protected":false},"excerpt":{"rendered":"<p><em><strong>Literatura e Tempos Sombrios: Gestos de Resist\u00eancia<\/strong><\/em> resulta das pesquisas, eventos e di\u00e1logos interinstitucionais do Grupo de Pesquisa Literatura e Tempos Sombrios, que atua a partir do C\u00e2mpus do Pantanal da UFMS, em Corumb\u00e1, MS, na fronteira com a Bol\u00edvia, no cora\u00e7\u00e3o do Pantanal.<\/p>\n<p>O livro re\u00fane pesquisadores da UFRGS, de Institutos Federais (Tocantins e Maranh\u00e3o), da UNESP, das redes de ensino p\u00fablicas, pesquisadores de doutorado e de p\u00f3s doutorado e uma licenciada em Letras que desenvolveu pesquisa com bolsa PIBIC.<\/p>\n<p>Os cap\u00edtulos abordam representa\u00e7\u00f5es liter\u00e1rias da guerra colonial de liberta\u00e7\u00e3o de pa\u00edses africanos de l\u00edngua portuguesa, das lutas cotidianas do direito de existir de minorias, da viol\u00eancia secular contra as mulheres, da poesia ind\u00edgena e da ditadura militar brasileira.<\/p>\n<p>Um livro fundamental para estudiosos de literatura, l\u00ednguas, hist\u00f3ria, sociologia, psicologia, letras e outras \u00e1reas, n\u00e3o s\u00f3 do Col\u00e9gio de Humanidades.<\/p>\n<p style=\"font-weight: 400;\"><em>RESIST\u00caNCIA, TEU NOME \u00c9 LITERATURA<\/em><\/p>\n<p style=\"font-weight: 400;\">O subt\u00edtulo deste livro, \u201cGestos de Resist\u00eancia\u201d, diz a que ele veio, e diz exemplarmente do car\u00e1ter da literatura, do que \u00e9 a literatura, do que s\u00e3o os estudos liter\u00e1rios, do que \u00e9 o cotidiano, nestes nossos tempos sombrios, dos cursos de Letras e das demais licenciaturas.<\/p>\n<p style=\"font-weight: 400;\">N\u00e3o s\u00e3o somente tempos sombrios, s\u00e3o tempos brutais, de d\u00e9spotas sanguin\u00e1rios, de regimes pol\u00edticos excludentes, de persegui\u00e7\u00f5es, de tortura f\u00edsica e emocional aos diferentes, de marginaliza\u00e7\u00e3o de \u201cminorias\u201d, de explora\u00e7\u00e3o desbragada, de impostos escorchantes, de sujeitos-agentes que espoliam, que trucidam, que humilham, que se locupletam em grupos c\u00ednicos, que de seus covis mentais agridem, bolinam, assediam, exp\u00f5e publicamente sujeitos-assujeitados.<\/p>\n<p style=\"font-weight: 400;\">A literatura \u00e9 o espa\u00e7o por excel\u00eancia do registro do cotidiano dos humilhados e ofendidos, dos grupos que servem de pasto \u00e0 \u00edndole sanguinolenta das elites corrompidas, corrompedoras, corromp\u00edveis, corruptas. Onde o discurso da moralidade se inflama, se torna pol\u00edtica, ali est\u00e1 um opressor em a\u00e7\u00e3o \u2013 e ali, para desvelar o cinismo, n\u00e3o h\u00e1 nada mais dessacralizador do que a poesia, do que a fic\u00e7\u00e3o, do que o discurso liter\u00e1rio.<\/p>\n<p style=\"font-weight: 400;\">Assim \u00e9 este livro, <strong><em>Literatura e tempos sombrios: gestos de resist\u00eancia<\/em><\/strong>, em que dez pesquisadores, em dez cap\u00edtulos e uma apresenta\u00e7\u00e3o, tornam os estudos liter\u00e1rios o suplemento cr\u00edtico que mostra a m\u00e1quina de produzir sentidos que \u00e9 a literatura desvendando os textos que estuda na interface deles com o sombrio referente humano, social, pol\u00edtico e hist\u00f3rico.<\/p>\n<p style=\"font-weight: 400;\">Da metr\u00f3pole colonial \u00e0s ditaduras, em Portugal e no Brasil, dos c\u00e1rceres pol\u00edticos \u00e0s sociedades perif\u00e9ricas, das mem\u00f3rias das guerras ao bicho-homem na pequenez do cotidiano insalubre, da viol\u00eancia e do estupro \u00e0 preda\u00e7\u00e3o da natureza, do nascimento das ditaduras palacianas \u00e0s revoltas e \u00e0 resist\u00eancia popular, este \u00e9 um livro de acuradas leituras liter\u00e1rias e percuciente compreens\u00e3o dos tempos sombrios, de antes e de agora.<\/p>\n<p style=\"font-weight: 400;\">Em s\u00edntese, um livro fundamental para os estudiosos de Literatura, de L\u00ednguas, de Hist\u00f3ria, de Sociologia, da Psicologia, das Letras e de muitas outras \u00e1reas, n\u00e3o s\u00f3 as do Col\u00e9gio de Humanidades.<\/p>\n<p style=\"font-weight: 400; text-align: right;\"><strong><em>Rauer Ribeiro Rodrigues<br \/>\n<\/em><\/strong><em>Professor; Escritor; Em travessia<\/em><\/p>\n","protected":false},"featured_media":14050,"comment_status":"open","ping_status":"closed","template":"","meta":[],"product_brand":[],"product_cat":[4081],"product_tag":[2736,949,134,612,2733,2743,2744,2151,2725,2728,2726,955,2750,2740,2742,377,2759,2734,5080,2724,2729,2758,2754,2745,2731,2741,2746,2747,2727,2732,2748,2749,2737,2739,2751,1291,2761,111,477,112,476,2730,2738,2735,2723,434,2756,164,2760,2752,2755,2757,2753,809],"class_list":{"0":"post-14045","1":"product","2":"type-product","3":"status-publish","4":"has-post-thumbnail","6":"product_cat-estudosliterarios","7":"product_tag-agostinho-neto","8":"product_tag-alciene","9":"product_tag-alciene-ribeiro","10":"product_tag-alciene-ribeiro-leite","11":"product_tag-alvaro-de-campos","12":"product_tag-ana-beatriz-abreu-de-souza","13":"product_tag-ana-paula-freitas-dos-santos","14":"product_tag-capes","15":"product_tag-carina-marques-duarte","16":"product_tag-carol-sartomen","17":"product_tag-carolina-barbosa","18":"product_tag-catia-mendes-pereira","19":"product_tag-cpan-ufms","20":"product_tag-eliane-potiguara","21":"product_tag-erico-verissimo","22":"product_tag-eros-poesia","23":"product_tag-estudos-de-linguagens","24":"product_tag-fernando-pessoa","25":"product_tag-formacao-antirracista","26":"product_tag-gestos-de-resistencia","27":"product_tag-guerra-colonial","28":"product_tag-ifma","29":"product_tag-ifto","30":"product_tag-ilka-vanessa-meireles-santos","31":"product_tag-imperio-lusitano","32":"product_tag-incidente-em-antares","33":"product_tag-leonardo-von-pfeil-rommel","34":"product_tag-lidiane-moreira-e-silva","35":"product_tag-lima-e-santos","36":"product_tag-lobo-antunes","37":"product_tag-luciano-de-jesus-goncalves","38":"product_tag-maria-da-gloria-bordini","39":"product_tag-mia-couto","40":"product_tag-nupcias","41":"product_tag-pangeia-editora","42":"product_tag-pangeia-editorial","43":"product_tag-pibic","44":"product_tag-poesia","45":"product_tag-ppg-letras-cptl-ufms","46":"product_tag-rauer","47":"product_tag-rauer-ribeiro-rodrigues","48":"product_tag-ruinas","49":"product_tag-samuel-rawet","50":"product_tag-tabacaria","51":"product_tag-tempos-sombrios","52":"product_tag-teoria-da-literatura","53":"product_tag-uema","54":"product_tag-ufms","55":"product_tag-ufms-cnpq","56":"product_tag-ufrgs","57":"product_tag-unesp-assis","58":"product_tag-uninter","59":"product_tag-usp","60":"product_tag-violencia-contra-a-mulher","61":"product_shipping_class-normal","63":"first","64":"instock","65":"taxable","66":"shipping-taxable","67":"product-type-external"},"_links":{"self":[{"href":"https:\/\/editorapangeia.com.br\/pt_br\/wp-json\/wp\/v2\/product\/14045","targetHints":{"allow":["GET"]}}],"collection":[{"href":"https:\/\/editorapangeia.com.br\/pt_br\/wp-json\/wp\/v2\/product"}],"about":[{"href":"https:\/\/editorapangeia.com.br\/pt_br\/wp-json\/wp\/v2\/types\/product"}],"replies":[{"embeddable":true,"href":"https:\/\/editorapangeia.com.br\/pt_br\/wp-json\/wp\/v2\/comments?post=14045"}],"wp:featuredmedia":[{"embeddable":true,"href":"https:\/\/editorapangeia.com.br\/pt_br\/wp-json\/wp\/v2\/media\/14050"}],"wp:attachment":[{"href":"https:\/\/editorapangeia.com.br\/pt_br\/wp-json\/wp\/v2\/media?parent=14045"}],"wp:term":[{"taxonomy":"product_brand","embeddable":true,"href":"https:\/\/editorapangeia.com.br\/pt_br\/wp-json\/wp\/v2\/product_brand?post=14045"},{"taxonomy":"product_cat","embeddable":true,"href":"https:\/\/editorapangeia.com.br\/pt_br\/wp-json\/wp\/v2\/product_cat?post=14045"},{"taxonomy":"product_tag","embeddable":true,"href":"https:\/\/editorapangeia.com.br\/pt_br\/wp-json\/wp\/v2\/product_tag?post=14045"}],"curies":[{"name":"wp","href":"https:\/\/api.w.org\/{rel}","templated":true}]}}