{"id":14008,"date":"2023-12-04T19:44:26","date_gmt":"2023-12-04T19:44:26","guid":{"rendered":"https:\/\/editorapangeia.com.br\/?post_type=product&#038;p=14008"},"modified":"2025-01-09T13:49:53","modified_gmt":"2025-01-09T13:49:53","slug":"o-mundo-das-fitinhas-perdidas-stella-valente-e-ana-cecilia-carvalho-livro-a-cores-e-para-colorir","status":"publish","type":"product","link":"https:\/\/editorapangeia.com.br\/pt_br\/product\/o-mundo-das-fitinhas-perdidas-stella-valente-e-ana-cecilia-carvalho-livro-a-cores-e-para-colorir\/","title":{"rendered":"O Mundo das Fitinhas Perdidas, Stella Valente e Ana Cec\u00edlia Carvalho"},"content":{"rendered":"<p style=\"text-align: center;\"><strong><img loading=\"lazy\" decoding=\"async\" class=\"alignnone size-medium wp-image-13946\" src=\"http:\/\/editorapangeia.com.br\/wp-content\/uploads\/2023\/11\/Imagem-25-11-2023-as-14.29-300x281.jpg\" alt=\"\" width=\"300\" height=\"281\" srcset=\"https:\/\/editorapangeia.com.br\/wp-content\/uploads\/2023\/11\/Imagem-25-11-2023-as-14.29-300x281.jpg 300w, https:\/\/editorapangeia.com.br\/wp-content\/uploads\/2023\/11\/Imagem-25-11-2023-as-14.29.jpg 308w\" sizes=\"auto, (max-width: 300px) 100vw, 300px\" \/><br \/>\nStella Valente\u00a0<\/strong>nasceu em 2016 em Belo Horizonte, MG. \u00c9 filha de Gisella Gontijo e Felipe Valente.\u00a0<em><strong>O Mundo das Fitinhas Perdidas<\/strong><\/em> \u00e9 seu primeiro livro, concebido durante conversas e leituras com sua av\u00f3 Ana Cec\u00edlia. Um dia a hist\u00f3ria narrada tomou a forma escrita, quando ent\u00e3o abriu-se para Stella o mundo m\u00e1gico da literatura.<\/p>\n<p style=\"text-align: center;\"><strong><img loading=\"lazy\" decoding=\"async\" class=\"alignnone size-full wp-image-14010\" src=\"http:\/\/editorapangeia.com.br\/wp-content\/uploads\/2023\/12\/Imagem-25-11-2023-as-14.30.jpg\" alt=\"\" width=\"288\" height=\"272\" \/><br \/>\nAna Cec\u00edlia Carvalho<\/strong>, av\u00f3 de Stella Valente, \u00e9 psicanalista e escritora; \u00e9 professora aposentada da UFMG. Desde crian\u00e7a sempre gostou de ler e escrever, para dar forma ao que vinha na sua imagina\u00e7\u00e3o. Publicou mais de dez livros, sendo\u00a0<em><strong>O Mundo das Fitinhas Perdidas<\/strong><\/em> o primeiro que escreveu com Stella. Vir\u00e3o outros, com certeza!<\/p>\n<p style=\"text-align: center;\"><strong><img loading=\"lazy\" decoding=\"async\" class=\"alignnone size-medium wp-image-14013\" src=\"http:\/\/editorapangeia.com.br\/wp-content\/uploads\/2023\/12\/Imagem-04-12-2023-as-16.23-300x295.jpg\" alt=\"\" width=\"300\" height=\"295\" srcset=\"https:\/\/editorapangeia.com.br\/wp-content\/uploads\/2023\/12\/Imagem-04-12-2023-as-16.23-300x295.jpg 300w, https:\/\/editorapangeia.com.br\/wp-content\/uploads\/2023\/12\/Imagem-04-12-2023-as-16.23-50x50.jpg 50w, https:\/\/editorapangeia.com.br\/wp-content\/uploads\/2023\/12\/Imagem-04-12-2023-as-16.23.jpg 360w\" sizes=\"auto, (max-width: 300px) 100vw, 300px\" \/><br \/>\nAlexandra Abdala<\/strong> \u00e9 uma designer gr\u00e1fica que expressa por meio da arte sua grande paix\u00e3o: fazer livros. \u00c9 das mais respeitadas diagramadoras de livros infantis e de livros de interesse geral do Brasil na atualidade. Para a Pangeia Editorial \/ Edi\u00e7\u00f5es Saru\u00ea produziu livros inesquec\u00edveis e bel\u00edssimos na Cole\u00e7\u00e3o Ler-Brinca-Criar, selo que abriga este\u00a0<em><strong>O Mundo das Fitinhas Perdidas<\/strong><\/em>.<\/p>\n<p style=\"text-align: center;\">Pois j\u00e1 chegou a hora do lan\u00e7amento: vamos<br \/>\nencontrar essas \u00a0Fitinhas:<br \/>\n<a href=\"https:\/\/editorapangeia.com.br\/?s=Fitinhas\"><span style=\"color: #0000ff;\"><strong>AQUI!<\/strong><\/span><\/a><\/p>\n<p style=\"text-align: center;\">Para mais informa\u00e7\u00f5es sobre\u00a0<strong><em>O Mundo das<br \/>\nFitinhas Perdidas<\/em>\u00a0<\/strong>e sobre Stella<br \/>\nValente e Ana Cec\u00edlia Carvalho<br \/>\n<a href=\"https:\/\/editorapangeia.com.br\/?s=Fitinhas\"><span style=\"color: #ff0000;\"><strong>Clique AQUI !!!<\/strong><\/span><\/a><\/p>\n","protected":false},"excerpt":{"rendered":"<p>Uma menina que gosta de ouvir hist\u00f3rias e que acabou de ser alfabetizada; uma av\u00f3 que sempre contou hist\u00f3rias e est\u00f3rias para essa menina, e que \u00e9 escritora reconhecida, com diversos pr\u00eamios.<\/p>\n<p>Da imagina\u00e7\u00e3o f\u00e9rtil e cultivada em di\u00e1logos inventivos nasceu\u00a0<em><strong>O mundo das Fitinhas Perdidas<\/strong><\/em>.<\/p>\n<p>Mist\u00e9rio, suspense, medo, sonho, realidade \u2013 tudo se mistura na alegria da realidade on\u00edrica, em um livro para ler, para curtir, para escrever, desenhar, colorir e curtir os desenhos coloridos, que nasceram com o giz de cera nas m\u00e3os da Stella Valente e encontraram na designer gr\u00e1fica Alexandra Abdala a express\u00e3o perfeita.<\/p>\n<p>Mais que um livro, revela\u00e7\u00e3o e epifania, com o melhor da arte liter\u00e1ria e das artes gr\u00e1ficas.<\/p>\n","protected":false},"featured_media":14014,"comment_status":"open","ping_status":"closed","template":"","meta":[],"product_brand":[],"product_cat":[4080],"product_tag":[710,2681,366,2684,2687,2688,2692,2683,1877,413,594,2691,721,2685,2686,1291,2689,112,476,2535,2682,2690],"class_list":{"0":"post-14008","1":"product","2":"type-product","3":"status-publish","4":"has-post-thumbnail","6":"product_cat-infantojuvenil","7":"product_tag-alexandra-abdala","8":"product_tag-ana-cecilia-carvalho","9":"product_tag-edicoes-sarue","10":"product_tag-felipe-valente","11":"product_tag-fitinhas","12":"product_tag-fitinhas-perdidas","13":"product_tag-formacao-de-leitor","14":"product_tag-gisella-montijo","15":"product_tag-leitores","16":"product_tag-leitura","17":"product_tag-ler-brincar-criar","18":"product_tag-livro-a-cores","19":"product_tag-livro-para-colorir","20":"product_tag-lyslei-nascimento","21":"product_tag-o-mundo-das-fitinhas-perdidas","22":"product_tag-pangeia-editorial","23":"product_tag-quixote-livraria","24":"product_tag-rauer","25":"product_tag-rauer-ribeiro-rodrigues","26":"product_tag-rizio-macedo","27":"product_tag-stella-valente","28":"product_tag-tatiana-santos","29":"product_shipping_class-normal","31":"first","32":"instock","33":"taxable","34":"shipping-taxable","35":"purchasable","36":"product-type-simple"},"_links":{"self":[{"href":"https:\/\/editorapangeia.com.br\/pt_br\/wp-json\/wp\/v2\/product\/14008","targetHints":{"allow":["GET"]}}],"collection":[{"href":"https:\/\/editorapangeia.com.br\/pt_br\/wp-json\/wp\/v2\/product"}],"about":[{"href":"https:\/\/editorapangeia.com.br\/pt_br\/wp-json\/wp\/v2\/types\/product"}],"replies":[{"embeddable":true,"href":"https:\/\/editorapangeia.com.br\/pt_br\/wp-json\/wp\/v2\/comments?post=14008"}],"wp:featuredmedia":[{"embeddable":true,"href":"https:\/\/editorapangeia.com.br\/pt_br\/wp-json\/wp\/v2\/media\/14014"}],"wp:attachment":[{"href":"https:\/\/editorapangeia.com.br\/pt_br\/wp-json\/wp\/v2\/media?parent=14008"}],"wp:term":[{"taxonomy":"product_brand","embeddable":true,"href":"https:\/\/editorapangeia.com.br\/pt_br\/wp-json\/wp\/v2\/product_brand?post=14008"},{"taxonomy":"product_cat","embeddable":true,"href":"https:\/\/editorapangeia.com.br\/pt_br\/wp-json\/wp\/v2\/product_cat?post=14008"},{"taxonomy":"product_tag","embeddable":true,"href":"https:\/\/editorapangeia.com.br\/pt_br\/wp-json\/wp\/v2\/product_tag?post=14008"}],"curies":[{"name":"wp","href":"https:\/\/api.w.org\/{rel}","templated":true}]}}