{"id":13892,"date":"2023-11-07T22:09:50","date_gmt":"2023-11-07T22:09:50","guid":{"rendered":"https:\/\/editorapangeia.com.br\/?post_type=product&#038;p=13892"},"modified":"2025-11-21T10:51:09","modified_gmt":"2025-11-21T10:51:09","slug":"multiplos-olhares-sobre-a-extensao-universitaria-na-vila-paula-epub-livro-e-pdf","status":"publish","type":"product","link":"https:\/\/editorapangeia.com.br\/pt_br\/product\/multiplos-olhares-sobre-a-extensao-universitaria-na-vila-paula-epub-livro-e-pdf\/","title":{"rendered":"M\u00faltiplos Olhares Sobre a Extens\u00e3o Universit\u00e1ria na Vila Paula"},"content":{"rendered":"<p style=\"text-align: center;\">M\u00daLTIPLOS OLHARES SOBRE A EXTENS\u00c3O<br \/>\nUNIVERSIT\u00c1RIA NA VILA PAULA<br \/>\nOrgs.:<\/p>\n<ul>\n<li style=\"list-style-type: none;\">\n<ul>\n<li>Rubens Bedrikow, professor-adjunto da Faculdade de Ci\u00eancias M\u00e9dicas, FCM \/ Unicamp,<\/li>\n<li>Aline Messias Mota, ex-aluna da p\u00f3s-gradua\u00e7\u00e3o da FCM \/ Unicamp,<\/li>\n<li>Beatriz Soares Pires, atual aluna da FCM \/ Unicamp, e<\/li>\n<li>Maria Filomena de Gouveia Vilela, professora doutora aposentada da Faculdade de Enfermagem da Unicamp<\/li>\n<\/ul>\n<\/li>\n<\/ul>\n<p>Baixe gratuitamente o ePub e o PDF e adquira o livro f\u00edsico, aqui na LOJA DA PANGEIA.<\/p>\n<p>Acompanhe as not\u00edcias no nosso Blog, adicione o sininho e receba o aviso.<\/p>\n<p>O lan\u00e7amento deste livro tamb\u00e9m ser\u00e1 divulgado em nosso perfil no Instagram: @pangeiaeditora &#8211; nos siga por l\u00e1.<\/p>\n<p>Para mais informa\u00e7\u00f5es sobre o livro, clique <a href=\"https:\/\/editorapangeia.com.br\/?s=VILA+PAULA\"><span style=\"color: #ff0000;\"><strong>AQUI!!!<\/strong><\/span><\/a><\/p>\n<div class=\"media-embedded\">\n<blockquote class=\"wp-embedded-content\" data-secret=\"HismwtLKPi\"><p><a href=\"https:\/\/editorapangeia.com.br\/extensao-da-fcm-unicamp-olhares-sobre-a-vila-paula\/\">Extens\u00e3o da FCM \/ Unicamp: olhares sobre a Vila Paula<\/a><\/p><\/blockquote>\n<p><iframe loading=\"lazy\" class=\"wp-embedded-content\" sandbox=\"allow-scripts\" security=\"restricted\" style=\"position: absolute; visibility: hidden;\" title=\"&#8220;Extens\u00e3o da FCM \/ Unicamp: olhares sobre a Vila Paula&#8221; &#8212; Editora Pangeia\" src=\"https:\/\/editorapangeia.com.br\/extensao-da-fcm-unicamp-olhares-sobre-a-vila-paula\/embed\/#?secret=fXECAsuQPa#?secret=HismwtLKPi\" data-secret=\"HismwtLKPi\" width=\"600\" height=\"338\" frameborder=\"0\" marginwidth=\"0\" marginheight=\"0\" scrolling=\"no\"><\/iframe><\/div>\n","protected":false},"excerpt":{"rendered":"<p>Depoimentos, relatos, fotos, descri\u00e7\u00e3o e an\u00e1lise de projeto de extens\u00e3o vinculado \u00e0 FCM \/ Unicamp, na \u00e1rea de Sa\u00fade Social. o projeto foi realizado na Vila Paula.<\/p>\n<p>Afloram a forma\u00e7\u00e3o m\u00e9dica sens\u00edvel e humanista e a emo\u00e7\u00e3o de estudantes, dos professores e da comunidade da Vila Paula.<\/p>\n<p>Um livro necess\u00e1rio, que demonstra mais uma vez o papel essencial da universidade brasileira, em especial para as comunidades a que o Estado segue ausente.<\/p>\n","protected":false},"featured_media":13893,"comment_status":"open","ping_status":"closed","template":"","meta":[],"product_brand":[],"product_cat":[4086],"product_tag":[2625,2626,910,2627,2628,2629,2630,2631,2632,2633,5080,2634,2635,2636,2637,2638,2639,2640,530,1228,2641,2642],"class_list":{"0":"post-13892","1":"product","2":"type-product","3":"status-publish","4":"has-post-thumbnail","6":"product_cat-medicinaenfermagem","7":"product_tag-aline-messias-mota","8":"product_tag-beatriz-soares-pires","9":"product_tag-campinas","10":"product_tag-enfermagem","11":"product_tag-extensao","12":"product_tag-faculdade-de-ciencias-medicas","13":"product_tag-faculdade-de-ciencias-medicas-da-unicamp","14":"product_tag-faculdade-de-enfermagem","15":"product_tag-faculdade-de-enfermagem-da-unicamp","16":"product_tag-fcm-unicamp","17":"product_tag-formacao-antirracista","18":"product_tag-marco-aurelio-cremasco","19":"product_tag-maria-filomena-de-gouveia-vilela","20":"product_tag-medicina","21":"product_tag-mena-vilela","22":"product_tag-multiplos-olhares","23":"product_tag-pro-reitoria-de-extensao","24":"product_tag-rubens-bedrikow","25":"product_tag-unicamp","26":"product_tag-universidade","27":"product_tag-universidade-estadual-de-campinas","28":"product_tag-vila-paula","29":"product_shipping_class-normal","31":"first","32":"instock","33":"featured","34":"taxable","35":"shipping-taxable","36":"product-type-grouped"},"_links":{"self":[{"href":"https:\/\/editorapangeia.com.br\/pt_br\/wp-json\/wp\/v2\/product\/13892","targetHints":{"allow":["GET"]}}],"collection":[{"href":"https:\/\/editorapangeia.com.br\/pt_br\/wp-json\/wp\/v2\/product"}],"about":[{"href":"https:\/\/editorapangeia.com.br\/pt_br\/wp-json\/wp\/v2\/types\/product"}],"replies":[{"embeddable":true,"href":"https:\/\/editorapangeia.com.br\/pt_br\/wp-json\/wp\/v2\/comments?post=13892"}],"wp:featuredmedia":[{"embeddable":true,"href":"https:\/\/editorapangeia.com.br\/pt_br\/wp-json\/wp\/v2\/media\/13893"}],"wp:attachment":[{"href":"https:\/\/editorapangeia.com.br\/pt_br\/wp-json\/wp\/v2\/media?parent=13892"}],"wp:term":[{"taxonomy":"product_brand","embeddable":true,"href":"https:\/\/editorapangeia.com.br\/pt_br\/wp-json\/wp\/v2\/product_brand?post=13892"},{"taxonomy":"product_cat","embeddable":true,"href":"https:\/\/editorapangeia.com.br\/pt_br\/wp-json\/wp\/v2\/product_cat?post=13892"},{"taxonomy":"product_tag","embeddable":true,"href":"https:\/\/editorapangeia.com.br\/pt_br\/wp-json\/wp\/v2\/product_tag?post=13892"}],"curies":[{"name":"wp","href":"https:\/\/api.w.org\/{rel}","templated":true}]}}