{"id":13883,"date":"2023-09-21T06:15:56","date_gmt":"2023-09-21T06:15:56","guid":{"rendered":"https:\/\/editorapangeia.com.br\/?post_type=product&#038;p=13883"},"modified":"2025-01-09T17:03:48","modified_gmt":"2025-01-09T17:03:48","slug":"arrumar-as-gavetas-flavia-de-queiroz-lima-livro","status":"publish","type":"product","link":"https:\/\/editorapangeia.com.br\/pt_br\/product\/arrumar-as-gavetas-flavia-de-queiroz-lima-livro\/","title":{"rendered":"Arrumar as Gavetas, Fl\u00e1via de Queiroz Lima"},"content":{"rendered":"<p>LEITURA DOS POEMAS NO CD QUE ACOMPANHA O LIVRO:<\/p>\n<p>Fl\u00e1via Queiroz, Di Ribeiro, M\u00e1rcia Lana, Marcela Bertelli e Let\u00edcia Bertelli<\/p>\n<p>PRODU\u00c7\u00c3O DO CDGRAVA\u00c7\u00c3O, MIXAGEM E MASTERIZA\u00c7\u00c3O:<\/p>\n<p>Andr\u00e9 Galastro-AG Est\u00fadio &#8211; andregalastro@hotmail.com Egberto Gismonti gravou &#8220;Ano Zero&#8221; e &#8220;Caravela&#8221;, especialmente para o CD, no Est\u00fadio Verde. Engenheiro de som: Ricardo Sj\u00f6sted. A grava\u00e7\u00e3o de &#8220;Libra&#8221; teve arranjo adaptado e viol\u00e3o de Andr\u00e9 Galastro.<\/p>\n<p>TEMAS MUSICAIS DE ABERTURA DAS GAVETAS:<\/p>\n<p>Fl\u00e1via Queiroz, Andr\u00e9 Galastro, (trilhas compostas para o Cd)<\/p>\n<p>Jos\u00e9 Miguel Wisnik &#8211; &#8220;Libra&#8221;, Egberto Gismonti e Geraldo Carneiro &#8211; &#8220;Ano Zero&#8221;.<\/p>\n<p>Fecha a gaveta Achados e Perdidos a m\u00fasica &#8220;Caravela&#8221;, de Egberto Gismonti e Geraldo Carneiro.<\/p>\n<div>\n<blockquote>\n<p style=\"text-align: center;\"><strong>Conhe\u00e7a mais sobre a autora:<br \/>\n<\/strong><span style=\"color: #993300;\"><a style=\"color: #993300;\" href=\"https:\/\/editorapangeia.com.br\/?s=Fl\u00e1via\">CLIQUE <strong>AQUI<\/strong>!!!!<\/a><\/span><\/p>\n<p style=\"text-align: center;\"><b>Conhe\u00e7a\u00a0<span style=\"color: #0000ff;\"><em>La\u00e7os e Avessos<\/em><\/span>, de<br \/>\n<\/b><span style=\"color: #ff0000;\"><a style=\"color: #ff0000;\" href=\"https:\/\/editorapangeia.com.br\/product\/lacos-e-avessos-flavia-de-queiroz-lima-livro\/\"><strong><em>Fl\u00e1via de Queiroz Lima<\/em><\/strong><\/a><\/span><\/p>\n<\/blockquote>\n<\/div>\n<p style=\"text-align: center;\"><strong>Eis o texto da \u00faltima capa do livro:<\/strong><\/p>\n<p style=\"padding-left: 40px;\">&#8220;\u00c9 do espanto diante das possibilidades reflexivas de cada elemento do mundo, que o poeta ergue a sua poesia. Tomando da palavra e sua maleabilidade, o poeta adjetiva o mundo &#8211; contendo seus enigmas em reservada linguagem velando com palavras o objeto eleito, para n\u00e3o esgot\u00e1-lo de outras conjeturas. Assim, impregnada de emo\u00e7\u00f5es e capaz de conter sua intui\u00e7\u00e3o po\u00e9tica por meio da palavra, Fl\u00e1via de Queiroz Lima realiza sua poesia. Com surpreendente acuidade a poeta adentra, sem medono mundo das coisas e acaricia o universo com precisos versos, lapidando com muitas faces o mais inerte dos elementosSua poesia, buscada no cotidiano de suas gavetas, mais parece tesouros que devem ser guardados em cofres com sete chaves&#8221;<\/p>\n<p style=\"text-align: right;\"><strong>Bartolomeu Campos de Queir\u00f3s<\/strong><\/p>\n<p style=\"text-align: center;\">Para mais informa\u00e7\u00f5es sobre Fl\u00e1via de Queiroz Lima<br \/>\n<a href=\"https:\/\/editorapangeia.com.br\/?s=FL\u00c1VIA\"><span style=\"color: #ff0000;\">CLIQUE\u00a0<strong>AQUI<\/strong>!!!<\/span><\/a><\/p>\n","protected":false},"excerpt":{"rendered":"<p style=\"padding-left: 40px;\">A arte \u00e9 fogo aceso<br \/>\ne em volta a gente arde<br \/>\ndeixando que aconte\u00e7a<br \/>\nn\u00e3o s\u00f3 pela metade<br \/>\na vida itinerante.<\/p>\n<p>Com o livro, cd com diversos poemas, nas vozes da autora, Fl\u00e1via de Queiroz Lima, Di Ribeiro, M\u00e1rcia Lana, Marcela Bertelli e Let\u00edcia Bertelli. Egberto Gismonti gravou &#8220;Ano Zero&#8221; e &#8220;Caravela&#8221; especialmente para o CD. A grava\u00e7\u00e3o de &#8220;Libra&#8221; teve arranjo adaptado e viol\u00e3o de Andr\u00e9 Galastro. Temas musicais de abertura das Gavetas do livro de Fl\u00e1via, Galastro, Jos\u00e9 Miguel Wisnick, Egberto Gismont e Geraldo Carneiro.<\/p>\n<p style=\"text-align: center;\">Para ler no Blog da Pangeia v\u00e1rios poemas de Flavia de<br \/>\nQueiroz Lima e conhecer outros livros da poeta,<br \/>\nclique <a href=\"https:\/\/editorapangeia.com.br\/?s=Fl\u00e1via\"><span style=\"color: #0000ff;\"><strong>AQUI<\/strong><\/span><\/a> , <span style=\"color: #ff6600;\"><a style=\"color: #ff6600;\" href=\"https:\/\/editorapangeia.com.br\/product\/arrumar-as-gavetas-flavia-de-queiroz-lima-livro\/\"><strong>AQUI<\/strong> <\/a><\/span>e <strong><a href=\"https:\/\/editorapangeia.com.br\/product\/lacos-e-avessos-flavia-de-queiroz-lima-livro\/\"><span style=\"color: #ff0000;\">AQUI!!!<\/span><\/a><\/strong><\/p>\n","protected":false},"featured_media":13884,"comment_status":"open","ping_status":"closed","template":"","meta":[],"product_brand":[],"product_cat":[4077],"product_tag":[2218,2219,740,741,377,243,2220,2680,2222,742,746,1235,111,1144,2071,476,2227,2221],"class_list":{"0":"post-13883","1":"product","2":"type-product","3":"status-publish","4":"has-post-thumbnail","6":"product_cat-poesia","7":"product_tag-academia-mineira-de-letras","8":"product_tag-aml","9":"product_tag-beaga","10":"product_tag-belo-horizonte","11":"product_tag-eros-poesia","12":"product_tag-escrita-feminina","13":"product_tag-flavia-de-queiroz-lima","14":"product_tag-gavetas","15":"product_tag-lacos-e-avessos","16":"product_tag-literatura-mineira","17":"product_tag-minas-gerais","18":"product_tag-natureza","19":"product_tag-poesia","20":"product_tag-poesia-brasileira","21":"product_tag-poesia-contemporanea","22":"product_tag-rauer-ribeiro-rodrigues","23":"product_tag-resenhas","24":"product_tag-rio-de-janeiro","25":"product_shipping_class-normal","27":"first","28":"instock","29":"taxable","30":"shipping-taxable","31":"purchasable","32":"product-type-simple"},"_links":{"self":[{"href":"https:\/\/editorapangeia.com.br\/pt_br\/wp-json\/wp\/v2\/product\/13883","targetHints":{"allow":["GET"]}}],"collection":[{"href":"https:\/\/editorapangeia.com.br\/pt_br\/wp-json\/wp\/v2\/product"}],"about":[{"href":"https:\/\/editorapangeia.com.br\/pt_br\/wp-json\/wp\/v2\/types\/product"}],"replies":[{"embeddable":true,"href":"https:\/\/editorapangeia.com.br\/pt_br\/wp-json\/wp\/v2\/comments?post=13883"}],"wp:featuredmedia":[{"embeddable":true,"href":"https:\/\/editorapangeia.com.br\/pt_br\/wp-json\/wp\/v2\/media\/13884"}],"wp:attachment":[{"href":"https:\/\/editorapangeia.com.br\/pt_br\/wp-json\/wp\/v2\/media?parent=13883"}],"wp:term":[{"taxonomy":"product_brand","embeddable":true,"href":"https:\/\/editorapangeia.com.br\/pt_br\/wp-json\/wp\/v2\/product_brand?post=13883"},{"taxonomy":"product_cat","embeddable":true,"href":"https:\/\/editorapangeia.com.br\/pt_br\/wp-json\/wp\/v2\/product_cat?post=13883"},{"taxonomy":"product_tag","embeddable":true,"href":"https:\/\/editorapangeia.com.br\/pt_br\/wp-json\/wp\/v2\/product_tag?post=13883"}],"curies":[{"name":"wp","href":"https:\/\/api.w.org\/{rel}","templated":true}]}}