{"id":13825,"date":"2023-10-30T14:36:32","date_gmt":"2023-10-30T14:36:32","guid":{"rendered":"https:\/\/editorapangeia.com.br\/?post_type=product&#038;p=13825"},"modified":"2025-09-16T18:22:43","modified_gmt":"2025-09-16T18:22:43","slug":"jovens-do-pinheirinho-vivencias-e-memorias-por-vanda-siqueira-livro","status":"publish","type":"product","link":"https:\/\/editorapangeia.com.br\/pt_br\/product\/jovens-do-pinheirinho-vivencias-e-memorias-por-vanda-siqueira-livro\/","title":{"rendered":"Jovens do Pinheirinho: Viv\u00eancias e Mem\u00f3rias, Vanda Siqueira &#8211; Livro"},"content":{"rendered":"<p style=\"text-align: center;\">Eis o sum\u00e1rio do livro <em><strong>Jovens do Pinheirinho:<br \/>\nViv\u00eancias <\/strong><\/em><em><strong>e Mem\u00f3rias<\/strong><\/em>, de Vanda Siqueira:<\/p>\n<p style=\"text-align: center;\">Pref\u00e1cio, por Eduardo Suplicy<br \/>\nApresenta\u00e7\u00e3o, por Paula Carnevale<\/p>\n<p style=\"text-align: center;\">1 PR\u00d3LOGO, por Vanda Siqueira<br \/>\n<span style=\"font-family: inherit; font-size: inherit;\">1.1 Pinheirinho<br \/>\n<\/span>1.2 A desocupa\u00e7\u00e3o e o depois<\/p>\n<p style=\"text-align: center;\">2 REVIS\u00c3O DA LITERATURA E REFERENCIAL TE\u00d3RICO<br \/>\n2.1 Pol\u00edticas p\u00fablicas habitacionais: as popula\u00e7\u00f5es<br \/>\nvulner\u00e1veis e o direito \u00e0 cidade, um hist\u00f3rico brasileiro<br \/>\n2.1.1 Por que ocupamos?<br \/>\n2.1.2 Espa\u00e7o urbano: o Brasil das desigualdades<br \/>\ne a exclus\u00e3o socioespacial<br \/>\n2.2 Uma cidade n\u00e3o se conhece pelas leis: tem alma e mem\u00f3ria<br \/>\n2.2.1 Comunidades e suas diferentes representa\u00e7\u00f5es<br \/>\n2.2.2 Pessoas, comunidades e espa\u00e7o de<br \/>\nvida: conceitos da psicologia social<\/p>\n<p style=\"text-align: center;\">3 METODOLOGIA<br \/>\n3.1 Grupos Focais. Procedimentos t\u00e9cnicos<br \/>\n3.1.1 Primeiro encontro<br \/>\n3.1.2 Segundo encontro<br \/>\n3.1.3 Terceiro encontro<br \/>\n3.1.4 Quarto encontro<br \/>\n3.2 Localizando o estudo: a cidade de<br \/>\nS\u00e3o Jos\u00e9 dos Campos<br \/>\n3.2.1 A regi\u00e3o sul: popula\u00e7\u00e3o e estrutura urbana<br \/>\n3.2.2 A regi\u00e3o sudeste: popula\u00e7\u00e3o e estrutura urbana<\/p>\n<p style=\"text-align: center;\">4 RESULTADOS:<br \/>\nTerrit\u00f3rios e derivas, navegando na cidade<br \/>\n4.1 A vida no Pinheirinho e o dia da desocupa\u00e7\u00e3o<br \/>\n4.2 Moradias Transit\u00f3rias : entre<br \/>\na solidariedade e a incerteza<br \/>\n4.3 A nova morada: conquista e adapta\u00e7\u00e3o<\/p>\n<p style=\"text-align: center;\">5 CONSIDERA\u00c7\u00d5ES FINAIS<\/p>\n<p style=\"text-align: center;\">6 REFER\u00caNCIAS<\/p>\n<p style=\"text-align: center;\"><img loading=\"lazy\" decoding=\"async\" class=\"alignnone wp-image-13818\" src=\"http:\/\/editorapangeia.com.br\/wp-content\/uploads\/2023\/10\/Imagem-30-10-2023-as-09.35-300x300.jpg\" alt=\"\" width=\"358\" height=\"358\" srcset=\"https:\/\/editorapangeia.com.br\/wp-content\/uploads\/2023\/10\/Imagem-30-10-2023-as-09.35-300x300.jpg 300w, https:\/\/editorapangeia.com.br\/wp-content\/uploads\/2023\/10\/Imagem-30-10-2023-as-09.35-150x150.jpg 150w, https:\/\/editorapangeia.com.br\/wp-content\/uploads\/2023\/10\/Imagem-30-10-2023-as-09.35-768x766.jpg 768w, https:\/\/editorapangeia.com.br\/wp-content\/uploads\/2023\/10\/Imagem-30-10-2023-as-09.35-400x400.jpg 400w, https:\/\/editorapangeia.com.br\/wp-content\/uploads\/2023\/10\/Imagem-30-10-2023-as-09.35-700x700.jpg 700w, https:\/\/editorapangeia.com.br\/wp-content\/uploads\/2023\/10\/Imagem-30-10-2023-as-09.35-100x100.jpg 100w, https:\/\/editorapangeia.com.br\/wp-content\/uploads\/2023\/10\/Imagem-30-10-2023-as-09.35-50x50.jpg 50w, https:\/\/editorapangeia.com.br\/wp-content\/uploads\/2023\/10\/Imagem-30-10-2023-as-09.35.jpg 967w\" sizes=\"auto, (max-width: 358px) 100vw, 358px\" \/><br \/>\n<em>Para mais informa\u00e7\u00f5es, utilize o qr-code<br \/>\nou clique <\/em><a href=\"https:\/\/editorapangeia.com.br\/shop\/\"><strong>AQUI!!!<\/strong><\/a><\/p>\n<p style=\"text-align: center;\"><strong>PR\u00c9-VENDA: \u00daLTIMOS DIAS!!!<br \/>\nChave PIX: r3.editora.pangeia@gmail.com<\/strong><br \/>\nValor (livro + frete): R$ 70,15<br \/>\nPor favor, envie o comprovante ao email<br \/>\n<strong>r3.editora.pangeia@gmail.com<\/strong><\/p>\n","protected":false},"excerpt":{"rendered":"<p>Este livro retoma um dos momentos sociais mais dram\u00e1ticos da hist\u00f3ria recente do Brasil, e um dos momentos mais pungentes da hist\u00f3ria jur\u00eddico-policial do estado de S\u00e3o Paulo. Com pesquisa nas fontes prim\u00e1rias, com depoimentos in\u00e9ditos que v\u00e3o aos meandros subterr\u00e2neos do epis\u00f3dio da desocupa\u00e7\u00e3o m<em>anu\u00a0<\/em><i>militare<\/i>, com reflex\u00f5es pautadas em s\u00f3lido referencial te\u00f3rico,\u00a0este livro \u2013 al\u00e9m de ser de leitura fluente e envolvente \u2013 se torna, ele mesmo, fonte prim\u00e1ria para estudos amplos sobre a vida cotidiana do nosso pa\u00eds nos anos iniciais deste terceiro mil\u00eanio ao mergulhar na vida das fam\u00edlias e dos jovens desalojados com pungente retrato de\u00a0mem\u00f3rias de dor e de viv\u00eancias de supera\u00e7\u00e3o.<\/p>\n<p>As ilustra\u00e7\u00f5es de Adriana Nunes Souza, a partir das dram\u00e1ticas fotos jornal\u00edsticas da desocupa\u00e7\u00e3o e de fotos do novo bairro criado para abrigar as fam\u00edlias, contam, por si s\u00f3, o epis\u00f3dio. O pref\u00e1cio de Eduardo Suplicy e a apresenta\u00e7\u00e3o de Paula Carnevale contextualizam, nas ra\u00edzes hist\u00f3ricas, e atualizam o epis\u00f3dio, na perspectiva de nossos dias.<\/p>\n<p>Pe\u00e7a j\u00e1 o seu exemplar.<\/p>\n","protected":false},"featured_media":13826,"comment_status":"open","ping_status":"closed","template":"","meta":[],"product_brand":[],"product_cat":[4087],"product_tag":[2581,2582,2583,2584,2593,527,452,2592,2585,2586,1333,2587,749,229,796,2588,2589,2590,2591],"class_list":{"0":"post-13825","1":"product","2":"type-product","3":"status-publish","4":"has-post-thumbnail","6":"product_cat-reportagem","7":"product_tag-conselho-estadual-dos-direitos-da-pessoa-humana","8":"product_tag-conselho-nacional-dos-direitos-da-crianca-e-do-adolescente","9":"product_tag-desocupacao","10":"product_tag-eduardo-suplicy","11":"product_tag-entrevistas","12":"product_tag-fontes-primarias","13":"product_tag-gondwana","14":"product_tag-jornalismo","15":"product_tag-jovens-do-pinheirinho","16":"product_tag-justica","17":"product_tag-memorias","18":"product_tag-paula-carnevale","19":"product_tag-pre-venda","20":"product_tag-psicologia","21":"product_tag-reportagem","22":"product_tag-sao-jose-dos-campos","23":"product_tag-univap","24":"product_tag-vanda-siqueira","25":"product_tag-vivencias","26":"product_shipping_class-normal","28":"first","29":"instock","30":"taxable","31":"shipping-taxable","32":"product-type-external"},"_links":{"self":[{"href":"https:\/\/editorapangeia.com.br\/pt_br\/wp-json\/wp\/v2\/product\/13825","targetHints":{"allow":["GET"]}}],"collection":[{"href":"https:\/\/editorapangeia.com.br\/pt_br\/wp-json\/wp\/v2\/product"}],"about":[{"href":"https:\/\/editorapangeia.com.br\/pt_br\/wp-json\/wp\/v2\/types\/product"}],"replies":[{"embeddable":true,"href":"https:\/\/editorapangeia.com.br\/pt_br\/wp-json\/wp\/v2\/comments?post=13825"}],"wp:featuredmedia":[{"embeddable":true,"href":"https:\/\/editorapangeia.com.br\/pt_br\/wp-json\/wp\/v2\/media\/13826"}],"wp:attachment":[{"href":"https:\/\/editorapangeia.com.br\/pt_br\/wp-json\/wp\/v2\/media?parent=13825"}],"wp:term":[{"taxonomy":"product_brand","embeddable":true,"href":"https:\/\/editorapangeia.com.br\/pt_br\/wp-json\/wp\/v2\/product_brand?post=13825"},{"taxonomy":"product_cat","embeddable":true,"href":"https:\/\/editorapangeia.com.br\/pt_br\/wp-json\/wp\/v2\/product_cat?post=13825"},{"taxonomy":"product_tag","embeddable":true,"href":"https:\/\/editorapangeia.com.br\/pt_br\/wp-json\/wp\/v2\/product_tag?post=13825"}],"curies":[{"name":"wp","href":"https:\/\/api.w.org\/{rel}","templated":true}]}}