{"id":13692,"date":"2023-09-21T05:00:39","date_gmt":"2023-09-21T05:00:39","guid":{"rendered":"https:\/\/editorapangeia.com.br\/?post_type=product&#038;p=13692"},"modified":"2025-09-15T13:40:27","modified_gmt":"2025-09-15T13:40:27","slug":"parafernalia-2-critica-poesia-drama-e-intersemiose-estudos-literarios-unesp-copia","status":"publish","type":"product","link":"https:\/\/editorapangeia.com.br\/pt_br\/product\/parafernalia-2-critica-poesia-drama-e-intersemiose-estudos-literarios-unesp-copia\/","title":{"rendered":"UNESP \/ CAPES &#8211; Parafern\u00e1lia 2: Cr\u00edtica, Poesia, Drama e Intersemiose"},"content":{"rendered":"<p>Eis os dois volumes do <em><strong>Parafern\u00e1lia Liter\u00e1ria<\/strong><\/em>:<\/p>\n<blockquote>\n<p style=\"text-align: center;\">Volume 1:<\/p>\n<\/blockquote>\n<p style=\"text-align: center;\">A RESSIGNIFICA\u00c7\u00c3O DE \u201cO CONDE DE MONTE CRISTO\u201d, DE ALEXANDRE DUMAS,<br \/>\nNO ANIM\u00ca E MANG\u00c1 \u201cGANKUTSUOU\u201d, DE MAHIRO MAEDA<br \/>\nBruna Pascoal CORREA<\/p>\n<p style=\"text-align: center;\">DA \u201cBRUXA\u201d A ADSO DE MELK: UMA LEITURA CR\u00cdTICA DE<br \/>\nUMBERTO ECO \u00c0 LUZ DE SILVIA FEDERICI<br \/>\nCarla La\u00eds GOMES<\/p>\n<p style=\"text-align: center;\">JO\u00c3O ANT\u00d4NIO \u2013 UMA VOZ DECOLONIAL NA COLONIALIDADE DA VIDA MARGINAL<br \/>\nClaudia Maria Cantarella SILVA; Guacira Marcondes Machado Leite<\/p>\n<p style=\"text-align: center;\">A PRIMEIRA PESSOA NO ATL\u00c2NTICO NEGRO: APROXIMA\u00c7\u00d5ES<br \/>\nENTRE SLAVE NARRATIVES E CAROLINA MARIA DE JESUS<br \/>\nDaniela de Almeida NASCIMENTO<\/p>\n<p style=\"text-align: center;\">M\u00c3ES MONSTRUOSAS EM ROMANCES MEDIEVAIS<br \/>\nGabriela Carlos LUZ<\/p>\n<p style=\"text-align: center;\">EXPERI\u00caNCIAS DID\u00c1TICAS COM O G\u00caNERO F\u00c1BULA NO ENSINO FUNDAMENTAL<br \/>\nJadd Santana LIMA<\/p>\n<p style=\"text-align: center;\">ENTRE O PALCO E A P\u00c1GINA: VIRGINIA WOOLF, TEATRO E DRAMATURGIA<br \/>\nLa\u00eds Rodrigues Alves MARTINS<\/p>\n<p style=\"text-align: center;\">ENTRE A REALIDADE E A FIC\u00c7\u00c3O: OS CONTOS DE BEEDLE, O BARDO (2008) E A<br \/>\nTRANSPOSI\u00c7\u00c3O DOS SPIN-OFFS LITER\u00c1RIOS DA SAGA HARRY<br \/>\nPOTTER PARA A REALIDADE EMP\u00cdRICA<br \/>\nL\u00edgia de Medeiros NOGUEIRA<\/p>\n<p style=\"text-align: center;\">OUTRIDADE E DECOLONIALIDADE EM O OLHO MAIS AZUL, DE TONI MORRISON<br \/>\nLu\u00eds Ant\u00f4nio Corr\u00eaa dos REIS<\/p>\n<p style=\"text-align: center;\">INOCENTE, MAS ORDIN\u00c1RIO: O (RE)ENCANTAMENTO DO MUNDO<br \/>\nNA LITERATURA DE G.K. CHESTERTON<br \/>\nLu\u00eds Guilherme Comar FREZA<\/p>\n<p style=\"text-align: center;\">\u201cAT\u00c9 A MORTE PODE SER BELA\u201d: O PARQUE DAS IRM\u00c3S MAGN\u00cdFICAS (2021), DE<br \/>\nCAMILA SOSA VILLADA E O GIRO DECOLONIAL<br \/>\nPaulo Victor Alves Lima da SILVA<\/p>\n<p style=\"text-align: center;\">PARADISE LOST: TEXTO REVELADO. A INFLU\u00caNCIA DE JOHN<br \/>\nMILTON NO MORMONISMO E NO ADVENTISMO DE S\u00c9TIMO DIA<br \/>\nRafael Carrer FERREIRA<\/p>\n<p style=\"text-align: center;\">O OUTONO DO SIMBOLISMO: O NEORROMANTISMO DE L\u00cdNGUA ALEM\u00c3<br \/>\nRenato Fabrete Hasunuma; Nat\u00e1lia Corr\u00eaa Porto Barcellos<\/p>\n<p style=\"text-align: center;\">M\u00daSICA, EPIFANIA E TRANSGRESS\u00c3O: NOTAS DO FEMININO EM \u201cWISER<br \/>\nTHAN A GOD\u201d, DE KATE CHOPIN<br \/>\nRosemary Elza FINATTI<\/p>\n<p style=\"text-align: center;\">TORNAR-SE PESSOA: O LUGAR DAS MULHERES NA CONSTRU\u00c7\u00c3O<br \/>\nDE VITANGELO MOSCARDA<br \/>\nValmir Luis Saldanha da SILVA<\/p>\n<p style=\"text-align: center;\">A PO\u00c9TICA REALISTA DE CONCEI\u00c7\u00c3O EVARISTO: O COMPROMISSO<br \/>\nCOM O PROJETO INCONCLUSO DE 1930<br \/>\nWagner Santos ARAUJO<\/p>\n<p style=\"text-align: center;\">CORALINE, OS LEITORES, A RESOLU\u00c7\u00c3O DE CONFLITOS: LITERATURA E<br \/>\nPSICAN\u00c1LISE NO ROMANCE DE NEIL GAIMAN<br \/>\nYago Jos\u00e9 CIPOLETA<\/p>\n<blockquote>\n<p style=\"text-align: center;\">Volume 2:<\/p>\n<\/blockquote>\n<p style=\"text-align: center;\"><strong>HIST\u00d3RIA LITER\u00c1RIA E CR\u00cdTICA<\/strong><\/p>\n<p style=\"text-align: center;\">O DI\u00c1LOGO ENTRE TEXTOS: A CONCEP\u00c7\u00c3O DE INTERTEXTUALIDADE E SEUS<br \/>\nREFLEXOS NA TEORIA E CR\u00cdTICA LITER\u00c1RIA (1917-1979)<br \/>\nGabriela Cristina Borborema BOZZO<\/p>\n<p style=\"text-align: center;\">DA ENEIDA A O SENHOR DOS AN\u00c9IS: A PIETAS NAS ROTAS HEROICAS<br \/>\nDE ENEIAS, ARAGORN E FRODO<br \/>\nL\u00edvian Maria de Souza BARBOSA<\/p>\n<p style=\"text-align: center;\"><strong>TEORIAS E CR\u00cdTICA DA POESIA<\/strong><\/p>\n<p style=\"text-align: center;\">ENTRE O PRAZER E A MORTE: SAFO 31 EM TRADU\u00c7\u00c3O<br \/>\nAmanda Martins RODRIGUES<\/p>\n<p style=\"text-align: center;\">A MORTE CONCEITUAL EM AGRESTES<br \/>\nHenrique Castilho ESTUPI\u00d1A<\/p>\n<p style=\"text-align: center;\"><em>SCRIBENS IMAGO<\/em>: O DISCURSO IMAG\u00c9TICO DA <em>EKPHRASIS<\/em><br \/>\nNAS <em>EPISTULAE HEROIDUM<\/em>, DE OV\u00cdDIO<br \/>\nIsabela de Siqueira CORDEIRO<\/p>\n<p style=\"text-align: center;\">A REPRESENTA\u00c7\u00c3O DO \u201cDUELO DO ARTISTA\u201d A PARTIR DA<br \/>\nFL\u00c2NERIE NA POESIA EM PROSA DE CHARLES BAUDELAIRE<br \/>\nTha\u00eds de Carvalho EDUARDO<\/p>\n<p style=\"text-align: center;\">L\u00cdRICA E MODERNIDADE: A PRIMEIRA POESIA DE DRUMMOND<br \/>\nVin\u00edcius Carvalho PASSOS<\/p>\n<p style=\"text-align: center;\">REPRESENTA\u00c7\u00d5ES \u00d3RFICAS: M\u00c1RIO FAUSTINO E O HOMEM E SUA HORA<br \/>\nVinicius de Oliveira CAMARGO<\/p>\n<p style=\"text-align: center;\"><strong>TEORIAS E CR\u00cdTICA DO DRAMA<\/strong><\/p>\n<p style=\"text-align: center;\">O RISO DE SUASSUNA: TEATRALIDADE E SUBVERS\u00c3O<br \/>\nJozycl\u00e9cio M\u00c9GDA<\/p>\n<p style=\"text-align: center;\">A URG\u00caNCIA E A RUPTURA NAS CONFIGURA\u00c7\u00d5ES DE ESPA\u00c7O<br \/>\nDRAM\u00c1TICO EM CONSUELO DE CASTRO<br \/>\nMariana de Oliveira ARANTES<\/p>\n<p style=\"text-align: center;\"><strong>RELA\u00c7\u00d5ES INTERSEMI\u00d3TICAS<\/strong><\/p>\n<p style=\"text-align: center;\">DUAS FACES DE UMA MESMA PERSONAGEM: UMA AN\u00c1LISE SOBRE A<br \/>\nVIDA INVIS\u00cdVEL DE EUR\u00cdDICE GUSM\u00c3O<br \/>\nCamila Freitas FRANCO<\/p>\n<p style=\"text-align: center;\">O PAPEL DA REPRESENTA\u00c7\u00c3O FEMININA EM S\u00c3O<br \/>\nBERNARDO: ROMANCE E FILME<br \/>\nFelipe Leite LOCCA<\/p>\n<p style=\"text-align: center;\">A SOLIDEZ DAS RELA\u00c7\u00d5ES COLONIAIS NO SERIADO<br \/>\n<em>TUDO O QUE \u00c9 S\u00d3LIDO PODE DERRETER<br \/>\n<\/em>Lucas Almeida DALAVA<\/p>\n<p style=\"text-align: center;\">DA CONSTRU\u00c7\u00c3O DE BRAS\u00cdLIA AT\u00c9 O CANTO DA CEIL\u00c2NDIA: IMAGIN\u00c1RIO,<br \/>\nM\u00cdDIA E RESIST\u00caNCIA EM BRANCO SAI, PRETO FICA (2015)<br \/>\nLucas Henrique de SOUZA<\/p>\n<p style=\"text-align: center;\">O HER\u00d3I TR\u00c1GICO DO KALEVALA NAS PALAVRAS E NA REPRESENTA\u00c7\u00c3O PICT\u00d3RICA<br \/>\nSamuel Renato Siqueira SANT\u2019ANA<\/p>\n<p style=\"text-align: center;\">GINA WEASLEY: DA LITERATURA PARA O CINEMA<br \/>\nVer\u00f4nica Pastre BALLESTERO<\/p>\n<p style=\"text-align: center;\">Conhe\u00e7a outros livros do PPG ESTUDOS LITER\u00c1RIOS<br \/>\nda FCL \/ UNESP \/ Araraquara<br \/>\n<a href=\"https:\/\/editorapangeia.com.br\/?s=Unesp\"><span style=\"color: #ff0000;\"><strong>AQUI!!!<\/strong><\/span><\/a><\/p>\n<p><img loading=\"lazy\" decoding=\"async\" class=\" wp-image-13689 aligncenter\" src=\"http:\/\/editorapangeia.com.br\/wp-content\/uploads\/2023\/10\/Imagem-15-10-2023-as-12.14-213x300.jpg\" alt=\"\" width=\"349\" height=\"491\" srcset=\"https:\/\/editorapangeia.com.br\/wp-content\/uploads\/2023\/10\/Imagem-15-10-2023-as-12.14-213x300.jpg 213w, https:\/\/editorapangeia.com.br\/wp-content\/uploads\/2023\/10\/Imagem-15-10-2023-as-12.14-727x1024.jpg 727w, https:\/\/editorapangeia.com.br\/wp-content\/uploads\/2023\/10\/Imagem-15-10-2023-as-12.14-768x1082.jpg 768w, https:\/\/editorapangeia.com.br\/wp-content\/uploads\/2023\/10\/Imagem-15-10-2023-as-12.14-700x986.jpg 700w, https:\/\/editorapangeia.com.br\/wp-content\/uploads\/2023\/10\/Imagem-15-10-2023-as-12.14-284x400.jpg 284w, https:\/\/editorapangeia.com.br\/wp-content\/uploads\/2023\/10\/Imagem-15-10-2023-as-12.14-497x700.jpg 497w, https:\/\/editorapangeia.com.br\/wp-content\/uploads\/2023\/10\/Imagem-15-10-2023-as-12.14-923x1300.jpg 923w, https:\/\/editorapangeia.com.br\/wp-content\/uploads\/2023\/10\/Imagem-15-10-2023-as-12.14.jpg 1085w\" sizes=\"auto, (max-width: 349px) 100vw, 349px\" \/><\/p>\n<p><img loading=\"lazy\" decoding=\"async\" class=\"alignnone wp-image-13694 aligncenter\" src=\"http:\/\/editorapangeia.com.br\/wp-content\/uploads\/2023\/10\/Imagem-15-10-2023-as-12.44-211x300.jpg\" alt=\"\" width=\"350\" height=\"498\" srcset=\"https:\/\/editorapangeia.com.br\/wp-content\/uploads\/2023\/10\/Imagem-15-10-2023-as-12.44-211x300.jpg 211w, https:\/\/editorapangeia.com.br\/wp-content\/uploads\/2023\/10\/Imagem-15-10-2023-as-12.44-719x1024.jpg 719w, https:\/\/editorapangeia.com.br\/wp-content\/uploads\/2023\/10\/Imagem-15-10-2023-as-12.44-768x1094.jpg 768w, https:\/\/editorapangeia.com.br\/wp-content\/uploads\/2023\/10\/Imagem-15-10-2023-as-12.44-1079x1536.jpg 1079w, https:\/\/editorapangeia.com.br\/wp-content\/uploads\/2023\/10\/Imagem-15-10-2023-as-12.44-700x997.jpg 700w, https:\/\/editorapangeia.com.br\/wp-content\/uploads\/2023\/10\/Imagem-15-10-2023-as-12.44-281x400.jpg 281w, https:\/\/editorapangeia.com.br\/wp-content\/uploads\/2023\/10\/Imagem-15-10-2023-as-12.44-492x700.jpg 492w, https:\/\/editorapangeia.com.br\/wp-content\/uploads\/2023\/10\/Imagem-15-10-2023-as-12.44-913x1300.jpg 913w, https:\/\/editorapangeia.com.br\/wp-content\/uploads\/2023\/10\/Imagem-15-10-2023-as-12.44.jpg 1080w\" sizes=\"auto, (max-width: 350px) 100vw, 350px\" \/><\/p>\n<p style=\"text-align: center;\"><img loading=\"lazy\" decoding=\"async\" class=\"alignnone wp-image-13691\" src=\"http:\/\/editorapangeia.com.br\/wp-content\/uploads\/2023\/10\/IMG_8313-298x300.jpeg\" alt=\"\" width=\"356\" height=\"358\" srcset=\"https:\/\/editorapangeia.com.br\/wp-content\/uploads\/2023\/10\/IMG_8313-298x300.jpeg 298w, https:\/\/editorapangeia.com.br\/wp-content\/uploads\/2023\/10\/IMG_8313-1019x1024.jpeg 1019w, https:\/\/editorapangeia.com.br\/wp-content\/uploads\/2023\/10\/IMG_8313-150x150.jpeg 150w, https:\/\/editorapangeia.com.br\/wp-content\/uploads\/2023\/10\/IMG_8313-768x772.jpeg 768w, https:\/\/editorapangeia.com.br\/wp-content\/uploads\/2023\/10\/IMG_8313-700x704.jpeg 700w, https:\/\/editorapangeia.com.br\/wp-content\/uploads\/2023\/10\/IMG_8313-100x100.jpeg 100w, https:\/\/editorapangeia.com.br\/wp-content\/uploads\/2023\/10\/IMG_8313-398x400.jpeg 398w, https:\/\/editorapangeia.com.br\/wp-content\/uploads\/2023\/10\/IMG_8313-696x700.jpeg 696w, https:\/\/editorapangeia.com.br\/wp-content\/uploads\/2023\/10\/IMG_8313-50x50.jpeg 50w, https:\/\/editorapangeia.com.br\/wp-content\/uploads\/2023\/10\/IMG_8313.jpeg 1125w\" sizes=\"auto, (max-width: 356px) 100vw, 356px\" \/><\/p>\n<p style=\"text-align: center;\">Conhe\u00e7a outros livros do PPG ESTUDOS LITER\u00c1RIOS<br \/>\nda FCL \/ UNESP \/ Araraquara<br \/>\n<a href=\"https:\/\/editorapangeia.com.br\/?s=Unesp\"><span style=\"color: #ff0000;\"><strong>AQUI!!!<\/strong><\/span><\/a><\/p>\n<p style=\"text-align: center;\"><strong>Curta a divulga\u00e7\u00e3o dos\u00a0<em>Parafern\u00e1lia<\/em>\u2018s<br \/>\n<\/strong><strong>no Instagram da Pangeia:<br \/>\n<\/strong><a href=\"https:\/\/www.instagram.com\/p\/CyginuYr_B7\/\">https:\/\/www.instagram.com\/p\/CyginuYr_B7\/<\/a><\/p>\n","protected":false},"excerpt":{"rendered":"<p>o presente volume, <em><strong>Parafern\u00e1lia Liter\u00e1ria \u2013 estudos sobre cr\u00edtica, poesia, drama e rela\u00e7\u00f5es intersemi\u00f3ticas<\/strong><\/em>, concentra as pesquisas em hist\u00f3ria liter\u00e1ria, no g\u00eanero l\u00edrico, no g\u00eanero dram\u00e1tico e nas abordagens intersemi\u00f3ticas.<\/p>\n<p>A diversidade de objetos em an\u00e1lise atrelada aos percursos te\u00f3ricos e cr\u00edticos \u00e9 um ind\u00edcio de m\u00faltiplos interesses, mas que se aglutinam pelo vi\u00e9s da qualidade e da compreens\u00e3o do necess\u00e1rio fomento ao estudo da arte liter\u00e1ria. Nesse compilado, a literatura brasileira e as literaturas de l\u00ednguas estrangeiras dialogam a favor das centralidades aos g\u00eaneros liter\u00e1rios, respaldados por crit\u00e9rios de formas e de conte\u00fados. J\u00e1 certas obras liter\u00e1rias extrapolam a linguagem verbal e, adaptadas para o audiovisual, expandem os processos de recep\u00e7\u00e3o.<\/p>\n<p>Apesar das representa\u00e7\u00f5es m\u00faltiplas, sejam elas imag\u00e9ticas, c\u00eanicas, verbais, sejam sociais, filos\u00f3ficas, p\u00f3s-modernas, a base anal\u00edtica permanece nos recorrentes di\u00e1logos entre textos.<\/p>\n<p>Confira, baixe o livro gratuitamente:<\/p>\n","protected":false},"featured_media":13694,"comment_status":"open","ping_status":"closed","template":"","meta":[],"product_brand":[],"product_cat":[4081,4828],"product_tag":[2528,2522,2534,2151,2538,2529,900,2525,200,264,718,2520,2530,4117,799,2537,2542,2531,2536,156,157,2532,2533,1291,2523,2524,2521,2527,2519,2535,2543,382,2541,2539,2540,1003,2526],"class_list":{"0":"post-13692","1":"product","2":"type-product","3":"status-publish","4":"has-post-thumbnail","6":"product_cat-estudosliterarios","7":"product_cat-livrosgratis","8":"product_tag-amanda-martins-rodrigues","9":"product_tag-bruno-vieira","10":"product_tag-bruno-vinicius-goncalves-vieira","11":"product_tag-capes","12":"product_tag-critica","13":"product_tag-daniela-de-almeida-nascimento","14":"product_tag-drama","15":"product_tag-edicoes-pangeia","16":"product_tag-editora-pangeia","17":"product_tag-estudos-literarios","18":"product_tag-fabula","19":"product_tag-fcl-unesp-araraquara","20":"product_tag-gabriela-cristina-borborema-bozzo","21":"product_tag-gratis","22":"product_tag-grupo-de-pesquisa","23":"product_tag-historia-literaria","24":"product_tag-intersemiose","25":"product_tag-isabela-de-siqueira-cordeiro","26":"product_tag-laura-retamaro","27":"product_tag-literatura","28":"product_tag-literatura-brasileira","29":"product_tag-lucas-almeida-dalava","30":"product_tag-mariana-de-oliveira-arantes","31":"product_tag-pangeia-editorial","32":"product_tag-parafernalia","33":"product_tag-parafernalia-literaria","34":"product_tag-paulo-andrade","35":"product_tag-paulo-cesar-andrade-da-silva","36":"product_tag-ppg-estudos-literarios-da-fcl-unesp-araraquara","37":"product_tag-rizio-macedo","38":"product_tag-semiose","39":"product_tag-semiotica","40":"product_tag-teoria-da-narrativa","41":"product_tag-teoria-da-poesia","42":"product_tag-teoria-do-drama","43":"product_tag-teorias-do-conto","44":"product_tag-unesp","45":"product_shipping_class-normal","47":"first","48":"instock","49":"downloadable","50":"virtual","51":"taxable","52":"purchasable","53":"product-type-simple"},"_links":{"self":[{"href":"https:\/\/editorapangeia.com.br\/pt_br\/wp-json\/wp\/v2\/product\/13692","targetHints":{"allow":["GET"]}}],"collection":[{"href":"https:\/\/editorapangeia.com.br\/pt_br\/wp-json\/wp\/v2\/product"}],"about":[{"href":"https:\/\/editorapangeia.com.br\/pt_br\/wp-json\/wp\/v2\/types\/product"}],"replies":[{"embeddable":true,"href":"https:\/\/editorapangeia.com.br\/pt_br\/wp-json\/wp\/v2\/comments?post=13692"}],"wp:featuredmedia":[{"embeddable":true,"href":"https:\/\/editorapangeia.com.br\/pt_br\/wp-json\/wp\/v2\/media\/13694"}],"wp:attachment":[{"href":"https:\/\/editorapangeia.com.br\/pt_br\/wp-json\/wp\/v2\/media?parent=13692"}],"wp:term":[{"taxonomy":"product_brand","embeddable":true,"href":"https:\/\/editorapangeia.com.br\/pt_br\/wp-json\/wp\/v2\/product_brand?post=13692"},{"taxonomy":"product_cat","embeddable":true,"href":"https:\/\/editorapangeia.com.br\/pt_br\/wp-json\/wp\/v2\/product_cat?post=13692"},{"taxonomy":"product_tag","embeddable":true,"href":"https:\/\/editorapangeia.com.br\/pt_br\/wp-json\/wp\/v2\/product_tag?post=13692"}],"curies":[{"name":"wp","href":"https:\/\/api.w.org\/{rel}","templated":true}]}}