{"id":13547,"date":"2023-09-21T12:00:50","date_gmt":"2023-09-21T12:00:50","guid":{"rendered":"https:\/\/editorapangeia.com.br\/?post_type=product&#038;p=13547"},"modified":"2025-05-21T17:55:48","modified_gmt":"2025-05-21T17:55:48","slug":"nuances-alessandra-lima-poemas-livro-fotos","status":"publish","type":"product","link":"https:\/\/editorapangeia.com.br\/pt_br\/product\/nuances-alessandra-lima-poemas-livro-fotos\/","title":{"rendered":"Nuances, Alessandra Lima"},"content":{"rendered":"<p style=\"text-align: center;\"><img loading=\"lazy\" decoding=\"async\" class=\"alignnone wp-image-13559\" src=\"http:\/\/editorapangeia.com.br\/wp-content\/uploads\/2023\/09\/Imagem-12-09-2023-as-18.04-204x300.jpg\" alt=\"\" width=\"507\" height=\"746\" srcset=\"https:\/\/editorapangeia.com.br\/wp-content\/uploads\/2023\/09\/Imagem-12-09-2023-as-18.04-204x300.jpg 204w, https:\/\/editorapangeia.com.br\/wp-content\/uploads\/2023\/09\/Imagem-12-09-2023-as-18.04-272x400.jpg 272w, https:\/\/editorapangeia.com.br\/wp-content\/uploads\/2023\/09\/Imagem-12-09-2023-as-18.04-476x700.jpg 476w, https:\/\/editorapangeia.com.br\/wp-content\/uploads\/2023\/09\/Imagem-12-09-2023-as-18.04.jpg 695w\" sizes=\"auto, (max-width: 507px) 100vw, 507px\" \/><\/p>\n<p style=\"text-align: center;\">Para v\u00eddeo com a autora,<br \/>\n<strong><a href=\"https:\/\/editorapangeia.com.br\/gondwana\/\">Clique AQUI!!!<\/a><\/strong><\/p>\n<p style=\"text-align: center;\">Para informa\u00e7\u00f5es sobre o livro,<br \/>\n<span style=\"color: #ff0000;\"><strong><a style=\"color: #ff0000;\" href=\"https:\/\/editorapangeia.com.br\/blog\/\">Clique AQUI!!!<\/a><\/strong><\/span><\/p>\n<p style=\"text-align: center;\"><img loading=\"lazy\" decoding=\"async\" class=\"alignnone wp-image-13558\" src=\"http:\/\/editorapangeia.com.br\/wp-content\/uploads\/2023\/09\/Imagem-12-09-2023-as-15.09-300x123.jpg\" alt=\"\" width=\"432\" height=\"177\" srcset=\"https:\/\/editorapangeia.com.br\/wp-content\/uploads\/2023\/09\/Imagem-12-09-2023-as-15.09-300x123.jpg 300w, https:\/\/editorapangeia.com.br\/wp-content\/uploads\/2023\/09\/Imagem-12-09-2023-as-15.09-768x314.jpg 768w, https:\/\/editorapangeia.com.br\/wp-content\/uploads\/2023\/09\/Imagem-12-09-2023-as-15.09-700x286.jpg 700w, https:\/\/editorapangeia.com.br\/wp-content\/uploads\/2023\/09\/Imagem-12-09-2023-as-15.09-400x164.jpg 400w, https:\/\/editorapangeia.com.br\/wp-content\/uploads\/2023\/09\/Imagem-12-09-2023-as-15.09.jpg 905w\" sizes=\"auto, (max-width: 432px) 100vw, 432px\" \/><br \/>\n<a href=\"https:\/\/editorapangeia.com.br\/event\/as-nuances-de-alessandra-lima\/\"><em><strong>Assista ao v\u00eddeo AQUI!!!<\/strong><\/em><\/a><\/p>\n<p style=\"text-align: center;\">Mais informa\u00e7\u00f5es sobre autora, fot\u00f3grafa e livro:<br \/>\n<strong><a href=\"https:\/\/editorapangeia.com.br\/blog\"><span style=\"color: #ff0000;\">Clique AQUI!!!<\/span><\/a><\/strong><\/p>\n","protected":false},"excerpt":{"rendered":"<p>Um livro regenerador sobre regenera\u00e7\u00e3o.<\/p>\n<p>Um livro de poemas com poesia.<\/p>\n<p>Um livro feminino, de mulher.<\/p>\n<p>Um livro de nuances, de res\u00edduos, de fractais, feito com a poeira dos dias e a utopia por dias novos.<\/p>\n<p>Um livro com fotos da autora, Alessandra Rodrigues de Almeida Lima, por Maria C\u00e9lia Siqueira.<\/p>\n","protected":false},"featured_media":13549,"comment_status":"open","ping_status":"closed","template":"","meta":[],"product_brand":[],"product_cat":[4077],"product_tag":[2436,1213,2437,200,1440,377,176,243,2438,2439,2341,2440,2441,157,1145,2442,174,528,2443,2444,111,1144,811,2445,2446,2447,2448,1894],"class_list":{"0":"post-13547","1":"product","2":"type-product","3":"status-publish","4":"has-post-thumbnail","6":"product_cat-poesia","7":"product_tag-alessandra-rodrigues-de-almeida-lima","8":"product_tag-claudia-amoroso-bortolato","9":"product_tag-destino-de-mulher","10":"product_tag-editora-pangeia","11":"product_tag-elza-freire-legado","12":"product_tag-eros-poesia","13":"product_tag-erotismo","14":"product_tag-escrita-feminina","15":"product_tag-foto-de-mulher","16":"product_tag-fotos","17":"product_tag-identidade","18":"product_tag-identidade-feminina","19":"product_tag-joakin-sereno","20":"product_tag-literatura-brasileira","21":"product_tag-literatura-contemporanea","22":"product_tag-maria-celia-siqueira","23":"product_tag-mulher","24":"product_tag-nima-spigolon","25":"product_tag-nuance","26":"product_tag-nuances","27":"product_tag-poesia","28":"product_tag-poesia-brasileira","29":"product_tag-poesia-feminina","30":"product_tag-poetica-corporal","31":"product_tag-resenha","32":"product_tag-sensualidade","33":"product_tag-sensualidade-feminina","34":"product_tag-yueh-fernandes","35":"product_shipping_class-normal","37":"first","38":"instock","39":"taxable","40":"shipping-taxable","41":"product-type-external"},"_links":{"self":[{"href":"https:\/\/editorapangeia.com.br\/pt_br\/wp-json\/wp\/v2\/product\/13547","targetHints":{"allow":["GET"]}}],"collection":[{"href":"https:\/\/editorapangeia.com.br\/pt_br\/wp-json\/wp\/v2\/product"}],"about":[{"href":"https:\/\/editorapangeia.com.br\/pt_br\/wp-json\/wp\/v2\/types\/product"}],"replies":[{"embeddable":true,"href":"https:\/\/editorapangeia.com.br\/pt_br\/wp-json\/wp\/v2\/comments?post=13547"}],"wp:featuredmedia":[{"embeddable":true,"href":"https:\/\/editorapangeia.com.br\/pt_br\/wp-json\/wp\/v2\/media\/13549"}],"wp:attachment":[{"href":"https:\/\/editorapangeia.com.br\/pt_br\/wp-json\/wp\/v2\/media?parent=13547"}],"wp:term":[{"taxonomy":"product_brand","embeddable":true,"href":"https:\/\/editorapangeia.com.br\/pt_br\/wp-json\/wp\/v2\/product_brand?post=13547"},{"taxonomy":"product_cat","embeddable":true,"href":"https:\/\/editorapangeia.com.br\/pt_br\/wp-json\/wp\/v2\/product_cat?post=13547"},{"taxonomy":"product_tag","embeddable":true,"href":"https:\/\/editorapangeia.com.br\/pt_br\/wp-json\/wp\/v2\/product_tag?post=13547"}],"curies":[{"name":"wp","href":"https:\/\/api.w.org\/{rel}","templated":true}]}}