{"id":13490,"date":"2023-09-21T13:00:46","date_gmt":"2023-09-21T13:00:46","guid":{"rendered":"https:\/\/editorapangeia.com.br\/?post_type=product&#038;p=13490"},"modified":"2025-05-21T16:24:05","modified_gmt":"2025-05-21T16:24:05","slug":"teatro-de-amilar-alves-maria-clara-goncalves-e-ramiro-rodrigues-proac-epub-pdf-livro","status":"publish","type":"product","link":"https:\/\/editorapangeia.com.br\/pt_br\/product\/teatro-de-amilar-alves-maria-clara-goncalves-e-ramiro-rodrigues-proac-epub-pdf-livro\/","title":{"rendered":"Theatro de Amilar Alves, Maria Clara Gon\u00e7alves, Ramiro Rodrigues"},"content":{"rendered":"<p style=\"text-align: center;\">Mais informa\u00e7\u00f5es sobre autores e livro:<br \/>\n<strong><a href=\"https:\/\/editorapangeia.com.br\/product\/teatro-de-amilar-alves-maria-clara-goncalves-e-ramiro-rodrigues-proac-epub-pdf-livro\/\"><span style=\"color: #ff0000;\">AQUI<\/span>!!!<\/a><\/strong><\/p>\n<p style=\"text-align: center;\"><img loading=\"lazy\" decoding=\"async\" class=\"alignnone wp-image-13488\" src=\"http:\/\/editorapangeia.com.br\/wp-content\/uploads\/2023\/09\/Amilar_Ramiro-300x300.png\" alt=\"\" width=\"456\" height=\"456\" srcset=\"https:\/\/editorapangeia.com.br\/wp-content\/uploads\/2023\/09\/Amilar_Ramiro-300x300.png 300w, https:\/\/editorapangeia.com.br\/wp-content\/uploads\/2023\/09\/Amilar_Ramiro-1024x1024.png 1024w, https:\/\/editorapangeia.com.br\/wp-content\/uploads\/2023\/09\/Amilar_Ramiro-150x150.png 150w, https:\/\/editorapangeia.com.br\/wp-content\/uploads\/2023\/09\/Amilar_Ramiro-768x768.png 768w, https:\/\/editorapangeia.com.br\/wp-content\/uploads\/2023\/09\/Amilar_Ramiro-400x400.png 400w, https:\/\/editorapangeia.com.br\/wp-content\/uploads\/2023\/09\/Amilar_Ramiro-700x700.png 700w, https:\/\/editorapangeia.com.br\/wp-content\/uploads\/2023\/09\/Amilar_Ramiro-100x100.png 100w, https:\/\/editorapangeia.com.br\/wp-content\/uploads\/2023\/09\/Amilar_Ramiro-50x50.png 50w, https:\/\/editorapangeia.com.br\/wp-content\/uploads\/2023\/09\/Amilar_Ramiro.png 1080w\" sizes=\"auto, (max-width: 456px) 100vw, 456px\" \/><\/p>\n<blockquote>\n<div style=\"text-align: center;\">AUTORES<\/div>\n<\/blockquote>\n<div class=\"gmail_default\"><strong>Maria Clara Gon\u00e7alves<\/strong><br \/>\nDoutora em Teoria e Hist\u00f3ria Liter\u00e1ria pela UNICAMP. Membro do grupo de pesquisa do CNPq \u201cEstudos do Teatro Ex-c\u00eantrico &#8211; ETEx\u201d (ECA\/USP). Desenvolve pesquisas sobre teatro brasileiro, com \u00eanfase na produ\u00e7\u00e3o dram\u00e1tica dos Oitocentos. Tem diversos artigos e cap\u00edtulos de livros publicados em importantes revistas e editoras do pa\u00eds. Atualmente realiza est\u00e1gio de p\u00f3s-doutorado (FAPES) na Universidade Federal do Esp\u00edrito Santo &#8211; UFES.<\/div>\n<div class=\"gmail_default\"><\/div>\n<div class=\"gmail_default\"><strong>Ramiro Rodrigues\u00a0<\/strong><\/div>\n<div class=\"gmail_default\">Cineasta, antrop\u00f3logo e Mestre em Artes da Cena pela UNICAMP, produziu mais de 50 obras audiovisuais exibidas em diversos estados brasileiros. Membro da Academia Brasileira de Cinema, da C\u00e2mara Tem\u00e1tica do Audiovisual de Campinas e do ICine &#8211; F\u00f3rum de Cinema do Interior Paulista, o qual presidiu em 2019-2020\/2022-2023. Servidor p\u00fablico efetivo da Escola de Governo da Prefeitura Municipal de Campinas, coordena o LARB &#8211; Laborat\u00f3rio de Cinema do Interior desde 2021, e \u00e9 organizador do livro &#8220;Campinas, um S\u00e9culo de Cinema&#8221;.<\/div>\n<div class=\"gmail_default\"><\/div>\n<blockquote>\n<div class=\"gmail_default\" style=\"text-align: center;\">ProAC<\/div>\n<div class=\"gmail_default\" style=\"text-align: center;\">CTAv Campinas<\/div>\n<div class=\"gmail_default\" style=\"text-align: center;\">ICine<\/div>\n<div style=\"text-align: center;\"><img loading=\"lazy\" decoding=\"async\" class=\"alignnone wp-image-13491\" src=\"http:\/\/editorapangeia.com.br\/wp-content\/uploads\/2023\/09\/EscaletaCMYK-01-300x300.jpg\" alt=\"\" width=\"394\" height=\"394\" srcset=\"https:\/\/editorapangeia.com.br\/wp-content\/uploads\/2023\/09\/EscaletaCMYK-01-300x300.jpg 300w, https:\/\/editorapangeia.com.br\/wp-content\/uploads\/2023\/09\/EscaletaCMYK-01-1024x1024.jpg 1024w, https:\/\/editorapangeia.com.br\/wp-content\/uploads\/2023\/09\/EscaletaCMYK-01-150x150.jpg 150w, https:\/\/editorapangeia.com.br\/wp-content\/uploads\/2023\/09\/EscaletaCMYK-01-768x768.jpg 768w, https:\/\/editorapangeia.com.br\/wp-content\/uploads\/2023\/09\/EscaletaCMYK-01-1536x1536.jpg 1536w\" sizes=\"auto, (max-width: 394px) 100vw, 394px\" \/><\/div>\n<\/blockquote>\n","protected":false},"excerpt":{"rendered":"<p>Obra essencial para a compreens\u00e3o das artes dram\u00e1ticas do interior paulista na primeira metade do s\u00e9culo XX.<\/p>\n<p>Livro em PDF e a vers\u00e3o em ePub est\u00e3o dispon\u00edveis e podem ser baixadas abaixo.<\/p>\n","protected":false},"featured_media":13969,"comment_status":"open","ping_status":"closed","template":"","meta":[],"product_brand":[],"product_cat":[4575,4079],"product_tag":[478,2397,2402,910,2406,908,2405,2400,2403,2407,2401,914,452,380,911,909,912,2404,915,2398,314,561,749,917,916,913,2408,191,2399],"class_list":{"0":"post-13490","1":"product","2":"type-product","3":"status-publish","4":"has-post-thumbnail","6":"product_cat-biografia","7":"product_cat-teatro","8":"product_tag-acervo","9":"product_tag-amilar-alves","10":"product_tag-artes-dramaticas","11":"product_tag-campinas","12":"product_tag-campinas-sp","13":"product_tag-cinema","14":"product_tag-cinema-campineiro","15":"product_tag-colecao-escaleta","16":"product_tag-ctav-campinas","17":"product_tag-cultura","18":"product_tag-escaleta","19":"product_tag-financiamento-coletivo","20":"product_tag-gondwana","21":"product_tag-historia","22":"product_tag-historia-de-campinas","23":"product_tag-historia-do-cinema","24":"product_tag-historia-do-cinema-em-campinas","25":"product_tag-icine","26":"product_tag-livro","27":"product_tag-maria-clara-goncalves","28":"product_tag-memoria","29":"product_tag-musica","30":"product_tag-pre-venda","31":"product_tag-proac","32":"product_tag-proac-sp","33":"product_tag-ramiro-rodrigues","34":"product_tag-resgate-teatral","35":"product_tag-teatro","36":"product_tag-teatro-de-amilar-alves","37":"product_shipping_class-normal","39":"first","40":"instock","41":"taxable","42":"shipping-taxable","43":"product-type-grouped"},"_links":{"self":[{"href":"https:\/\/editorapangeia.com.br\/pt_br\/wp-json\/wp\/v2\/product\/13490","targetHints":{"allow":["GET"]}}],"collection":[{"href":"https:\/\/editorapangeia.com.br\/pt_br\/wp-json\/wp\/v2\/product"}],"about":[{"href":"https:\/\/editorapangeia.com.br\/pt_br\/wp-json\/wp\/v2\/types\/product"}],"replies":[{"embeddable":true,"href":"https:\/\/editorapangeia.com.br\/pt_br\/wp-json\/wp\/v2\/comments?post=13490"}],"wp:featuredmedia":[{"embeddable":true,"href":"https:\/\/editorapangeia.com.br\/pt_br\/wp-json\/wp\/v2\/media\/13969"}],"wp:attachment":[{"href":"https:\/\/editorapangeia.com.br\/pt_br\/wp-json\/wp\/v2\/media?parent=13490"}],"wp:term":[{"taxonomy":"product_brand","embeddable":true,"href":"https:\/\/editorapangeia.com.br\/pt_br\/wp-json\/wp\/v2\/product_brand?post=13490"},{"taxonomy":"product_cat","embeddable":true,"href":"https:\/\/editorapangeia.com.br\/pt_br\/wp-json\/wp\/v2\/product_cat?post=13490"},{"taxonomy":"product_tag","embeddable":true,"href":"https:\/\/editorapangeia.com.br\/pt_br\/wp-json\/wp\/v2\/product_tag?post=13490"}],"curies":[{"name":"wp","href":"https:\/\/api.w.org\/{rel}","templated":true}]}}