{"id":13457,"date":"2023-09-21T14:00:35","date_gmt":"2023-09-21T14:00:35","guid":{"rendered":"https:\/\/editorapangeia.com.br\/?post_type=product&#038;p=13457"},"modified":"2025-11-21T10:52:36","modified_gmt":"2025-11-21T10:52:36","slug":"nanquim-liquefeito-nima-spigolon-e-lana-maciel-plaquete","status":"publish","type":"product","link":"https:\/\/editorapangeia.com.br\/pt_br\/product\/nanquim-liquefeito-nima-spigolon-e-lana-maciel-plaquete\/","title":{"rendered":"Nanquim Liquefeito, Nima Spigolon, Lana Maciel"},"content":{"rendered":"<p style=\"text-align: center;\"><img loading=\"lazy\" decoding=\"async\" class=\"alignnone wp-image-13475\" src=\"http:\/\/editorapangeia.com.br\/wp-content\/uploads\/2023\/09\/Imagem-06-09-2023-as-11.13-300x269.jpg\" alt=\"\" width=\"396\" height=\"355\" srcset=\"https:\/\/editorapangeia.com.br\/wp-content\/uploads\/2023\/09\/Imagem-06-09-2023-as-11.13-300x269.jpg 300w, https:\/\/editorapangeia.com.br\/wp-content\/uploads\/2023\/09\/Imagem-06-09-2023-as-11.13-700x627.jpg 700w, https:\/\/editorapangeia.com.br\/wp-content\/uploads\/2023\/09\/Imagem-06-09-2023-as-11.13-400x358.jpg 400w, https:\/\/editorapangeia.com.br\/wp-content\/uploads\/2023\/09\/Imagem-06-09-2023-as-11.13.jpg 734w\" sizes=\"auto, (max-width: 396px) 100vw, 396px\" \/><\/p>\n<p style=\"text-align: center;\"><img loading=\"lazy\" decoding=\"async\" class=\"alignnone size-medium wp-image-13463\" src=\"http:\/\/editorapangeia.com.br\/wp-content\/uploads\/2023\/09\/IMG-20230502-WA0124-300x287.jpg\" alt=\"\" width=\"300\" height=\"287\" srcset=\"https:\/\/editorapangeia.com.br\/wp-content\/uploads\/2023\/09\/IMG-20230502-WA0124-300x287.jpg 300w, https:\/\/editorapangeia.com.br\/wp-content\/uploads\/2023\/09\/IMG-20230502-WA0124-1024x978.jpg 1024w, https:\/\/editorapangeia.com.br\/wp-content\/uploads\/2023\/09\/IMG-20230502-WA0124-768x733.jpg 768w, https:\/\/editorapangeia.com.br\/wp-content\/uploads\/2023\/09\/IMG-20230502-WA0124-1536x1467.jpg 1536w, https:\/\/editorapangeia.com.br\/wp-content\/uploads\/2023\/09\/IMG-20230502-WA0124-700x669.jpg 700w, https:\/\/editorapangeia.com.br\/wp-content\/uploads\/2023\/09\/IMG-20230502-WA0124-400x382.jpg 400w, https:\/\/editorapangeia.com.br\/wp-content\/uploads\/2023\/09\/IMG-20230502-WA0124-1300x1242.jpg 1300w, https:\/\/editorapangeia.com.br\/wp-content\/uploads\/2023\/09\/IMG-20230502-WA0124.jpg 1600w\" sizes=\"auto, (max-width: 300px) 100vw, 300px\" \/><\/p>\n<p style=\"text-align: center;\"><img loading=\"lazy\" decoding=\"async\" class=\"alignnone size-medium wp-image-13472\" src=\"http:\/\/editorapangeia.com.br\/wp-content\/uploads\/2023\/09\/IMG_0248-269x300.jpeg\" alt=\"\" width=\"269\" height=\"300\" srcset=\"https:\/\/editorapangeia.com.br\/wp-content\/uploads\/2023\/09\/IMG_0248-269x300.jpeg 269w, https:\/\/editorapangeia.com.br\/wp-content\/uploads\/2023\/09\/IMG_0248-919x1024.jpeg 919w, https:\/\/editorapangeia.com.br\/wp-content\/uploads\/2023\/09\/IMG_0248-768x855.jpeg 768w, https:\/\/editorapangeia.com.br\/wp-content\/uploads\/2023\/09\/IMG_0248-700x780.jpeg 700w, https:\/\/editorapangeia.com.br\/wp-content\/uploads\/2023\/09\/IMG_0248-359x400.jpeg 359w, https:\/\/editorapangeia.com.br\/wp-content\/uploads\/2023\/09\/IMG_0248-629x700.jpeg 629w, https:\/\/editorapangeia.com.br\/wp-content\/uploads\/2023\/09\/IMG_0248.jpeg 985w\" sizes=\"auto, (max-width: 269px) 100vw, 269px\" \/><\/p>\n<p style=\"text-align: center;\">Mais informa\u00e7\u00f5es sobre a<br \/>\nautora e a ilustradora:<br \/>\n<a href=\"http:\/\/editorapangeia.com.br\/blog\"><span style=\"color: #ff0000;\"><strong>AQUI!!!<\/strong><\/span><\/a><\/p>\n","protected":false},"excerpt":{"rendered":"<p><em><strong>Nanquim Liquefeito<\/strong><\/em> \u00e9 desenho e escrita que convidam a experimentar mudan\u00e7as de estados emocionais e tensivos que amalgamam intensidade e extensidade: na ampulheta da leitura, versos e imagens v\u00e3o do\u00a0<em>pathos\u00a0<\/em>ao\u00a0<em>c\u00e1rdio<\/em> e liquefazem o nanquim da vida em forma de poesia.<\/p>\n<p>O texto po\u00e9tico de Nima Spigolon e a arte pict\u00f3rica de Lana Maciel dialogam irmanadas em um livro suave e denso, amoroso e potente, criativo, envolvente, sens\u00edvel, de rara fatura.<\/p>\n","protected":false},"featured_media":13477,"comment_status":"open","ping_status":"closed","template":"","meta":[],"product_brand":[],"product_cat":[4077],"product_tag":[5080,563,4347,5082,4956,111,1144,2071,5083,3714,530],"class_list":{"0":"post-13457","1":"product","2":"type-product","3":"status-publish","4":"has-post-thumbnail","6":"product_cat-poesia","7":"product_tag-formacao-antirracista","8":"product_tag-lana-maciel","9":"product_tag-lirica","10":"product_tag-livro-ilustrado-nima-spigolon","11":"product_tag-poemas","12":"product_tag-poesia","13":"product_tag-poesia-brasileira","14":"product_tag-poesia-contemporanea","15":"product_tag-poesia-goiana","16":"product_tag-poesia-mineira","17":"product_tag-unicamp","18":"product_shipping_class-normal","20":"first","21":"instock","22":"taxable","23":"shipping-taxable","24":"purchasable","25":"product-type-simple"},"_links":{"self":[{"href":"https:\/\/editorapangeia.com.br\/pt_br\/wp-json\/wp\/v2\/product\/13457","targetHints":{"allow":["GET"]}}],"collection":[{"href":"https:\/\/editorapangeia.com.br\/pt_br\/wp-json\/wp\/v2\/product"}],"about":[{"href":"https:\/\/editorapangeia.com.br\/pt_br\/wp-json\/wp\/v2\/types\/product"}],"replies":[{"embeddable":true,"href":"https:\/\/editorapangeia.com.br\/pt_br\/wp-json\/wp\/v2\/comments?post=13457"}],"wp:featuredmedia":[{"embeddable":true,"href":"https:\/\/editorapangeia.com.br\/pt_br\/wp-json\/wp\/v2\/media\/13477"}],"wp:attachment":[{"href":"https:\/\/editorapangeia.com.br\/pt_br\/wp-json\/wp\/v2\/media?parent=13457"}],"wp:term":[{"taxonomy":"product_brand","embeddable":true,"href":"https:\/\/editorapangeia.com.br\/pt_br\/wp-json\/wp\/v2\/product_brand?post=13457"},{"taxonomy":"product_cat","embeddable":true,"href":"https:\/\/editorapangeia.com.br\/pt_br\/wp-json\/wp\/v2\/product_cat?post=13457"},{"taxonomy":"product_tag","embeddable":true,"href":"https:\/\/editorapangeia.com.br\/pt_br\/wp-json\/wp\/v2\/product_tag?post=13457"}],"curies":[{"name":"wp","href":"https:\/\/api.w.org\/{rel}","templated":true}]}}