{"id":13442,"date":"2023-09-21T10:00:54","date_gmt":"2023-09-21T10:00:54","guid":{"rendered":"https:\/\/editorapangeia.com.br\/?post_type=product&#038;p=13442"},"modified":"2025-11-21T10:53:14","modified_gmt":"2025-11-21T10:53:14","slug":"sobre-lampejos-transgressivos-gianni-gomes-livro","status":"publish","type":"product","link":"https:\/\/editorapangeia.com.br\/pt_br\/product\/sobre-lampejos-transgressivos-gianni-gomes-livro\/","title":{"rendered":"Sobre Lampejos Transgressivos, Gianni Gomes"},"content":{"rendered":"<p>&#8220;<em><strong>Sobre lampejos transgressivos<\/strong><\/em>\u00a0\u00e9 meu cora\u00e7\u00e3o, pulsante, vivendo. \u00c9 sobre isso. Antes da minha transi\u00e7\u00e3o eu estava presa, desaparecendo aos poucos. Viva intensamente quem voc\u00ea \u00e9, transgrida! E a vida \u00e9 assim, acess\u00edvel e pr\u00e1tica. Um pequeno volume, uma pequena transgress\u00e3o que se pretende imensa, do tamanho do mundo.&#8221;<\/p>\n<p style=\"text-align: center;\">Entrevista de Gianni Gomes:<br \/>\n<span style=\"color: #ff0000;\"><a style=\"color: #ff0000;\" href=\"https:\/\/editorapangeia.com.br\/gianni-gomes-lampejos-transgressivos\/\"><strong>AQUI!!!<\/strong><\/a><\/span><\/p>\n<blockquote>\n<p style=\"text-align: center;\">U M \u00a0D E P O I M E N T O \u00a0S O B R E \u00a0O \u00a0L I V R O:<\/p>\n<\/blockquote>\n<p style=\"font-weight: 400;\">Esta obra representa uma jornada profundamente pessoal e um reflexo po\u00e9tico da autodescoberta, celebrando a diversidade em sua forma mais aut\u00eantica. O livro nos leva por uma jornada de autenticidade trans, explorando e compartilhando as experi\u00eancias da autora Gianni Gomes, experi\u00eancias que desafiam as fronteiras tradicionais de g\u00eanero e identidade. A jornada de transi\u00e7\u00e3o \u00e9 um processo constante de autodescoberta, repleto de momentos \u00fanicos que se estendem infinitamente. <strong><em>Sobre lampejos transgressivos<\/em><\/strong> \u00e9 seu reflexo po\u00e9tico vivido, dito e escrito. Antes da transi\u00e7\u00e3o uma alma presa, desaparecendo aos poucos, hoje um cora\u00e7\u00e3o pulsante, vivendo.<\/p>\n<p style=\"font-weight: 400;\">O poema intitulado &#8220;Poliama\u201d, por exemplo, explora de forma criativa e art\u00edstica a diversidade de g\u00eanero e a fluidez de identidades de g\u00eanero. Atrav\u00e9s do uso de palavras e neologismos que mesclam pronomes tradicionalmente associados a g\u00eaneros espec\u00edficos (ela, ele) de maneira n\u00e3o convencional, o poema celebra a ideia de que a identidade de g\u00eanero n\u00e3o precisa ser restrita ou bin\u00e1ria. J\u00e1 o poema &#8220;Terapia&#8221; aborda de forma ir\u00f4nica e cr\u00edtica as tentativas de restringir a sexualidade das pessoas e a imposi\u00e7\u00e3o de normas sexuais pela sociedade. Atrav\u00e9s de um jogo de palavras e met\u00e1foras, o poema questiona a educa\u00e7\u00e3o sexual tradicional e as ideias pr\u00e9-concebidas sobre o que \u00e9 considerado &#8220;correto&#8221; ou &#8220;errado&#8221; em termos de sexualidade. Outro que merece destaque se chama &#8220;Ciclo&#8221;, capturando uma bela e tocante cena cotidiana que celebra a diversidade e a generosidade do amor. O cen\u00e1rio comum de um casal esperando na fila de uma padaria enquanto um pedinte aguarda \u00e0 porta serve como pano de fundo para uma mensagem de solidariedade e aceita\u00e7\u00e3o. A cena do casal que n\u00e3o hesita em demonstrar seu afeto publicamente, mesmo em um ambiente com outras pessoas, sugere que o amor \u00e9 universal e transcende barreiras.<\/p>\n<p><span style=\"font-weight: 400;\"><strong><em>Sobre lampejos transgressivos<\/em><\/strong> \u00e9 uma celebra\u00e7\u00e3o da autenticidade trans. Rea\u00e7\u00f5es liter\u00e1rias \u00e0 complexa e conturbada s\u00e9rie de atitudes e comportamentos que se desenrolam diante da explos\u00e3o de vida que \u00e9 se descobrir uma mulher transg\u00eanero. Os temas abordados pelos poemas s\u00e3o uma forma fluida para discutir ideias, compartilhar hist\u00f3rias e enriquecer nosso entendimento sobre o mundo que nos cerca.<\/span><\/p>\n","protected":false},"excerpt":{"rendered":"<p>\u00c0 transgress\u00e3o existencial plasmada nos poemas corresponde um volume f\u00edsico dissonante: as orelhas se fecham sobre as folhas soltas do livro, formatando um envelope \u2013 e do escr\u00ednio por abrir podemos esperar revela\u00e7\u00f5es, segredos, viv\u00eancias em exponencial, &#8220;um cora\u00e7\u00e3o pulsante [&#8230;] do tamanho do mundo&#8221;.<\/p>\n<p>Livro ilustrado, a cores, da Cole\u00e7\u00e3o Plaquete, da s\u00e9rie Eros-Poesia, das Edi\u00e7\u00f5es Dionysius, o selo de literatura da Pangeia Editorial.<\/p>\n<p>Um livro que j\u00e1 nasce sendo refer\u00eancia, da premiada autore\u00a0<strong>Gianni Gomes<\/strong>.<\/p>\n<p style=\"text-align: center;\"><img loading=\"lazy\" decoding=\"async\" class=\"alignnone size-medium wp-image-13438\" src=\"http:\/\/editorapangeia.com.br\/wp-content\/uploads\/2023\/09\/gianni-1-239x300.jpeg\" alt=\"\" width=\"239\" height=\"300\" \/><\/p>\n<p style=\"text-align: center;\">Biografia e entrevista da autore<br \/>\n<strong>Gianni Gomes<\/strong><br \/>\n<a href=\"https:\/\/editorapangeia.com.br\/gianni-gomes-lampejos-transgressivos\/\"><strong>AQUI !!!<\/strong><\/a><\/p>\n<p style=\"text-align: center;\"><img loading=\"lazy\" decoding=\"async\" class=\"alignnone size-medium wp-image-13423\" src=\"http:\/\/editorapangeia.com.br\/wp-content\/uploads\/2023\/09\/Imagem-02-09-2023-as-16.14-239x300.jpg\" alt=\"\" width=\"239\" height=\"300\" srcset=\"https:\/\/editorapangeia.com.br\/wp-content\/uploads\/2023\/09\/Imagem-02-09-2023-as-16.14-239x300.jpg 239w, https:\/\/editorapangeia.com.br\/wp-content\/uploads\/2023\/09\/Imagem-02-09-2023-as-16.14-815x1024.jpg 815w, https:\/\/editorapangeia.com.br\/wp-content\/uploads\/2023\/09\/Imagem-02-09-2023-as-16.14-768x965.jpg 768w, https:\/\/editorapangeia.com.br\/wp-content\/uploads\/2023\/09\/Imagem-02-09-2023-as-16.14-700x880.jpg 700w, https:\/\/editorapangeia.com.br\/wp-content\/uploads\/2023\/09\/Imagem-02-09-2023-as-16.14-318x400.jpg 318w, https:\/\/editorapangeia.com.br\/wp-content\/uploads\/2023\/09\/Imagem-02-09-2023-as-16.14-557x700.jpg 557w, https:\/\/editorapangeia.com.br\/wp-content\/uploads\/2023\/09\/Imagem-02-09-2023-as-16.14-1035x1300.jpg 1035w, https:\/\/editorapangeia.com.br\/wp-content\/uploads\/2023\/09\/Imagem-02-09-2023-as-16.14.jpg 1216w\" sizes=\"auto, (max-width: 239px) 100vw, 239px\" \/><br \/>\n15 poemas de Gianni Gomes, depoimento de Renato Russo, ilustra\u00e7\u00f5es de Felipe Cruz Coura, diagrama\u00e7\u00e3o de Yueh Fernandes.<br \/>\n<a href=\"https:\/\/editorapangeia.com.br\/product\/sobre-lampejos-transgressivos-gianni-gomes-livro\/\"><em><strong>Sobre Lampejos Transgressivos<\/strong><\/em><\/a><\/p>\n","protected":false},"featured_media":13423,"comment_status":"open","ping_status":"closed","template":"","meta":[],"product_brand":[],"product_cat":[4077],"product_tag":[2152,1148,2395,303,557,377,176,243,2324,2379,5080,2380,2381,2382,2383,2384,2385,156,157,187,2386,2387,227,111,2388,2389,2390,2391,2392,2393,2394,1894],"class_list":{"0":"post-13442","1":"product","2":"type-product","3":"status-publish","4":"has-post-thumbnail","6":"product_cat-poesia","7":"product_tag-antirracismo","8":"product_tag-colecao-plaquete","9":"product_tag-depoimento","10":"product_tag-edicoes-dionysius","11":"product_tag-entrevista","12":"product_tag-eros-poesia","13":"product_tag-erotismo","14":"product_tag-escrita-feminina","15":"product_tag-felipe-cruz","16":"product_tag-felipe-cruz-coura","17":"product_tag-formacao-antirracista","18":"product_tag-gianni-gomes","19":"product_tag-homoafetiva","20":"product_tag-homoafetivo","21":"product_tag-homoerotismo","22":"product_tag-homossexual","23":"product_tag-lampejos-transgressivos","24":"product_tag-literatura","25":"product_tag-literatura-brasileira","26":"product_tag-literatura-brasileira-contemporanea","27":"product_tag-nao-binario","28":"product_tag-plaquete","29":"product_tag-poema","30":"product_tag-poesia","31":"product_tag-sobre-lampejos-transgressivos","32":"product_tag-transexual","33":"product_tag-transfeminina","34":"product_tag-transfeminina-nao-binaria","35":"product_tag-transgenero","36":"product_tag-travesti","37":"product_tag-um-rio-de-cores","38":"product_tag-yueh-fernandes","39":"product_shipping_class-normal","41":"first","42":"instock","43":"taxable","44":"shipping-taxable","45":"product-type-external"},"_links":{"self":[{"href":"https:\/\/editorapangeia.com.br\/pt_br\/wp-json\/wp\/v2\/product\/13442","targetHints":{"allow":["GET"]}}],"collection":[{"href":"https:\/\/editorapangeia.com.br\/pt_br\/wp-json\/wp\/v2\/product"}],"about":[{"href":"https:\/\/editorapangeia.com.br\/pt_br\/wp-json\/wp\/v2\/types\/product"}],"replies":[{"embeddable":true,"href":"https:\/\/editorapangeia.com.br\/pt_br\/wp-json\/wp\/v2\/comments?post=13442"}],"wp:featuredmedia":[{"embeddable":true,"href":"https:\/\/editorapangeia.com.br\/pt_br\/wp-json\/wp\/v2\/media\/13423"}],"wp:attachment":[{"href":"https:\/\/editorapangeia.com.br\/pt_br\/wp-json\/wp\/v2\/media?parent=13442"}],"wp:term":[{"taxonomy":"product_brand","embeddable":true,"href":"https:\/\/editorapangeia.com.br\/pt_br\/wp-json\/wp\/v2\/product_brand?post=13442"},{"taxonomy":"product_cat","embeddable":true,"href":"https:\/\/editorapangeia.com.br\/pt_br\/wp-json\/wp\/v2\/product_cat?post=13442"},{"taxonomy":"product_tag","embeddable":true,"href":"https:\/\/editorapangeia.com.br\/pt_br\/wp-json\/wp\/v2\/product_tag?post=13442"}],"curies":[{"name":"wp","href":"https:\/\/api.w.org\/{rel}","templated":true}]}}