{"id":13419,"date":"2023-07-21T11:00:59","date_gmt":"2023-07-21T11:00:59","guid":{"rendered":"https:\/\/editorapangeia.com.br\/?post_type=product&#038;p=13419"},"modified":"2025-01-09T17:49:22","modified_gmt":"2025-01-09T17:49:22","slug":"poemas-alados-sheila-maciel-livro","status":"publish","type":"product","link":"https:\/\/editorapangeia.com.br\/pt_br\/product\/poemas-alados-sheila-maciel-livro\/","title":{"rendered":"Poemas Alados, Sheila Maciel"},"content":{"rendered":"<p style=\"text-align: center;\"><strong>AUTORA, ILUSTRADORA, DIAGRAMADORA ETC.<\/strong><\/p>\n<blockquote>\n<p style=\"text-align: center;\">Mais informa\u00e7\u00f5es:<br \/>\n<a href=\"https:\/\/editorapangeia.com.br\/blog\/\"><strong>AQUI!!!<\/strong><\/a><\/p>\n<p style=\"text-align: center;\"><strong>Eis um poema do livro:<\/strong><\/p>\n<p style=\"text-align: center;\"><img loading=\"lazy\" decoding=\"async\" class=\"alignnone wp-image-13407\" src=\"http:\/\/editorapangeia.com.br\/wp-content\/uploads\/2023\/09\/Imagem-02-09-2023-as-11.55-300x296.jpg\" alt=\"\" width=\"540\" height=\"533\" srcset=\"https:\/\/editorapangeia.com.br\/wp-content\/uploads\/2023\/09\/Imagem-02-09-2023-as-11.55-300x296.jpg 300w, https:\/\/editorapangeia.com.br\/wp-content\/uploads\/2023\/09\/Imagem-02-09-2023-as-11.55-1024x1009.jpg 1024w, https:\/\/editorapangeia.com.br\/wp-content\/uploads\/2023\/09\/Imagem-02-09-2023-as-11.55-768x757.jpg 768w, https:\/\/editorapangeia.com.br\/wp-content\/uploads\/2023\/09\/Imagem-02-09-2023-as-11.55-700x690.jpg 700w, https:\/\/editorapangeia.com.br\/wp-content\/uploads\/2023\/09\/Imagem-02-09-2023-as-11.55-100x100.jpg 100w, https:\/\/editorapangeia.com.br\/wp-content\/uploads\/2023\/09\/Imagem-02-09-2023-as-11.55-400x394.jpg 400w, https:\/\/editorapangeia.com.br\/wp-content\/uploads\/2023\/09\/Imagem-02-09-2023-as-11.55-50x50.jpg 50w, https:\/\/editorapangeia.com.br\/wp-content\/uploads\/2023\/09\/Imagem-02-09-2023-as-11.55.jpg 1082w\" sizes=\"auto, (max-width: 540px) 100vw, 540px\" \/><\/p>\n<p style=\"text-align: center;\">Mais informa\u00e7\u00f5es:<br \/>\n<a href=\"https:\/\/editorapangeia.com.br\/blog\/\"><strong>AQUI!!!<\/strong><\/a><\/p>\n<\/blockquote>\n","protected":false},"excerpt":{"rendered":"<p><em><strong>Poemas<\/strong><\/em><strong> <em>Alados<\/em><\/strong> re\u00fane, al\u00e9m da poesia de Sheila Maciel, ilustra\u00e7\u00f5es a tra\u00e7o de Lana Maciel e dois encartes l\u00fadico-pedag\u00f3gicos de Elaine Regina Cassan, em primorosa diagrama\u00e7\u00e3o de B\u00e1rbara Beraquet. Os poemas s\u00e3o, ao mesmo tempo, densos, profundos, leves e divertidos, permitindo diversos n\u00edveis de leitura. Para crian\u00e7as pr\u00e9-alfabetiza\u00e7\u00e3o, a leitura em voz alta dos poemas \u00e9 de sonoridade cativante; para crian\u00e7as no final do primeiro ciclo, os desenhos s\u00e3o para colorir, possibilitando que o leitor mirim se aposse sensorialmente do livro; para leitores do segundo ciclo, os temas (amor, natureza, intertextualidade, poder pessoal etc.) dialogam com quest\u00f5es caras ao momento adolescente; para leitores do Ensino M\u00e9dio e adulto, apreender as muitas camadas do texto \u00e9 um prazeroso desafio que se vence com alegria.<\/p>\n","protected":false},"featured_media":13404,"comment_status":"open","ping_status":"closed","template":"","meta":[],"product_brand":[],"product_cat":[4080],"product_tag":[567,303,366,453,2358,351,350,243,1218,563,2138,594,156,157,187,367,721,2359,111,2360,483,2361],"class_list":{"0":"post-13419","1":"product","2":"type-product","3":"status-publish","4":"has-post-thumbnail","6":"product_cat-infantojuvenil","7":"product_tag-barbara-beraquet","8":"product_tag-edicoes-dionysius","9":"product_tag-edicoes-sarue","10":"product_tag-educacao","11":"product_tag-elaine-regina-cassan","12":"product_tag-ensino","13":"product_tag-escola","14":"product_tag-escrita-feminina","15":"product_tag-faculdade-de-educacao-da-unicamp","16":"product_tag-lana-maciel","17":"product_tag-lancamento","18":"product_tag-ler-brincar-criar","19":"product_tag-literatura","20":"product_tag-literatura-brasileira","21":"product_tag-literatura-brasileira-contemporanea","22":"product_tag-literatura-infantojuvenil","23":"product_tag-livro-para-colorir","24":"product_tag-poemas-alados","25":"product_tag-poesia","26":"product_tag-sheila-dias-maciel","27":"product_tag-sheila-maciel","28":"product_tag-ufmt","29":"product_shipping_class-normal","31":"first","32":"instock","33":"sale","34":"taxable","35":"shipping-taxable","36":"purchasable","37":"product-type-simple"},"_links":{"self":[{"href":"https:\/\/editorapangeia.com.br\/pt_br\/wp-json\/wp\/v2\/product\/13419","targetHints":{"allow":["GET"]}}],"collection":[{"href":"https:\/\/editorapangeia.com.br\/pt_br\/wp-json\/wp\/v2\/product"}],"about":[{"href":"https:\/\/editorapangeia.com.br\/pt_br\/wp-json\/wp\/v2\/types\/product"}],"replies":[{"embeddable":true,"href":"https:\/\/editorapangeia.com.br\/pt_br\/wp-json\/wp\/v2\/comments?post=13419"}],"wp:featuredmedia":[{"embeddable":true,"href":"https:\/\/editorapangeia.com.br\/pt_br\/wp-json\/wp\/v2\/media\/13404"}],"wp:attachment":[{"href":"https:\/\/editorapangeia.com.br\/pt_br\/wp-json\/wp\/v2\/media?parent=13419"}],"wp:term":[{"taxonomy":"product_brand","embeddable":true,"href":"https:\/\/editorapangeia.com.br\/pt_br\/wp-json\/wp\/v2\/product_brand?post=13419"},{"taxonomy":"product_cat","embeddable":true,"href":"https:\/\/editorapangeia.com.br\/pt_br\/wp-json\/wp\/v2\/product_cat?post=13419"},{"taxonomy":"product_tag","embeddable":true,"href":"https:\/\/editorapangeia.com.br\/pt_br\/wp-json\/wp\/v2\/product_tag?post=13419"}],"curies":[{"name":"wp","href":"https:\/\/api.w.org\/{rel}","templated":true}]}}