{"id":13332,"date":"2023-08-22T20:00:39","date_gmt":"2023-08-22T20:00:39","guid":{"rendered":"https:\/\/editorapangeia.com.br\/?post_type=product&#038;p=13332"},"modified":"2025-01-09T17:43:55","modified_gmt":"2025-01-09T17:43:55","slug":"manoel-de-barros-memoria-e-identidade-cicera-yamamoto-pdf-e-epub","status":"publish","type":"product","link":"https:\/\/editorapangeia.com.br\/pt_br\/product\/manoel-de-barros-memoria-e-identidade-cicera-yamamoto-pdf-e-epub\/","title":{"rendered":"Manoel de Barros: Mem\u00f3ria e Identidade, C\u00edcera Yamamoto"},"content":{"rendered":"<blockquote>\n<p style=\"text-align: center;\">\n<p style=\"text-align: center;\"><img loading=\"lazy\" decoding=\"async\" class=\"alignnone wp-image-13314\" src=\"http:\/\/editorapangeia.com.br\/wp-content\/uploads\/2023\/08\/Imagem-15-08-2023-as-20.02-211x300.jpg\" alt=\"\" width=\"553\" height=\"786\" srcset=\"https:\/\/editorapangeia.com.br\/wp-content\/uploads\/2023\/08\/Imagem-15-08-2023-as-20.02-211x300.jpg 211w, https:\/\/editorapangeia.com.br\/wp-content\/uploads\/2023\/08\/Imagem-15-08-2023-as-20.02-721x1024.jpg 721w, https:\/\/editorapangeia.com.br\/wp-content\/uploads\/2023\/08\/Imagem-15-08-2023-as-20.02-768x1091.jpg 768w, https:\/\/editorapangeia.com.br\/wp-content\/uploads\/2023\/08\/Imagem-15-08-2023-as-20.02-700x994.jpg 700w, https:\/\/editorapangeia.com.br\/wp-content\/uploads\/2023\/08\/Imagem-15-08-2023-as-20.02-282x400.jpg 282w, https:\/\/editorapangeia.com.br\/wp-content\/uploads\/2023\/08\/Imagem-15-08-2023-as-20.02-493x700.jpg 493w, https:\/\/editorapangeia.com.br\/wp-content\/uploads\/2023\/08\/Imagem-15-08-2023-as-20.02.jpg 776w\" sizes=\"auto, (max-width: 553px) 100vw, 553px\" \/><br \/>\n<em>C\u00edcera Yamamoto, v. 1 &#8211;\u00a0<strong>O haiku da Comunidade Yuba:\u00a0<\/strong><\/em><br \/>\n<em><strong>Tradi\u00e7\u00e3o e Ressignifica\u00e7\u00e3o<\/strong> &#8211; <\/em><a href=\"https:\/\/editorapangeia.com.br\/product\/o-haiku-da-comunidade-yuba-tradicao-e-ressignificacao-cicera-yamamoto-pdf-e-epub\/\"><span style=\"color: #ff0000;\"><strong>AQUI<\/strong><\/span><\/a><\/p>\n<p style=\"text-align: center;\"><img loading=\"lazy\" decoding=\"async\" class=\"alignnone wp-image-13315\" src=\"http:\/\/editorapangeia.com.br\/wp-content\/uploads\/2023\/08\/Cicera_Capa_v2_Barros-209x300.jpg\" alt=\"\" width=\"556\" height=\"798\" srcset=\"https:\/\/editorapangeia.com.br\/wp-content\/uploads\/2023\/08\/Cicera_Capa_v2_Barros-209x300.jpg 209w, https:\/\/editorapangeia.com.br\/wp-content\/uploads\/2023\/08\/Cicera_Capa_v2_Barros-768x1101.jpg 768w, https:\/\/editorapangeia.com.br\/wp-content\/uploads\/2023\/08\/Cicera_Capa_v2_Barros-1072x1536.jpg 1072w, https:\/\/editorapangeia.com.br\/wp-content\/uploads\/2023\/08\/Cicera_Capa_v2_Barros-700x1003.jpg 700w, https:\/\/editorapangeia.com.br\/wp-content\/uploads\/2023\/08\/Cicera_Capa_v2_Barros-279x400.jpg 279w, https:\/\/editorapangeia.com.br\/wp-content\/uploads\/2023\/08\/Cicera_Capa_v2_Barros-488x700.jpg 488w, https:\/\/editorapangeia.com.br\/wp-content\/uploads\/2023\/08\/Cicera_Capa_v2_Barros-907x1300.jpg 907w, https:\/\/editorapangeia.com.br\/wp-content\/uploads\/2023\/08\/Cicera_Capa_v2_Barros.jpg 1429w\" sizes=\"auto, (max-width: 556px) 100vw, 556px\" \/><br \/>\n<em>C\u00edcera Yamamoto, v. 2 &#8211; <b>Manoel de Barros: Mem\u00f3ria e<br \/>\n<\/b><\/em><em><strong>Identidade<\/strong>\u00a0&#8211; <\/em><a href=\"https:\/\/editorapangeia.com.br\/product\/manoel-de-barros-memoria-e-identidade-cicera-yamamoto-pdf-e-epub\/\"><span style=\"color: #ff0000;\"><strong>AQUI<\/strong><\/span><\/a><\/p>\n<p style=\"text-align: center;\"><img loading=\"lazy\" decoding=\"async\" class=\"alignnone wp-image-13313 aligncenter\" src=\"http:\/\/editorapangeia.com.br\/wp-content\/uploads\/2023\/08\/Imagem-15-08-2023-as-19.45-215x300.jpg\" alt=\"\" width=\"569\" height=\"793\" srcset=\"https:\/\/editorapangeia.com.br\/wp-content\/uploads\/2023\/08\/Imagem-15-08-2023-as-19.45-215x300.jpg 215w, https:\/\/editorapangeia.com.br\/wp-content\/uploads\/2023\/08\/Imagem-15-08-2023-as-19.45-286x400.jpg 286w\" sizes=\"auto, (max-width: 569px) 100vw, 569px\" \/><em>C\u00edcera Yamamoto, v. 3 &#8211; <strong>Os tankas de Wilson Bueno:<\/strong><\/em><br \/>\n<em><strong>Tradi\u00e7\u00e3o e Modernidade <\/strong>&#8211; <\/em><a href=\"https:\/\/editorapangeia.com.br\/product\/os-tankas-de-wilson-bueno-tradicao-e-modernidade-cicera-yamamoto-pdf-e-epub\/\"><span style=\"color: #ff0000;\"><strong>AQUI<\/strong><\/span><\/a><\/p>\n<blockquote>\n<p style=\"text-align: center;\"><img loading=\"lazy\" decoding=\"async\" class=\"alignnone size-medium wp-image-13317\" src=\"http:\/\/editorapangeia.com.br\/wp-content\/uploads\/2023\/08\/Imagem-22-08-2023-as-16.05-300x173.jpg\" alt=\"\" width=\"300\" height=\"173\" srcset=\"https:\/\/editorapangeia.com.br\/wp-content\/uploads\/2023\/08\/Imagem-22-08-2023-as-16.05-300x173.jpg 300w, https:\/\/editorapangeia.com.br\/wp-content\/uploads\/2023\/08\/Imagem-22-08-2023-as-16.05-1024x591.jpg 1024w, https:\/\/editorapangeia.com.br\/wp-content\/uploads\/2023\/08\/Imagem-22-08-2023-as-16.05-768x443.jpg 768w, https:\/\/editorapangeia.com.br\/wp-content\/uploads\/2023\/08\/Imagem-22-08-2023-as-16.05-700x404.jpg 700w, https:\/\/editorapangeia.com.br\/wp-content\/uploads\/2023\/08\/Imagem-22-08-2023-as-16.05-400x231.jpg 400w, https:\/\/editorapangeia.com.br\/wp-content\/uploads\/2023\/08\/Imagem-22-08-2023-as-16.05.jpg 1286w\" sizes=\"auto, (max-width: 300px) 100vw, 300px\" \/><br \/>\nLivros com desconto de lan\u00e7amento:<br \/>\nBaixe j\u00e1 os seus &#8211; <a href=\"https:\/\/editorapangeia.com.br\/shop\/\"><span style=\"color: #ff0000;\"><strong>AQUI!!!<\/strong><\/span><\/a><\/p>\n<\/blockquote>\n<p style=\"text-align: center;\"><strong>C\u00cdCERA YAMAMOTO<\/strong><br \/>\nMais informa\u00e7\u00f5es:<br \/>\n<strong><a href=\"https:\/\/editorapangeia.com.br\/blog\/\">AQUI!!!<\/a><\/strong><\/p>\n<\/blockquote>\n","protected":false},"excerpt":{"rendered":"<p style=\"font-weight: 400;\">Manoel de Barros \u00e9 \u201cpoeta da palavra\u201d e seus poemas guardam \u00edntima rela\u00e7\u00e3o com o Pantanal (sul-)mato-grossense, pondo \u00e0 mostra a estreita rela\u00e7\u00e3o entre a obra e o contexto. Este livr responde \u00a0a tr\u00eas quest\u00f5es: se a \u201cinspira\u00e7\u00e3o po\u00e9tica\u201d de Manoel de Barros transcende sua experi\u00eancia pessoal nos seus livros, ou se o lugar e o tempo de onde se pronuncia s\u00e3o t\u00e3o presentes nas obras que acabam por inscrever nelas tra\u00e7os de autobiografia; se os tra\u00e7os que constituem o fazer po\u00e9tico do escritor podem (ou n\u00e3o) identificar em suas obras um poeta \u201cdo local\u201d, ou se h\u00e1 na sua obra uma po\u00e9tica universal; e o modo pelo qual o escritor mato-grossense, cronologicamente inscrito na \u201cgera\u00e7\u00e3o de 45\u201d, articula tradi\u00e7\u00e3o e inova\u00e7\u00e3o em sua constru\u00e7\u00e3o po\u00e9tica. Identificamos regularidades e dispers\u00f5es na forma e conte\u00fado dos poemas; discutimos a rela\u00e7\u00e3o entre local e universal, entre tradi\u00e7\u00e3o e modernidade, entre mem\u00f3ria e inven\u00e7\u00e3o e entre os eus\/outros que convivem nas obras. Desse modo, descrevemos tra\u00e7os identificadores da po\u00e9tica do escritor. Valemo-nos de Antonio Candido para tratar da quest\u00e3o da dial\u00e9tica do local e do universal na descoloniza\u00e7\u00e3o liter\u00e1ria, bem como da rela\u00e7\u00e3o autor-obra-p\u00fablico. Para esclarecer conceitos ou princ\u00edpios \u201ct\u00e9cnicos\u201d essenciais \u00e0 an\u00e1lise, como tradi\u00e7\u00e3o, influ\u00eancia e intertextualidade, recorremos a Sandra Nitrini, a quem agregamos Bakhtin (2011), sobretudo para tratarmos de estilo, est\u00e9tica e exotopia, e Ot\u00e1vio Paz. Para a compreens\u00e3o do conceito de identidade, o apoio veio de Stuart Hall \u00a0e de outros autores convocados para as reflex\u00f5es sobre identidade e mem\u00f3ria, como Gusdorf, Bergson, Halbwachs, Ricoeur e Candau. Verificamos que Barros exclu\u00eda de sua poesia qualquer prop\u00f3sito de descrever paisagens ou historiar costumes, pondo \u00e0 mostra o di\u00e1logo, a aproxima\u00e7\u00e3o e o distanciamento entre os eus, os tempos e os espa\u00e7os. Barros atribu\u00eda seu lirismo a \u201cum ermo dentro do olho\u201d e, para express\u00e1-lo, adotou um formato aparentemente autobiogr\u00e1fico, apenas como recurso de inven\u00e7\u00e3o, pois cantou \u201co que n\u00e3o fora\u201d, mas do que tinha saudade \u201cpor n\u00e3o ter sido\u201d, valendo-se de um &#8220;olho divinat\u00f3rio&#8221;.<\/p>\n","protected":false},"featured_media":13315,"comment_status":"open","ping_status":"closed","template":"","meta":[],"product_brand":[],"product_cat":[4081],"product_tag":[2338,2339,351,350,264,2340,2341,156,157,1145,2342,314,2343,2344,111,2345,477,2346,226,2347,1228,2348],"class_list":{"0":"post-13332","1":"product","2":"type-product","3":"status-publish","4":"has-post-thumbnail","6":"product_cat-estudosliterarios","7":"product_tag-cicera-yamamoto","8":"product_tag-comunidade-yuba","9":"product_tag-ensino","10":"product_tag-escola","11":"product_tag-estudos-literarios","12":"product_tag-haiku","13":"product_tag-identidade","14":"product_tag-literatura","15":"product_tag-literatura-brasileira","16":"product_tag-literatura-contemporanea","17":"product_tag-manoel-de-barros","18":"product_tag-memoria","19":"product_tag-modernidade","20":"product_tag-pesquisa","21":"product_tag-poesia","22":"product_tag-pos-graduacao","23":"product_tag-ppg-letras-cptl-ufms","24":"product_tag-ressignificacao","25":"product_tag-tanka","26":"product_tag-tradicao","27":"product_tag-universidade","28":"product_tag-wilson-bueno","29":"product_shipping_class-normal","31":"first","32":"instock","33":"sale","34":"taxable","35":"shipping-taxable","36":"product-type-grouped"},"_links":{"self":[{"href":"https:\/\/editorapangeia.com.br\/pt_br\/wp-json\/wp\/v2\/product\/13332","targetHints":{"allow":["GET"]}}],"collection":[{"href":"https:\/\/editorapangeia.com.br\/pt_br\/wp-json\/wp\/v2\/product"}],"about":[{"href":"https:\/\/editorapangeia.com.br\/pt_br\/wp-json\/wp\/v2\/types\/product"}],"replies":[{"embeddable":true,"href":"https:\/\/editorapangeia.com.br\/pt_br\/wp-json\/wp\/v2\/comments?post=13332"}],"wp:featuredmedia":[{"embeddable":true,"href":"https:\/\/editorapangeia.com.br\/pt_br\/wp-json\/wp\/v2\/media\/13315"}],"wp:attachment":[{"href":"https:\/\/editorapangeia.com.br\/pt_br\/wp-json\/wp\/v2\/media?parent=13332"}],"wp:term":[{"taxonomy":"product_brand","embeddable":true,"href":"https:\/\/editorapangeia.com.br\/pt_br\/wp-json\/wp\/v2\/product_brand?post=13332"},{"taxonomy":"product_cat","embeddable":true,"href":"https:\/\/editorapangeia.com.br\/pt_br\/wp-json\/wp\/v2\/product_cat?post=13332"},{"taxonomy":"product_tag","embeddable":true,"href":"https:\/\/editorapangeia.com.br\/pt_br\/wp-json\/wp\/v2\/product_tag?post=13332"}],"curies":[{"name":"wp","href":"https:\/\/api.w.org\/{rel}","templated":true}]}}